{"id":21466,"date":"2024-02-05T08:36:44","date_gmt":"2024-02-05T08:36:44","guid":{"rendered":"https:\/\/ttr.works\/?page_id=21466"},"modified":"2026-04-03T15:00:17","modified_gmt":"2026-04-03T15:00:17","slug":"resin-flathead-ribbons","status":"publish","type":"page","link":"https:\/\/ttr.works\/de\/thermotransfer-farbbaender\/resin-flathead-ribbons\/","title":{"rendered":"Resin flathead ribbons"},"content":{"rendered":"\n<h1 class=\"wp-block-heading\"><strong>Resin 4U Ribbons: Built for Tough Applications<\/strong><\/h1>\n<div class=\"wp-block-image\">\n<figure class=\"alignright size-large is-resized\"><img decoding=\"async\" width=\"764\" height=\"1024\" data-src=\"https:\/\/ttr.works\/wp-content\/uploads\/\/R300-web-2-764x1024.png\" alt=\"\" class=\"wp-image-25888 lazyload\" style=\"--smush-placeholder-width: 764px; --smush-placeholder-aspect-ratio: 764\/1024;width:252px;height:auto\" data-srcset=\"https:\/\/ttr.works\/wp-content\/uploads\/R300-web-2-764x1024.png 764w, https:\/\/ttr.works\/wp-content\/uploads\/R300-web-2-224x300.png 224w, https:\/\/ttr.works\/wp-content\/uploads\/R300-web-2-768x1029.png 768w, https:\/\/ttr.works\/wp-content\/uploads\/R300-web-2.png 993w\" data-sizes=\"(max-width: 764px) 100vw, 764px\" src=\"data:image\/svg+xml;base64,PHN2ZyB3aWR0aD0iMSIgaGVpZ2h0PSIxIiB4bWxucz0iaHR0cDovL3d3dy53My5vcmcvMjAwMC9zdmciPjwvc3ZnPg==\" \/><\/figure><\/div>\n<p><\/p>\n\n<p>Resin ribbons are the go-to choice for applications that require the best resistance to wear and solvents. They\u2019re ideal for printing on synthetic materials like PVC, PET, PP, and a variety of matt and gloss-coated papers.<\/p>\n\n<p>Thanks to a higher melting point, the ink from resin ribbons bonds deeply into the material, creating images that are incredibly durable and built to last. Perfect for demanding environments!<\/p>\n\n<p>Da sie bei einer viel h\u00f6heren Temperatur schmelzen, l\u00f6st sich die Tinte in dem Material auf, auf das sie gedruckt werden, wodurch \u00e4u\u00dferst haltbare und langlebige Bilder entstehen.<\/p>\n\n<a href=\"\/?page_id=1610\" class=\"link-btn\">Free sample box <i class=\"fal fa-chevron-right\"><\/i><\/a><a href=\"https:\/\/ttr.works\/resellers\/\" _blank=\"\" class=\"link-btn second\" rel=\"noopener\">TTR for resellers <i class=\"fal fa-chevron-right\"><\/i><\/a>\n\n<p>[Looking for <a href=\"\/?page_id=19577\">Near-Edge ribbons? Click here<\/a>]<\/p>\n\n<div style=\"height:72px\" aria-hidden=\"true\" class=\"wp-block-spacer\"><\/div>\n\n<h2 class=\"wp-block-heading\">Discover 4U Resin for industrial label printers<\/h2>\n\n<div style=\"height:21px\" aria-hidden=\"true\" class=\"wp-block-spacer\"><\/div>\n\n<div class=\"wp-block-media-text alignwide is-stacked-on-mobile is-vertically-aligned-center\" style=\"grid-template-columns:21% auto\"><figure class=\"wp-block-media-text__media\"><img decoding=\"async\" width=\"764\" height=\"1024\" data-src=\"https:\/\/ttr.works\/wp-content\/uploads\/\/R300-web-3-764x1024.png\" alt=\"\" class=\"wp-image-25896 size-medium lazyload\" data-srcset=\"https:\/\/ttr.works\/wp-content\/uploads\/R300-web-3-764x1024.png 764w, https:\/\/ttr.works\/wp-content\/uploads\/R300-web-3-224x300.png 224w, https:\/\/ttr.works\/wp-content\/uploads\/R300-web-3-768x1029.png 768w, https:\/\/ttr.works\/wp-content\/uploads\/R300-web-3.png 993w\" data-sizes=\"(max-width: 764px) 100vw, 764px\" src=\"data:image\/svg+xml;base64,PHN2ZyB3aWR0aD0iMSIgaGVpZ2h0PSIxIiB4bWxucz0iaHR0cDovL3d3dy53My5vcmcvMjAwMC9zdmciPjwvc3ZnPg==\" style=\"--smush-placeholder-width: 764px; --smush-placeholder-aspect-ratio: 764\/1024;\" \/><\/figure><div class=\"wp-block-media-text__content\">\n<h3 class=\"wp-block-heading\">General Purpose Resin 4U 300<\/h3>\n\n\n\n<p>&gt;&gt; <a href=\"https:\/\/ttr.works\/wp-content\/uploads\/Datasheet-r4u300.pdf\" target=\"_blank\" rel=\"noreferrer noopener\">Download R4U300 Datasheet<\/a><\/p>\n\n\n\n<p>General purpose Resin quality that produces durable and clear images with excellent scratch and smudge resistance. It offers extreme abrasion resistance. The anti-static backcoat extends your printhead life. <\/p>\n<\/div><\/div>\n\n<div style=\"height:30px\" aria-hidden=\"true\" class=\"wp-block-spacer\"><\/div>\n\n<div class=\"wp-block-media-text alignwide is-stacked-on-mobile is-vertically-aligned-center\" style=\"grid-template-columns:21% auto\"><figure class=\"wp-block-media-text__media\"><img decoding=\"async\" width=\"764\" height=\"1024\" data-src=\"https:\/\/ttr.works\/wp-content\/uploads\/\/R350-web-1-764x1024.png\" alt=\"\" class=\"wp-image-25904 size-medium lazyload\" data-srcset=\"https:\/\/ttr.works\/wp-content\/uploads\/R350-web-1-764x1024.png 764w, https:\/\/ttr.works\/wp-content\/uploads\/R350-web-1-224x300.png 224w, https:\/\/ttr.works\/wp-content\/uploads\/R350-web-1-768x1029.png 768w, https:\/\/ttr.works\/wp-content\/uploads\/R350-web-1.png 993w\" data-sizes=\"(max-width: 764px) 100vw, 764px\" src=\"data:image\/svg+xml;base64,PHN2ZyB3aWR0aD0iMSIgaGVpZ2h0PSIxIiB4bWxucz0iaHR0cDovL3d3dy53My5vcmcvMjAwMC9zdmciPjwvc3ZnPg==\" style=\"--smush-placeholder-width: 764px; --smush-placeholder-aspect-ratio: 764\/1024;\" \/><\/figure><div class=\"wp-block-media-text__content\">\n<h3 class=\"wp-block-heading\">Premiumharz 4U 350<\/h3>\n\n\n\n<p>&gt;&gt; <a href=\"https:\/\/ttr.works\/wp-content\/uploads\/Datasheet-r4u350.pdf\" target=\"_blank\" rel=\"noreferrer noopener\">Download R4U350 Datasheet<\/a><\/p>\n\n\n\n<p>High resistance to harsh chemicals, like Acetone, Toluene and MEK. It eliminates the need for plastic overlaminates in certain industries, reducing label production to a one-step process, eliminating cost. Extremely resistant to harsh chemicals. Perfect for micro labels and asset tags in electronics and automotive industries, as well as chemical labels on drums and containers. <\/p>\n<\/div><\/div>\n\n<div style=\"height:30px\" aria-hidden=\"true\" class=\"wp-block-spacer\"><\/div>\n\n<p>[Looking for <a href=\"\/?page_id=19577\">Near-Edge ribbons? Click here<\/a>]<\/p>\n\n<div style=\"height:111px\" aria-hidden=\"true\" class=\"wp-block-spacer\"><\/div>\n","protected":false},"excerpt":{"rendered":"<p>Resin 4U Ribbons: Built for Tough Applications Resin ribbons are the go-to choice for applications that require the best resistance to wear and solvents. They\u2019re ideal for printing on synthetic materials like PVC, PET, PP, and a variety of matt and gloss-coated papers. Thanks to a higher melting point, the ink from resin ribbons bonds [&hellip;]<\/p>\n","protected":false},"author":6,"featured_media":0,"parent":4130,"menu_order":0,"comment_status":"closed","ping_status":"closed","template":"template-4u.php","meta":{"_acf_changed":false,"content-type":"","footnotes":""},"categories":[],"tags":[264],"class_list":["post-21466","page","type-page","status-publish","hentry","tag-product-de"],"acf":[],"yoast_head":"<!-- This site is optimized with the Yoast SEO plugin v25.9 - https:\/\/yoast.com\/wordpress\/plugins\/seo\/ -->\n<title>Resin flathead ribbons - TTR Euroworks<\/title>\n<meta name=\"description\" content=\"Langlebige Drucke, die jahrelang halten k\u00f6nnen \u2713 Gro\u00dfvolumige Prozesse mit hoher Geschwindigkeit \u2713 Hervorragend geeignet f\u00fcr Papier, Kunststoffe und flexible Verpackungsfolien\" \/>\n<meta name=\"robots\" content=\"index, follow, max-snippet:-1, max-image-preview:large, max-video-preview:-1\" \/>\n<link rel=\"canonical\" href=\"https:\/\/ttr.works\/de\/thermotransfer-farbbaender\/resin-flathead-ribbons\/\" \/>\n<meta property=\"og:locale\" content=\"de_DE\" \/>\n<meta property=\"og:type\" content=\"article\" \/>\n<meta property=\"og:title\" content=\"Resin flathead ribbons - TTR Euroworks\" \/>\n<meta property=\"og:description\" content=\"Langlebige Drucke, die jahrelang halten k\u00f6nnen \u2713 Gro\u00dfvolumige Prozesse mit hoher Geschwindigkeit \u2713 Hervorragend geeignet f\u00fcr Papier, Kunststoffe und flexible Verpackungsfolien\" \/>\n<meta property=\"og:url\" content=\"https:\/\/ttr.works\/de\/thermotransfer-farbbaender\/resin-flathead-ribbons\/\" \/>\n<meta property=\"og:site_name\" content=\"TTR Euroworks\" \/>\n<meta property=\"article:modified_time\" content=\"2026-04-03T15:00:17+00:00\" \/>\n<meta property=\"og:image\" content=\"https:\/\/ttr.works\/wp-content\/uploads\/4U_logo_with_even_more_padding-1024x861.png\" \/>\n<meta name=\"twitter:card\" content=\"summary_large_image\" \/>\n<meta name=\"twitter:label1\" content=\"Gesch\u00e4tzte Lesezeit\" \/>\n\t<meta name=\"twitter:data1\" content=\"1\u00a0Minute\" \/>\n<script type=\"application\/ld+json\" class=\"yoast-schema-graph\">{\"@context\":\"https:\/\/schema.org\",\"@graph\":[{\"@type\":\"WebPage\",\"@id\":\"https:\/\/ttr.works\/de\/thermotransfer-farbbaender\/resin-flathead-ribbons\/\",\"url\":\"https:\/\/ttr.works\/de\/thermotransfer-farbbaender\/resin-flathead-ribbons\/\",\"name\":\"Resin flathead ribbons - TTR Euroworks\",\"isPartOf\":{\"@id\":\"https:\/\/ttr.works\/de\/#website\"},\"primaryImageOfPage\":{\"@id\":\"https:\/\/ttr.works\/de\/thermotransfer-farbbaender\/resin-flathead-ribbons\/#primaryimage\"},\"image\":{\"@id\":\"https:\/\/ttr.works\/de\/thermotransfer-farbbaender\/resin-flathead-ribbons\/#primaryimage\"},\"thumbnailUrl\":\"https:\/\/ttr.works\/wp-content\/uploads\/\/R300-web-2-764x1024.png\",\"datePublished\":\"2024-02-05T08:36:44+00:00\",\"dateModified\":\"2026-04-03T15:00:17+00:00\",\"description\":\"Langlebige Drucke, die jahrelang halten k\u00f6nnen \u2713 Gro\u00dfvolumige Prozesse mit hoher Geschwindigkeit \u2713 Hervorragend geeignet f\u00fcr Papier, Kunststoffe und flexible Verpackungsfolien\",\"breadcrumb\":{\"@id\":\"https:\/\/ttr.works\/de\/thermotransfer-farbbaender\/resin-flathead-ribbons\/#breadcrumb\"},\"inLanguage\":\"de\",\"potentialAction\":[{\"@type\":\"ReadAction\",\"target\":[\"https:\/\/ttr.works\/de\/thermotransfer-farbbaender\/resin-flathead-ribbons\/\"]}]},{\"@type\":\"ImageObject\",\"inLanguage\":\"de\",\"@id\":\"https:\/\/ttr.works\/de\/thermotransfer-farbbaender\/resin-flathead-ribbons\/#primaryimage\",\"url\":\"https:\/\/ttr.works\/wp-content\/uploads\/\/R300-web-2-764x1024.png\",\"contentUrl\":\"https:\/\/ttr.works\/wp-content\/uploads\/\/R300-web-2-764x1024.png\"},{\"@type\":\"BreadcrumbList\",\"@id\":\"https:\/\/ttr.works\/de\/thermotransfer-farbbaender\/resin-flathead-ribbons\/#breadcrumb\",\"itemListElement\":[{\"@type\":\"ListItem\",\"position\":1,\"name\":\"Home\",\"item\":\"https:\/\/ttr.works\/de\/startseite\/\"},{\"@type\":\"ListItem\",\"position\":2,\"name\":\"Thermotransferb\u00e4nder zu den besten Preisen\",\"item\":\"https:\/\/ttr.works\/de\/thermotransfer-farbbaender\/\"},{\"@type\":\"ListItem\",\"position\":3,\"name\":\"Resin flathead ribbons\"}]},{\"@type\":\"WebSite\",\"@id\":\"https:\/\/ttr.works\/de\/#website\",\"url\":\"https:\/\/ttr.works\/de\/\",\"name\":\"TTR Euroworks\",\"description\":\"Your ttr partner\",\"potentialAction\":[{\"@type\":\"SearchAction\",\"target\":{\"@type\":\"EntryPoint\",\"urlTemplate\":\"https:\/\/ttr.works\/de\/?s={search_term_string}\"},\"query-input\":{\"@type\":\"PropertyValueSpecification\",\"valueRequired\":true,\"valueName\":\"search_term_string\"}}],\"inLanguage\":\"de\"}]}<\/script>\n<!-- \/ Yoast SEO plugin. -->","yoast_head_json":{"title":"Resin flathead ribbons - TTR Euroworks","description":"Langlebige Drucke, die jahrelang halten k\u00f6nnen \u2713 Gro\u00dfvolumige Prozesse mit hoher Geschwindigkeit \u2713 Hervorragend geeignet f\u00fcr Papier, Kunststoffe und flexible Verpackungsfolien","robots":{"index":"index","follow":"follow","max-snippet":"max-snippet:-1","max-image-preview":"max-image-preview:large","max-video-preview":"max-video-preview:-1"},"canonical":"https:\/\/ttr.works\/de\/thermotransfer-farbbaender\/resin-flathead-ribbons\/","og_locale":"de_DE","og_type":"article","og_title":"Resin flathead ribbons - TTR Euroworks","og_description":"Langlebige Drucke, die jahrelang halten k\u00f6nnen \u2713 Gro\u00dfvolumige Prozesse mit hoher Geschwindigkeit \u2713 Hervorragend geeignet f\u00fcr Papier, Kunststoffe und flexible Verpackungsfolien","og_url":"https:\/\/ttr.works\/de\/thermotransfer-farbbaender\/resin-flathead-ribbons\/","og_site_name":"TTR Euroworks","article_modified_time":"2026-04-03T15:00:17+00:00","og_image":[{"url":"https:\/\/ttr.works\/wp-content\/uploads\/4U_logo_with_even_more_padding-1024x861.png","type":"","width":"","height":""}],"twitter_card":"summary_large_image","twitter_misc":{"Gesch\u00e4tzte Lesezeit":"1\u00a0Minute"},"schema":{"@context":"https:\/\/schema.org","@graph":[{"@type":"WebPage","@id":"https:\/\/ttr.works\/de\/thermotransfer-farbbaender\/resin-flathead-ribbons\/","url":"https:\/\/ttr.works\/de\/thermotransfer-farbbaender\/resin-flathead-ribbons\/","name":"Resin flathead ribbons - TTR Euroworks","isPartOf":{"@id":"https:\/\/ttr.works\/de\/#website"},"primaryImageOfPage":{"@id":"https:\/\/ttr.works\/de\/thermotransfer-farbbaender\/resin-flathead-ribbons\/#primaryimage"},"image":{"@id":"https:\/\/ttr.works\/de\/thermotransfer-farbbaender\/resin-flathead-ribbons\/#primaryimage"},"thumbnailUrl":"https:\/\/ttr.works\/wp-content\/uploads\/\/R300-web-2-764x1024.png","datePublished":"2024-02-05T08:36:44+00:00","dateModified":"2026-04-03T15:00:17+00:00","description":"Langlebige Drucke, die jahrelang halten k\u00f6nnen \u2713 Gro\u00dfvolumige Prozesse mit hoher Geschwindigkeit \u2713 Hervorragend geeignet f\u00fcr Papier, Kunststoffe und flexible Verpackungsfolien","breadcrumb":{"@id":"https:\/\/ttr.works\/de\/thermotransfer-farbbaender\/resin-flathead-ribbons\/#breadcrumb"},"inLanguage":"de","potentialAction":[{"@type":"ReadAction","target":["https:\/\/ttr.works\/de\/thermotransfer-farbbaender\/resin-flathead-ribbons\/"]}]},{"@type":"ImageObject","inLanguage":"de","@id":"https:\/\/ttr.works\/de\/thermotransfer-farbbaender\/resin-flathead-ribbons\/#primaryimage","url":"https:\/\/ttr.works\/wp-content\/uploads\/\/R300-web-2-764x1024.png","contentUrl":"https:\/\/ttr.works\/wp-content\/uploads\/\/R300-web-2-764x1024.png"},{"@type":"BreadcrumbList","@id":"https:\/\/ttr.works\/de\/thermotransfer-farbbaender\/resin-flathead-ribbons\/#breadcrumb","itemListElement":[{"@type":"ListItem","position":1,"name":"Home","item":"https:\/\/ttr.works\/de\/startseite\/"},{"@type":"ListItem","position":2,"name":"Thermotransferb\u00e4nder zu den besten Preisen","item":"https:\/\/ttr.works\/de\/thermotransfer-farbbaender\/"},{"@type":"ListItem","position":3,"name":"Resin flathead ribbons"}]},{"@type":"WebSite","@id":"https:\/\/ttr.works\/de\/#website","url":"https:\/\/ttr.works\/de\/","name":"TTR Euroworks","description":"Your ttr partner","potentialAction":[{"@type":"SearchAction","target":{"@type":"EntryPoint","urlTemplate":"https:\/\/ttr.works\/de\/?s={search_term_string}"},"query-input":{"@type":"PropertyValueSpecification","valueRequired":true,"valueName":"search_term_string"}}],"inLanguage":"de"}]}},"_links":{"self":[{"href":"https:\/\/ttr.works\/de\/wp-json\/wp\/v2\/pages\/21466","targetHints":{"allow":["GET"]}}],"collection":[{"href":"https:\/\/ttr.works\/de\/wp-json\/wp\/v2\/pages"}],"about":[{"href":"https:\/\/ttr.works\/de\/wp-json\/wp\/v2\/types\/page"}],"author":[{"embeddable":true,"href":"https:\/\/ttr.works\/de\/wp-json\/wp\/v2\/users\/6"}],"replies":[{"embeddable":true,"href":"https:\/\/ttr.works\/de\/wp-json\/wp\/v2\/comments?post=21466"}],"version-history":[{"count":6,"href":"https:\/\/ttr.works\/de\/wp-json\/wp\/v2\/pages\/21466\/revisions"}],"predecessor-version":[{"id":31509,"href":"https:\/\/ttr.works\/de\/wp-json\/wp\/v2\/pages\/21466\/revisions\/31509"}],"up":[{"embeddable":true,"href":"https:\/\/ttr.works\/de\/wp-json\/wp\/v2\/pages\/4130"}],"wp:attachment":[{"href":"https:\/\/ttr.works\/de\/wp-json\/wp\/v2\/media?parent=21466"}],"wp:term":[{"taxonomy":"category","embeddable":true,"href":"https:\/\/ttr.works\/de\/wp-json\/wp\/v2\/categories?post=21466"},{"taxonomy":"post_tag","embeddable":true,"href":"https:\/\/ttr.works\/de\/wp-json\/wp\/v2\/tags?post=21466"}],"curies":[{"name":"wp","href":"https:\/\/api.w.org\/{rel}","templated":true}]}}