{"id":21506,"date":"2024-02-05T13:25:58","date_gmt":"2024-02-05T13:25:58","guid":{"rendered":"https:\/\/ttr.works\/?page_id=21506"},"modified":"2024-07-29T09:17:38","modified_gmt":"2024-07-29T09:17:38","slug":"wax-resin-near-edge-ribbons","status":"publish","type":"page","link":"https:\/\/ttr.works\/de\/thermotransfer-farbbaender\/wax-resin-near-edge-ribbons\/","title":{"rendered":"Wax Resin Near edge ribbons"},"content":{"rendered":"\n<h1 class=\"wp-block-heading\">Near Edge ribbons 4U<\/h1>\n\n<div style=\"height:12px\" aria-hidden=\"true\" class=\"wp-block-spacer\"><\/div>\n\n<p>Der Near-Edge-Druck erfolgt in der Regel mit hoher Geschwindigkeit, was hochwertige, zweckdienliche Farbb\u00e4nder erfordert. F\u00fcr diese Anwendungsf\u00e4lle sind die Wachsharze 411 und 431 die Bestseller in unserem Sortiment. Sie eignen sich perfekt zum Bedrucken einer Vielzahl von Substraten wie Papier, Kunststoff, PE und flexiblen Verpackungsfolien. Der 410 bietet eine ebenso gute Leistung und verf\u00fcgt \u00fcber die d\u00fcnnste Haustierfolie, auf die mehr Meter pro Rolle passen.<\/p>\n\n<p>W\u00e4hlen Sie die Hausmarke von TTR Euroworks f\u00fcr gro\u00dfvolumiges Drucken mit hoher Geschwindigkeit.<\/p>\n\n<a href=\"https:\/\/ttr.works\/de\/kostenlose-muster-box\/\" class=\"link-btn\">Free samples <i class=\"fal fa-chevron-right\"><\/i><\/a><a href=\"https:\/\/ttr.works\/wp-content\/uploads\/stocklist.pdf\" target=\"_blank\" class=\"link-btn second\" rel=\"noopener\">Standard sizes <i class=\"fal fa-chevron-right\"><\/i><\/a>\r\n\n<div style=\"height:30px\" aria-hidden=\"true\" class=\"wp-block-spacer\"><\/div>\n\n<h2 class=\"wp-block-heading\">Unsere NEAR EDGE-Bestseller<\/h2>\n\n<div class=\"wp-block-media-text alignwide is-stacked-on-mobile is-vertically-aligned-center\" style=\"grid-template-columns:21% auto\"><figure class=\"wp-block-media-text__media\"><img decoding=\"async\" width=\"360\" height=\"446\" data-src=\"https:\/\/ttr.works\/wp-content\/uploads\/wr410-met-logo.png\" alt=\"\" class=\"wp-image-23980 size-medium lazyload\" data-srcset=\"https:\/\/ttr.works\/wp-content\/uploads\/wr410-met-logo.png 360w, https:\/\/ttr.works\/wp-content\/uploads\/wr410-met-logo-242x300.png 242w\" data-sizes=\"(max-width: 360px) 100vw, 360px\" src=\"data:image\/svg+xml;base64,PHN2ZyB3aWR0aD0iMSIgaGVpZ2h0PSIxIiB4bWxucz0iaHR0cDovL3d3dy53My5vcmcvMjAwMC9zdmciPjwvc3ZnPg==\" style=\"--smush-placeholder-width: 360px; --smush-placeholder-aspect-ratio: 360\/446;\" \/><\/figure><div class=\"wp-block-media-text__content\">\n<h3 class=\"wp-block-heading\">Wirtschaftliches Wachsharz 4U 410 Near Edge<\/h3>\n\n\n\n<p><a href=\"https:\/\/ttr.works\/wp-content\/uploads\/wr4u-431NE.pdf\" target=\"_blank\" rel=\"noreferrer noopener\">Datenblatt herunterladen<\/a><\/p>\n\n\n\n<p>Dieses \u201eAllzweck\u201c-Wachsharz f\u00fcr Inline- oder Near-Edge-Drucker verf\u00fcgt \u00fcber die d\u00fcnnste PET-Folie im Sortiment, wodurch mehr Meter pro Rolle m\u00f6glich sind. Es erzeugt langlebige Drucke und funktioniert gut bei hoher Geschwindigkeit.<\/p>\n\n\n\n<p>&#8211; Gro\u00dfe Gesamtkosteneinsparungen beim Inline- und Verpackungsdruck&#13;\n&#8211; Antistatische R\u00fcckseitenbeschichtung und geringer Energiebedarf verl\u00e4ngern die Lebensdauer des Druckkopfes<\/p>\n<\/div><\/div>\n\n<div style=\"height:30px\" aria-hidden=\"true\" class=\"wp-block-spacer\"><\/div>\n\n<div class=\"wp-block-media-text alignwide is-stacked-on-mobile is-vertically-aligned-center\" style=\"grid-template-columns:21% auto\"><figure class=\"wp-block-media-text__media\"><img decoding=\"async\" width=\"360\" height=\"446\" data-src=\"https:\/\/ttr.works\/wp-content\/uploads\/wr411-met-logo.png\" alt=\"\" class=\"wp-image-23989 size-medium lazyload\" data-srcset=\"https:\/\/ttr.works\/wp-content\/uploads\/wr411-met-logo.png 360w, https:\/\/ttr.works\/wp-content\/uploads\/wr411-met-logo-242x300.png 242w\" data-sizes=\"(max-width: 360px) 100vw, 360px\" src=\"data:image\/svg+xml;base64,PHN2ZyB3aWR0aD0iMSIgaGVpZ2h0PSIxIiB4bWxucz0iaHR0cDovL3d3dy53My5vcmcvMjAwMC9zdmciPjwvc3ZnPg==\" style=\"--smush-placeholder-width: 360px; --smush-placeholder-aspect-ratio: 360\/446;\" \/><\/figure><div class=\"wp-block-media-text__content\">\n<h3 class=\"wp-block-heading\">Premium-Wachsharz 4U 411 Near Edge<\/h3>\n\n\n\n<p><a href=\"https:\/\/ttr.works\/wp-content\/uploads\/wr4u-411-c-1.pdf\" target=\"_blank\" rel=\"noreferrer noopener\">Datenblatt herunterladen<\/a><\/p>\n\n\n\n<p>Wachs-Harz-Farbband f\u00fcr industrielle Near-Edge-Drucker bei gro\u00dfvolumigen Etikettierungsanwendungen wie flexiblen Folien sowie Druck- und Aufbringungsanwendungen. Es erzeugt eine gleichbleibende Druckqualit\u00e4t und saubere Punktkanten f\u00fcr dichte Barcodes.<\/p>\n\n\n\n<p>\u2013 Hohe Wischfestigkeit&#13;\n\u2013 Hohe Kratzfestigkeit&#13;\n\u2013 Hohe UV-Best\u00e4ndigkeit<\/p>\n<\/div><\/div>\n\n<div style=\"height:30px\" aria-hidden=\"true\" class=\"wp-block-spacer\"><\/div>\n\n<div class=\"wp-block-media-text alignwide is-stacked-on-mobile is-vertically-aligned-center\" style=\"grid-template-columns:21% auto\"><figure class=\"wp-block-media-text__media\"><img decoding=\"async\" width=\"360\" height=\"446\" data-src=\"https:\/\/ttr.works\/wp-content\/uploads\/wr431-met-logo.png\" alt=\"\" class=\"wp-image-23997 size-medium lazyload\" data-srcset=\"https:\/\/ttr.works\/wp-content\/uploads\/wr431-met-logo.png 360w, https:\/\/ttr.works\/wp-content\/uploads\/wr431-met-logo-242x300.png 242w\" data-sizes=\"(max-width: 360px) 100vw, 360px\" src=\"data:image\/svg+xml;base64,PHN2ZyB3aWR0aD0iMSIgaGVpZ2h0PSIxIiB4bWxucz0iaHR0cDovL3d3dy53My5vcmcvMjAwMC9zdmciPjwvc3ZnPg==\" style=\"--smush-placeholder-width: 360px; --smush-placeholder-aspect-ratio: 360\/446;\" \/><\/figure><div class=\"wp-block-media-text__content\">\n<h3 class=\"wp-block-heading\">Langlebiges Wachsharz 4U 431 Near Edge<\/h3>\n\n\n\n<p><a href=\"https:\/\/ttr.works\/wp-content\/uploads\/wr4u-431NE-1.pdf\" target=\"_blank\" rel=\"noreferrer noopener\">Datenblatt herunterladen<\/a><\/p>\n\n\n\n<p>Konzipiert f\u00fcr den Inline-Verpackungsdruck, schnelles Drucken und Anbringen. Es erzeugt eine hervorragende Druckdichte und Aufl\u00f6sung auf einer Vielzahl von Substraten.<\/p>\n\n\n\n<p>&#8211; Gute Best\u00e4ndigkeit gegen hohe Temperaturen&#13;\n&#8211; Kompatibel mit flexiblen Verpackungsfolien<\/p>\n<\/div><\/div>\n\n<div style=\"height:45px\" aria-hidden=\"true\" class=\"wp-block-spacer\"><\/div>\n\n<div class=\"wp-block-media-text alignwide is-stacked-on-mobile is-vertically-aligned-center\" style=\"grid-template-columns:21% auto\"><figure class=\"wp-block-media-text__media\"><img decoding=\"async\" width=\"360\" height=\"446\" data-src=\"https:\/\/ttr.works\/wp-content\/uploads\/r600-met-logo.png\" alt=\"\" class=\"wp-image-24005 size-medium lazyload\" data-srcset=\"https:\/\/ttr.works\/wp-content\/uploads\/r600-met-logo.png 360w, https:\/\/ttr.works\/wp-content\/uploads\/r600-met-logo-242x300.png 242w\" data-sizes=\"(max-width: 360px) 100vw, 360px\" src=\"data:image\/svg+xml;base64,PHN2ZyB3aWR0aD0iMSIgaGVpZ2h0PSIxIiB4bWxucz0iaHR0cDovL3d3dy53My5vcmcvMjAwMC9zdmciPjwvc3ZnPg==\" style=\"--smush-placeholder-width: 360px; --smush-placeholder-aspect-ratio: 360\/446;\" \/><\/figure><div class=\"wp-block-media-text__content\">\n<h3 class=\"wp-block-heading\">Premium Resin 4U 600 Near Edge<\/h3>\n\n\n\n<p><a href=\"https:\/\/ttr.works\/wp-content\/uploads\/r4u-600NE-1.pdf\" target=\"_blank\" rel=\"noreferrer noopener\">Datenblatt herunterladen<\/a><\/p>\n\n\n\n<p>Harzqualit\u00e4t, die auch bei hohen Druckgeschwindigkeiten langlebigste Bilder und Barcodes erzeugt. Die Bilder weisen eine hohe Kratz- und Hitzebest\u00e4ndigkeit auf.<\/p>\n\n\n\n<p>\u2013 Tolle Kombination aus Geschwindigkeit und Leistung&#13;\n\u2013 Die langlebigsten Bilder mit hoher Aufl\u00f6sung<\/p>\n<\/div><\/div>\n","protected":false},"excerpt":{"rendered":"<p>Near Edge ribbons 4U Der Near-Edge-Druck erfolgt in der Regel mit hoher Geschwindigkeit, was hochwertige, zweckdienliche Farbb\u00e4nder erfordert. F\u00fcr diese Anwendungsf\u00e4lle sind die Wachsharze 411 und 431 die Bestseller in unserem Sortiment. Sie eignen sich perfekt zum Bedrucken einer Vielzahl von Substraten wie Papier, Kunststoff, PE und flexiblen Verpackungsfolien. Der 410 bietet eine ebenso gute [&hellip;]<\/p>\n","protected":false},"author":6,"featured_media":0,"parent":4130,"menu_order":0,"comment_status":"closed","ping_status":"closed","template":"template-4u.php","meta":{"_acf_changed":false,"content-type":"","footnotes":""},"categories":[],"tags":[264],"class_list":["post-21506","page","type-page","status-publish","hentry","tag-product-de"],"acf":[],"_links":{"self":[{"href":"https:\/\/ttr.works\/de\/wp-json\/wp\/v2\/pages\/21506","targetHints":{"allow":["GET"]}}],"collection":[{"href":"https:\/\/ttr.works\/de\/wp-json\/wp\/v2\/pages"}],"about":[{"href":"https:\/\/ttr.works\/de\/wp-json\/wp\/v2\/types\/page"}],"author":[{"embeddable":true,"href":"https:\/\/ttr.works\/de\/wp-json\/wp\/v2\/users\/6"}],"replies":[{"embeddable":true,"href":"https:\/\/ttr.works\/de\/wp-json\/wp\/v2\/comments?post=21506"}],"version-history":[{"count":6,"href":"https:\/\/ttr.works\/de\/wp-json\/wp\/v2\/pages\/21506\/revisions"}],"predecessor-version":[{"id":24488,"href":"https:\/\/ttr.works\/de\/wp-json\/wp\/v2\/pages\/21506\/revisions\/24488"}],"up":[{"embeddable":true,"href":"https:\/\/ttr.works\/de\/wp-json\/wp\/v2\/pages\/4130"}],"wp:attachment":[{"href":"https:\/\/ttr.works\/de\/wp-json\/wp\/v2\/media?parent=21506"}],"wp:term":[{"taxonomy":"category","embeddable":true,"href":"https:\/\/ttr.works\/de\/wp-json\/wp\/v2\/categories?post=21506"},{"taxonomy":"post_tag","embeddable":true,"href":"https:\/\/ttr.works\/de\/wp-json\/wp\/v2\/tags?post=21506"}],"curies":[{"name":"wp","href":"https:\/\/api.w.org\/{rel}","templated":true}]}}