{"id":24017,"date":"2024-06-24T11:18:39","date_gmt":"2024-06-24T11:18:39","guid":{"rendered":"https:\/\/ttr.works\/?page_id=24017"},"modified":"2024-06-24T11:18:41","modified_gmt":"2024-06-24T11:18:41","slug":"lendahand","status":"publish","type":"page","link":"https:\/\/ttr.works\/de\/lendahand\/","title":{"rendered":"Lendahand"},"content":{"rendered":"\n<p><strong>Diese Unternehmen tragen nicht nur zur wirtschaftlichen Entwicklung ihres Landes bei, indem sie Arbeitspl\u00e4tze schaffen, sondern sie haben auch bedeutende soziale und \u00f6kologische Auswirkungen. Sie stehen jedoch vor einer gro\u00dfen Herausforderung: dem Zugang zu Finanzmitteln, um ihr Gesch\u00e4ft auszubauen und schneller Arbeitspl\u00e4tze zu schaffen.<\/strong><\/p>\n\n\n\n<p>Wir investieren in diese kleinen Unternehmen durch unsere Partnerschaft mit <strong>Lendahand<\/strong>, einer Crowdfunding-Plattform, die dem sozialen, \u00f6kologischen und wirtschaftlichen Wandel gewidmet ist. Diese Unternehmen haben oft keinen Zugang zu traditionellen Finanzierungskan\u00e4len aufgrund hoher Zinss\u00e4tze und strenger Anforderungen und werden trotz ihres Potenzials und der Bedeutung der Unterst\u00fctzung solcher Unternehmen von Investoren meist \u00fcbersehen.<\/p>\n\n\n\n<p>Deshalb wollen wir unsere Bem\u00fchungen verst\u00e4rken und helfen, die finanziellen Ressourcen bereitzustellen, die flei\u00dfige Unternehmer in Schwellenl\u00e4ndern ben\u00f6tigen, um erfolgreich zu sein.<\/p>\n\n\n\n<a href=\"https:\/\/www.lendahand.com\/en-EU\" style=\"font-family: 'neuzeit-grotesk', Helvetica, Arial, sans-serif;font-size: 19px;margin-top: 20px;background: linear-gradient(45deg, #369983, #237f6a);padding: 15px 30px;border-radius: 7px;color: #fff;display: inline-block;\" target=\"_blank\" rel=\"noopener\">Mehr \u00fcber Lendahand erfahren \u2192<\/a>\n","protected":false},"excerpt":{"rendered":"<p>Diese Unternehmen tragen nicht nur zur wirtschaftlichen Entwicklung ihres Landes bei, indem sie Arbeitspl\u00e4tze schaffen, sondern sie haben auch bedeutende soziale und \u00f6kologische Auswirkungen. Sie stehen jedoch vor einer gro\u00dfen Herausforderung: dem Zugang zu Finanzmitteln, um ihr Gesch\u00e4ft auszubauen und schneller Arbeitspl\u00e4tze zu schaffen. Wir investieren in diese kleinen Unternehmen durch unsere Partnerschaft mit Lendahand, [&hellip;]<\/p>\n","protected":false},"author":5,"featured_media":0,"parent":0,"menu_order":0,"comment_status":"closed","ping_status":"closed","template":"template-lendahand.php","meta":{"_acf_changed":false,"content-type":"","footnotes":""},"categories":[],"tags":[],"class_list":["post-24017","page","type-page","status-publish","hentry"],"acf":[],"yoast_head":"<!-- This site is optimized with the Yoast SEO plugin v25.9 - https:\/\/yoast.com\/wordpress\/plugins\/seo\/ -->\n<title>Lendahand - TTR Euroworks<\/title>\n<meta name=\"robots\" content=\"index, follow, max-snippet:-1, max-image-preview:large, max-video-preview:-1\" \/>\n<link rel=\"canonical\" href=\"https:\/\/ttr.works\/de\/lendahand\/\" \/>\n<meta property=\"og:locale\" content=\"de_DE\" \/>\n<meta property=\"og:type\" content=\"article\" \/>\n<meta property=\"og:title\" content=\"Lendahand - TTR Euroworks\" \/>\n<meta property=\"og:description\" content=\"Diese Unternehmen tragen nicht nur zur wirtschaftlichen Entwicklung ihres Landes bei, indem sie Arbeitspl\u00e4tze schaffen, sondern sie haben auch bedeutende soziale und \u00f6kologische Auswirkungen. Sie stehen jedoch vor einer gro\u00dfen Herausforderung: dem Zugang zu Finanzmitteln, um ihr Gesch\u00e4ft auszubauen und schneller Arbeitspl\u00e4tze zu schaffen. Wir investieren in diese kleinen Unternehmen durch unsere Partnerschaft mit Lendahand, [&hellip;]\" \/>\n<meta property=\"og:url\" content=\"https:\/\/ttr.works\/de\/lendahand\/\" \/>\n<meta property=\"og:site_name\" content=\"TTR Euroworks\" \/>\n<meta property=\"article:modified_time\" content=\"2024-06-24T11:18:41+00:00\" \/>\n<meta name=\"twitter:card\" content=\"summary_large_image\" \/>\n<meta name=\"twitter:label1\" content=\"Gesch\u00e4tzte Lesezeit\" \/>\n\t<meta name=\"twitter:data1\" content=\"1\u00a0Minute\" \/>\n<script type=\"application\/ld+json\" class=\"yoast-schema-graph\">{\"@context\":\"https:\/\/schema.org\",\"@graph\":[{\"@type\":\"WebPage\",\"@id\":\"https:\/\/ttr.works\/de\/lendahand\/\",\"url\":\"https:\/\/ttr.works\/de\/lendahand\/\",\"name\":\"Lendahand - TTR Euroworks\",\"isPartOf\":{\"@id\":\"https:\/\/ttr.works\/de\/#website\"},\"datePublished\":\"2024-06-24T11:18:39+00:00\",\"dateModified\":\"2024-06-24T11:18:41+00:00\",\"breadcrumb\":{\"@id\":\"https:\/\/ttr.works\/de\/lendahand\/#breadcrumb\"},\"inLanguage\":\"de\",\"potentialAction\":[{\"@type\":\"ReadAction\",\"target\":[\"https:\/\/ttr.works\/de\/lendahand\/\"]}]},{\"@type\":\"BreadcrumbList\",\"@id\":\"https:\/\/ttr.works\/de\/lendahand\/#breadcrumb\",\"itemListElement\":[{\"@type\":\"ListItem\",\"position\":1,\"name\":\"Home\",\"item\":\"https:\/\/ttr.works\/de\/startseite\/\"},{\"@type\":\"ListItem\",\"position\":2,\"name\":\"Lendahand\"}]},{\"@type\":\"WebSite\",\"@id\":\"https:\/\/ttr.works\/de\/#website\",\"url\":\"https:\/\/ttr.works\/de\/\",\"name\":\"TTR Euroworks\",\"description\":\"Your ttr partner\",\"potentialAction\":[{\"@type\":\"SearchAction\",\"target\":{\"@type\":\"EntryPoint\",\"urlTemplate\":\"https:\/\/ttr.works\/de\/?s={search_term_string}\"},\"query-input\":{\"@type\":\"PropertyValueSpecification\",\"valueRequired\":true,\"valueName\":\"search_term_string\"}}],\"inLanguage\":\"de\"}]}<\/script>\n<!-- \/ Yoast SEO plugin. -->","yoast_head_json":{"title":"Lendahand - TTR Euroworks","robots":{"index":"index","follow":"follow","max-snippet":"max-snippet:-1","max-image-preview":"max-image-preview:large","max-video-preview":"max-video-preview:-1"},"canonical":"https:\/\/ttr.works\/de\/lendahand\/","og_locale":"de_DE","og_type":"article","og_title":"Lendahand - TTR Euroworks","og_description":"Diese Unternehmen tragen nicht nur zur wirtschaftlichen Entwicklung ihres Landes bei, indem sie Arbeitspl\u00e4tze schaffen, sondern sie haben auch bedeutende soziale und \u00f6kologische Auswirkungen. Sie stehen jedoch vor einer gro\u00dfen Herausforderung: dem Zugang zu Finanzmitteln, um ihr Gesch\u00e4ft auszubauen und schneller Arbeitspl\u00e4tze zu schaffen. Wir investieren in diese kleinen Unternehmen durch unsere Partnerschaft mit Lendahand, [&hellip;]","og_url":"https:\/\/ttr.works\/de\/lendahand\/","og_site_name":"TTR Euroworks","article_modified_time":"2024-06-24T11:18:41+00:00","twitter_card":"summary_large_image","twitter_misc":{"Gesch\u00e4tzte Lesezeit":"1\u00a0Minute"},"schema":{"@context":"https:\/\/schema.org","@graph":[{"@type":"WebPage","@id":"https:\/\/ttr.works\/de\/lendahand\/","url":"https:\/\/ttr.works\/de\/lendahand\/","name":"Lendahand - TTR Euroworks","isPartOf":{"@id":"https:\/\/ttr.works\/de\/#website"},"datePublished":"2024-06-24T11:18:39+00:00","dateModified":"2024-06-24T11:18:41+00:00","breadcrumb":{"@id":"https:\/\/ttr.works\/de\/lendahand\/#breadcrumb"},"inLanguage":"de","potentialAction":[{"@type":"ReadAction","target":["https:\/\/ttr.works\/de\/lendahand\/"]}]},{"@type":"BreadcrumbList","@id":"https:\/\/ttr.works\/de\/lendahand\/#breadcrumb","itemListElement":[{"@type":"ListItem","position":1,"name":"Home","item":"https:\/\/ttr.works\/de\/startseite\/"},{"@type":"ListItem","position":2,"name":"Lendahand"}]},{"@type":"WebSite","@id":"https:\/\/ttr.works\/de\/#website","url":"https:\/\/ttr.works\/de\/","name":"TTR Euroworks","description":"Your ttr partner","potentialAction":[{"@type":"SearchAction","target":{"@type":"EntryPoint","urlTemplate":"https:\/\/ttr.works\/de\/?s={search_term_string}"},"query-input":{"@type":"PropertyValueSpecification","valueRequired":true,"valueName":"search_term_string"}}],"inLanguage":"de"}]}},"_links":{"self":[{"href":"https:\/\/ttr.works\/de\/wp-json\/wp\/v2\/pages\/24017","targetHints":{"allow":["GET"]}}],"collection":[{"href":"https:\/\/ttr.works\/de\/wp-json\/wp\/v2\/pages"}],"about":[{"href":"https:\/\/ttr.works\/de\/wp-json\/wp\/v2\/types\/page"}],"author":[{"embeddable":true,"href":"https:\/\/ttr.works\/de\/wp-json\/wp\/v2\/users\/5"}],"replies":[{"embeddable":true,"href":"https:\/\/ttr.works\/de\/wp-json\/wp\/v2\/comments?post=24017"}],"version-history":[{"count":1,"href":"https:\/\/ttr.works\/de\/wp-json\/wp\/v2\/pages\/24017\/revisions"}],"predecessor-version":[{"id":24018,"href":"https:\/\/ttr.works\/de\/wp-json\/wp\/v2\/pages\/24017\/revisions\/24018"}],"wp:attachment":[{"href":"https:\/\/ttr.works\/de\/wp-json\/wp\/v2\/media?parent=24017"}],"wp:term":[{"taxonomy":"category","embeddable":true,"href":"https:\/\/ttr.works\/de\/wp-json\/wp\/v2\/categories?post=24017"},{"taxonomy":"post_tag","embeddable":true,"href":"https:\/\/ttr.works\/de\/wp-json\/wp\/v2\/tags?post=24017"}],"curies":[{"name":"wp","href":"https:\/\/api.w.org\/{rel}","templated":true}]}}