{"id":29301,"date":"2025-11-11T14:00:38","date_gmt":"2025-11-11T14:00:38","guid":{"rendered":"https:\/\/ttr.works\/?page_id=29301"},"modified":"2025-11-18T16:25:13","modified_gmt":"2025-11-18T16:25:13","slug":"textilbaender","status":"publish","type":"page","link":"https:\/\/ttr.works\/de\/textilbaender\/","title":{"rendered":"Textilb\u00e4nder"},"content":{"rendered":"\r\n\r\n\r\n<p>Stoffe, die Hunderte von Waschzyklen \u00fcberdauern, ben\u00f6tigen Labels und Tags, die dasselbe tun. Unsere Resin-Textil-B\u00e4nder und Nylon-Labels bieten dauerhafte Identifikation f\u00fcr jede Textildruckanwendung. R\u00fcsten Sie Ihre Stoffdrucker mit unseren Premium-Resin-Textil-Tinten-B\u00e4ndern und Nylon-Labels auf Rolle f\u00fcr gro\u00dfartige Ergebnisse und minimale Ausfallzeiten aus.<\/p>\r\n<p>&nbsp;<\/p>\r\n<p><img decoding=\"async\" class=\"wp-image-28664 alignright lazyload\" style=\"--smush-placeholder-width: 502px; --smush-placeholder-aspect-ratio: 502\/335;float: right; margin-left: 1em; margin-bottom: 1em;\" data-src=\"https:\/\/ttr.works\/wp-content\/uploads\/\/TTR-Euroworks-supply-advantage-1-300x200.png\" alt=\"\" width=\"502\" height=\"335\" data-srcset=\"https:\/\/ttr.works\/wp-content\/uploads\/TTR-Euroworks-supply-advantage-1-300x200.png 300w, https:\/\/ttr.works\/wp-content\/uploads\/TTR-Euroworks-supply-advantage-1-1024x683.png 1024w, https:\/\/ttr.works\/wp-content\/uploads\/TTR-Euroworks-supply-advantage-1-768x512.png 768w, https:\/\/ttr.works\/wp-content\/uploads\/TTR-Euroworks-supply-advantage-1.png 1536w\" data-sizes=\"(max-width: 502px) 100vw, 502px\" src=\"data:image\/svg+xml;base64,PHN2ZyB3aWR0aD0iMSIgaGVpZ2h0PSIxIiB4bWxucz0iaHR0cDovL3d3dy53My5vcmcvMjAwMC9zdmciPjwvc3ZnPg==\" \/><\/p>\r\n<h3 data-start=\"530\" data-end=\"700\">Probieren Sie den <strong data-start=\"545\" data-end=\"579\">TTR Euroworks Supply Advantage.<\/strong><\/h3>\r\n\r\n<p>Mengenrabatte ab Tag eins, passend zu Ihrem Unternehmen. Garantierte feste Preise f\u00fcr mindestens ein Jahr*. Exklusive Angebote f\u00fcr Stoffdrucker. Keine Verpflichtung &#8211; nur Vorteile!<\/p>\r\n\r\n\r\n\r\n<p><a class=\"link-btn\" href=\"https:\/\/hs.ttreuroworks.com\/textile-label-printing\">Entdecken Sie den TTR Supply Advantage<\/a><\/p>\r\n\r\n\r\n\r\n<div class=\"wp-block-spacer\" style=\"height: 17px;\" aria-hidden=\"true\">\u00a0<\/div>\r\n\r\n\r\n\r\n<h3 class=\"wp-block-heading\"><strong>4U Resin-Textil-B\u00e4nder<\/strong><\/h3>\r\n<p><img decoding=\"async\" class=\"wp-image-28664 alignleft lazyload\" style=\"--smush-placeholder-width: 444px; --smush-placeholder-aspect-ratio: 444\/296;float: right; margin-left: 1em; margin-bottom: 1em;\" data-src=\"https:\/\/ttr.works\/wp-content\/uploads\/\/DSC_0644-300x200.jpg\" alt=\"colored resin textile ribbons\" width=\"444\" height=\"296\" src=\"data:image\/svg+xml;base64,PHN2ZyB3aWR0aD0iMSIgaGVpZ2h0PSIxIiB4bWxucz0iaHR0cDovL3d3dy53My5vcmcvMjAwMC9zdmciPjwvc3ZnPg==\" \/><\/p>\r\n<h3 data-start=\"645\" data-end=\"671\">\r\n\r\n<\/h3>\r\n<p>Erzielen Sie dauerhafte Druckqualit\u00e4t auf jedem Stofflabel. Unsere <strong data-start=\"1263\" data-end=\"1291\">4U Resin-Textil-B\u00e4nder<\/strong> liefern scharfe Ergebnisse f\u00fcr kleinen Text und Waschsymbole, die Waschen, B\u00fcgeln und chemische Reinigung standhalten. Vollst\u00e4ndig kompatibel mit Nylon- und Satin-Labels und in mehreren Farben erh\u00e4ltlich.<\/p>\r\n<p>&nbsp;<\/p>\r\n<p>&nbsp;<\/p>\r\n<h3 class=\"wp-block-heading\" data-start=\"645\" data-end=\"671\">Nylon- &amp; Satin-Labels<\/h3>\r\n\r\n\r\n\r\n<p data-start=\"673\" data-end=\"907\">Die Wahl des richtigen Labelmaterials h\u00e4ngt von Ihrem Kleidungstyp und den Waschanforderungen ab. Deshalb bieten wir OEKO-TEX\u00ae Standard 100 zertifizierte Nylon- und Satin-Labelmaterialien an. Sie sind sicher, nachhaltig und frei von sch\u00e4dlichen Substanzen.<\/p>\r\n\r\n<ul data-start=\"909\" data-end=\"1167\">\r\n<li data-start=\"909\" data-end=\"1054\"><strong data-start=\"911\" data-end=\"928\">Nylon-Labels:<\/strong> Langlebig, beidseitig bedruckbar und resistent gegen h\u00e4ufiges Waschen &#8211; ideal f\u00fcr Arbeitskleidung, Uniformen und industrielle Textilien.<\/li>\r\n<li data-start=\"1055\" data-end=\"1167\"><strong data-start=\"1057\" data-end=\"1074\">Satin-Labels:<\/strong> Weich, glatt und perfekt f\u00fcr Premium-Stoffe wie Designerkleidung und Luxusmarken.<\/li>\r\n<\/ul>\r\n<p>&nbsp;<\/p>\r\n<p>&nbsp;<\/p>\r\n<h3 class=\"wp-block-heading\"><strong>Professionelle Stoffdrucker &amp; Druckk\u00f6pfe<\/strong><\/h3>\r\n\r\n\r\n\r\n<p data-start=\"1520\" data-end=\"1668\">R\u00fcsten Sie Ihre Produktionslinie mit zuverl\u00e4ssigen <strong data-start=\"1561\" data-end=\"1603\">CAB\u00ae, TSC\u00ae und Avery\u00ae Stoffdruckern<\/strong> aus, die \u00fcber eingebaute Stoffschneider f\u00fcr reibungslose, pr\u00e4zise Ergebnisse verf\u00fcgen.<\/p>\r\n\r\n\r\n\r\n<ul class=\"wp-block-list\" data-start=\"1669\" data-end=\"1813\">\r\n<li data-start=\"1669\" data-end=\"1695\">Genaues Label-Schneiden<\/li>\r\n<li data-start=\"1669\" data-end=\"1695\">Hohe Geschwindigkeit, hochwertige Ausgabe<\/li>\r\n<li data-start=\"1732\" data-end=\"1763\">Einfache Produktionsintegration<\/li>\r\n<\/ul>\r\n\r\n\r\n\r\n<h3><a class=\"link-btn second\" style=\"font-size: 16px; font-weight: 400;\" href=\"https:\/\/ttr.works\/de\/kontakt\/\">Kontaktieren Sie TTR Euroworks<\/a><\/h3>\r\n<p>&nbsp;<\/p>\r\n<h3 class=\"wp-block-heading\"><strong>F&amp;A: Stofflabel-Druck<\/strong><\/h3>\r\n<p data-start=\"362\" data-end=\"709\"><strong data-start=\"362\" data-end=\"450\">F: Was macht Ihre Textilb\u00e4nder anders als Standard-Thermaltransferb\u00e4nder?<\/strong><br data-start=\"450\" data-end=\"453\" \/>A: Unsere Textilb\u00e4nder sind speziell formuliert, um mit Stoffen wie Nylon oder Satin zu verbinden, Hunderte von Waschzyklen, B\u00fcgeln und chemische Reinigung zu \u00fcberdauern, w\u00e4hrend der Druck lesbar bleibt. Sie liefern scharfen Druck von kleinem Text und Pflegesymbolen auf Textillabels.<\/p>\r\n<p data-start=\"711\" data-end=\"983\"><strong data-start=\"711\" data-end=\"781\">F: Welcher Bandtyp ist am besten f\u00fcr den Druck von Pflegelabels auf Kleidung?<\/strong><br data-start=\"781\" data-end=\"784\" \/>A: F\u00fcr Textillabel-Anwendungen empfehlen wir ein harzbasiertes Thermaltransferband (\u201eResin Textile\u201c), da es eine \u00fcberlegene Haltbarkeit auf Stoffsubstraten im Vergleich zu Wachs- oder Wachs-Harz-B\u00e4ndern bietet.<\/p>\r\n<p data-start=\"985\" data-end=\"1275\"><strong data-start=\"985\" data-end=\"1053\">F: Kann unser Labeldrucker Ihre Textilb\u00e4nder sofort verwenden?<\/strong><br data-start=\"1053\" data-end=\"1056\" \/>A: Ja, solange Ihr Stofflabeldrucker Thermaltransfer mit der richtigen Bandbreite und Kerngr\u00f6\u00dfe unterst\u00fctzt. Mit diesen textilgestalteten B\u00e4ndern und dem passenden Labelmaterial erhalten Sie optimale Ergebnisse vor Ort.<\/p>\r\n<p data-start=\"1277\" data-end=\"1535\"><strong data-start=\"1277\" data-end=\"1352\">F: Wie beeinflusst die Bandwahl die Haltbarkeit gedruckter Pflegelabels?<\/strong><br data-start=\"1352\" data-end=\"1355\" \/>A: Die Verwendung des richtigen Resin-Textilbands stellt sicher, dass der Druck scharf, lesbar und haltbar durch viele Wasch- und Behandlungsprozesse bleibt.<\/p>\r\n<p data-start=\"1537\" data-end=\"1882\"><strong data-start=\"1537\" data-end=\"1612\">F: Was ist der \u201eSupply Advantage\u201c, den TTR Euroworks f\u00fcr B\u00e4nder anbietet?<\/strong><br data-start=\"1612\" data-end=\"1615\" \/>A: Es bedeutet, dass Sie von Mengenrabatten ab Tag eins profitieren, feste Jahrespreise (so dass Ihre Kostenbasis stabil ist) und exklusive Angebote, wenn Sie Drucker hinzuf\u00fcgen oder ersetzen. Das gibt Ihnen bessere Kostenkontrolle und vereinfacht die Beschaffung.<\/p>\r\n<p data-start=\"2208\" data-end=\"2504\"><strong data-start=\"2208\" data-end=\"2284\">F: Muss ich ein spezifisches Labelmaterial mit dem Textilband abgleichen?<\/strong><br data-start=\"2284\" data-end=\"2287\" \/>A: Ja, wir empfehlen die Verwendung von Labels aus Nylon oder Satin, die f\u00fcr Textilanwendungen konzipiert sind. In Kombination mit dem richtigen Resin-Textilband erreichen Sie Haltbarkeit und Konformit\u00e4t ohne Kompromisse.<\/p>\r\n<p data-start=\"2506\" data-end=\"2757\"><strong data-start=\"2506\" data-end=\"2571\">F: Welche Farben und Breiten sind f\u00fcr Textilb\u00e4nder verf\u00fcgbar?<\/strong><br data-start=\"2571\" data-end=\"2574\" \/>A: Unsere Textilb\u00e4nder sind in mehreren Farben und Breiten erh\u00e4ltlich, um zu Ihrem Labeldrucker und Ihren Marken-\/benutzerdefinierten Druckbed\u00fcrfnissen zu passen.<\/p>\r\n<p data-start=\"2759\" data-end=\"3012\"><strong data-start=\"2759\" data-end=\"2829\">F: Was passiert, wenn ich Drucker wechsle oder meine Produktionslinie erweitere?<\/strong><br data-start=\"2829\" data-end=\"2832\" \/>A: Mit dem Supply Advantage erhalten Sie exklusive Angebote beim Hinzuf\u00fcgen oder Ersetzen von Stoffdruckern, was Ihnen hilft, kosteneffizient zu skalieren.<\/p>\r\n<p data-start=\"3014\" data-end=\"3312\"><strong data-start=\"3014\" data-end=\"3095\">F: Meine aktuellen B\u00e4nder verursachen hohe Ausfallzeiten oder schlechten Druck. Wird ein Wechsel helfen?<\/strong><br data-start=\"3095\" data-end=\"3098\" \/>A: Wahrscheinlich, aber es macht Sinn, zuerst Probleme mit Druckereinstellungen auszuschlie\u00dfen, die remote gel\u00f6st werden k\u00f6nnen &#8211; kontaktieren Sie uns f\u00fcr Rat. Die Verwendung von B\u00e4ndern, die speziell f\u00fcr Stofflabels entwickelt wurden (und passendes Labelmaterial + Drucker), reduziert Druckfehler, Verblassen oder Auswaschen.<\/p>\r\n<p data-start=\"3314\" data-end=\"3571\"><strong data-start=\"3314\" data-end=\"3394\">F: Wen sollte ich kontaktieren, um Hilfe bei der Auswahl der richtigen Textilbandl\u00f6sung zu erhalten?<\/strong><br data-start=\"3394\" data-end=\"3397\" \/>A: Sie k\u00f6nnen unser Verkaufsteam unter +31 (0)78 693 2000 erreichen oder eine E-Mail an <a class=\"decorated-link cursor-pointer\" rel=\"noopener\" data-start=\"3460\" data-end=\"3472\">sales@ttr.nl<\/a> senden. Unsere Experten leiten Sie bei der Auswahl der richtigen Band-, Labelmaterial- und Drucker-Kombination an.<\/p>\r\n\r\n\r\n\r\n<div class=\"wp-block-spacer\" style=\"height: 29px;\" aria-hidden=\"true\">\u00a0<\/div>\r\n\r\n\r\n\r\n<h3><strong>Haben Sie Ihre Antwort nicht gefunden? Fragen Sie uns alles.<\/strong><\/h3>\r\n\r\n\r\n\r\n<p><a class=\"link-btn\" href=\"https:\/\/ttr.works\/de\/kontakt\/\">Kontaktieren Sie TTR Euroworks<\/a><\/p>\r\n<p>&nbsp;<\/p>\r\n<p>*<em> Au\u00dfer in F\u00e4llen h\u00f6herer Gewalt oder au\u00dfergew\u00f6hnlicher Marktumst\u00e4nde au\u00dferhalb unserer Kontrolle.<\/em><\/p>\r\n<p>&nbsp;<\/p>\r\n\r\n<p>&nbsp;<\/p>","protected":false},"excerpt":{"rendered":"<p>R\u00fcsten Sie Ihre Produktionslinie mit zuverl\u00e4ssigen CAB\u00ae, TSC\u00ae und Avery\u00ae Stoffdruckern aus, die \u00fcber eingebaute Stoffschneider f\u00fcr reibungslose, pr\u00e4zise Ergebnisse verf\u00fcgen. Genaues Label-Schneiden Hohe Geschwindigkeit, hochwertige Ausgabe Einfache Produktionsintegration \u00a0 Haben Sie Ihre Antwort nicht gefunden? Fragen Sie uns alles. Kontaktieren Sie TTR Euroworks &nbsp; * Au\u00dfer in F\u00e4llen h\u00f6herer Gewalt oder au\u00dfergew\u00f6hnlicher Marktumst\u00e4nde au\u00dferhalb [&hellip;]<\/p>\n","protected":false},"author":5,"featured_media":0,"parent":0,"menu_order":0,"comment_status":"closed","ping_status":"closed","template":"template-product.php","meta":{"_acf_changed":false,"content-type":"","footnotes":""},"categories":[],"tags":[264],"class_list":["post-29301","page","type-page","status-publish","hentry","tag-product-de"],"acf":[],"_links":{"self":[{"href":"https:\/\/ttr.works\/de\/wp-json\/wp\/v2\/pages\/29301","targetHints":{"allow":["GET"]}}],"collection":[{"href":"https:\/\/ttr.works\/de\/wp-json\/wp\/v2\/pages"}],"about":[{"href":"https:\/\/ttr.works\/de\/wp-json\/wp\/v2\/types\/page"}],"author":[{"embeddable":true,"href":"https:\/\/ttr.works\/de\/wp-json\/wp\/v2\/users\/5"}],"replies":[{"embeddable":true,"href":"https:\/\/ttr.works\/de\/wp-json\/wp\/v2\/comments?post=29301"}],"version-history":[{"count":2,"href":"https:\/\/ttr.works\/de\/wp-json\/wp\/v2\/pages\/29301\/revisions"}],"predecessor-version":[{"id":29567,"href":"https:\/\/ttr.works\/de\/wp-json\/wp\/v2\/pages\/29301\/revisions\/29567"}],"wp:attachment":[{"href":"https:\/\/ttr.works\/de\/wp-json\/wp\/v2\/media?parent=29301"}],"wp:term":[{"taxonomy":"category","embeddable":true,"href":"https:\/\/ttr.works\/de\/wp-json\/wp\/v2\/categories?post=29301"},{"taxonomy":"post_tag","embeddable":true,"href":"https:\/\/ttr.works\/de\/wp-json\/wp\/v2\/tags?post=29301"}],"curies":[{"name":"wp","href":"https:\/\/api.w.org\/{rel}","templated":true}]}}