{"id":29347,"date":"2025-11-12T12:53:45","date_gmt":"2025-11-12T12:53:45","guid":{"rendered":"https:\/\/ttr.works\/?page_id=29347"},"modified":"2025-11-21T09:46:53","modified_gmt":"2025-11-21T09:46:53","slug":"recycle-druckkoepfe-und-andruckrollen","status":"publish","type":"page","link":"https:\/\/ttr.works\/de\/recycle-druckkoepfe-und-andruckrollen\/","title":{"rendered":"Recycle Druckk\u00f6pfe und Andruckrollen"},"content":{"rendered":"\r\n\r\n<div class=\"wp-block-image\">\r\n<figure id=\"block-74e43d50-f0b5-4c0c-b23c-3cddcbfeee88\" class=\"alignright size-full is-resized\"><img decoding=\"async\" class=\"wp-image-23611 lazyload\" style=\"--smush-placeholder-width: 285px; --smush-placeholder-aspect-ratio: 285\/284;width: 293px; height: 292px;\" data-src=\"https:\/\/ttr.works\/wp-content\/uploads\/recycle-badge.png\" alt=\"\" src=\"data:image\/svg+xml;base64,PHN2ZyB3aWR0aD0iMSIgaGVpZ2h0PSIxIiB4bWxucz0iaHR0cDovL3d3dy53My5vcmcvMjAwMC9zdmciPjwvc3ZnPg==\" \/><\/figure><\/div>\r\n<p>Thermische Druckk\u00f6pfe und Andruckwalzen enthalten Materialien wie Aluminium und Metalle, die zur\u00fcckgewonnen und wiederverwendet werden k\u00f6nnen. Deshalb haben wir das <strong>TTR Recyclingprogramm<\/strong> gestartet. Gebrauchte Druckk\u00f6pfe werden gesammelt und an einen Recyclingspezialisten geschickt, der wiederverwendbare Materialien wie Aluminium und Metalle vom Restabfall trennt. So erhalten Rohstoffe ein neues Leben in anderen Branchen, und wir reduzieren die Menge an M\u00fcll, die auf Deponien landet.<\/p>\r\n<p>&nbsp;<\/p>\r\n\r\n<h3 class=\"wp-block-heading\">So funktioniert es<\/h3>\r\n<p>Sammeln Sie die verwendeten Druckk\u00f6pfe und Andruckwalzen \u2013 unabh\u00e4ngig davon, ob sie bei TTR oder woanders gekauft wurden.<\/p>\r\n<p>Senden Sie sie in Chargen von mindestens 10 St\u00fcck an TTR Euroworks, um eine effiziente Logistik zu gew\u00e4hrleisten.<\/p>\r\n<p>Unser Recyclingspezialist sortiert und gewinnt die Materialien zur\u00fcck, die wiederverwendet werden k\u00f6nnen.<\/p>\r\n<!-- \/wp:post-content -->\r\n\r\n<!-- wp:paragraph -->\r\n<p>&nbsp;<\/p>\r\n<!-- \/wp:paragraph -->\r\n\r\n<!-- wp:heading {\"level\":3} -->\r\n<h3 class=\"wp-block-heading\">Extra-Bonus<\/h3>\r\n<p data-start=\"59\" data-end=\"370\">Senden Sie 10 Druckk\u00f6pfe oder mehr zur\u00fcck und erhalten Sie einen <strong>kostenloser Dispenser mit Reinigungst\u00fcchern f\u00fcr Druckk\u00f6pfe<\/strong> (100 Reinigungst\u00fccher)\u00a0mit Ihrer n\u00e4chsten Lieferung. Regelm\u00e4\u00dfige Reinigung verl\u00e4ngert die Lebensdauer eines Druckkopfes deutlich.<strong data-start=\"59\" data-end=\"370\"> \ud83c\udf31<\/strong><\/p>\r\n<p data-start=\"372\" data-end=\"458\" data-is-last-node=\"\" data-is-only-node=\"\">Sie k\u00f6nnen auch das TTR Recycle Partner-Abzeichen auf Ihrer eigenen Website und in Ihrer Kommunikation verwenden. Gemeinsam k\u00f6nnen wir Deponieabf\u00e4lle reduzieren und positiv zur CO\u2082-Reduktion beitragen<\/p>\r\n<p>&nbsp;<\/p>\r\n<h3 class=\"wp-block-heading\">Wohin Sie Ihre Artikel senden sollen<\/h3>\r\n<p>&nbsp;<\/p>\r\n<!-- \/wp:heading -->\r\n\r\n<!-- wp:paragraph -->\r\n<p>\ud83d\udccd <strong>Niederlande (HQ)<\/strong><br \/>TTR Euroworks, Edisonweg 47, 2952 AD, Alblasserdam<br \/>FAO: Sales Support<br \/>\ud83d\udce7 <a href=\"mailto:salessupport@ttr.nl\">salessupport@ttr.nl<\/a> | \u260e\ufe0f +31 786 932 000<\/p>\r\n<!-- \/wp:paragraph -->\r\n\r\n<!-- wp:spacer {\"height\":\"24px\"} -->\r\n<div class=\"wp-block-spacer\" style=\"height: 24px;\" aria-hidden=\"true\">\u00a0<\/div>\r\n<!-- \/wp:spacer -->\r\n\r\n<!-- wp:paragraph -->\r\n<p>\ud83d\udccd <strong>Vereinigtes K\u00f6nigreich<\/strong><br \/>TTR Euroworks UK, Unit 6B, Lea Green Business Park, Eurolink, St Helens, Merseyside, WA9 4TR<br \/>FAO: Sales Support<br \/>\ud83d\udce7 <a href=\"mailto:support@ttr.works\">support@ttr.works<\/a> | \u260e\ufe0f 01744 815200<\/p>\r\n<!-- \/wp:paragraph -->\r\n\r\n<!-- wp:spacer {\"height\":\"54px\"} \/-->\r\n\r\n<!-- wp:spacer {\"height\":\"31px\"} \/-->\r\n\r\n<!-- wp:html \/-->\r\n\r\n<!-- wp:spacer {\"height\":\"36px\"} \/-->\r\n\r\n<!-- wp:paragraph {\"align\":\"center\"} -->\r\n<p class=\"has-text-align-center\">\u00a0<\/p>\r\n<!-- \/wp:paragraph -->","protected":false},"excerpt":{"rendered":"<p>Thermische Druckk\u00f6pfe und Andruckwalzen enthalten Materialien wie Aluminium und Metalle, die zur\u00fcckgewonnen und wiederverwendet werden k\u00f6nnen. Deshalb haben wir das TTR Recyclingprogramm gestartet. Gebrauchte Druckk\u00f6pfe werden gesammelt und an einen Recyclingspezialisten geschickt, der wiederverwendbare Materialien wie Aluminium und Metalle vom Restabfall trennt. So erhalten Rohstoffe ein neues Leben in anderen Branchen, und wir reduzieren die [&hellip;]<\/p>\n","protected":false},"author":5,"featured_media":0,"parent":0,"menu_order":0,"comment_status":"closed","ping_status":"closed","template":"template-product.php","meta":{"_acf_changed":false,"content-type":"","footnotes":""},"categories":[],"tags":[264],"class_list":["post-29347","page","type-page","status-publish","hentry","tag-product-de"],"acf":[],"_links":{"self":[{"href":"https:\/\/ttr.works\/de\/wp-json\/wp\/v2\/pages\/29347","targetHints":{"allow":["GET"]}}],"collection":[{"href":"https:\/\/ttr.works\/de\/wp-json\/wp\/v2\/pages"}],"about":[{"href":"https:\/\/ttr.works\/de\/wp-json\/wp\/v2\/types\/page"}],"author":[{"embeddable":true,"href":"https:\/\/ttr.works\/de\/wp-json\/wp\/v2\/users\/5"}],"replies":[{"embeddable":true,"href":"https:\/\/ttr.works\/de\/wp-json\/wp\/v2\/comments?post=29347"}],"version-history":[{"count":4,"href":"https:\/\/ttr.works\/de\/wp-json\/wp\/v2\/pages\/29347\/revisions"}],"predecessor-version":[{"id":29682,"href":"https:\/\/ttr.works\/de\/wp-json\/wp\/v2\/pages\/29347\/revisions\/29682"}],"wp:attachment":[{"href":"https:\/\/ttr.works\/de\/wp-json\/wp\/v2\/media?parent=29347"}],"wp:term":[{"taxonomy":"category","embeddable":true,"href":"https:\/\/ttr.works\/de\/wp-json\/wp\/v2\/categories?post=29347"},{"taxonomy":"post_tag","embeddable":true,"href":"https:\/\/ttr.works\/de\/wp-json\/wp\/v2\/tags?post=29347"}],"curies":[{"name":"wp","href":"https:\/\/api.w.org\/{rel}","templated":true}]}}