{"id":31505,"date":"2026-04-03T15:00:16","date_gmt":"2026-04-03T15:00:16","guid":{"rendered":"https:\/\/ttr.works\/?page_id=31505"},"modified":"2026-04-03T15:52:42","modified_gmt":"2026-04-03T15:52:42","slug":"ttr-ist-fuer-sie-da","status":"publish","type":"page","link":"https:\/\/ttr.works\/de\/ttr-ist-fuer-sie-da\/","title":{"rendered":"TTR ist f\u00fcr Sie da"},"content":{"rendered":"\n<h1 class=\"wp-block-heading\">Warum TTR f\u00fcr Sie arbeitet<\/h1>\n\n\n<div class=\"wp-block-image\">\n<figure class=\"alignright size-full is-resized\"><img decoding=\"async\" width=\"1024\" height=\"1024\" data-src=\"https:\/\/ttr.works\/wp-content\/uploads\/collage-2-1.png\" alt=\"\" class=\"wp-image-31470 lazyload\" style=\"--smush-placeholder-width: 1024px; --smush-placeholder-aspect-ratio: 1024\/1024;width:279px;height:auto\" data-srcset=\"https:\/\/ttr.works\/wp-content\/uploads\/collage-2-1.png 1024w, https:\/\/ttr.works\/wp-content\/uploads\/collage-2-1-300x300.png 300w, https:\/\/ttr.works\/wp-content\/uploads\/collage-2-1-150x150.png 150w, https:\/\/ttr.works\/wp-content\/uploads\/collage-2-1-768x768.png 768w\" data-sizes=\"(max-width: 1024px) 100vw, 1024px\" src=\"data:image\/svg+xml;base64,PHN2ZyB3aWR0aD0iMSIgaGVpZ2h0PSIxIiB4bWxucz0iaHR0cDovL3d3dy53My5vcmcvMjAwMC9zdmciPjwvc3ZnPg==\" \/><\/figure><\/div>\n\n\n<p><\/p>\n\n\n\n<p>Alles, was Sie f\u00fcr Thermodruck und Barcode-Scanning ben\u00f6tigen. Ein Lieferant, ein Ansprechpartner, eine Lieferung. Das bedeutet weniger Verwaltung, schnellere Lieferung und bessere Preise.<\/p>\n\n\n\n<p>Von einem der weltweit gr\u00f6\u00dften Lagerbest\u00e4nde an Thermodruckk\u00f6pfen und TTO-Druckk\u00f6pfen bis hin zu unseren eigenen 4U Thermotransferb\u00e4ndern, Etiketten, Reinigungsprodukten und kompatiblen Druckk\u00f6pfen helfen wir Ihnen, Ihren Kunden eine komplette L\u00f6sung anzubieten.<\/p>\n\n\n\n<p><\/p>\n\n\n\n<hr class=\"wp-block-separator has-alpha-channel-opacity\"\/>\n\n\n\n<h2 class=\"wp-block-heading\">Branchenexperten, <strong>die Ihre Sprache sprechen<\/strong><\/h2>\n\n\n\n<p>Bei TTR geh\u00f6ren schnelle Reaktionszeiten und eine l\u00f6sungsorientierte Arbeitsweise zum Standard. Unser Team spricht 7 Sprachen und macht internationale Zusammenarbeit einfach. Sie haben einen festen Ansprechpartner, der Ihr Gesch\u00e4ft versteht und Ihnen hilft, Zeit zu sparen, Kosten zu reduzieren und zu wachsen.<\/p>\n\n\n\n<hr class=\"wp-block-separator has-alpha-channel-opacity\"\/>\n\n\n\n<div class=\"wp-block-media-text alignwide is-stacked-on-mobile is-vertically-aligned-center\" style=\"grid-template-columns:44% auto\"><figure class=\"wp-block-media-text__media\"><img decoding=\"async\" width=\"612\" height=\"408\" data-src=\"https:\/\/ttr.works\/wp-content\/uploads\/TTR_ribbons_around_4U_logo-removebg-preview.png\" alt=\"\" class=\"wp-image-31368 size-medium lazyload\" data-srcset=\"https:\/\/ttr.works\/wp-content\/uploads\/TTR_ribbons_around_4U_logo-removebg-preview.png 612w, https:\/\/ttr.works\/wp-content\/uploads\/TTR_ribbons_around_4U_logo-removebg-preview-300x200.png 300w\" data-sizes=\"(max-width: 612px) 100vw, 612px\" src=\"data:image\/svg+xml;base64,PHN2ZyB3aWR0aD0iMSIgaGVpZ2h0PSIxIiB4bWxucz0iaHR0cDovL3d3dy53My5vcmcvMjAwMC9zdmciPjwvc3ZnPg==\" style=\"--smush-placeholder-width: 612px; --smush-placeholder-aspect-ratio: 612\/408;\" \/><\/figure><div class=\"wp-block-media-text__content\">\n<h2 class=\"wp-block-heading\"><strong>Schnell wachsen mit der <\/strong>4U Eigenmarke<\/h2>\n\n\n\n<p>Immer mehr Unternehmen entscheiden sich f\u00fcr Eigenmarken, um hochwertige Produkte zu besseren Preisen anzubieten. Unser 4U Sortiment bietet zuverl\u00e4ssige und kosteneffiziente Alternativen f\u00fcr Farbb\u00e4nder, Etiketten, Reinigungsprodukte und kompatible Druckk\u00f6pfe. Wir unterst\u00fctzen Sie mit Marketingmaterialien, Co-Branding und Produktinformationen, damit Sie mit Vertrauen verkaufen k\u00f6nnen.<\/p>\n\n\n\n<p>&gt;&gt; <a href=\"https:\/\/ttr.works\/wp-content\/uploads\/Ribbon-brochure.pdf\" target=\"_blank\" rel=\"noreferrer noopener\">Ribbon 4U Brosch\u00fcre herunterladen<\/a><\/p>\n\n\n\n<p>&gt;&gt; <a href=\"https:\/\/ttr.works\/wp-content\/uploads\/TTR-Printhead-Cleaning-Brochure.pdf\" target=\"_blank\" rel=\"noreferrer noopener\">Cleaning 4U Brosch\u00fcre herunterladen<\/a><\/p>\n<\/div><\/div>\n\n\n\n<hr class=\"wp-block-separator has-alpha-channel-opacity\"\/>\n\n\n\n<div class=\"wp-block-media-text alignwide has-media-on-the-right is-stacked-on-mobile is-vertically-aligned-center\" style=\"grid-template-columns:auto 32%\"><div class=\"wp-block-media-text__content\">\n<h2 class=\"wp-block-heading\"><strong>24\/7 Zugriff auf Echtzeit-Lagerbestand und <\/strong>Reseller-Preise<\/h2>\n\n\n\n<p>Pr\u00fcfen Sie den Lagerbestand in Echtzeit, nutzen Sie erweiterte Filter, um schnell die richtigen Produkte zu finden, und durchsuchen Sie alle gro\u00dfen Marken. Mit Ihrem Reseller-Login erhalten Sie individuelle Preise, Bestellhistorie und 24\/7 Zugriff.<\/p>\n\n\n\n<p>&gt;&gt; <a href=\"https:\/\/thermalprinting.shop\/register\" target=\"_blank\" rel=\"noreferrer noopener\">F\u00fcr Reseller-Login registrieren<\/a><\/p>\n<\/div><figure class=\"wp-block-media-text__media\"><img decoding=\"async\" width=\"393\" height=\"289\" data-src=\"https:\/\/ttr.works\/wp-content\/uploads\/webshop-screenshot.png\" alt=\"\" class=\"wp-image-11446 size-medium lazyload\" data-srcset=\"https:\/\/ttr.works\/wp-content\/uploads\/webshop-screenshot.png 393w, https:\/\/ttr.works\/wp-content\/uploads\/webshop-screenshot-300x221.png 300w\" data-sizes=\"(max-width: 393px) 100vw, 393px\" src=\"data:image\/svg+xml;base64,PHN2ZyB3aWR0aD0iMSIgaGVpZ2h0PSIxIiB4bWxucz0iaHR0cDovL3d3dy53My5vcmcvMjAwMC9zdmciPjwvc3ZnPg==\" style=\"--smush-placeholder-width: 393px; --smush-placeholder-aspect-ratio: 393\/289;\" \/><\/figure><\/div>\n\n\n\n<hr class=\"wp-block-separator has-alpha-channel-opacity\"\/>\n\n\n\n<div class=\"wp-block-media-text alignwide has-media-on-the-right is-stacked-on-mobile is-vertically-aligned-center\" style=\"grid-template-columns:auto 33%\"><div class=\"wp-block-media-text__content\">\n<h2 class=\"wp-block-heading\">Rabatte <strong>automatisch verdienen<\/strong><\/h2>\n\n\n\n<p>Mit jeder Bestellung sammeln Sie Punkte. Am Ende jedes Quartals werden diese Punkte in Rabattcodes f\u00fcr Farbb\u00e4nder, Etiketten, Druckk\u00f6pfe und Drucker umgewandelt. Keine Formulare, kein Aufwand, einfach automatische Einsparungen.<\/p>\n\n\n\n<p>&gt;&gt; <a href=\"https:\/\/hs.ttreuroworks.com\/rewards-program\">Mehr erfahren &amp; am TTR Rewards Programm teilnehmen<\/a><\/p>\n<\/div><figure class=\"wp-block-media-text__media\"><img decoding=\"async\" width=\"816\" height=\"594\" data-src=\"https:\/\/ttr.works\/wp-content\/uploads\/voucher-image.png\" alt=\"\" class=\"wp-image-25505 size-medium lazyload\" data-srcset=\"https:\/\/ttr.works\/wp-content\/uploads\/voucher-image.png 816w, https:\/\/ttr.works\/wp-content\/uploads\/voucher-image-300x218.png 300w, https:\/\/ttr.works\/wp-content\/uploads\/voucher-image-768x559.png 768w\" data-sizes=\"(max-width: 816px) 100vw, 816px\" src=\"data:image\/svg+xml;base64,PHN2ZyB3aWR0aD0iMSIgaGVpZ2h0PSIxIiB4bWxucz0iaHR0cDovL3d3dy53My5vcmcvMjAwMC9zdmciPjwvc3ZnPg==\" style=\"--smush-placeholder-width: 816px; --smush-placeholder-aspect-ratio: 816\/594;\" \/><\/figure><\/div>\n\n\n\n<hr class=\"wp-block-separator has-alpha-channel-opacity\"\/>\n\n\n\n<div class=\"wp-block-media-text alignwide is-stacked-on-mobile is-vertically-aligned-center\" style=\"grid-template-columns:28% auto\"><figure class=\"wp-block-media-text__media\"><img decoding=\"async\" width=\"500\" height=\"475\" data-src=\"https:\/\/ttr.works\/wp-content\/uploads\/pallet-2-1.png\" alt=\"\" class=\"wp-image-25409 size-medium lazyload\" data-srcset=\"https:\/\/ttr.works\/wp-content\/uploads\/pallet-2-1.png 500w, https:\/\/ttr.works\/wp-content\/uploads\/pallet-2-1-300x285.png 300w\" data-sizes=\"(max-width: 500px) 100vw, 500px\" src=\"data:image\/svg+xml;base64,PHN2ZyB3aWR0aD0iMSIgaGVpZ2h0PSIxIiB4bWxucz0iaHR0cDovL3d3dy53My5vcmcvMjAwMC9zdmciPjwvc3ZnPg==\" style=\"--smush-placeholder-width: 500px; --smush-placeholder-aspect-ratio: 500\/475;\" \/><\/figure><div class=\"wp-block-media-text__content\">\n<h2 class=\"wp-block-heading\"><strong>Gro\u00df sparen mit dem <\/strong>All-in Palettenservice <strong>von TTR Euroworks<\/strong><\/h2>\n\n\n\n<p>Sichern Sie sich die besten Preise mit unseren Palettenangeboten. Kombinieren Sie beliebige 4U Farbbandqualit\u00e4ten und -gr\u00f6\u00dfen und stellen Sie einfach eine komplette Europalette zusammen. Sie erhalten die besten Rollenpreise inklusive Lieferung in ganz Europa und Gro\u00dfbritannien. Keine versteckten Kosten, nur klare Preise und echte Einsparungen.<\/p>\n\n\n\n<p>&gt;&gt; <a href=\"https:\/\/hs.ttreuroworks.com\/rewards-program\">Mehr erfahren &amp; am TTR Rewards Programm teilnehmen<\/a><\/p>\n<\/div><\/div>\n\n\n\n<div style=\"height:40px\" aria-hidden=\"true\" class=\"wp-block-spacer\"><\/div>\n\n\n\n<hr class=\"wp-block-separator has-alpha-channel-opacity\"\/>\n\n\n\n<h3 class=\"wp-block-heading\">Ob Reseller, Webshop oder Distributor \u2013 TTR hilft Ihnen, eine komplette Thermodruckl\u00f6sung anzubieten. Ein Lieferant. Ein Ansprechpartner. Alles aus einer Hand.<\/h3>\n\n\n\n<div style=\"height:24px\" aria-hidden=\"true\" class=\"wp-block-spacer\"><\/div>\n\n\n\n<p><a class=\"link-btn\" href=\"https:\/\/ttr.works\/de\/kontakt\/\">Partner werden oder Preise anfragen <i class=\"fal fa-chevron-right\"><\/i><\/a><\/p>\n\n\n\n<hr class=\"wp-block-separator has-alpha-channel-opacity\"\/>\n","protected":false},"excerpt":{"rendered":"<p>Warum TTR f\u00fcr Sie arbeitet Alles, was Sie f\u00fcr Thermodruck und Barcode-Scanning ben\u00f6tigen. Ein Lieferant, ein Ansprechpartner, eine Lieferung. Das bedeutet weniger Verwaltung, schnellere Lieferung und bessere Preise. Von einem der weltweit gr\u00f6\u00dften Lagerbest\u00e4nde an Thermodruckk\u00f6pfen und TTO-Druckk\u00f6pfen bis hin zu unseren eigenen 4U Thermotransferb\u00e4ndern, Etiketten, Reinigungsprodukten und kompatiblen Druckk\u00f6pfen helfen wir Ihnen, Ihren Kunden [&hellip;]<\/p>\n","protected":false},"author":2,"featured_media":0,"parent":0,"menu_order":0,"comment_status":"closed","ping_status":"closed","template":"template-4u.php","meta":{"_acf_changed":false,"content-type":"","footnotes":""},"categories":[],"tags":[264],"class_list":["post-31505","page","type-page","status-publish","hentry","tag-product-de"],"acf":[],"_links":{"self":[{"href":"https:\/\/ttr.works\/de\/wp-json\/wp\/v2\/pages\/31505","targetHints":{"allow":["GET"]}}],"collection":[{"href":"https:\/\/ttr.works\/de\/wp-json\/wp\/v2\/pages"}],"about":[{"href":"https:\/\/ttr.works\/de\/wp-json\/wp\/v2\/types\/page"}],"author":[{"embeddable":true,"href":"https:\/\/ttr.works\/de\/wp-json\/wp\/v2\/users\/2"}],"replies":[{"embeddable":true,"href":"https:\/\/ttr.works\/de\/wp-json\/wp\/v2\/comments?post=31505"}],"version-history":[{"count":10,"href":"https:\/\/ttr.works\/de\/wp-json\/wp\/v2\/pages\/31505\/revisions"}],"predecessor-version":[{"id":31521,"href":"https:\/\/ttr.works\/de\/wp-json\/wp\/v2\/pages\/31505\/revisions\/31521"}],"wp:attachment":[{"href":"https:\/\/ttr.works\/de\/wp-json\/wp\/v2\/media?parent=31505"}],"wp:term":[{"taxonomy":"category","embeddable":true,"href":"https:\/\/ttr.works\/de\/wp-json\/wp\/v2\/categories?post=31505"},{"taxonomy":"post_tag","embeddable":true,"href":"https:\/\/ttr.works\/de\/wp-json\/wp\/v2\/tags?post=31505"}],"curies":[{"name":"wp","href":"https:\/\/api.w.org\/{rel}","templated":true}]}}