{"id":4038,"date":"2020-11-17T13:49:19","date_gmt":"2020-11-17T13:49:19","guid":{"rendered":"https:\/\/ttr.works\/?page_id=4038"},"modified":"2023-08-07T08:37:48","modified_gmt":"2023-08-07T08:37:48","slug":"uber-uns","status":"publish","type":"page","link":"https:\/\/ttr.works\/de\/uber-uns\/","title":{"rendered":"\u00dcber uns"},"content":{"rendered":"\n<p>TTR Euroworks entstand vor 30\u00a0Jahren mit der Idee, Thermotransferprodukte schneller, einfacher und kosteng\u00fcnstiger als andere Anbieter anzubieten. Und dieses Konzept ist voll aufgegangen: Als Zulieferer und Partner konnten wir uns weltweit einen soliden Kundenstamm aufbauen. Unser Motto ist Programm: TTR Euroworks for you. Als Hersteller und Vertriebsh\u00e4ndler haben wir Niederlassungen und Vertriebszentren nahe des Rotterdamer Hafens (Niederlande) und in St.\u00a0Helens (VK). Von diesen zentralen Vertriebsstellen aus haben unsere Partner Zugriff auf den gr\u00f6\u00dften europ\u00e4ischen Lagerbestand an Thermodruckk\u00f6pfen sowie Thermodruckern, Farbb\u00e4ndern und sonstigem Zubeh\u00f6r. <\/p>\n","protected":false},"excerpt":{"rendered":"<p>TTR Euroworks entstand vor 30\u00a0Jahren mit der Idee, Thermotransferprodukte schneller, einfacher und kosteng\u00fcnstiger als andere Anbieter anzubieten. Und dieses Konzept ist voll aufgegangen: Als Zulieferer und Partner konnten wir uns weltweit einen soliden Kundenstamm aufbauen. Unser Motto ist Programm: TTR Euroworks for you. Als Hersteller und Vertriebsh\u00e4ndler haben wir Niederlassungen und Vertriebszentren nahe des Rotterdamer [&hellip;]<\/p>\n","protected":false},"author":1,"featured_media":0,"parent":0,"menu_order":0,"comment_status":"closed","ping_status":"closed","template":"template-about.php","meta":{"_acf_changed":false,"content-type":"","footnotes":""},"categories":[],"tags":[],"class_list":["post-4038","page","type-page","status-publish","hentry"],"acf":[],"yoast_head":"<!-- This site is optimized with the Yoast SEO plugin v25.9 - https:\/\/yoast.com\/wordpress\/plugins\/seo\/ -->\n<title>\u00dcber uns - TTR Euroworks<\/title>\n<meta name=\"description\" content=\"TTR Euroworks \u2713 Gr\u00f6\u00dfter europ\u00e4ischer Bestand an Thermodruckk\u00f6pfen, Thermodruckern, Bettw\u00e4sche und anderem Zubeh\u00f6r\" \/>\n<meta name=\"robots\" content=\"index, follow, max-snippet:-1, max-image-preview:large, max-video-preview:-1\" \/>\n<link rel=\"canonical\" href=\"https:\/\/ttr.works\/de\/uber-uns\/\" \/>\n<meta property=\"og:locale\" content=\"de_DE\" \/>\n<meta property=\"og:type\" content=\"article\" \/>\n<meta property=\"og:title\" content=\"\u00dcber uns - TTR Euroworks\" \/>\n<meta property=\"og:description\" content=\"TTR Euroworks \u2713 Gr\u00f6\u00dfter europ\u00e4ischer Bestand an Thermodruckk\u00f6pfen, Thermodruckern, Bettw\u00e4sche und anderem Zubeh\u00f6r\" \/>\n<meta property=\"og:url\" content=\"https:\/\/ttr.works\/de\/uber-uns\/\" \/>\n<meta property=\"og:site_name\" content=\"TTR Euroworks\" \/>\n<meta property=\"article:modified_time\" content=\"2023-08-07T08:37:48+00:00\" \/>\n<meta name=\"twitter:card\" content=\"summary_large_image\" \/>\n<meta name=\"twitter:label1\" content=\"Gesch\u00e4tzte Lesezeit\" \/>\n\t<meta name=\"twitter:data1\" content=\"1\u00a0Minute\" \/>\n<script type=\"application\/ld+json\" class=\"yoast-schema-graph\">{\"@context\":\"https:\/\/schema.org\",\"@graph\":[{\"@type\":\"WebPage\",\"@id\":\"https:\/\/ttr.works\/de\/uber-uns\/\",\"url\":\"https:\/\/ttr.works\/de\/uber-uns\/\",\"name\":\"\u00dcber uns - TTR Euroworks\",\"isPartOf\":{\"@id\":\"https:\/\/ttr.works\/de\/#website\"},\"datePublished\":\"2020-11-17T13:49:19+00:00\",\"dateModified\":\"2023-08-07T08:37:48+00:00\",\"description\":\"TTR Euroworks \u2713 Gr\u00f6\u00dfter europ\u00e4ischer Bestand an Thermodruckk\u00f6pfen, Thermodruckern, Bettw\u00e4sche und anderem Zubeh\u00f6r\",\"breadcrumb\":{\"@id\":\"https:\/\/ttr.works\/de\/uber-uns\/#breadcrumb\"},\"inLanguage\":\"de\",\"potentialAction\":[{\"@type\":\"ReadAction\",\"target\":[\"https:\/\/ttr.works\/de\/uber-uns\/\"]}]},{\"@type\":\"BreadcrumbList\",\"@id\":\"https:\/\/ttr.works\/de\/uber-uns\/#breadcrumb\",\"itemListElement\":[{\"@type\":\"ListItem\",\"position\":1,\"name\":\"Home\",\"item\":\"https:\/\/ttr.works\/de\/startseite\/\"},{\"@type\":\"ListItem\",\"position\":2,\"name\":\"\u00dcber uns\"}]},{\"@type\":\"WebSite\",\"@id\":\"https:\/\/ttr.works\/de\/#website\",\"url\":\"https:\/\/ttr.works\/de\/\",\"name\":\"TTR Euroworks\",\"description\":\"Your ttr partner\",\"potentialAction\":[{\"@type\":\"SearchAction\",\"target\":{\"@type\":\"EntryPoint\",\"urlTemplate\":\"https:\/\/ttr.works\/de\/?s={search_term_string}\"},\"query-input\":{\"@type\":\"PropertyValueSpecification\",\"valueRequired\":true,\"valueName\":\"search_term_string\"}}],\"inLanguage\":\"de\"}]}<\/script>\n<!-- \/ Yoast SEO plugin. -->","yoast_head_json":{"title":"\u00dcber uns - TTR Euroworks","description":"TTR Euroworks \u2713 Gr\u00f6\u00dfter europ\u00e4ischer Bestand an Thermodruckk\u00f6pfen, Thermodruckern, Bettw\u00e4sche und anderem Zubeh\u00f6r","robots":{"index":"index","follow":"follow","max-snippet":"max-snippet:-1","max-image-preview":"max-image-preview:large","max-video-preview":"max-video-preview:-1"},"canonical":"https:\/\/ttr.works\/de\/uber-uns\/","og_locale":"de_DE","og_type":"article","og_title":"\u00dcber uns - TTR Euroworks","og_description":"TTR Euroworks \u2713 Gr\u00f6\u00dfter europ\u00e4ischer Bestand an Thermodruckk\u00f6pfen, Thermodruckern, Bettw\u00e4sche und anderem Zubeh\u00f6r","og_url":"https:\/\/ttr.works\/de\/uber-uns\/","og_site_name":"TTR Euroworks","article_modified_time":"2023-08-07T08:37:48+00:00","twitter_card":"summary_large_image","twitter_misc":{"Gesch\u00e4tzte Lesezeit":"1\u00a0Minute"},"schema":{"@context":"https:\/\/schema.org","@graph":[{"@type":"WebPage","@id":"https:\/\/ttr.works\/de\/uber-uns\/","url":"https:\/\/ttr.works\/de\/uber-uns\/","name":"\u00dcber uns - TTR Euroworks","isPartOf":{"@id":"https:\/\/ttr.works\/de\/#website"},"datePublished":"2020-11-17T13:49:19+00:00","dateModified":"2023-08-07T08:37:48+00:00","description":"TTR Euroworks \u2713 Gr\u00f6\u00dfter europ\u00e4ischer Bestand an Thermodruckk\u00f6pfen, Thermodruckern, Bettw\u00e4sche und anderem Zubeh\u00f6r","breadcrumb":{"@id":"https:\/\/ttr.works\/de\/uber-uns\/#breadcrumb"},"inLanguage":"de","potentialAction":[{"@type":"ReadAction","target":["https:\/\/ttr.works\/de\/uber-uns\/"]}]},{"@type":"BreadcrumbList","@id":"https:\/\/ttr.works\/de\/uber-uns\/#breadcrumb","itemListElement":[{"@type":"ListItem","position":1,"name":"Home","item":"https:\/\/ttr.works\/de\/startseite\/"},{"@type":"ListItem","position":2,"name":"\u00dcber uns"}]},{"@type":"WebSite","@id":"https:\/\/ttr.works\/de\/#website","url":"https:\/\/ttr.works\/de\/","name":"TTR Euroworks","description":"Your ttr partner","potentialAction":[{"@type":"SearchAction","target":{"@type":"EntryPoint","urlTemplate":"https:\/\/ttr.works\/de\/?s={search_term_string}"},"query-input":{"@type":"PropertyValueSpecification","valueRequired":true,"valueName":"search_term_string"}}],"inLanguage":"de"}]}},"_links":{"self":[{"href":"https:\/\/ttr.works\/de\/wp-json\/wp\/v2\/pages\/4038","targetHints":{"allow":["GET"]}}],"collection":[{"href":"https:\/\/ttr.works\/de\/wp-json\/wp\/v2\/pages"}],"about":[{"href":"https:\/\/ttr.works\/de\/wp-json\/wp\/v2\/types\/page"}],"author":[{"embeddable":true,"href":"https:\/\/ttr.works\/de\/wp-json\/wp\/v2\/users\/1"}],"replies":[{"embeddable":true,"href":"https:\/\/ttr.works\/de\/wp-json\/wp\/v2\/comments?post=4038"}],"version-history":[{"count":1,"href":"https:\/\/ttr.works\/de\/wp-json\/wp\/v2\/pages\/4038\/revisions"}],"predecessor-version":[{"id":17936,"href":"https:\/\/ttr.works\/de\/wp-json\/wp\/v2\/pages\/4038\/revisions\/17936"}],"wp:attachment":[{"href":"https:\/\/ttr.works\/de\/wp-json\/wp\/v2\/media?parent=4038"}],"wp:term":[{"taxonomy":"category","embeddable":true,"href":"https:\/\/ttr.works\/de\/wp-json\/wp\/v2\/categories?post=4038"},{"taxonomy":"post_tag","embeddable":true,"href":"https:\/\/ttr.works\/de\/wp-json\/wp\/v2\/tags?post=4038"}],"curies":[{"name":"wp","href":"https:\/\/api.w.org\/{rel}","templated":true}]}}