{"id":4046,"date":"2020-11-17T14:19:28","date_gmt":"2020-11-17T14:19:28","guid":{"rendered":"https:\/\/ttr.works\/?page_id=4046"},"modified":"2021-05-06T14:37:15","modified_gmt":"2021-05-06T14:37:15","slug":"kontakt","status":"publish","type":"page","link":"https:\/\/ttr.works\/de\/kontakt\/","title":{"rendered":"Kontakt"},"content":{"rendered":"\n<p>Bei Fragen zu unseren Serviceleistungen oder unserem Produktangebot k\u00f6nnen Sie sich gern jederzeit \u00fcber das Kontaktformular an uns wenden. Wenn Sie sofort Hilfe ben\u00f6tigen, k\u00f6nnen Sie uns \u00fcber den Live-Chat erreichen.<\/p>\n","protected":false},"excerpt":{"rendered":"<p>Bei Fragen zu unseren Serviceleistungen oder unserem Produktangebot k\u00f6nnen Sie sich gern jederzeit \u00fcber das Kontaktformular an uns wenden. Wenn Sie sofort Hilfe ben\u00f6tigen, k\u00f6nnen Sie uns \u00fcber den Live-Chat erreichen.<\/p>\n","protected":false},"author":1,"featured_media":0,"parent":0,"menu_order":0,"comment_status":"closed","ping_status":"closed","template":"template-contact.php","meta":{"_acf_changed":false,"content-type":"","footnotes":""},"categories":[],"tags":[],"class_list":["post-4046","page","type-page","status-publish","hentry"],"acf":[],"_links":{"self":[{"href":"https:\/\/ttr.works\/de\/wp-json\/wp\/v2\/pages\/4046","targetHints":{"allow":["GET"]}}],"collection":[{"href":"https:\/\/ttr.works\/de\/wp-json\/wp\/v2\/pages"}],"about":[{"href":"https:\/\/ttr.works\/de\/wp-json\/wp\/v2\/types\/page"}],"author":[{"embeddable":true,"href":"https:\/\/ttr.works\/de\/wp-json\/wp\/v2\/users\/1"}],"replies":[{"embeddable":true,"href":"https:\/\/ttr.works\/de\/wp-json\/wp\/v2\/comments?post=4046"}],"version-history":[{"count":2,"href":"https:\/\/ttr.works\/de\/wp-json\/wp\/v2\/pages\/4046\/revisions"}],"predecessor-version":[{"id":5558,"href":"https:\/\/ttr.works\/de\/wp-json\/wp\/v2\/pages\/4046\/revisions\/5558"}],"wp:attachment":[{"href":"https:\/\/ttr.works\/de\/wp-json\/wp\/v2\/media?parent=4046"}],"wp:term":[{"taxonomy":"category","embeddable":true,"href":"https:\/\/ttr.works\/de\/wp-json\/wp\/v2\/categories?post=4046"},{"taxonomy":"post_tag","embeddable":true,"href":"https:\/\/ttr.works\/de\/wp-json\/wp\/v2\/tags?post=4046"}],"curies":[{"name":"wp","href":"https:\/\/api.w.org\/{rel}","templated":true}]}}