{"id":4054,"date":"2020-11-18T08:12:44","date_gmt":"2020-11-18T08:12:44","guid":{"rendered":"https:\/\/ttr.works\/?page_id=4054"},"modified":"2021-02-05T10:05:31","modified_gmt":"2021-02-05T10:05:31","slug":"heisspraegefolie","status":"publish","type":"page","link":"https:\/\/ttr.works\/de\/heisspraegefolie\/","title":{"rendered":"Hei\u00dfpr\u00e4gefolie"},"content":{"rendered":"\n<div class=\"wp-block-image\"><figure class=\"alignright\"><img decoding=\"async\" data-src=\"https:\/\/ttr.works\/wp-content\/uploads\/ttr-hotfoil.png\" alt=\"\" src=\"data:image\/svg+xml;base64,PHN2ZyB3aWR0aD0iMSIgaGVpZ2h0PSIxIiB4bWxucz0iaHR0cDovL3d3dy53My5vcmcvMjAwMC9zdmciPjwvc3ZnPg==\" class=\"lazyload\" style=\"--smush-placeholder-width: 401px; --smush-placeholder-aspect-ratio: 401\/275;\" \/><\/figure><\/div>\n\n\n\n<p>Das Hei\u00dfpr\u00e4geverfahren oder auch Hei\u00dffolienpr\u00e4geverfahren wird allgemein als Vorl\u00e4ufer des TTO-Drucks angesehen. Dabei wird der Druck nicht auf ein Etikett, sondern direkt auf eine Oberfl\u00e4che aufgebracht. W\u00e4hrend beim Thermotransferverfahren (TTO) ein digitaler Druckkopf verwendet wird, kommen beim Hei\u00dfpr\u00e4geverfahren physische Buchstaben und Ziffern zum Einsatz, normalerweise aus Metall. In vielen Industriebereichen ist das Hei\u00dfpr\u00e4geverfahren die bessere und kosteng\u00fcnstigere L\u00f6sung.<\/p>\n\n\n\n<a href=\"\/?page_id=220\" class=\"link-btn\">Angebot anfordern <i class=\"fal fa-chevron-right\"><\/i><\/a><a href=\"\/?page_id=1012\" class=\"link-btn second\">Kontakt <i class=\"fal fa-chevron-right\"><\/i><\/a>\n\n\n\n<h3 class=\"wp-block-heading\">Hervorragendes Preis-Leistungs-Verh\u00e4ltnis: Hot Foil 4U<\/h3>\n\n\n\n<p>Unsere leistungsstarken Hei\u00dfpr\u00e4gefolien erf\u00fcllen die strengen Qualit\u00e4ts- und Best\u00e4ndigkeitsanforderungen moderner Etikettierverfahren. Unser Angebot umfasst zwei Arten von Hei\u00dfpr\u00e4gefolien. Beide sind als Jumborolle (76&nbsp;cm oder 96&nbsp;cm) oder Rollenzuschnitt auf einem 25-mm-Kern lieferbar. Fordern Sie Gratismuster beider Qualit\u00e4ten an, wenn Sie nicht sicher sind, welche sich am besten f\u00fcr Sie eignet. Sie k\u00f6nnen uns auch gerne kontaktieren. Wir beraten Sie gerne zu Qualit\u00e4t und Preisen.<\/p>\n\n\n\n<ul class=\"wp-block-list\"><li>Der Allesk\u00f6nner: HF4U 60 ist unsere Universal-Hei\u00dfpr\u00e4gefolie, die hochwertige Druckergebnisse f\u00fcr viele Anwendungsbereiche liefert.<\/li><li>Die High-End-L\u00f6sung: SCF4U 900 ist eine hochwertige Hei\u00dfpr\u00e4gefolie, mit der Sie besonders langlebige Drucke erzielen.<\/li><\/ul>\n\n\n\n<h3 class=\"wp-block-heading\">Vorteile des Hei\u00dfpr\u00e4geverfahrens<\/h3>\n\n\n\n<p>Das Hei\u00dfpr\u00e4geverfahren oder auch Hei\u00dffolienpr\u00e4geverfahren bietet eine Reihe von Vorteilen:<\/p>\n\n\n\n<ul class=\"wp-block-list\"><li>Es ist eine sehr zuverl\u00e4ssige und kosteng\u00fcnstige Druckmethode.<\/li><li>Es ist besonders effizient, wenn die Druckmotive nicht h\u00e4ufig wechseln oder wenn Nummern bzw. Datumsangaben serienm\u00e4\u00dfig aufgedruckt m\u00fcssen.<\/li><li>In der Industrie oder Landwirtschaft, wo es h\u00e4ufig schmutzig oder staubig ist, eignet sich das Hei\u00dfpr\u00e4geverfahren besser als der TTO-Druck.<\/li><\/ul>\n\n\n\n<p>Die Verarbeitung von Hei\u00dfpr\u00e4gefolien ist sehr umweltfreundlich, weil keine L\u00f6sungsmittel oder Druckfarben zum Einsatz kommen, die sch\u00e4dliche D\u00e4mpfe abgeben k\u00f6nnen. Die Folien bestehen aus einem Verbund mehrerer 12-Mikrometer-dicker Schichten, die nicht giftig und frei von Schwermetallen sind.<\/p>\n","protected":false},"excerpt":{"rendered":"<p>Das Hei\u00dfpr\u00e4geverfahren oder auch Hei\u00dffolienpr\u00e4geverfahren wird allgemein als Vorl\u00e4ufer des TTO-Drucks angesehen. Dabei wird der Druck nicht auf ein Etikett, sondern direkt auf eine Oberfl\u00e4che aufgebracht. W\u00e4hrend beim Thermotransferverfahren (TTO) ein digitaler Druckkopf verwendet wird, kommen beim Hei\u00dfpr\u00e4geverfahren physische Buchstaben und Ziffern zum Einsatz, normalerweise aus Metall. In vielen Industriebereichen ist das Hei\u00dfpr\u00e4geverfahren die bessere [&hellip;]<\/p>\n","protected":false},"author":1,"featured_media":0,"parent":0,"menu_order":0,"comment_status":"closed","ping_status":"closed","template":"template-product.php","meta":{"_acf_changed":false,"content-type":"","footnotes":""},"categories":[],"tags":[],"class_list":["post-4054","page","type-page","status-publish","hentry"],"acf":[],"_links":{"self":[{"href":"https:\/\/ttr.works\/de\/wp-json\/wp\/v2\/pages\/4054","targetHints":{"allow":["GET"]}}],"collection":[{"href":"https:\/\/ttr.works\/de\/wp-json\/wp\/v2\/pages"}],"about":[{"href":"https:\/\/ttr.works\/de\/wp-json\/wp\/v2\/types\/page"}],"author":[{"embeddable":true,"href":"https:\/\/ttr.works\/de\/wp-json\/wp\/v2\/users\/1"}],"replies":[{"embeddable":true,"href":"https:\/\/ttr.works\/de\/wp-json\/wp\/v2\/comments?post=4054"}],"version-history":[{"count":0,"href":"https:\/\/ttr.works\/de\/wp-json\/wp\/v2\/pages\/4054\/revisions"}],"wp:attachment":[{"href":"https:\/\/ttr.works\/de\/wp-json\/wp\/v2\/media?parent=4054"}],"wp:term":[{"taxonomy":"category","embeddable":true,"href":"https:\/\/ttr.works\/de\/wp-json\/wp\/v2\/categories?post=4054"},{"taxonomy":"post_tag","embeddable":true,"href":"https:\/\/ttr.works\/de\/wp-json\/wp\/v2\/tags?post=4054"}],"curies":[{"name":"wp","href":"https:\/\/api.w.org\/{rel}","templated":true}]}}