{"id":4070,"date":"2020-11-18T09:00:09","date_gmt":"2020-11-18T09:00:09","guid":{"rendered":"https:\/\/ttr.works\/?page_id=4070"},"modified":"2026-04-07T08:48:25","modified_gmt":"2026-04-07T08:48:25","slug":"etiketten","status":"publish","type":"page","link":"https:\/\/ttr.works\/de\/etiketten\/","title":{"rendered":"Etiketten"},"content":{"rendered":"<div class=\"wp-block-image\">\n<figure class=\"alignright size-large is-resized\"><img decoding=\"async\" width=\"1024\" height=\"927\" data-src=\"https:\/\/ttr.works\/wp-content\/uploads\/\/zd421-1-1024x927.png\" alt=\"\" class=\"wp-image-23729 lazyload\" style=\"--smush-placeholder-width: 1024px; --smush-placeholder-aspect-ratio: 1024\/927;width:358px;height:auto\" data-srcset=\"https:\/\/ttr.works\/wp-content\/uploads\/zd421-1-1024x927.png 1024w, https:\/\/ttr.works\/wp-content\/uploads\/zd421-1-300x272.png 300w, https:\/\/ttr.works\/wp-content\/uploads\/zd421-1-768x695.png 768w, https:\/\/ttr.works\/wp-content\/uploads\/zd421-1-1536x1391.png 1536w, https:\/\/ttr.works\/wp-content\/uploads\/zd421-1-2048x1854.png 2048w\" data-sizes=\"(max-width: 1024px) 100vw, 1024px\" src=\"data:image\/svg+xml;base64,PHN2ZyB3aWR0aD0iMSIgaGVpZ2h0PSIxIiB4bWxucz0iaHR0cDovL3d3dy53My5vcmcvMjAwMC9zdmciPjwvc3ZnPg==\" \/><\/figure><\/div>\n\n\n<p>Wir liefern Etiketten auf Rolle, linerless Etiketten und Textiletiketten f\u00fcr den t\u00e4glichen Einsatz und strukturelle Volumen. Feste Rollenpreise, Lieferung aus Ihrem \u201eeigenen Lager\u201c und Unterst\u00fctzung bei der Materialauswahl.<\/p>\n\n\n\n<p>Sie erhalten ein Angebot basierend auf Ihrem Drucker und Verbrauch. Immer konsistente Spezifikationen und Qualit\u00e4t. Zus\u00e4tzlicher Vorteil durch Preissicherheit und Lieferkontinuit\u00e4t. Abruflieferung aus Lager oder Konsignation ist m\u00f6glich.<\/p>\n\n\n\n<p><\/p>\n\n\n\n<a href=\"https:\/\/ttr.works\/de\/ttr-ist-fuer-sie-da\/\" class=\"link-btn\">Vorteile f\u00fcr Wiederverk\u00e4ufer <i class=\"fal fa-chevron-right\"><\/i><\/a>\n\n\n\n<div style=\"height:41px\" aria-hidden=\"true\" class=\"wp-block-spacer\"><\/div>\n\n\n\n<h2 class=\"wp-block-heading\"><strong>Etiketten auf Rolle f\u00fcr Etikettendrucker<\/strong><\/h2>\n\n\n<div class=\"wp-block-image\">\n<figure class=\"alignright size-full is-resized\"><img decoding=\"async\" width=\"565\" height=\"457\" data-src=\"https:\/\/ttr.works\/wp-content\/uploads\/Blank-coated-labels.jpg\" alt=\"\" class=\"wp-image-25938 lazyload\" style=\"--smush-placeholder-width: 565px; --smush-placeholder-aspect-ratio: 565\/457;width:370px;height:auto\" data-srcset=\"https:\/\/ttr.works\/wp-content\/uploads\/Blank-coated-labels.jpg 565w, https:\/\/ttr.works\/wp-content\/uploads\/Blank-coated-labels-300x243.jpg 300w\" data-sizes=\"(max-width: 565px) 100vw, 565px\" src=\"data:image\/svg+xml;base64,PHN2ZyB3aWR0aD0iMSIgaGVpZ2h0PSIxIiB4bWxucz0iaHR0cDovL3d3dy53My5vcmcvMjAwMC9zdmciPjwvc3ZnPg==\" \/><\/figure><\/div>\n\n\n<p><\/p>\n\n\n\n<p>Unsere Kunden sind <strong>Reseller und Produzenten<\/strong>, die Preis- und Liefersicherheit ben\u00f6tigen. W\u00e4hlen Sie die Druckmethode, die zu Ihrem Prozess passt \u2013 wir sorgen daf\u00fcr, dass Material, Klebstoff und Rollenkonfiguration stimmen. Dank unserer eigenen Produktion liefern wir Etiketten schnell und zu einem wettbewerbsf\u00e4higen Preis.<\/p>\n\n\n\n<ul class=\"wp-block-list\">\n<li>Erh\u00e4ltlich mit permanentem, abl\u00f6sbarem und Tiefk\u00fchl-Klebstoff<\/li>\n\n\n\n<li>Geeignet f\u00fcr Zebra, Honeywell, CAB, Sato und mehr*<\/li>\n\n\n\n<li>Feste Rollenpreise bei strukturellem Verbrauch<\/li>\n\n\n\n<li>Lieferung ab Lager oder auf Abruf<\/li>\n<\/ul>\n\n\n\n<a href=\"https:\/\/ttr.works\/de\/kontakt\/\" class=\"link-btn\">Preis direkt anfragen <i class=\"fal fa-chevron-right\"><\/i><\/a>\n\n\n\n<div style=\"height:99px\" aria-hidden=\"true\" class=\"wp-block-spacer\"><\/div>\n\n\n\n<h2 class=\"wp-block-heading\"><strong>Nylon- und Satinetiketten auf Rolle<\/strong><\/h2>\n\n\n<div class=\"wp-block-image\">\n<figure class=\"alignright size-full is-resized\"><img decoding=\"async\" width=\"1536\" height=\"1024\" data-src=\"https:\/\/ttr.works\/wp-content\/uploads\/TTR-Euroworks-supply-advantage-1.png\" alt=\"\" class=\"wp-image-28665 lazyload\" style=\"--smush-placeholder-width: 1536px; --smush-placeholder-aspect-ratio: 1536\/1024;width:443px;height:auto\" data-srcset=\"https:\/\/ttr.works\/wp-content\/uploads\/TTR-Euroworks-supply-advantage-1.png 1536w, https:\/\/ttr.works\/wp-content\/uploads\/TTR-Euroworks-supply-advantage-1-300x200.png 300w, https:\/\/ttr.works\/wp-content\/uploads\/TTR-Euroworks-supply-advantage-1-1024x683.png 1024w, https:\/\/ttr.works\/wp-content\/uploads\/TTR-Euroworks-supply-advantage-1-768x512.png 768w\" data-sizes=\"(max-width: 1536px) 100vw, 1536px\" src=\"data:image\/svg+xml;base64,PHN2ZyB3aWR0aD0iMSIgaGVpZ2h0PSIxIiB4bWxucz0iaHR0cDovL3d3dy53My5vcmcvMjAwMC9zdmciPjwvc3ZnPg==\" \/><\/figure><\/div>\n\n\n<p>Produkte, die hunderte Waschzyklen \u00fcberstehen, ben\u00f6tigen Etiketten, die dasselbe leisten. Unsere <strong>OEKO-TEX\u00ae Standard 100<\/strong> zertifizierten Nylon- und Satinetiketten sorgen f\u00fcr langlebige, gut lesbare Drucke und harmonieren perfekt mit unseren <strong>Resin Textile 4U Farbb\u00e4ndern<\/strong>. Beidseitig bedruckbar und f\u00fcr h\u00e4ufiges Waschen ausgelegt \u2013 ideal f\u00fcr Arbeitskleidung, Uniformen und industrielle Textilien.<\/p>\n\n\n\n<p>Mit dem TTR Supply Advantage erhalten Sie Mengenrabatte ab dem ersten Tag und feste Jahrespreise. Fordern Sie unverbindlich Ihr Angebot an.<\/p>\n\n\n\n<a href=\"https:\/\/hs.ttreuroworks.com\/textile-label-printing\" class=\"link-btn\">TTR Liefervorteil <i class=\"fal fa-chevron-right\"><\/i><\/a>\n\n\n\n<div style=\"height:114px\" aria-hidden=\"true\" class=\"wp-block-spacer\"><\/div>\n\n\n\n<h2 class=\"wp-block-heading\"><strong>Linerless Etiketten f\u00fcr weniger Abfall und weniger Rollenwechsel<\/strong><\/h2>\n\n\n<div class=\"wp-block-image\">\n<figure class=\"alignright size-full is-resized\"><img decoding=\"async\" width=\"1536\" height=\"1024\" data-src=\"https:\/\/ttr.works\/wp-content\/uploads\/ge.png\" alt=\"\" class=\"wp-image-30438 lazyload\" style=\"--smush-placeholder-width: 1536px; --smush-placeholder-aspect-ratio: 1536\/1024;width:417px;height:auto\" data-srcset=\"https:\/\/ttr.works\/wp-content\/uploads\/ge.png 1536w, https:\/\/ttr.works\/wp-content\/uploads\/ge-300x200.png 300w, https:\/\/ttr.works\/wp-content\/uploads\/ge-1024x683.png 1024w, https:\/\/ttr.works\/wp-content\/uploads\/ge-768x512.png 768w\" data-sizes=\"(max-width: 1536px) 100vw, 1536px\" src=\"data:image\/svg+xml;base64,PHN2ZyB3aWR0aD0iMSIgaGVpZ2h0PSIxIiB4bWxucz0iaHR0cDovL3d3dy53My5vcmcvMjAwMC9zdmciPjwvc3ZnPg==\" \/><\/figure><\/div>\n\n\n<p>Linerless Etiketten sind eine effiziente und nachhaltigere Etikettenl\u00f6sung ohne Tr\u00e4germaterial. Sie rollen dank einer Klebeschicht auf der einen Seite und einer Trennschicht auf der anderen Seite gleichm\u00e4\u00dfig ab. Mit einem Linerless-Drucker werden sie gedruckt und direkt auf L\u00e4nge geschnitten \u2013 ideal bei variablen Etikettenl\u00e4ngen. Achtung: Nicht jeder Etikettendrucker ist f\u00fcr Linerless Etiketten geeignet. <a href=\"https:\/\/ttr.works\/de\/kontakt\/\">Wir beraten Sie gerne<\/a>.<\/p>\n\n\n\n<ul class=\"wp-block-list\">\n<li>Mehr Etiketten pro Rolle: weniger Wechsel, geringere Lager- und Transportkosten<\/li>\n\n\n\n<li>Weniger Abfall: kein Tr\u00e4germaterial<\/li>\n\n\n\n<li>Vielseitig einsetzbar: Logistik, Einzelhandel und Lebensmittel<\/li>\n<\/ul>\n\n\n\n<p>Mehr \u00fcber die Funktionsweise und Anwendungen des Linerless-Drucks erfahren Sie im Blog <strong><a href=\"https:\/\/ttr.works\/de\/nachhaltige-linerless-druckloesungen\/\" target=\"_blank\" rel=\"noreferrer noopener\">Wie funktioniert der Linerless-Druck?<\/a><\/strong><\/p>\n\n\n\n<div style=\"height:71px\" aria-hidden=\"true\" class=\"wp-block-spacer\"><\/div>\n\n\n\n<p><em>* Alle genannten Unternehmens- und Produktnamen sind Marken, eingetragene Marken oder Urheberrechte ihrer jeweiligen Inhaber. TTR Euroworks BV gibt weder ausdr\u00fccklich noch stillschweigend an, mit einem der genannten Unternehmen oder eingetragenen Marken verbunden zu sein oder diese zu vertreten.<\/em><\/p>\n","protected":false},"excerpt":{"rendered":"<p>Wir liefern Etiketten auf Rolle, linerless Etiketten und Textiletiketten f\u00fcr den t\u00e4glichen Einsatz und strukturelle Volumen. Feste Rollenpreise, Lieferung aus Ihrem \u201eeigenen Lager\u201c und Unterst\u00fctzung bei der Materialauswahl. Sie erhalten ein Angebot basierend auf Ihrem Drucker und Verbrauch. Immer konsistente Spezifikationen und Qualit\u00e4t. Zus\u00e4tzlicher Vorteil durch Preissicherheit und Lieferkontinuit\u00e4t. Abruflieferung aus Lager oder Konsignation ist [&hellip;]<\/p>\n","protected":false},"author":1,"featured_media":0,"parent":0,"menu_order":0,"comment_status":"closed","ping_status":"closed","template":"template-product.php","meta":{"_acf_changed":false,"content-type":"","footnotes":""},"categories":[],"tags":[],"class_list":["post-4070","page","type-page","status-publish","hentry"],"acf":[],"yoast_head":"<!-- This site is optimized with the Yoast SEO plugin v25.9 - https:\/\/yoast.com\/wordpress\/plugins\/seo\/ -->\n<title>Etiketten - TTR Euroworks<\/title>\n<meta name=\"description\" content=\"Verschiedene wei\u00dfe Etiketten auf Rolle, f\u00fcr jeden Drucker und Einsatzbereich \u2713 Unsere Etiketten sind BPA-frei\" \/>\n<meta name=\"robots\" content=\"index, follow, max-snippet:-1, max-image-preview:large, max-video-preview:-1\" \/>\n<link rel=\"canonical\" href=\"https:\/\/ttr.works\/de\/etiketten\/\" \/>\n<meta property=\"og:locale\" content=\"de_DE\" \/>\n<meta property=\"og:type\" content=\"article\" \/>\n<meta property=\"og:title\" content=\"Etiketten - TTR Euroworks\" \/>\n<meta property=\"og:description\" content=\"Verschiedene wei\u00dfe Etiketten auf Rolle, f\u00fcr jeden Drucker und Einsatzbereich \u2713 Unsere Etiketten sind BPA-frei\" \/>\n<meta property=\"og:url\" content=\"https:\/\/ttr.works\/de\/etiketten\/\" \/>\n<meta property=\"og:site_name\" content=\"TTR Euroworks\" \/>\n<meta property=\"article:modified_time\" content=\"2026-04-07T08:48:25+00:00\" \/>\n<meta property=\"og:image\" content=\"https:\/\/ttr.works\/wp-content\/uploads\/ttr-labels-rol.png\" \/>\n<meta name=\"twitter:card\" content=\"summary_large_image\" \/>\n<meta name=\"twitter:label1\" content=\"Gesch\u00e4tzte Lesezeit\" \/>\n\t<meta name=\"twitter:data1\" content=\"1\u00a0Minute\" \/>\n<script type=\"application\/ld+json\" class=\"yoast-schema-graph\">{\"@context\":\"https:\/\/schema.org\",\"@graph\":[{\"@type\":\"WebPage\",\"@id\":\"https:\/\/ttr.works\/de\/etiketten\/\",\"url\":\"https:\/\/ttr.works\/de\/etiketten\/\",\"name\":\"Etiketten - TTR Euroworks\",\"isPartOf\":{\"@id\":\"https:\/\/ttr.works\/de\/#website\"},\"primaryImageOfPage\":{\"@id\":\"https:\/\/ttr.works\/de\/etiketten\/#primaryimage\"},\"image\":{\"@id\":\"https:\/\/ttr.works\/de\/etiketten\/#primaryimage\"},\"thumbnailUrl\":\"https:\/\/ttr.works\/wp-content\/uploads\/\/zd421-1-1024x927.png\",\"datePublished\":\"2020-11-18T09:00:09+00:00\",\"dateModified\":\"2026-04-07T08:48:25+00:00\",\"description\":\"Verschiedene wei\u00dfe Etiketten auf Rolle, f\u00fcr jeden Drucker und Einsatzbereich \u2713 Unsere Etiketten sind BPA-frei\",\"breadcrumb\":{\"@id\":\"https:\/\/ttr.works\/de\/etiketten\/#breadcrumb\"},\"inLanguage\":\"de\",\"potentialAction\":[{\"@type\":\"ReadAction\",\"target\":[\"https:\/\/ttr.works\/de\/etiketten\/\"]}]},{\"@type\":\"ImageObject\",\"inLanguage\":\"de\",\"@id\":\"https:\/\/ttr.works\/de\/etiketten\/#primaryimage\",\"url\":\"https:\/\/ttr.works\/wp-content\/uploads\/\/zd421-1-1024x927.png\",\"contentUrl\":\"https:\/\/ttr.works\/wp-content\/uploads\/\/zd421-1-1024x927.png\"},{\"@type\":\"BreadcrumbList\",\"@id\":\"https:\/\/ttr.works\/de\/etiketten\/#breadcrumb\",\"itemListElement\":[{\"@type\":\"ListItem\",\"position\":1,\"name\":\"Home\",\"item\":\"https:\/\/ttr.works\/de\/startseite\/\"},{\"@type\":\"ListItem\",\"position\":2,\"name\":\"Etiketten\"}]},{\"@type\":\"WebSite\",\"@id\":\"https:\/\/ttr.works\/de\/#website\",\"url\":\"https:\/\/ttr.works\/de\/\",\"name\":\"TTR Euroworks\",\"description\":\"Your ttr partner\",\"potentialAction\":[{\"@type\":\"SearchAction\",\"target\":{\"@type\":\"EntryPoint\",\"urlTemplate\":\"https:\/\/ttr.works\/de\/?s={search_term_string}\"},\"query-input\":{\"@type\":\"PropertyValueSpecification\",\"valueRequired\":true,\"valueName\":\"search_term_string\"}}],\"inLanguage\":\"de\"}]}<\/script>\n<!-- \/ Yoast SEO plugin. -->","yoast_head_json":{"title":"Etiketten - TTR Euroworks","description":"Verschiedene wei\u00dfe Etiketten auf Rolle, f\u00fcr jeden Drucker und Einsatzbereich \u2713 Unsere Etiketten sind BPA-frei","robots":{"index":"index","follow":"follow","max-snippet":"max-snippet:-1","max-image-preview":"max-image-preview:large","max-video-preview":"max-video-preview:-1"},"canonical":"https:\/\/ttr.works\/de\/etiketten\/","og_locale":"de_DE","og_type":"article","og_title":"Etiketten - TTR Euroworks","og_description":"Verschiedene wei\u00dfe Etiketten auf Rolle, f\u00fcr jeden Drucker und Einsatzbereich \u2713 Unsere Etiketten sind BPA-frei","og_url":"https:\/\/ttr.works\/de\/etiketten\/","og_site_name":"TTR Euroworks","article_modified_time":"2026-04-07T08:48:25+00:00","og_image":[{"url":"https:\/\/ttr.works\/wp-content\/uploads\/ttr-labels-rol.png","type":"","width":"","height":""}],"twitter_card":"summary_large_image","twitter_misc":{"Gesch\u00e4tzte Lesezeit":"1\u00a0Minute"},"schema":{"@context":"https:\/\/schema.org","@graph":[{"@type":"WebPage","@id":"https:\/\/ttr.works\/de\/etiketten\/","url":"https:\/\/ttr.works\/de\/etiketten\/","name":"Etiketten - TTR Euroworks","isPartOf":{"@id":"https:\/\/ttr.works\/de\/#website"},"primaryImageOfPage":{"@id":"https:\/\/ttr.works\/de\/etiketten\/#primaryimage"},"image":{"@id":"https:\/\/ttr.works\/de\/etiketten\/#primaryimage"},"thumbnailUrl":"https:\/\/ttr.works\/wp-content\/uploads\/\/zd421-1-1024x927.png","datePublished":"2020-11-18T09:00:09+00:00","dateModified":"2026-04-07T08:48:25+00:00","description":"Verschiedene wei\u00dfe Etiketten auf Rolle, f\u00fcr jeden Drucker und Einsatzbereich \u2713 Unsere Etiketten sind BPA-frei","breadcrumb":{"@id":"https:\/\/ttr.works\/de\/etiketten\/#breadcrumb"},"inLanguage":"de","potentialAction":[{"@type":"ReadAction","target":["https:\/\/ttr.works\/de\/etiketten\/"]}]},{"@type":"ImageObject","inLanguage":"de","@id":"https:\/\/ttr.works\/de\/etiketten\/#primaryimage","url":"https:\/\/ttr.works\/wp-content\/uploads\/\/zd421-1-1024x927.png","contentUrl":"https:\/\/ttr.works\/wp-content\/uploads\/\/zd421-1-1024x927.png"},{"@type":"BreadcrumbList","@id":"https:\/\/ttr.works\/de\/etiketten\/#breadcrumb","itemListElement":[{"@type":"ListItem","position":1,"name":"Home","item":"https:\/\/ttr.works\/de\/startseite\/"},{"@type":"ListItem","position":2,"name":"Etiketten"}]},{"@type":"WebSite","@id":"https:\/\/ttr.works\/de\/#website","url":"https:\/\/ttr.works\/de\/","name":"TTR Euroworks","description":"Your ttr partner","potentialAction":[{"@type":"SearchAction","target":{"@type":"EntryPoint","urlTemplate":"https:\/\/ttr.works\/de\/?s={search_term_string}"},"query-input":{"@type":"PropertyValueSpecification","valueRequired":true,"valueName":"search_term_string"}}],"inLanguage":"de"}]}},"_links":{"self":[{"href":"https:\/\/ttr.works\/de\/wp-json\/wp\/v2\/pages\/4070","targetHints":{"allow":["GET"]}}],"collection":[{"href":"https:\/\/ttr.works\/de\/wp-json\/wp\/v2\/pages"}],"about":[{"href":"https:\/\/ttr.works\/de\/wp-json\/wp\/v2\/types\/page"}],"author":[{"embeddable":true,"href":"https:\/\/ttr.works\/de\/wp-json\/wp\/v2\/users\/1"}],"replies":[{"embeddable":true,"href":"https:\/\/ttr.works\/de\/wp-json\/wp\/v2\/comments?post=4070"}],"version-history":[{"count":9,"href":"https:\/\/ttr.works\/de\/wp-json\/wp\/v2\/pages\/4070\/revisions"}],"predecessor-version":[{"id":31537,"href":"https:\/\/ttr.works\/de\/wp-json\/wp\/v2\/pages\/4070\/revisions\/31537"}],"wp:attachment":[{"href":"https:\/\/ttr.works\/de\/wp-json\/wp\/v2\/media?parent=4070"}],"wp:term":[{"taxonomy":"category","embeddable":true,"href":"https:\/\/ttr.works\/de\/wp-json\/wp\/v2\/categories?post=4070"},{"taxonomy":"post_tag","embeddable":true,"href":"https:\/\/ttr.works\/de\/wp-json\/wp\/v2\/tags?post=4070"}],"curies":[{"name":"wp","href":"https:\/\/api.w.org\/{rel}","templated":true}]}}