{"id":4081,"date":"2020-11-18T09:05:45","date_gmt":"2020-11-18T09:05:45","guid":{"rendered":"https:\/\/ttr.works\/?page_id=4081"},"modified":"2024-11-15T09:10:35","modified_gmt":"2024-11-15T09:10:35","slug":"papier-und-synthetiketiketten","status":"publish","type":"page","link":"https:\/\/ttr.works\/de\/etiketten\/papier-und-synthetiketiketten\/","title":{"rendered":"Papier- und Synthetiketiketten"},"content":{"rendered":"<div class=\"wp-block-image\">\n<figure class=\"alignright is-resized\"><img decoding=\"async\" data-src=\"https:\/\/ttr.works\/wp-content\/uploads\/ttr_labels.png\" alt=\"This image has an empty alt attribute; its file name is ttr_labels.png\" style=\"--smush-placeholder-width: 276px; --smush-placeholder-aspect-ratio: 276\/276;width:304px;height:auto\" src=\"data:image\/svg+xml;base64,PHN2ZyB3aWR0aD0iMSIgaGVpZ2h0PSIxIiB4bWxucz0iaHR0cDovL3d3dy53My5vcmcvMjAwMC9zdmciPjwvc3ZnPg==\" class=\"lazyload\" \/><\/figure><\/div>\n\n\n<p>Wir bieten eine breite Auswahl an selbstklebenden Etiketten auf Rolle, erh\u00e4ltlich in Papier und synthetischen Materialien \u2013 ideal f\u00fcr verschiedene Anwendungen. Ob leicht abl\u00f6sbare Etiketten, rei\u00dffeste L\u00f6sungen, Versandetiketten oder Pflanzenpass-Etiketten \u2013 wir haben die passende L\u00f6sung f\u00fcr Sie.<\/p>\n\n\n\n<p>Unsere Etiketten werden gr\u00f6\u00dftenteils im eigenen Haus und nach h\u00f6chsten Qualit\u00e4tsstandards produziert. Sie sind mit allen g\u00e4ngigen Marken und Modellen von Etikettendruckern kompatibel.<\/p>\n\n\n\n<p>Nutzen Sie unseren <a href=\"\/?page_id=4067\"><strong>Etikett-Auswahlhilfe<\/strong><\/a>, um die richtigen Etiketten f\u00fcr Ihre Bed\u00fcrfnisse zu finden. W\u00e4hlen Sie Material und Gr\u00f6\u00dfe aus und erhalten Sie ein individuelles Angebot. Haben Sie Fragen zu unseren Etiketten oder dem Etikettendruck? Kontaktieren Sie uns gerne telefonisch oder \u00fcber unser Kontaktformular.<\/p>\n\n\n\n<a href=\"\/?page_id=4067\" class=\"link-btn\">Etikett Auswahlhilfe <i class=\"fal fa-chevron-right\"><\/i><\/a><a href=\"\/de?page_id=4046\" class=\"link-btn second\">Kontakt <i class=\"fal fa-chevron-right\"><\/i><\/a>\n","protected":false},"excerpt":{"rendered":"<p>Wir bieten eine breite Auswahl an selbstklebenden Etiketten auf Rolle, erh\u00e4ltlich in Papier und synthetischen Materialien \u2013 ideal f\u00fcr verschiedene Anwendungen. Ob leicht abl\u00f6sbare Etiketten, rei\u00dffeste L\u00f6sungen, Versandetiketten oder Pflanzenpass-Etiketten \u2013 wir haben die passende L\u00f6sung f\u00fcr Sie. Unsere Etiketten werden gr\u00f6\u00dftenteils im eigenen Haus und nach h\u00f6chsten Qualit\u00e4tsstandards produziert. Sie sind mit allen g\u00e4ngigen [&hellip;]<\/p>\n","protected":false},"author":1,"featured_media":0,"parent":4070,"menu_order":0,"comment_status":"closed","ping_status":"closed","template":"template-product.php","meta":{"_acf_changed":false,"content-type":"","footnotes":""},"categories":[],"tags":[264],"class_list":["post-4081","page","type-page","status-publish","hentry","tag-product-de"],"acf":[],"yoast_head":"<!-- This site is optimized with the Yoast SEO plugin v25.9 - https:\/\/yoast.com\/wordpress\/plugins\/seo\/ -->\n<title>Papier- und Synthetiketiketten - TTR Euroworks<\/title>\n<meta name=\"description\" content=\"Wei\u00dfe papier- und Synthetiketiketten auf Rolle gut wie jeden Anwendungsbereich \u2713 Leicht abl\u00f6sbar \u2713 Rei\u00dffest \u2713 F\u00fcr Versand \u2713 Pflanzenpass\" \/>\n<meta name=\"robots\" content=\"index, follow, max-snippet:-1, max-image-preview:large, max-video-preview:-1\" \/>\n<link rel=\"canonical\" href=\"https:\/\/ttr.works\/de\/etiketten\/papier-und-synthetiketiketten\/\" \/>\n<meta property=\"og:locale\" content=\"de_DE\" \/>\n<meta property=\"og:type\" content=\"article\" \/>\n<meta property=\"og:title\" content=\"Papier- und Synthetiketiketten - TTR Euroworks\" \/>\n<meta property=\"og:description\" content=\"Wei\u00dfe papier- und Synthetiketiketten auf Rolle gut wie jeden Anwendungsbereich \u2713 Leicht abl\u00f6sbar \u2713 Rei\u00dffest \u2713 F\u00fcr Versand \u2713 Pflanzenpass\" \/>\n<meta property=\"og:url\" content=\"https:\/\/ttr.works\/de\/etiketten\/papier-und-synthetiketiketten\/\" \/>\n<meta property=\"og:site_name\" content=\"TTR Euroworks\" \/>\n<meta property=\"article:modified_time\" content=\"2024-11-15T09:10:35+00:00\" \/>\n<meta property=\"og:image\" content=\"https:\/\/ttr.works\/wp-content\/uploads\/ttr_labels.png\" \/>\n<meta name=\"twitter:card\" content=\"summary_large_image\" \/>\n<meta name=\"twitter:label1\" content=\"Gesch\u00e4tzte Lesezeit\" \/>\n\t<meta name=\"twitter:data1\" content=\"1\u00a0Minute\" \/>\n<script type=\"application\/ld+json\" class=\"yoast-schema-graph\">{\"@context\":\"https:\/\/schema.org\",\"@graph\":[{\"@type\":\"WebPage\",\"@id\":\"https:\/\/ttr.works\/de\/etiketten\/papier-und-synthetiketiketten\/\",\"url\":\"https:\/\/ttr.works\/de\/etiketten\/papier-und-synthetiketiketten\/\",\"name\":\"Papier- und Synthetiketiketten - TTR Euroworks\",\"isPartOf\":{\"@id\":\"https:\/\/ttr.works\/de\/#website\"},\"primaryImageOfPage\":{\"@id\":\"https:\/\/ttr.works\/de\/etiketten\/papier-und-synthetiketiketten\/#primaryimage\"},\"image\":{\"@id\":\"https:\/\/ttr.works\/de\/etiketten\/papier-und-synthetiketiketten\/#primaryimage\"},\"thumbnailUrl\":\"https:\/\/ttr.works\/wp-content\/uploads\/ttr_labels.png\",\"datePublished\":\"2020-11-18T09:05:45+00:00\",\"dateModified\":\"2024-11-15T09:10:35+00:00\",\"description\":\"Wei\u00dfe papier- und Synthetiketiketten auf Rolle gut wie jeden Anwendungsbereich \u2713 Leicht abl\u00f6sbar \u2713 Rei\u00dffest \u2713 F\u00fcr Versand \u2713 Pflanzenpass\",\"breadcrumb\":{\"@id\":\"https:\/\/ttr.works\/de\/etiketten\/papier-und-synthetiketiketten\/#breadcrumb\"},\"inLanguage\":\"de\",\"potentialAction\":[{\"@type\":\"ReadAction\",\"target\":[\"https:\/\/ttr.works\/de\/etiketten\/papier-und-synthetiketiketten\/\"]}]},{\"@type\":\"ImageObject\",\"inLanguage\":\"de\",\"@id\":\"https:\/\/ttr.works\/de\/etiketten\/papier-und-synthetiketiketten\/#primaryimage\",\"url\":\"https:\/\/ttr.works\/wp-content\/uploads\/ttr_labels.png\",\"contentUrl\":\"https:\/\/ttr.works\/wp-content\/uploads\/ttr_labels.png\"},{\"@type\":\"BreadcrumbList\",\"@id\":\"https:\/\/ttr.works\/de\/etiketten\/papier-und-synthetiketiketten\/#breadcrumb\",\"itemListElement\":[{\"@type\":\"ListItem\",\"position\":1,\"name\":\"Home\",\"item\":\"https:\/\/ttr.works\/de\/startseite\/\"},{\"@type\":\"ListItem\",\"position\":2,\"name\":\"Etiketten\",\"item\":\"https:\/\/ttr.works\/de\/etiketten\/\"},{\"@type\":\"ListItem\",\"position\":3,\"name\":\"Papier- und Synthetiketiketten\"}]},{\"@type\":\"WebSite\",\"@id\":\"https:\/\/ttr.works\/de\/#website\",\"url\":\"https:\/\/ttr.works\/de\/\",\"name\":\"TTR Euroworks\",\"description\":\"Your ttr partner\",\"potentialAction\":[{\"@type\":\"SearchAction\",\"target\":{\"@type\":\"EntryPoint\",\"urlTemplate\":\"https:\/\/ttr.works\/de\/?s={search_term_string}\"},\"query-input\":{\"@type\":\"PropertyValueSpecification\",\"valueRequired\":true,\"valueName\":\"search_term_string\"}}],\"inLanguage\":\"de\"}]}<\/script>\n<!-- \/ Yoast SEO plugin. -->","yoast_head_json":{"title":"Papier- und Synthetiketiketten - TTR Euroworks","description":"Wei\u00dfe papier- und Synthetiketiketten auf Rolle gut wie jeden Anwendungsbereich \u2713 Leicht abl\u00f6sbar \u2713 Rei\u00dffest \u2713 F\u00fcr Versand \u2713 Pflanzenpass","robots":{"index":"index","follow":"follow","max-snippet":"max-snippet:-1","max-image-preview":"max-image-preview:large","max-video-preview":"max-video-preview:-1"},"canonical":"https:\/\/ttr.works\/de\/etiketten\/papier-und-synthetiketiketten\/","og_locale":"de_DE","og_type":"article","og_title":"Papier- und Synthetiketiketten - TTR Euroworks","og_description":"Wei\u00dfe papier- und Synthetiketiketten auf Rolle gut wie jeden Anwendungsbereich \u2713 Leicht abl\u00f6sbar \u2713 Rei\u00dffest \u2713 F\u00fcr Versand \u2713 Pflanzenpass","og_url":"https:\/\/ttr.works\/de\/etiketten\/papier-und-synthetiketiketten\/","og_site_name":"TTR Euroworks","article_modified_time":"2024-11-15T09:10:35+00:00","og_image":[{"url":"https:\/\/ttr.works\/wp-content\/uploads\/ttr_labels.png","type":"","width":"","height":""}],"twitter_card":"summary_large_image","twitter_misc":{"Gesch\u00e4tzte Lesezeit":"1\u00a0Minute"},"schema":{"@context":"https:\/\/schema.org","@graph":[{"@type":"WebPage","@id":"https:\/\/ttr.works\/de\/etiketten\/papier-und-synthetiketiketten\/","url":"https:\/\/ttr.works\/de\/etiketten\/papier-und-synthetiketiketten\/","name":"Papier- und Synthetiketiketten - TTR Euroworks","isPartOf":{"@id":"https:\/\/ttr.works\/de\/#website"},"primaryImageOfPage":{"@id":"https:\/\/ttr.works\/de\/etiketten\/papier-und-synthetiketiketten\/#primaryimage"},"image":{"@id":"https:\/\/ttr.works\/de\/etiketten\/papier-und-synthetiketiketten\/#primaryimage"},"thumbnailUrl":"https:\/\/ttr.works\/wp-content\/uploads\/ttr_labels.png","datePublished":"2020-11-18T09:05:45+00:00","dateModified":"2024-11-15T09:10:35+00:00","description":"Wei\u00dfe papier- und Synthetiketiketten auf Rolle gut wie jeden Anwendungsbereich \u2713 Leicht abl\u00f6sbar \u2713 Rei\u00dffest \u2713 F\u00fcr Versand \u2713 Pflanzenpass","breadcrumb":{"@id":"https:\/\/ttr.works\/de\/etiketten\/papier-und-synthetiketiketten\/#breadcrumb"},"inLanguage":"de","potentialAction":[{"@type":"ReadAction","target":["https:\/\/ttr.works\/de\/etiketten\/papier-und-synthetiketiketten\/"]}]},{"@type":"ImageObject","inLanguage":"de","@id":"https:\/\/ttr.works\/de\/etiketten\/papier-und-synthetiketiketten\/#primaryimage","url":"https:\/\/ttr.works\/wp-content\/uploads\/ttr_labels.png","contentUrl":"https:\/\/ttr.works\/wp-content\/uploads\/ttr_labels.png"},{"@type":"BreadcrumbList","@id":"https:\/\/ttr.works\/de\/etiketten\/papier-und-synthetiketiketten\/#breadcrumb","itemListElement":[{"@type":"ListItem","position":1,"name":"Home","item":"https:\/\/ttr.works\/de\/startseite\/"},{"@type":"ListItem","position":2,"name":"Etiketten","item":"https:\/\/ttr.works\/de\/etiketten\/"},{"@type":"ListItem","position":3,"name":"Papier- und Synthetiketiketten"}]},{"@type":"WebSite","@id":"https:\/\/ttr.works\/de\/#website","url":"https:\/\/ttr.works\/de\/","name":"TTR Euroworks","description":"Your ttr partner","potentialAction":[{"@type":"SearchAction","target":{"@type":"EntryPoint","urlTemplate":"https:\/\/ttr.works\/de\/?s={search_term_string}"},"query-input":{"@type":"PropertyValueSpecification","valueRequired":true,"valueName":"search_term_string"}}],"inLanguage":"de"}]}},"_links":{"self":[{"href":"https:\/\/ttr.works\/de\/wp-json\/wp\/v2\/pages\/4081","targetHints":{"allow":["GET"]}}],"collection":[{"href":"https:\/\/ttr.works\/de\/wp-json\/wp\/v2\/pages"}],"about":[{"href":"https:\/\/ttr.works\/de\/wp-json\/wp\/v2\/types\/page"}],"author":[{"embeddable":true,"href":"https:\/\/ttr.works\/de\/wp-json\/wp\/v2\/users\/1"}],"replies":[{"embeddable":true,"href":"https:\/\/ttr.works\/de\/wp-json\/wp\/v2\/comments?post=4081"}],"version-history":[{"count":2,"href":"https:\/\/ttr.works\/de\/wp-json\/wp\/v2\/pages\/4081\/revisions"}],"predecessor-version":[{"id":26485,"href":"https:\/\/ttr.works\/de\/wp-json\/wp\/v2\/pages\/4081\/revisions\/26485"}],"up":[{"embeddable":true,"href":"https:\/\/ttr.works\/de\/wp-json\/wp\/v2\/pages\/4070"}],"wp:attachment":[{"href":"https:\/\/ttr.works\/de\/wp-json\/wp\/v2\/media?parent=4081"}],"wp:term":[{"taxonomy":"category","embeddable":true,"href":"https:\/\/ttr.works\/de\/wp-json\/wp\/v2\/categories?post=4081"},{"taxonomy":"post_tag","embeddable":true,"href":"https:\/\/ttr.works\/de\/wp-json\/wp\/v2\/tags?post=4081"}],"curies":[{"name":"wp","href":"https:\/\/api.w.org\/{rel}","templated":true}]}}