{"id":4089,"date":"2020-11-18T09:10:38","date_gmt":"2020-11-18T09:10:38","guid":{"rendered":"https:\/\/ttr.works\/?page_id=4089"},"modified":"2025-11-12T12:40:05","modified_gmt":"2025-11-12T12:40:05","slug":"textiletiketten","status":"publish","type":"page","link":"https:\/\/ttr.works\/de\/etiketten\/textiletiketten\/","title":{"rendered":"Textiletiketten"},"content":{"rendered":"\r\n\r\n<p><img decoding=\"async\" class=\"wp-image-28664 alignright lazyload\" style=\"--smush-placeholder-width: 424px; --smush-placeholder-aspect-ratio: 424\/282;float: right; margin-left: 1em; margin-bottom: 1em;\" data-src=\"https:\/\/ttr.works\/wp-content\/uploads\/\/TTR-Euroworks-supply-advantage-1-300x200.png\" alt=\"\" width=\"424\" height=\"282\" data-srcset=\"https:\/\/ttr.works\/wp-content\/uploads\/TTR-Euroworks-supply-advantage-1-300x200.png 300w, https:\/\/ttr.works\/wp-content\/uploads\/TTR-Euroworks-supply-advantage-1-1024x683.png 1024w, https:\/\/ttr.works\/wp-content\/uploads\/TTR-Euroworks-supply-advantage-1-768x512.png 768w, https:\/\/ttr.works\/wp-content\/uploads\/TTR-Euroworks-supply-advantage-1.png 1536w\" data-sizes=\"(max-width: 424px) 100vw, 424px\" src=\"data:image\/svg+xml;base64,PHN2ZyB3aWR0aD0iMSIgaGVpZ2h0PSIxIiB4bWxucz0iaHR0cDovL3d3dy53My5vcmcvMjAwMC9zdmciPjwvc3ZnPg==\" \/><\/p>\r\n<p data-start=\"135\" data-end=\"528\"><strong data-start=\"135\" data-end=\"222\">Produkte, die Hunderte von Waschzyklen \u00fcberdauern, ben\u00f6tigen Etiketten, die dasselbe tun. <\/strong>Resin-Textilb\u00e4nder und Nylon-Etiketten von TTR Euroworks bieten langlebige, lesbare und konforme Identifikation f\u00fcr jede Textildruckanwendung. Kombinieren Sie leistungsstarke Drucker, Premium-Resin-Textil-Tintenfarbb\u00e4nder und qualitativ hochwertige Etikettenmaterialien f\u00fcr konsistente Ergebnisse und minimale Ausfallzeiten.<\/p>\r\n<p data-start=\"530\" data-end=\"700\">Testen Sie den <strong data-start=\"545\" data-end=\"579\">TTR Euroworks Supply Advantage<\/strong> mit Volumenrabatten ab Tag eins, festen Jahrespreisen und exklusiven Angeboten beim Hinzuf\u00fcgen oder Ersetzen von Stoffdruckern. Fordern Sie Ihren Preis unverbindlich an.<\/p>\r\n\r\n\r\n<p><a class=\"link-btn\" href=\"https:\/\/hs.ttreuroworks.com\/textile-label-printing\">Entdecken Sie den TTR Supply Advantage<\/a><\/p>\r\n\r\n\r\n<div class=\"wp-block-spacer\" style=\"height: 17px;\" aria-hidden=\"true\">&nbsp;<\/div>\r\n\r\n\r\n<h3 class=\"wp-block-heading\" data-start=\"645\" data-end=\"671\">Nylon- &amp; Satin-Etiketten<\/h3>\r\n\r\n\r\n<p data-start=\"673\" data-end=\"907\">Die Wahl des richtigen Etikettenmaterials h\u00e4ngt von Ihrem Kleidungstyp und den Waschanforderungen ab. Deshalb bieten wir OEKO-TEX\u00ae Standard 100 zertifizierte Nylon- und Satin-Etikettenmaterialien an. Sie sind sicher, nachhaltig und frei von sch\u00e4dlichen Substanzen.<\/p>\r\n\r\n\r\n<ul class=\"wp-block-list\" data-start=\"909\" data-end=\"1167\">\r\n<li data-start=\"909\" data-end=\"1054\"><strong data-start=\"911\" data-end=\"928\">Nylon-Etiketten:<\/strong> Langlebig, beidseitig bedruckbar und resistent gegen h\u00e4ufiges Waschen &#8211; ideal f\u00fcr Arbeitskleidung, Uniformen und industrielle Textilien.<\/li>\r\n<li data-start=\"1055\" data-end=\"1167\"><strong data-start=\"1057\" data-end=\"1074\">Satin-Etiketten:<\/strong> Weich, glatt und perfekt f\u00fcr Premium-Stoffe wie Designerkleidung und Luxusmarken.<\/li>\r\n<\/ul>\r\n\r\n\r\n<figure class=\"wp-block-image size-medium is-style-default\"><img decoding=\"async\" class=\"wp-image-2282 lazyload\" data-src=\"https:\/\/ttr.works\/wp-content\/uploads\/\/ttr-header-nylon-3-300x300.jpg\" alt=\"\" width=\"300\" height=\"300\" data-srcset=\"https:\/\/ttr.works\/wp-content\/uploads\/ttr-header-nylon-3-300x300.jpg 300w, https:\/\/ttr.works\/wp-content\/uploads\/ttr-header-nylon-3-150x150.jpg 150w, https:\/\/ttr.works\/wp-content\/uploads\/ttr-header-nylon-3.jpg 600w\" data-sizes=\"(max-width: 300px) 100vw, 300px\" src=\"data:image\/svg+xml;base64,PHN2ZyB3aWR0aD0iMSIgaGVpZ2h0PSIxIiB4bWxucz0iaHR0cDovL3d3dy53My5vcmcvMjAwMC9zdmciPjwvc3ZnPg==\" style=\"--smush-placeholder-width: 300px; --smush-placeholder-aspect-ratio: 300\/300;\" \/><\/figure>\r\n\r\n\r\n<div class=\"wp-block-spacer\" style=\"height: 17px;\" aria-hidden=\"true\">&nbsp;<\/div>\r\n\r\n\r\n<h3 class=\"wp-block-heading\"><strong>4U Resin-Textilb\u00e4nder<\/strong><\/h3>\r\n\r\n\r\n<p>Erzielen Sie langlebige Druckqualit\u00e4t auf jedem Stoffetikett. Unsere <strong data-start=\"1263\" data-end=\"1291\">4U Resin-Textilb\u00e4nder<\/strong> liefern scharfe Ergebnisse f\u00fcr kleinen Text und Waschsymbole, die Waschen, B\u00fcgeln und chemische Reinigung standhalten. Voll kompatibel mit Nylon- und Satin-Etiketten und in mehreren Farben erh\u00e4ltlich.<\/p>\r\n\r\n\r\n<div class=\"wp-block-spacer\" style=\"height: 17px;\" aria-hidden=\"true\">&nbsp;<\/div>\r\n\r\n<div class=\"wp-block-image\">\r\n<figure class=\"alignleft size-medium is-style-default\"><img decoding=\"async\" class=\"wp-image-28186 lazyload\" data-src=\"https:\/\/ttr.works\/wp-content\/uploads\/\/cab-textile-300x169.jpg\" alt=\"\" width=\"300\" height=\"169\" data-srcset=\"https:\/\/ttr.works\/wp-content\/uploads\/cab-textile-300x169.jpg 300w, https:\/\/ttr.works\/wp-content\/uploads\/cab-textile-768x432.jpg 768w, https:\/\/ttr.works\/wp-content\/uploads\/cab-textile.jpg 797w\" data-sizes=\"(max-width: 300px) 100vw, 300px\" src=\"data:image\/svg+xml;base64,PHN2ZyB3aWR0aD0iMSIgaGVpZ2h0PSIxIiB4bWxucz0iaHR0cDovL3d3dy53My5vcmcvMjAwMC9zdmciPjwvc3ZnPg==\" style=\"--smush-placeholder-width: 300px; --smush-placeholder-aspect-ratio: 300\/169;\" \/><\/figure><\/div>\r\n\r\n<div class=\"wp-block-spacer\" style=\"height: 17px;\" aria-hidden=\"true\">&nbsp;<\/div>\r\n\r\n\r\n<h3 class=\"wp-block-heading\"><strong>Professionelle Stoffdrucker<\/strong><\/h3>\r\n\r\n\r\n<p data-start=\"1520\" data-end=\"1668\">R\u00fcsten Sie Ihre Produktionslinie mit zuverl\u00e4ssigen <strong data-start=\"1561\" data-end=\"1603\">CAB\u00ae, TSC\u00ae und Avery\u00ae Stoffdruckern<\/strong> aus, die mit integrierten Stoffschneidern f\u00fcr reibungslose, pr\u00e4zise Ergebnisse sorgen.<\/p>\r\n\r\n\r\n<ul class=\"wp-block-list\" data-start=\"1669\" data-end=\"1813\">\r\n<li data-start=\"1669\" data-end=\"1695\">Pr\u00e4zises Etikettenschneiden<\/li>\r\n<li data-start=\"1696\" data-end=\"1731\">Hohe Geschwindigkeit, hohe Qualit\u00e4t<\/li>\r\n<li data-start=\"1732\" data-end=\"1763\">Einfache Produktionsintegration<\/li>\r\n<\/ul>\r\n\r\n\r\n<div class=\"wp-block-spacer\" style=\"height: 40px;\" aria-hidden=\"true\">&nbsp;<\/div>\r\n\r\n\r\n<div class=\"wp-block-spacer\" style=\"height: 28px;\" aria-hidden=\"true\">&nbsp;<\/div>\r\n\r\n\r\n<h3 class=\"wp-block-heading\"><strong>F&amp;A: Stoffetikettendruck<\/strong><\/h3>\r\n\r\n\r\n<p><strong>F: Wof\u00fcr werden Nylon-Pflegeetiketten verwendet?<\/strong><br \/>A: Nylon-Pflegeetiketten sind langlebig und resistent gegen h\u00e4ufiges Waschen, was sie ideal f\u00fcr Arbeitskleidung, Uniformen, Outdoorbekleidung und andere industrielle Textilien macht. Sie stellen sicher, dass Waschanweisungen und Markenbeschriftungen w\u00e4hrend des gesamten Lebenszyklus des Kleidungsst\u00fccks lesbar bleiben.<\/p>\r\n\r\n\r\n<p><strong>F: Warum Satin-Etiketten f\u00fcr Kleidung w\u00e4hlen?<\/strong><br \/>A: Satin-Etiketten sind weich, glatt und elegant, was sie zur bevorzugten Wahl f\u00fcr Premium-Stoffe und Luxuskleidung macht. Sie verleihen einen hochwertigen Look und bleiben angenehm auf der Haut.<\/p>\r\n\r\n\r\n<p><strong>F: Kann ich Textiletiketten im Haus drucken?<\/strong><br \/>A: Ja. Mit der richtigen Ausr\u00fcstung, wie <strong>CAB- oder TSC-Druckern mit Stoffschneidern<\/strong>, k\u00f6nnen Sie Nylon- und Satin-Etiketten direkt im Haus drucken. Kombiniert mit <strong>Resin-Thermaltransferb\u00e4ndern<\/strong> gew\u00e4hrleistet dies professionelle, langlebige Ergebnisse.<\/p>\r\n\r\n\r\n<p><strong>F: Sind Ihre Textiletiketten zertifiziert und sicher?<\/strong><br \/>A: Ja. Unsere Nylon- und Satin-Stoffetiketten entsprechen dem <strong>OEKO-TEX\u00ae Standard 100<\/strong>, was sicherstellt, dass sie frei von sch\u00e4dlichen Substanzen sind und sicher f\u00fcr die Verwendung in Kleidung, sogar f\u00fcr empfindliche Haut.<\/p>\r\n\r\n\r\n<p><strong>F: Welche B\u00e4nder eignen sich am besten zum Drucken auf Stoffetiketten?<\/strong><br \/>A: F\u00fcr Textilanwendungen empfehlen wir 4U Resin-Textil-Thermaltransferb\u00e4nder. Sie liefern scharfe Druckqualit\u00e4t und halten Waschen, B\u00fcgeln und chemische Reinigung stand, sodass Pflegeanweisungen im Laufe der Zeit sichtbar bleiben.<\/p>\r\n\r\n\r\n<p><strong>F: Was ist eine vollst\u00e4ndige Textiletikettendruckl\u00f6sung?<\/strong><br \/>A: Eine vollst\u00e4ndige L\u00f6sung umfasst <strong>Stoffetikettrollen (Nylon oder Satin)<\/strong>, einen <strong>Drucker mit Stoffschneider<\/strong> und <strong>Resin-Thermalb\u00e4nder<\/strong>. Diese All-in-One-Einrichtung spart Zeit, reduziert Kosten und garantiert konsistente Qualit\u00e4t f\u00fcr die Textiletikettierung.<\/p>\r\n\r\n\r\n<p><strong>F: Was sind Nylon-Taffeta-Etiketten?<\/strong><br \/>A: Ein starkes und flexibles Pflegeetikett, das beidseitig bedruckt werden kann. Waschanweisungen und andere Informationen werden einfach und scharf auf dem Etikett bei 300 dpi gedruckt.<\/p>\r\n\r\n\r\n<p><strong>F: Was ist Polyester-Satin-Taffeta?<\/strong><br \/>A: Das flexibelste und weichste Pflegeetikett in unserem Sortiment, das f\u00fcr luxuri\u00f6sere Stoffe entwickelt wurde. Wir haben Polyester f\u00fcr Haushalts- und aggressive Waschvorg\u00e4nge. Dank der sogenannten (hei\u00dfen) Schlitzkante wird die Neigung zum Ausfransen, die mit diesem Typ von Pflegeetikett verbunden ist, eliminiert. Diese Polyester-Satin-Version kann einseitig bedruckt werden.<\/p>\r\n\r\n\r\n<p><strong>F: Was ist Extra Starkes Taffeta?<\/strong><br \/>A: Dieser schwerere Typ von Textiletikett eignet sich besonders f\u00fcr Arbeitskleidung und andere Textilien, bei denen industrielle Waschvorg\u00e4nge erforderlich sind. Denken Sie an Overalls, Vorh\u00e4nge und sogar Pferdedecken! Dieser Typ von Textiletikett bietet auch eine L\u00f6sung f\u00fcr Reinigungen. Nach h\u00e4ufigem Waschen behalten extra starke Taffeta-Etiketten ihren hochwertigen Druck bei. Extra starkes Taffeta kann einseitig mit der Kombination eines Resin-Tintenbands bedruckt werden.<\/p>\r\n\r\n\r\n<div class=\"wp-block-spacer\" style=\"height: 29px;\" aria-hidden=\"true\">&nbsp;<\/div>\r\n\r\n\r\n<p><strong>Haben Sie Ihre Antwort nicht gefunden? Fragen Sie uns alles.<\/strong><\/p>\r\n\r\n\r\n<p><a class=\"link-btn\" href=\"https:\/\/ttr.works\/de\/kontakt\/\">Kontaktieren Sie TTR Euroworks<\/a><\/p>\r\n","protected":false},"excerpt":{"rendered":"<p>Produkte, die Hunderte von Waschzyklen \u00fcberdauern, ben\u00f6tigen Etiketten, die dasselbe tun. Resin-Textilb\u00e4nder und Nylon-Etiketten von TTR Euroworks bieten langlebige, lesbare und konforme Identifikation f\u00fcr jede Textildruckanwendung. Kombinieren Sie leistungsstarke Drucker, Premium-Resin-Textil-Tintenfarbb\u00e4nder und qualitativ hochwertige Etikettenmaterialien f\u00fcr konsistente Ergebnisse und minimale Ausfallzeiten. Testen Sie den TTR Euroworks Supply Advantage mit Volumenrabatten ab Tag eins, festen Jahrespreisen [&hellip;]<\/p>\n","protected":false},"author":1,"featured_media":0,"parent":4070,"menu_order":0,"comment_status":"closed","ping_status":"closed","template":"template-product.php","meta":{"_acf_changed":false,"content-type":"","footnotes":""},"categories":[],"tags":[264],"class_list":["post-4089","page","type-page","status-publish","hentry","tag-product-de"],"acf":[],"yoast_head":"<!-- This site is optimized with the Yoast SEO plugin v25.9 - https:\/\/yoast.com\/wordpress\/plugins\/seo\/ -->\n<title>Textiletiketten - TTR Euroworks<\/title>\n<meta name=\"description\" content=\"Textiletiketten f\u00fcr eine Vielzahl von Anwendungen \u2713 Nylon-Taft \u2713 Polyester-Satin-Taft \u2713 Extra starker Taft \u2713 Wartungsetiketten\" \/>\n<meta name=\"robots\" content=\"index, follow, max-snippet:-1, max-image-preview:large, max-video-preview:-1\" \/>\n<link rel=\"canonical\" href=\"https:\/\/ttr.works\/de\/etiketten\/textiletiketten\/\" \/>\n<meta property=\"og:locale\" content=\"de_DE\" \/>\n<meta property=\"og:type\" content=\"article\" \/>\n<meta property=\"og:title\" content=\"Textiletiketten - TTR Euroworks\" \/>\n<meta property=\"og:description\" content=\"Textiletiketten f\u00fcr eine Vielzahl von Anwendungen \u2713 Nylon-Taft \u2713 Polyester-Satin-Taft \u2713 Extra starker Taft \u2713 Wartungsetiketten\" \/>\n<meta property=\"og:url\" content=\"https:\/\/ttr.works\/de\/etiketten\/textiletiketten\/\" \/>\n<meta property=\"og:site_name\" content=\"TTR Euroworks\" \/>\n<meta property=\"article:modified_time\" content=\"2025-11-12T12:40:05+00:00\" \/>\n<meta property=\"og:image\" content=\"https:\/\/ttr.works\/wp-content\/uploads\/\/ttr-header-nylon-3-300x300.jpg\" \/>\n<meta name=\"twitter:card\" content=\"summary_large_image\" \/>\n<meta name=\"twitter:label1\" content=\"Gesch\u00e4tzte Lesezeit\" \/>\n\t<meta name=\"twitter:data1\" content=\"1\u00a0Minute\" \/>\n<script type=\"application\/ld+json\" class=\"yoast-schema-graph\">{\"@context\":\"https:\/\/schema.org\",\"@graph\":[{\"@type\":\"WebPage\",\"@id\":\"https:\/\/ttr.works\/de\/etiketten\/textiletiketten\/\",\"url\":\"https:\/\/ttr.works\/de\/etiketten\/textiletiketten\/\",\"name\":\"Textiletiketten - TTR Euroworks\",\"isPartOf\":{\"@id\":\"https:\/\/ttr.works\/de\/#website\"},\"primaryImageOfPage\":{\"@id\":\"https:\/\/ttr.works\/de\/etiketten\/textiletiketten\/#primaryimage\"},\"image\":{\"@id\":\"https:\/\/ttr.works\/de\/etiketten\/textiletiketten\/#primaryimage\"},\"thumbnailUrl\":\"https:\/\/ttr.works\/wp-content\/uploads\/\/TTR-Euroworks-supply-advantage-1-300x200.png\",\"datePublished\":\"2020-11-18T09:10:38+00:00\",\"dateModified\":\"2025-11-12T12:40:05+00:00\",\"description\":\"Textiletiketten f\u00fcr eine Vielzahl von Anwendungen \u2713 Nylon-Taft \u2713 Polyester-Satin-Taft \u2713 Extra starker Taft \u2713 Wartungsetiketten\",\"breadcrumb\":{\"@id\":\"https:\/\/ttr.works\/de\/etiketten\/textiletiketten\/#breadcrumb\"},\"inLanguage\":\"de\",\"potentialAction\":[{\"@type\":\"ReadAction\",\"target\":[\"https:\/\/ttr.works\/de\/etiketten\/textiletiketten\/\"]}]},{\"@type\":\"ImageObject\",\"inLanguage\":\"de\",\"@id\":\"https:\/\/ttr.works\/de\/etiketten\/textiletiketten\/#primaryimage\",\"url\":\"https:\/\/ttr.works\/wp-content\/uploads\/\/TTR-Euroworks-supply-advantage-1-300x200.png\",\"contentUrl\":\"https:\/\/ttr.works\/wp-content\/uploads\/\/TTR-Euroworks-supply-advantage-1-300x200.png\"},{\"@type\":\"BreadcrumbList\",\"@id\":\"https:\/\/ttr.works\/de\/etiketten\/textiletiketten\/#breadcrumb\",\"itemListElement\":[{\"@type\":\"ListItem\",\"position\":1,\"name\":\"Home\",\"item\":\"https:\/\/ttr.works\/de\/startseite\/\"},{\"@type\":\"ListItem\",\"position\":2,\"name\":\"Etiketten\",\"item\":\"https:\/\/ttr.works\/de\/etiketten\/\"},{\"@type\":\"ListItem\",\"position\":3,\"name\":\"Textiletiketten\"}]},{\"@type\":\"WebSite\",\"@id\":\"https:\/\/ttr.works\/de\/#website\",\"url\":\"https:\/\/ttr.works\/de\/\",\"name\":\"TTR Euroworks\",\"description\":\"Your ttr partner\",\"potentialAction\":[{\"@type\":\"SearchAction\",\"target\":{\"@type\":\"EntryPoint\",\"urlTemplate\":\"https:\/\/ttr.works\/de\/?s={search_term_string}\"},\"query-input\":{\"@type\":\"PropertyValueSpecification\",\"valueRequired\":true,\"valueName\":\"search_term_string\"}}],\"inLanguage\":\"de\"}]}<\/script>\n<!-- \/ Yoast SEO plugin. -->","yoast_head_json":{"title":"Textiletiketten - TTR Euroworks","description":"Textiletiketten f\u00fcr eine Vielzahl von Anwendungen \u2713 Nylon-Taft \u2713 Polyester-Satin-Taft \u2713 Extra starker Taft \u2713 Wartungsetiketten","robots":{"index":"index","follow":"follow","max-snippet":"max-snippet:-1","max-image-preview":"max-image-preview:large","max-video-preview":"max-video-preview:-1"},"canonical":"https:\/\/ttr.works\/de\/etiketten\/textiletiketten\/","og_locale":"de_DE","og_type":"article","og_title":"Textiletiketten - TTR Euroworks","og_description":"Textiletiketten f\u00fcr eine Vielzahl von Anwendungen \u2713 Nylon-Taft \u2713 Polyester-Satin-Taft \u2713 Extra starker Taft \u2713 Wartungsetiketten","og_url":"https:\/\/ttr.works\/de\/etiketten\/textiletiketten\/","og_site_name":"TTR Euroworks","article_modified_time":"2025-11-12T12:40:05+00:00","og_image":[{"url":"https:\/\/ttr.works\/wp-content\/uploads\/\/ttr-header-nylon-3-300x300.jpg","type":"","width":"","height":""}],"twitter_card":"summary_large_image","twitter_misc":{"Gesch\u00e4tzte Lesezeit":"1\u00a0Minute"},"schema":{"@context":"https:\/\/schema.org","@graph":[{"@type":"WebPage","@id":"https:\/\/ttr.works\/de\/etiketten\/textiletiketten\/","url":"https:\/\/ttr.works\/de\/etiketten\/textiletiketten\/","name":"Textiletiketten - TTR Euroworks","isPartOf":{"@id":"https:\/\/ttr.works\/de\/#website"},"primaryImageOfPage":{"@id":"https:\/\/ttr.works\/de\/etiketten\/textiletiketten\/#primaryimage"},"image":{"@id":"https:\/\/ttr.works\/de\/etiketten\/textiletiketten\/#primaryimage"},"thumbnailUrl":"https:\/\/ttr.works\/wp-content\/uploads\/\/TTR-Euroworks-supply-advantage-1-300x200.png","datePublished":"2020-11-18T09:10:38+00:00","dateModified":"2025-11-12T12:40:05+00:00","description":"Textiletiketten f\u00fcr eine Vielzahl von Anwendungen \u2713 Nylon-Taft \u2713 Polyester-Satin-Taft \u2713 Extra starker Taft \u2713 Wartungsetiketten","breadcrumb":{"@id":"https:\/\/ttr.works\/de\/etiketten\/textiletiketten\/#breadcrumb"},"inLanguage":"de","potentialAction":[{"@type":"ReadAction","target":["https:\/\/ttr.works\/de\/etiketten\/textiletiketten\/"]}]},{"@type":"ImageObject","inLanguage":"de","@id":"https:\/\/ttr.works\/de\/etiketten\/textiletiketten\/#primaryimage","url":"https:\/\/ttr.works\/wp-content\/uploads\/\/TTR-Euroworks-supply-advantage-1-300x200.png","contentUrl":"https:\/\/ttr.works\/wp-content\/uploads\/\/TTR-Euroworks-supply-advantage-1-300x200.png"},{"@type":"BreadcrumbList","@id":"https:\/\/ttr.works\/de\/etiketten\/textiletiketten\/#breadcrumb","itemListElement":[{"@type":"ListItem","position":1,"name":"Home","item":"https:\/\/ttr.works\/de\/startseite\/"},{"@type":"ListItem","position":2,"name":"Etiketten","item":"https:\/\/ttr.works\/de\/etiketten\/"},{"@type":"ListItem","position":3,"name":"Textiletiketten"}]},{"@type":"WebSite","@id":"https:\/\/ttr.works\/de\/#website","url":"https:\/\/ttr.works\/de\/","name":"TTR Euroworks","description":"Your ttr partner","potentialAction":[{"@type":"SearchAction","target":{"@type":"EntryPoint","urlTemplate":"https:\/\/ttr.works\/de\/?s={search_term_string}"},"query-input":{"@type":"PropertyValueSpecification","valueRequired":true,"valueName":"search_term_string"}}],"inLanguage":"de"}]}},"_links":{"self":[{"href":"https:\/\/ttr.works\/de\/wp-json\/wp\/v2\/pages\/4089","targetHints":{"allow":["GET"]}}],"collection":[{"href":"https:\/\/ttr.works\/de\/wp-json\/wp\/v2\/pages"}],"about":[{"href":"https:\/\/ttr.works\/de\/wp-json\/wp\/v2\/types\/page"}],"author":[{"embeddable":true,"href":"https:\/\/ttr.works\/de\/wp-json\/wp\/v2\/users\/1"}],"replies":[{"embeddable":true,"href":"https:\/\/ttr.works\/de\/wp-json\/wp\/v2\/comments?post=4089"}],"version-history":[{"count":16,"href":"https:\/\/ttr.works\/de\/wp-json\/wp\/v2\/pages\/4089\/revisions"}],"predecessor-version":[{"id":29333,"href":"https:\/\/ttr.works\/de\/wp-json\/wp\/v2\/pages\/4089\/revisions\/29333"}],"up":[{"embeddable":true,"href":"https:\/\/ttr.works\/de\/wp-json\/wp\/v2\/pages\/4070"}],"wp:attachment":[{"href":"https:\/\/ttr.works\/de\/wp-json\/wp\/v2\/media?parent=4089"}],"wp:term":[{"taxonomy":"category","embeddable":true,"href":"https:\/\/ttr.works\/de\/wp-json\/wp\/v2\/categories?post=4089"},{"taxonomy":"post_tag","embeddable":true,"href":"https:\/\/ttr.works\/de\/wp-json\/wp\/v2\/tags?post=4089"}],"curies":[{"name":"wp","href":"https:\/\/api.w.org\/{rel}","templated":true}]}}