{"id":4107,"date":"2020-11-18T09:53:57","date_gmt":"2020-11-18T09:53:57","guid":{"rendered":"https:\/\/ttr.works\/?page_id=4107"},"modified":"2020-11-18T09:53:58","modified_gmt":"2020-11-18T09:53:58","slug":"rueckgabebedingungen","status":"publish","type":"page","link":"https:\/\/ttr.works\/de\/rueckgabebedingungen\/","title":{"rendered":"R\u00fcckgabebedingungen"},"content":{"rendered":"\n<p>Besch\u00e4digte bzw. eingebaute Teile oder Teile, deren Verpackung ge\u00f6ffnet wurde, sind von der R\u00fcckgabe ausgeschlossen. Wir \u00fcbernehmen keine Verantwortung f\u00fcr Warenr\u00fccksendungen und die daf\u00fcr entstehenden Kosten m\u00fcssen Sie selbst tragen.<\/p>\n\n\n\n<p>Alle Platinen, Netzteile und speziell bestellten Produkte, die bei TTR Euroworks B.V. erworben oder dort hergestellt werden, sind von der R\u00fcckgabe ausgeschlossen, sofern sie nicht defekt sind. Wenn Sie ein defektes Produkt zur\u00fccksenden, wird es vom Hersteller gepr\u00fcft. Ergibt die Begutachtung einen tats\u00e4chlichen Defekt des Produkts, entscheidet der Hersteller, ob f\u00fcr das Produkt eine Reparatur, ein Austausch oder eine Gutschrift in Frage kommt. Falls sich jedoch herausstellt, dass sich das Produkt in einem ordnungsgem\u00e4\u00dfen Zustand befindet, wird es an Sie zur\u00fcckgesendet. In diesem Fall tragen Sie die entstandenen Kosten.<\/p>\n\n\n\n<p>Wenn Sie eine R\u00fccksendung anfordern m\u00f6chten, wenden Sie sich bitte \u00fcber unsere Kontaktseite an uns. Wir werden uns dann schnellstm\u00f6glich bei Ihnen melden und, sofern m\u00f6glich, eine angemessene L\u00f6sung vorschlagen.<\/p>\n\n\n\n<p>TTR Euroworks BV \u00fcbernimmt keine Verantwortung f\u00fcr die Richtigkeit von Ratschl\u00e4gen, die von technischen Helpdesks gegeben werden.<\/p>\n","protected":false},"excerpt":{"rendered":"<p>Besch\u00e4digte bzw. eingebaute Teile oder Teile, deren Verpackung ge\u00f6ffnet wurde, sind von der R\u00fcckgabe ausgeschlossen. Wir \u00fcbernehmen keine Verantwortung f\u00fcr Warenr\u00fccksendungen und die daf\u00fcr entstehenden Kosten m\u00fcssen Sie selbst tragen. Alle Platinen, Netzteile und speziell bestellten Produkte, die bei TTR Euroworks B.V. erworben oder dort hergestellt werden, sind von der R\u00fcckgabe ausgeschlossen, sofern sie nicht [&hellip;]<\/p>\n","protected":false},"author":1,"featured_media":0,"parent":0,"menu_order":0,"comment_status":"closed","ping_status":"closed","template":"template-content.php","meta":{"_acf_changed":false,"content-type":"","footnotes":""},"categories":[],"tags":[],"class_list":["post-4107","page","type-page","status-publish","hentry"],"acf":[],"yoast_head":"<!-- This site is optimized with the Yoast SEO plugin v25.9 - https:\/\/yoast.com\/wordpress\/plugins\/seo\/ -->\n<title>R\u00fcckgabebedingungen - TTR Euroworks<\/title>\n<meta name=\"robots\" content=\"index, follow, max-snippet:-1, max-image-preview:large, max-video-preview:-1\" \/>\n<link rel=\"canonical\" href=\"https:\/\/ttr.works\/de\/rueckgabebedingungen\/\" \/>\n<meta property=\"og:locale\" content=\"de_DE\" \/>\n<meta property=\"og:type\" content=\"article\" \/>\n<meta property=\"og:title\" content=\"R\u00fcckgabebedingungen - TTR Euroworks\" \/>\n<meta property=\"og:description\" content=\"Besch\u00e4digte bzw. eingebaute Teile oder Teile, deren Verpackung ge\u00f6ffnet wurde, sind von der R\u00fcckgabe ausgeschlossen. Wir \u00fcbernehmen keine Verantwortung f\u00fcr Warenr\u00fccksendungen und die daf\u00fcr entstehenden Kosten m\u00fcssen Sie selbst tragen. Alle Platinen, Netzteile und speziell bestellten Produkte, die bei TTR Euroworks B.V. erworben oder dort hergestellt werden, sind von der R\u00fcckgabe ausgeschlossen, sofern sie nicht [&hellip;]\" \/>\n<meta property=\"og:url\" content=\"https:\/\/ttr.works\/de\/rueckgabebedingungen\/\" \/>\n<meta property=\"og:site_name\" content=\"TTR Euroworks\" \/>\n<meta property=\"article:modified_time\" content=\"2020-11-18T09:53:58+00:00\" \/>\n<meta name=\"twitter:card\" content=\"summary_large_image\" \/>\n<meta name=\"twitter:label1\" content=\"Gesch\u00e4tzte Lesezeit\" \/>\n\t<meta name=\"twitter:data1\" content=\"1\u00a0Minute\" \/>\n<script type=\"application\/ld+json\" class=\"yoast-schema-graph\">{\"@context\":\"https:\/\/schema.org\",\"@graph\":[{\"@type\":\"WebPage\",\"@id\":\"https:\/\/ttr.works\/de\/rueckgabebedingungen\/\",\"url\":\"https:\/\/ttr.works\/de\/rueckgabebedingungen\/\",\"name\":\"R\u00fcckgabebedingungen - TTR Euroworks\",\"isPartOf\":{\"@id\":\"https:\/\/ttr.works\/de\/#website\"},\"datePublished\":\"2020-11-18T09:53:57+00:00\",\"dateModified\":\"2020-11-18T09:53:58+00:00\",\"breadcrumb\":{\"@id\":\"https:\/\/ttr.works\/de\/rueckgabebedingungen\/#breadcrumb\"},\"inLanguage\":\"de\",\"potentialAction\":[{\"@type\":\"ReadAction\",\"target\":[\"https:\/\/ttr.works\/de\/rueckgabebedingungen\/\"]}]},{\"@type\":\"BreadcrumbList\",\"@id\":\"https:\/\/ttr.works\/de\/rueckgabebedingungen\/#breadcrumb\",\"itemListElement\":[{\"@type\":\"ListItem\",\"position\":1,\"name\":\"Home\",\"item\":\"https:\/\/ttr.works\/de\/startseite\/\"},{\"@type\":\"ListItem\",\"position\":2,\"name\":\"R\u00fcckgabebedingungen\"}]},{\"@type\":\"WebSite\",\"@id\":\"https:\/\/ttr.works\/de\/#website\",\"url\":\"https:\/\/ttr.works\/de\/\",\"name\":\"TTR Euroworks\",\"description\":\"Your ttr partner\",\"potentialAction\":[{\"@type\":\"SearchAction\",\"target\":{\"@type\":\"EntryPoint\",\"urlTemplate\":\"https:\/\/ttr.works\/de\/?s={search_term_string}\"},\"query-input\":{\"@type\":\"PropertyValueSpecification\",\"valueRequired\":true,\"valueName\":\"search_term_string\"}}],\"inLanguage\":\"de\"}]}<\/script>\n<!-- \/ Yoast SEO plugin. -->","yoast_head_json":{"title":"R\u00fcckgabebedingungen - TTR Euroworks","robots":{"index":"index","follow":"follow","max-snippet":"max-snippet:-1","max-image-preview":"max-image-preview:large","max-video-preview":"max-video-preview:-1"},"canonical":"https:\/\/ttr.works\/de\/rueckgabebedingungen\/","og_locale":"de_DE","og_type":"article","og_title":"R\u00fcckgabebedingungen - TTR Euroworks","og_description":"Besch\u00e4digte bzw. eingebaute Teile oder Teile, deren Verpackung ge\u00f6ffnet wurde, sind von der R\u00fcckgabe ausgeschlossen. Wir \u00fcbernehmen keine Verantwortung f\u00fcr Warenr\u00fccksendungen und die daf\u00fcr entstehenden Kosten m\u00fcssen Sie selbst tragen. Alle Platinen, Netzteile und speziell bestellten Produkte, die bei TTR Euroworks B.V. erworben oder dort hergestellt werden, sind von der R\u00fcckgabe ausgeschlossen, sofern sie nicht [&hellip;]","og_url":"https:\/\/ttr.works\/de\/rueckgabebedingungen\/","og_site_name":"TTR Euroworks","article_modified_time":"2020-11-18T09:53:58+00:00","twitter_card":"summary_large_image","twitter_misc":{"Gesch\u00e4tzte Lesezeit":"1\u00a0Minute"},"schema":{"@context":"https:\/\/schema.org","@graph":[{"@type":"WebPage","@id":"https:\/\/ttr.works\/de\/rueckgabebedingungen\/","url":"https:\/\/ttr.works\/de\/rueckgabebedingungen\/","name":"R\u00fcckgabebedingungen - TTR Euroworks","isPartOf":{"@id":"https:\/\/ttr.works\/de\/#website"},"datePublished":"2020-11-18T09:53:57+00:00","dateModified":"2020-11-18T09:53:58+00:00","breadcrumb":{"@id":"https:\/\/ttr.works\/de\/rueckgabebedingungen\/#breadcrumb"},"inLanguage":"de","potentialAction":[{"@type":"ReadAction","target":["https:\/\/ttr.works\/de\/rueckgabebedingungen\/"]}]},{"@type":"BreadcrumbList","@id":"https:\/\/ttr.works\/de\/rueckgabebedingungen\/#breadcrumb","itemListElement":[{"@type":"ListItem","position":1,"name":"Home","item":"https:\/\/ttr.works\/de\/startseite\/"},{"@type":"ListItem","position":2,"name":"R\u00fcckgabebedingungen"}]},{"@type":"WebSite","@id":"https:\/\/ttr.works\/de\/#website","url":"https:\/\/ttr.works\/de\/","name":"TTR Euroworks","description":"Your ttr partner","potentialAction":[{"@type":"SearchAction","target":{"@type":"EntryPoint","urlTemplate":"https:\/\/ttr.works\/de\/?s={search_term_string}"},"query-input":{"@type":"PropertyValueSpecification","valueRequired":true,"valueName":"search_term_string"}}],"inLanguage":"de"}]}},"_links":{"self":[{"href":"https:\/\/ttr.works\/de\/wp-json\/wp\/v2\/pages\/4107","targetHints":{"allow":["GET"]}}],"collection":[{"href":"https:\/\/ttr.works\/de\/wp-json\/wp\/v2\/pages"}],"about":[{"href":"https:\/\/ttr.works\/de\/wp-json\/wp\/v2\/types\/page"}],"author":[{"embeddable":true,"href":"https:\/\/ttr.works\/de\/wp-json\/wp\/v2\/users\/1"}],"replies":[{"embeddable":true,"href":"https:\/\/ttr.works\/de\/wp-json\/wp\/v2\/comments?post=4107"}],"version-history":[{"count":0,"href":"https:\/\/ttr.works\/de\/wp-json\/wp\/v2\/pages\/4107\/revisions"}],"wp:attachment":[{"href":"https:\/\/ttr.works\/de\/wp-json\/wp\/v2\/media?parent=4107"}],"wp:term":[{"taxonomy":"category","embeddable":true,"href":"https:\/\/ttr.works\/de\/wp-json\/wp\/v2\/categories?post=4107"},{"taxonomy":"post_tag","embeddable":true,"href":"https:\/\/ttr.works\/de\/wp-json\/wp\/v2\/tags?post=4107"}],"curies":[{"name":"wp","href":"https:\/\/api.w.org\/{rel}","templated":true}]}}