{"id":4110,"date":"2020-11-18T09:56:28","date_gmt":"2020-11-18T09:56:28","guid":{"rendered":"https:\/\/ttr.works\/?page_id=4110"},"modified":"2026-02-20T12:54:25","modified_gmt":"2026-02-20T12:54:25","slug":"thermodrucker","status":"publish","type":"page","link":"https:\/\/ttr.works\/de\/thermodrucker\/","title":{"rendered":"Thermodrucker"},"content":{"rendered":"<div class=\"wp-block-image\">\n<figure class=\"alignright size-large is-resized\"><img decoding=\"async\" width=\"401\" height=\"275\" data-src=\"https:\/\/ttr.works\/wp-content\/uploads\/ttr-printers.png\" alt=\"\" class=\"wp-image-2022 lazyload\" style=\"--smush-placeholder-width: 401px; --smush-placeholder-aspect-ratio: 401\/275;width:446px;height:auto\" data-srcset=\"https:\/\/ttr.works\/wp-content\/uploads\/ttr-printers.png 401w, https:\/\/ttr.works\/wp-content\/uploads\/ttr-printers-300x206.png 300w\" data-sizes=\"(max-width: 401px) 100vw, 401px\" src=\"data:image\/svg+xml;base64,PHN2ZyB3aWR0aD0iMSIgaGVpZ2h0PSIxIiB4bWxucz0iaHR0cDovL3d3dy53My5vcmcvMjAwMC9zdmciPjwvc3ZnPg==\" \/><\/figure><\/div>\n\n\n<p><strong>Zusammen mit den Herstellern von Etikettendruckern unterst\u00fctzen wir unsere Kunden mit Beratung, schnellen Angeboten und schneller Lieferung. Denken Sie an Marken wie Honeywell\u00ae, Zebra\u00ae, Sato\u00ae, TSC-Printronix\u00ae, Valentin\u00ae und andere*. Als Team arbeiten wir f\u00fcr Sie, um Ihnen Zeit und Geld zu sparen.<\/strong><\/p>\n\n\n\n<p>Da wir alles unter einem Dach anbieten, profitieren Sie von Anfang an von zus\u00e4tzlichen Volumen- und Cross-Selling-Vorteilen. Zum Beispiel sparen Sie mit dem 4U-Bonusprogramm automatisch f\u00fcr Rabattcodes bei jedem Kauf eines Thermodruckers oder Druckkopfes.<\/p>\n\n\n\n<p>In unserem Webshop k\u00f6nnen Sie ganz einfach den richtigen Drucker, die Verf\u00fcgbarkeit und verwandte Produkte mit Hilfe der Filter finden. Wenn Sie Fragen haben, helfen wir Ihnen gerne weiter.<\/p>\n\n\n\n<a href=\"https:\/\/thermalprinting.shop\/printers\" class=\"link-btn\">TTR webshop <i class=\"fal fa-chevron-right\"><\/i><\/a><a href=\"https:\/\/ttr.works\/thermal-transfer\/4u-rewards.php\" class=\"link-btn second\">Rabattcodes <i class=\"fal fa-chevron-right\"><\/i><\/a>\n\n\n\n<div style=\"height:47px\" aria-hidden=\"true\" class=\"wp-block-spacer\"><\/div>\n\n\n\n<h3 class=\"wp-block-heading\">Aus unserem Blog<\/h3>\n\n\n\n<div style=\"height:28px\" aria-hidden=\"true\" class=\"wp-block-spacer\"><\/div>\n\n\n\n<div class=\"wp-block-media-text is-stacked-on-mobile\" style=\"grid-template-columns:29% auto\"><figure class=\"wp-block-media-text__media\"><img decoding=\"async\" width=\"558\" height=\"468\" data-src=\"https:\/\/ttr.works\/wp-content\/uploads\/Afbeelding1-2.png\" alt=\"\" class=\"wp-image-23140 size-full lazyload\" data-srcset=\"https:\/\/ttr.works\/wp-content\/uploads\/\/Afbeelding1-2.png 558w, https:\/\/ttr.works\/wp-content\/uploads\/\/Afbeelding1-2-300x252.png 300w\" data-sizes=\"(max-width: 558px) 100vw, 558px\" src=\"data:image\/svg+xml;base64,PHN2ZyB3aWR0aD0iMSIgaGVpZ2h0PSIxIiB4bWxucz0iaHR0cDovL3d3dy53My5vcmcvMjAwMC9zdmciPjwvc3ZnPg==\" style=\"--smush-placeholder-width: 558px; --smush-placeholder-aspect-ratio: 558\/468;\" \/><\/figure><div class=\"wp-block-media-text__content\">\n<p><a href=\"https:\/\/ttr.works\/de\/wir-stellen-den-honeywell-pc42e-t-vor\/\"><strong>Einf\u00fchrung der Honeywell PC42E-T:<\/strong><\/a>&nbsp;Der Einstiegs-Desktopdrucker PC42 wurde durch den neuen PC42E-T ersetzt. Er bietet fortschrittlichere Funktionen und Leistungen zu einem ungef\u00e4hr gleichen Preis.<\/p>\n<\/div><\/div>\n\n\n\n<div style=\"height:38px\" aria-hidden=\"true\" class=\"wp-block-spacer\"><\/div>\n\n\n\n<div class=\"wp-block-media-text is-stacked-on-mobile\" style=\"grid-template-columns:28% auto\"><figure class=\"wp-block-media-text__media\"><img decoding=\"async\" width=\"301\" height=\"167\" data-src=\"https:\/\/ttr.works\/wp-content\/uploads\/argox-logo-1.png\" alt=\"\" class=\"wp-image-23474 size-full lazyload\" src=\"data:image\/svg+xml;base64,PHN2ZyB3aWR0aD0iMSIgaGVpZ2h0PSIxIiB4bWxucz0iaHR0cDovL3d3dy53My5vcmcvMjAwMC9zdmciPjwvc3ZnPg==\" style=\"--smush-placeholder-width: 301px; --smush-placeholder-aspect-ratio: 301\/167;\" \/><\/figure><div class=\"wp-block-media-text__content\">\n<p><a href=\"https:\/\/ttr.works\/de\/vergleiche-von-argox-druckern\/\"><strong>Argox-Druckervergleich:<\/strong><\/a>&nbsp;Welcher Argox-Desktopdrucker passt am besten zu Ihren Druckanforderungen? Wir haben einen schnellen Vergleich zwischen den verschiedenen Modellen wie der Argox 04-Serie, der P4-Serie, den OS- und iX4-Druckern erstellt. Finden Sie schnell heraus, welcher am besten zu Ihren Druckanforderungen passt.<\/p>\n<\/div><\/div>\n\n\n\n<div style=\"height:38px\" aria-hidden=\"true\" class=\"wp-block-spacer\"><\/div>\n\n\n\n<div class=\"wp-block-media-text is-stacked-on-mobile\" style=\"grid-template-columns:28% auto\"><figure class=\"wp-block-media-text__media\"><img decoding=\"async\" width=\"600\" height=\"600\" data-src=\"https:\/\/ttr.works\/wp-content\/uploads\/2-2.png\" alt=\"\" class=\"wp-image-23485 size-full lazyload\" data-srcset=\"https:\/\/ttr.works\/wp-content\/uploads\/2-2.png 600w, https:\/\/ttr.works\/wp-content\/uploads\/2-2-300x300.png 300w, https:\/\/ttr.works\/wp-content\/uploads\/2-2-150x150.png 150w\" data-sizes=\"(max-width: 600px) 100vw, 600px\" src=\"data:image\/svg+xml;base64,PHN2ZyB3aWR0aD0iMSIgaGVpZ2h0PSIxIiB4bWxucz0iaHR0cDovL3d3dy53My5vcmcvMjAwMC9zdmciPjwvc3ZnPg==\" style=\"--smush-placeholder-width: 600px; --smush-placeholder-aspect-ratio: 600\/600;\" \/><\/figure><div class=\"wp-block-media-text__content\">\n<p><strong><strong><a href=\"https:\/\/ttr.works\/de\/der-neue-zebra-zt111-ersetzt-die-zt220-drucker\/\">Zebra ZT111 Drucker ersetzen die ZT220:<\/a><\/strong><\/strong>&nbsp;Der ZT111 bietet eine einfache Einrichtung und eine Vielzahl von Konnektivit\u00e4tsoptionen. Mit 10 Zoll pro Sekunde druckt er schneller als der ZT220. Ethernet und USB sind bei allen ZT111-Versionen standardm\u00e4\u00dfig vorhanden. Die Preise beginnen bei \u2026<\/p>\n<\/div><\/div>\n\n\n\n<div style=\"height:38px\" aria-hidden=\"true\" class=\"wp-block-spacer\"><\/div>\n\n\n\n<div class=\"wp-block-media-text is-stacked-on-mobile\" style=\"grid-template-columns:28% auto\"><figure class=\"wp-block-media-text__media\"><img decoding=\"async\" width=\"1024\" height=\"937\" data-src=\"https:\/\/ttr.works\/wp-content\/uploads\/\/zd421-2-1024x937.png\" alt=\"Zebra ZD421d Drucker\" class=\"wp-image-9421 size-full lazyload\" data-srcset=\"https:\/\/ttr.works\/wp-content\/uploads\/zd421-2-1024x937.png 1024w, https:\/\/ttr.works\/wp-content\/uploads\/zd421-2-300x274.png 300w, https:\/\/ttr.works\/wp-content\/uploads\/zd421-2-768x703.png 768w, https:\/\/ttr.works\/wp-content\/uploads\/zd421-2-1536x1405.png 1536w, https:\/\/ttr.works\/wp-content\/uploads\/zd421-2-2048x1874.png 2048w\" data-sizes=\"(max-width: 1024px) 100vw, 1024px\" src=\"data:image\/svg+xml;base64,PHN2ZyB3aWR0aD0iMSIgaGVpZ2h0PSIxIiB4bWxucz0iaHR0cDovL3d3dy53My5vcmcvMjAwMC9zdmciPjwvc3ZnPg==\" style=\"--smush-placeholder-width: 1024px; --smush-placeholder-aspect-ratio: 1024\/937;\" \/><\/figure><div class=\"wp-block-media-text__content\">\n<p><strong><strong><a href=\"https:\/\/ttr.works\/de\/der-neue-zebra-zt111-ersetzt-die-zt220-drucker\/\">Zebra ZD421 ersetzt die ZD420 und GK420:<\/a><\/strong><\/strong>&nbsp;Die GK420 und ZD420 sind nicht mehr verf\u00fcgbar. Sie wurden durch die ZD421 ersetzt, die \u00fcber zus\u00e4tzliche Funktionen und Sicherheitsmerkmale verf\u00fcgt. Eine intuitivere Benutzeroberfl\u00e4che, leistungsst\u00e4rker und mit einem vor Ort aufr\u00fcstbaren WLAN-Kit. Lesen Sie weiter&#8230;<\/p>\n<\/div><\/div>\n\n\n\n<div style=\"height:83px\" aria-hidden=\"true\" class=\"wp-block-spacer\"><\/div>\n\n\n\n<p class=\"has-text-align-center\"><em>* Alle genannten Unternehmens- und Produktnamen sind Marken, eingetragene Marken oder Urheberrechte ihrer jeweiligen Inhaber. TTR Euroworks BV gibt weder ausdr\u00fccklich noch stillschweigend an, mit einem der genannten Unternehmen oder eingetragenen Marken verbunden zu sein oder diese zu vertreten.<\/em><\/p>\n","protected":false},"excerpt":{"rendered":"<p>Zusammen mit den Herstellern von Etikettendruckern unterst\u00fctzen wir unsere Kunden mit Beratung, schnellen Angeboten und schneller Lieferung. Denken Sie an Marken wie Honeywell\u00ae, Zebra\u00ae, Sato\u00ae, TSC-Printronix\u00ae, Valentin\u00ae und andere*. Als Team arbeiten wir f\u00fcr Sie, um Ihnen Zeit und Geld zu sparen. Da wir alles unter einem Dach anbieten, profitieren Sie von Anfang an von [&hellip;]<\/p>\n","protected":false},"author":1,"featured_media":0,"parent":0,"menu_order":0,"comment_status":"closed","ping_status":"closed","template":"template-product.php","meta":{"_acf_changed":false,"content-type":"","footnotes":""},"categories":[],"tags":[264],"class_list":["post-4110","page","type-page","status-publish","hentry","tag-product-de"],"acf":[],"_links":{"self":[{"href":"https:\/\/ttr.works\/de\/wp-json\/wp\/v2\/pages\/4110","targetHints":{"allow":["GET"]}}],"collection":[{"href":"https:\/\/ttr.works\/de\/wp-json\/wp\/v2\/pages"}],"about":[{"href":"https:\/\/ttr.works\/de\/wp-json\/wp\/v2\/types\/page"}],"author":[{"embeddable":true,"href":"https:\/\/ttr.works\/de\/wp-json\/wp\/v2\/users\/1"}],"replies":[{"embeddable":true,"href":"https:\/\/ttr.works\/de\/wp-json\/wp\/v2\/comments?post=4110"}],"version-history":[{"count":7,"href":"https:\/\/ttr.works\/de\/wp-json\/wp\/v2\/pages\/4110\/revisions"}],"predecessor-version":[{"id":30458,"href":"https:\/\/ttr.works\/de\/wp-json\/wp\/v2\/pages\/4110\/revisions\/30458"}],"wp:attachment":[{"href":"https:\/\/ttr.works\/de\/wp-json\/wp\/v2\/media?parent=4110"}],"wp:term":[{"taxonomy":"category","embeddable":true,"href":"https:\/\/ttr.works\/de\/wp-json\/wp\/v2\/categories?post=4110"},{"taxonomy":"post_tag","embeddable":true,"href":"https:\/\/ttr.works\/de\/wp-json\/wp\/v2\/tags?post=4110"}],"curies":[{"name":"wp","href":"https:\/\/api.w.org\/{rel}","templated":true}]}}