{"id":4122,"date":"2020-09-14T13:23:17","date_gmt":"2020-09-14T13:23:17","guid":{"rendered":"https:\/\/ttr.works\/?page_id=4122"},"modified":"2026-02-20T13:14:32","modified_gmt":"2026-02-20T13:14:32","slug":"thermal-printheads","status":"publish","type":"page","link":"https:\/\/ttr.works\/de\/thermal-printheads\/","title":{"rendered":"Thermodruckk\u00f6pfe"},"content":{"rendered":"<div class=\"wp-block-image\">\n<figure class=\"alignright size-full is-resized\" id=\"block-74e43d50-f0b5-4c0c-b23c-3cddcbfeee88\"><img decoding=\"async\" width=\"400\" height=\"218\" data-src=\"https:\/\/ttr.works\/wp-content\/uploads\/printhead-example_with-space-1.png\" alt=\"\" class=\"wp-image-23611 lazyload\" style=\"--smush-placeholder-width: 400px; --smush-placeholder-aspect-ratio: 400\/218;width:353px;height:auto\" data-srcset=\"https:\/\/ttr.works\/wp-content\/uploads\/printhead-example_with-space-1.png 400w, https:\/\/ttr.works\/wp-content\/uploads\/printhead-example_with-space-1-300x164.png 300w\" data-sizes=\"(max-width: 400px) 100vw, 400px\" src=\"data:image\/svg+xml;base64,PHN2ZyB3aWR0aD0iMSIgaGVpZ2h0PSIxIiB4bWxucz0iaHR0cDovL3d3dy53My5vcmcvMjAwMC9zdmciPjwvc3ZnPg==\" \/><\/figure><\/div>\n\n\n<p><strong>Wir liefern originale und alternative Druckk\u00f6pfe \/ Thermoleisten an Kunden weltweit. Mit durchschnittlich 6.000 Druckk\u00f6pfen auf Lager versuchen wir, die meisten Bestellungen innerhalb von zwei Tagen zu liefern. Dies umfasst Ersatzdruckk\u00f6pfe f\u00fcr alle Desktop-, Industrie- und TTO-Drucker.<\/strong><\/p>\n\n\n\n<p>Sie sind bei uns an der richtigen Adresse f\u00fcr druckk\u00f6pfe von Marken wie ALLEN\u00ae, Argox\u00ae, Avery\u00ae, Bizerba\u00ae, CAB\u00ae, Carl Valentin\u00ae, Citizen\u00ae, Datamax\u00ae, Delford\u00ae, Digi\u00ae, Domino\u00ae, Godex\u00ae, Honeywell\u00ae, Intermec\u00ae, Italora\u00ae, Jaguar\u00ae, Markem Smartdate\u00ae, Mectec\u00ae, Printronix\u00ae, Rohm\u00ae, SATO\u00ae, Toshiba TEC\u00ae, TSC\u00ae, Videojet\u00ae, and Zebra\u00ae.*<\/p>\n\n\n\n<div style=\"height:18px\" aria-hidden=\"true\" class=\"wp-block-spacer\"><\/div>\n\n\n\n<div class=\"wp-block-spacer\" style=\"height: 29px;\" aria-hidden=\"true\"><a class=\"link-btn\" href=\"https:\/\/thermalprinting.shop\/printheads\">TTR webshop&nbsp;<i class=\"fal fa-chevron-right\"><\/i><\/a><a class=\"link-btn second\" href=\"https:\/\/hs.ttreuroworks.com\/rewards-program\">Rabattcodes<\/a><\/div>\n\n\n\n<div style=\"height:72px\" aria-hidden=\"true\" class=\"wp-block-spacer\"><\/div>\n\n\n\n<p><\/p>\n\n\n\n<p><\/p>\n\n\n\n<h2 class=\"wp-block-heading has-text-align-left\" id=\"block-25e85f4e-f4ea-4e2b-9d26-34ab8ef3ca88\"><strong>Alternative 4U Druckk\u00f6pfe<\/strong><\/h2>\n\n\n\n<p><p><span style=\"font-size: revert; color: initial;\">Neben den Originalmarken k\u00f6nnen Sie sich auch f\u00fcr einen unserer alternativen 4U Druckk\u00f6pfe f\u00fcr viele Druckermodelle entscheiden. Dies sind Drop-in-Ersatzteile f\u00fcr die Originaldruckk\u00f6pfe, mit derselben Bauqualit\u00e4t, Leistung und Garantiezeit. Sehen Sie sich Preis und Verf\u00fcgbarkeit sowohl der Original- als auch der alternativen Druckk\u00f6pfe im Webshop an.<\/span><\/p><\/p>\n\n\n\n<div style=\"height:35px\" aria-hidden=\"true\" class=\"wp-block-spacer\"><\/div>\n\n\n\n<h2 class=\"wp-block-heading\" id=\"block-fd49e112-241b-473f-8322-53d2dc1ccc06\"><strong>Weitere Information<\/strong><\/h2>\n\n\n\n<div class=\"wp-block-media-text is-stacked-on-mobile is-vertically-aligned-center\" style=\"grid-template-columns:25% auto\"><figure class=\"wp-block-media-text__media\"><a href=\"https:\/\/ttr.works\/de\/reinigen-sie-ihren-druckkopf-regelmaessig\/\"><img decoding=\"async\" width=\"1024\" height=\"377\" data-src=\"https:\/\/ttr.works\/wp-content\/uploads\/\/printhead-tips_rounded-1024x377.png\" alt=\"\" class=\"wp-image-23593 size-full lazyload\" data-srcset=\"https:\/\/ttr.works\/wp-content\/uploads\/printhead-tips_rounded-1024x377.png 1024w, https:\/\/ttr.works\/wp-content\/uploads\/printhead-tips_rounded-300x110.png 300w, https:\/\/ttr.works\/wp-content\/uploads\/printhead-tips_rounded-768x282.png 768w, https:\/\/ttr.works\/wp-content\/uploads\/printhead-tips_rounded-1536x565.png 1536w, https:\/\/ttr.works\/wp-content\/uploads\/printhead-tips_rounded.png 2048w\" data-sizes=\"(max-width: 1024px) 100vw, 1024px\" src=\"data:image\/svg+xml;base64,PHN2ZyB3aWR0aD0iMSIgaGVpZ2h0PSIxIiB4bWxucz0iaHR0cDovL3d3dy53My5vcmcvMjAwMC9zdmciPjwvc3ZnPg==\" style=\"--smush-placeholder-width: 1024px; --smush-placeholder-aspect-ratio: 1024\/377;\" \/><\/a><\/figure><div class=\"wp-block-media-text__content\">\n<p><strong><a href=\"https:\/\/ttr.works\/de\/reinigen-sie-ihren-druckkopf-regelmaessig\/\">Ratschl\u00e4ge von Experten zur Verl\u00e4ngerung der Lebensdauer des Druckkopfes<\/a><\/strong>: Der Druckkopf ist eines der wichtigsten und teuersten Bauteile. Er ist anf\u00e4llig f\u00fcr nat\u00fcrlichen Verschlei\u00df, Tinte, Schmutz und Staub. Diese Expertentipps helfen Ihnen, die l\u00e4ngste Lebensdauer aus Ihrem Druckkopf herauszuholen. Sie sparen Geld, indem Sie ihn seltener ersetzen.<\/p>\n<\/div><\/div>\n\n\n\n<div style=\"height:30px\" aria-hidden=\"true\" class=\"wp-block-spacer\"><\/div>\n\n\n\n<div class=\"wp-block-media-text is-stacked-on-mobile is-vertically-aligned-center\" style=\"grid-template-columns:25% auto\"><figure class=\"wp-block-media-text__media\"><a href=\"https:\/\/ttr.works\/de\/reinigen-sie-ihren-druckkopf-regelmaessig\/\"><img decoding=\"async\" width=\"988\" height=\"323\" data-src=\"https:\/\/ttr.works\/wp-content\/uploads\/4URP-Homepage-Banner-2-1.png\" alt=\"\" class=\"wp-image-22879 size-full lazyload\" data-srcset=\"https:\/\/ttr.works\/wp-content\/uploads\/4URP-Homepage-Banner-2-1.png 988w, https:\/\/ttr.works\/wp-content\/uploads\/4URP-Homepage-Banner-2-1-300x98.png 300w, https:\/\/ttr.works\/wp-content\/uploads\/4URP-Homepage-Banner-2-1-768x251.png 768w\" data-sizes=\"(max-width: 988px) 100vw, 988px\" src=\"data:image\/svg+xml;base64,PHN2ZyB3aWR0aD0iMSIgaGVpZ2h0PSIxIiB4bWxucz0iaHR0cDovL3d3dy53My5vcmcvMjAwMC9zdmciPjwvc3ZnPg==\" style=\"--smush-placeholder-width: 988px; --smush-placeholder-aspect-ratio: 988\/323;\" \/><\/a><\/figure><div class=\"wp-block-media-text__content\">\n<p><a href=\"https:\/\/hs.ttreuroworks.com\/rewards-program\" target=\"_blank\" rel=\"noreferrer noopener\"><strong>Punkte sammeln f\u00fcr Ihre eigenen Rabatt<\/strong><\/a>: Bei jedem Kauf von Druckk\u00f6pfen und Druckern sammeln Sie automatisch Punkte. Es ist 100 % kostenlos und Sie m\u00fcssen nichts weiter tun, au\u00dfer sich anzumelden. Am Ende jedes Quartals erhalten Sie einen exklusiven Rabattcode basierend auf den gesammelten Punkten.<\/p>\n<\/div><\/div>\n\n\n\n<div style=\"height:65px\" aria-hidden=\"true\" class=\"wp-block-spacer\"><\/div>\n\n\n\n<p class=\"has-text-align-center\">*<em>Alle genannten Unternehmens- und Produktnamen sind Marken, eingetragene Marken oder urheberrechtlich gesch\u00fctzt und geh\u00f6ren ihren jeweiligen Inhabern. TTR Euroworks BV erhebt weder ausdr\u00fccklich noch stillschweigend den Anspruch, mit einem dieser Unternehmen oder eingetragenen Markennamen in Verbindung zu stehen oder diese zu vertreten.<\/em><\/p>\n","protected":false},"excerpt":{"rendered":"<p>Wir liefern originale und alternative Druckk\u00f6pfe \/ Thermoleisten an Kunden weltweit. Mit durchschnittlich 6.000 Druckk\u00f6pfen auf Lager versuchen wir, die meisten Bestellungen innerhalb von zwei Tagen zu liefern. Dies umfasst Ersatzdruckk\u00f6pfe f\u00fcr alle Desktop-, Industrie- und TTO-Drucker. Sie sind bei uns an der richtigen Adresse f\u00fcr druckk\u00f6pfe von Marken wie ALLEN\u00ae, Argox\u00ae, Avery\u00ae, Bizerba\u00ae, CAB\u00ae, [&hellip;]<\/p>\n","protected":false},"author":1,"featured_media":0,"parent":0,"menu_order":0,"comment_status":"closed","ping_status":"closed","template":"template-product.php","meta":{"_acf_changed":false,"content-type":"","footnotes":""},"categories":[],"tags":[264],"class_list":["post-4122","page","type-page","status-publish","hentry","tag-product-de"],"acf":[],"yoast_head":"<!-- This site is optimized with the Yoast SEO plugin v25.9 - https:\/\/yoast.com\/wordpress\/plugins\/seo\/ -->\n<title>Thermodruckk\u00f6pfe - TTR Euroworks<\/title>\n<meta name=\"description\" content=\"Gr\u00f6\u00dfter globaler Anbieter von Thermodruckk\u00f6pfen \u2713 Original- und OEM-Druckk\u00f6pfe (Excellence Pro) \u2713 \u00dcber 6000 Druckk\u00f6pfe auf Lager\" \/>\n<meta name=\"robots\" content=\"index, follow, max-snippet:-1, max-image-preview:large, max-video-preview:-1\" \/>\n<link rel=\"canonical\" href=\"https:\/\/ttr.works\/de\/thermal-printheads\/\" \/>\n<meta property=\"og:locale\" content=\"de_DE\" \/>\n<meta property=\"og:type\" content=\"article\" \/>\n<meta property=\"og:title\" content=\"Thermodruckk\u00f6pfe - TTR Euroworks\" \/>\n<meta property=\"og:description\" content=\"Gr\u00f6\u00dfter globaler Anbieter von Thermodruckk\u00f6pfen \u2713 Original- und OEM-Druckk\u00f6pfe (Excellence Pro) \u2713 \u00dcber 6000 Druckk\u00f6pfe auf Lager\" \/>\n<meta property=\"og:url\" content=\"https:\/\/ttr.works\/de\/thermal-printheads\/\" \/>\n<meta property=\"og:site_name\" content=\"TTR Euroworks\" \/>\n<meta property=\"article:modified_time\" content=\"2026-02-20T13:14:32+00:00\" \/>\n<meta property=\"og:image\" content=\"https:\/\/ttr.works\/wp-content\/uploads\/printhead-example_with-space-1.png\" \/>\n<meta name=\"twitter:card\" content=\"summary_large_image\" \/>\n<meta name=\"twitter:label1\" content=\"Gesch\u00e4tzte Lesezeit\" \/>\n\t<meta name=\"twitter:data1\" content=\"3\u00a0Minuten\" \/>\n<script type=\"application\/ld+json\" class=\"yoast-schema-graph\">{\"@context\":\"https:\/\/schema.org\",\"@graph\":[{\"@type\":\"WebPage\",\"@id\":\"https:\/\/ttr.works\/de\/thermal-printheads\/\",\"url\":\"https:\/\/ttr.works\/de\/thermal-printheads\/\",\"name\":\"Thermodruckk\u00f6pfe - TTR Euroworks\",\"isPartOf\":{\"@id\":\"https:\/\/ttr.works\/de\/#website\"},\"primaryImageOfPage\":{\"@id\":\"https:\/\/ttr.works\/de\/thermal-printheads\/#primaryimage\"},\"image\":{\"@id\":\"https:\/\/ttr.works\/de\/thermal-printheads\/#primaryimage\"},\"thumbnailUrl\":\"https:\/\/ttr.works\/wp-content\/uploads\/printhead-example_with-space-1.png\",\"datePublished\":\"2020-09-14T13:23:17+00:00\",\"dateModified\":\"2026-02-20T13:14:32+00:00\",\"description\":\"Gr\u00f6\u00dfter globaler Anbieter von Thermodruckk\u00f6pfen \u2713 Original- und OEM-Druckk\u00f6pfe (Excellence Pro) \u2713 \u00dcber 6000 Druckk\u00f6pfe auf Lager\",\"breadcrumb\":{\"@id\":\"https:\/\/ttr.works\/de\/thermal-printheads\/#breadcrumb\"},\"inLanguage\":\"de\",\"potentialAction\":[{\"@type\":\"ReadAction\",\"target\":[\"https:\/\/ttr.works\/de\/thermal-printheads\/\"]}]},{\"@type\":\"ImageObject\",\"inLanguage\":\"de\",\"@id\":\"https:\/\/ttr.works\/de\/thermal-printheads\/#primaryimage\",\"url\":\"https:\/\/ttr.works\/wp-content\/uploads\/printhead-example_with-space-1.png\",\"contentUrl\":\"https:\/\/ttr.works\/wp-content\/uploads\/printhead-example_with-space-1.png\"},{\"@type\":\"BreadcrumbList\",\"@id\":\"https:\/\/ttr.works\/de\/thermal-printheads\/#breadcrumb\",\"itemListElement\":[{\"@type\":\"ListItem\",\"position\":1,\"name\":\"Home\",\"item\":\"https:\/\/ttr.works\/de\/startseite\/\"},{\"@type\":\"ListItem\",\"position\":2,\"name\":\"Thermodruckk\u00f6pfe\"}]},{\"@type\":\"WebSite\",\"@id\":\"https:\/\/ttr.works\/de\/#website\",\"url\":\"https:\/\/ttr.works\/de\/\",\"name\":\"TTR Euroworks\",\"description\":\"Your ttr partner\",\"potentialAction\":[{\"@type\":\"SearchAction\",\"target\":{\"@type\":\"EntryPoint\",\"urlTemplate\":\"https:\/\/ttr.works\/de\/?s={search_term_string}\"},\"query-input\":{\"@type\":\"PropertyValueSpecification\",\"valueRequired\":true,\"valueName\":\"search_term_string\"}}],\"inLanguage\":\"de\"}]}<\/script>\n<!-- \/ Yoast SEO plugin. -->","yoast_head_json":{"title":"Thermodruckk\u00f6pfe - TTR Euroworks","description":"Gr\u00f6\u00dfter globaler Anbieter von Thermodruckk\u00f6pfen \u2713 Original- und OEM-Druckk\u00f6pfe (Excellence Pro) \u2713 \u00dcber 6000 Druckk\u00f6pfe auf Lager","robots":{"index":"index","follow":"follow","max-snippet":"max-snippet:-1","max-image-preview":"max-image-preview:large","max-video-preview":"max-video-preview:-1"},"canonical":"https:\/\/ttr.works\/de\/thermal-printheads\/","og_locale":"de_DE","og_type":"article","og_title":"Thermodruckk\u00f6pfe - TTR Euroworks","og_description":"Gr\u00f6\u00dfter globaler Anbieter von Thermodruckk\u00f6pfen \u2713 Original- und OEM-Druckk\u00f6pfe (Excellence Pro) \u2713 \u00dcber 6000 Druckk\u00f6pfe auf Lager","og_url":"https:\/\/ttr.works\/de\/thermal-printheads\/","og_site_name":"TTR Euroworks","article_modified_time":"2026-02-20T13:14:32+00:00","og_image":[{"url":"https:\/\/ttr.works\/wp-content\/uploads\/printhead-example_with-space-1.png","type":"","width":"","height":""}],"twitter_card":"summary_large_image","twitter_misc":{"Gesch\u00e4tzte Lesezeit":"3\u00a0Minuten"},"schema":{"@context":"https:\/\/schema.org","@graph":[{"@type":"WebPage","@id":"https:\/\/ttr.works\/de\/thermal-printheads\/","url":"https:\/\/ttr.works\/de\/thermal-printheads\/","name":"Thermodruckk\u00f6pfe - TTR Euroworks","isPartOf":{"@id":"https:\/\/ttr.works\/de\/#website"},"primaryImageOfPage":{"@id":"https:\/\/ttr.works\/de\/thermal-printheads\/#primaryimage"},"image":{"@id":"https:\/\/ttr.works\/de\/thermal-printheads\/#primaryimage"},"thumbnailUrl":"https:\/\/ttr.works\/wp-content\/uploads\/printhead-example_with-space-1.png","datePublished":"2020-09-14T13:23:17+00:00","dateModified":"2026-02-20T13:14:32+00:00","description":"Gr\u00f6\u00dfter globaler Anbieter von Thermodruckk\u00f6pfen \u2713 Original- und OEM-Druckk\u00f6pfe (Excellence Pro) \u2713 \u00dcber 6000 Druckk\u00f6pfe auf Lager","breadcrumb":{"@id":"https:\/\/ttr.works\/de\/thermal-printheads\/#breadcrumb"},"inLanguage":"de","potentialAction":[{"@type":"ReadAction","target":["https:\/\/ttr.works\/de\/thermal-printheads\/"]}]},{"@type":"ImageObject","inLanguage":"de","@id":"https:\/\/ttr.works\/de\/thermal-printheads\/#primaryimage","url":"https:\/\/ttr.works\/wp-content\/uploads\/printhead-example_with-space-1.png","contentUrl":"https:\/\/ttr.works\/wp-content\/uploads\/printhead-example_with-space-1.png"},{"@type":"BreadcrumbList","@id":"https:\/\/ttr.works\/de\/thermal-printheads\/#breadcrumb","itemListElement":[{"@type":"ListItem","position":1,"name":"Home","item":"https:\/\/ttr.works\/de\/startseite\/"},{"@type":"ListItem","position":2,"name":"Thermodruckk\u00f6pfe"}]},{"@type":"WebSite","@id":"https:\/\/ttr.works\/de\/#website","url":"https:\/\/ttr.works\/de\/","name":"TTR Euroworks","description":"Your ttr partner","potentialAction":[{"@type":"SearchAction","target":{"@type":"EntryPoint","urlTemplate":"https:\/\/ttr.works\/de\/?s={search_term_string}"},"query-input":{"@type":"PropertyValueSpecification","valueRequired":true,"valueName":"search_term_string"}}],"inLanguage":"de"}]}},"_links":{"self":[{"href":"https:\/\/ttr.works\/de\/wp-json\/wp\/v2\/pages\/4122","targetHints":{"allow":["GET"]}}],"collection":[{"href":"https:\/\/ttr.works\/de\/wp-json\/wp\/v2\/pages"}],"about":[{"href":"https:\/\/ttr.works\/de\/wp-json\/wp\/v2\/types\/page"}],"author":[{"embeddable":true,"href":"https:\/\/ttr.works\/de\/wp-json\/wp\/v2\/users\/1"}],"replies":[{"embeddable":true,"href":"https:\/\/ttr.works\/de\/wp-json\/wp\/v2\/comments?post=4122"}],"version-history":[{"count":25,"href":"https:\/\/ttr.works\/de\/wp-json\/wp\/v2\/pages\/4122\/revisions"}],"predecessor-version":[{"id":30471,"href":"https:\/\/ttr.works\/de\/wp-json\/wp\/v2\/pages\/4122\/revisions\/30471"}],"wp:attachment":[{"href":"https:\/\/ttr.works\/de\/wp-json\/wp\/v2\/media?parent=4122"}],"wp:term":[{"taxonomy":"category","embeddable":true,"href":"https:\/\/ttr.works\/de\/wp-json\/wp\/v2\/categories?post=4122"},{"taxonomy":"post_tag","embeddable":true,"href":"https:\/\/ttr.works\/de\/wp-json\/wp\/v2\/tags?post=4122"}],"curies":[{"name":"wp","href":"https:\/\/api.w.org\/{rel}","templated":true}]}}