{"id":4130,"date":"2020-11-18T10:23:47","date_gmt":"2020-11-18T10:23:47","guid":{"rendered":"https:\/\/ttr.works\/?page_id=4130"},"modified":"2026-04-02T12:11:11","modified_gmt":"2026-04-02T12:11:11","slug":"thermotransfer-farbbaender","status":"publish","type":"page","link":"https:\/\/ttr.works\/de\/thermotransfer-farbbaender\/","title":{"rendered":"Zertifizierte Farbb\u00e4nder f\u00fcr Barcode-Drucker und TTO"},"content":{"rendered":"<div class=\"wp-block-image is-resized\">\n<figure class=\"alignright size-full\"><img decoding=\"async\" width=\"858\" height=\"520\" data-src=\"https:\/\/ttr.works\/wp-content\/uploads\/TTR-Ribbon-webpagina.png\" alt=\"\" class=\"wp-image-31143 lazyload\" style=\"--smush-placeholder-width: 858px; --smush-placeholder-aspect-ratio: 858\/520;width:422px;height:auto\" data-srcset=\"https:\/\/ttr.works\/wp-content\/uploads\/TTR-Ribbon-webpagina.png 858w, https:\/\/ttr.works\/wp-content\/uploads\/TTR-Ribbon-webpagina-300x182.png 300w, https:\/\/ttr.works\/wp-content\/uploads\/TTR-Ribbon-webpagina-768x465.png 768w\" data-sizes=\"(max-width: 858px) 100vw, 858px\" src=\"data:image\/svg+xml;base64,PHN2ZyB3aWR0aD0iMSIgaGVpZ2h0PSIxIiB4bWxucz0iaHR0cDovL3d3dy53My5vcmcvMjAwMC9zdmciPjwvc3ZnPg==\" \/><\/figure><\/div>\n\n\n<p>In den letzten 30 Jahren haben wir umfangreiche Expertise im Bereich Thermal Transfer Farbb\u00e4nder f\u00fcr jede Marke von Flathead-, TTO- und Near-Edge-Druckern aufgebaut.<\/p>\n\n\n\n<p>Mit Produktionsstandorten in den Niederlanden und im VK liefern wir eine gleichbleibend hohe Druckqualit\u00e4t, kombiniert mit der Flexibilit\u00e4t und Geschwindigkeit, auf die Unternehmen heute angewiesen sind.<\/p>\n\n\n\n<p>Von Wax bis Resin ist jede Qualit\u00e4t sowohl in einer Value- als auch in einer Premium-Version erh\u00e4ltlich, sodass Sie Leistung und Kosten optimal ausbalancieren k\u00f6nnen. <\/p>\n\n\n\n<p>Mit dem neuen <strong><a href=\"https:\/\/ttr.works\/wp-content\/uploads\/Ribbon-selection-guide_TTR-NL.pdf\" data-type=\"link\" data-id=\"https:\/\/ttr.works\/wp-content\/uploads\/Ribbon-selection-guide_TTR-NL.pdf\" target=\"_blank\" rel=\"noreferrer noopener\">Farbband-Auswahlhilfe<\/a> <\/strong>finden Sie ganz einfach das passende 4U Farbband nach Druckermodell, Material oder alternativem Farbbandhersteller. F\u00fcr den Druck von Pflegeetiketten auf Textilien bieten wir au\u00dferdem eine spezielle L\u00f6sung mit unseren <a href=\"https:\/\/ttr.works\/de\/textilbaender\/\" target=\"_blank\" rel=\"noreferrer noopener\"><strong>4U Resin Textile Farbb\u00e4ndern<\/strong><\/a>.<\/p>\n\n\n\n<p>Alle 4U-B\u00e4nder sind <strong>ISEGA-zertifiziert<\/strong> f\u00fcr den indirekten Kontakt mit Lebensmitteln. Die entsprechenden Unterlagen sind auf Anfrage erh\u00e4ltlich.<\/p>\n\n\n\n<div class=\"wp-block-spacer\" style=\"height: 120px;\" aria-hidden=\"true\"><a class=\"link-btn\" href=\"https:\/\/ttr.works\/de\/ttr-ist-fuer-sie-da\/\">Vorteile f\u00fcr Wiederverk\u00e4ufer<\/a><a class=\"link-btn second\" href=\"https:\/\/ttr.works\/de\/kontakt\/\">Preis anfragen<\/a><\/div>\n\n\n\n<p>Erfahren Sie, wie wir Ihr Unternehmen unterst\u00fctzen, oder fordern Sie direkt ein Angebot an.<\/p>\n\n\n\n<div style=\"height:28px\" aria-hidden=\"true\" class=\"wp-block-spacer\"><\/div>\n","protected":false},"excerpt":{"rendered":"<p>In den letzten 30 Jahren haben wir umfangreiche Expertise im Bereich Thermal Transfer Farbb\u00e4nder f\u00fcr jede Marke von Flathead-, TTO- und Near-Edge-Druckern aufgebaut. Mit Produktionsstandorten in den Niederlanden und im VK liefern wir eine gleichbleibend hohe Druckqualit\u00e4t, kombiniert mit der Flexibilit\u00e4t und Geschwindigkeit, auf die Unternehmen heute angewiesen sind. Von Wax bis Resin ist jede [&hellip;]<\/p>\n","protected":false},"author":1,"featured_media":0,"parent":0,"menu_order":0,"comment_status":"closed","ping_status":"closed","template":"template-product.php","meta":{"_acf_changed":false,"content-type":"","footnotes":""},"categories":[],"tags":[264],"class_list":["post-4130","page","type-page","status-publish","hentry","tag-product-de"],"acf":[],"yoast_head":"<!-- This site is optimized with the Yoast SEO plugin v25.9 - https:\/\/yoast.com\/wordpress\/plugins\/seo\/ -->\n<title>Zertifizierte Farbb\u00e4nder f\u00fcr Barcode-Drucker und TTO - TTR Euroworks<\/title>\n<meta name=\"description\" content=\"25 Jahre Erfahrung in Thermotransferb\u00e4nder \u2713 4U-Farbb\u00e4nder \u2713 Wachs \u2713 Wachs-Harz \u2713 Harz \u2713 Harz-Farbband f\u00fcr Textilien\" \/>\n<meta name=\"robots\" content=\"index, follow, max-snippet:-1, max-image-preview:large, max-video-preview:-1\" \/>\n<link rel=\"canonical\" href=\"https:\/\/ttr.works\/de\/thermotransfer-farbbaender\/\" \/>\n<meta property=\"og:locale\" content=\"de_DE\" \/>\n<meta property=\"og:type\" content=\"article\" \/>\n<meta property=\"og:title\" content=\"Zertifizierte Farbb\u00e4nder f\u00fcr Barcode-Drucker und TTO - TTR Euroworks\" \/>\n<meta property=\"og:description\" content=\"25 Jahre Erfahrung in Thermotransferb\u00e4nder \u2713 4U-Farbb\u00e4nder \u2713 Wachs \u2713 Wachs-Harz \u2713 Harz \u2713 Harz-Farbband f\u00fcr Textilien\" \/>\n<meta property=\"og:url\" content=\"https:\/\/ttr.works\/de\/thermotransfer-farbbaender\/\" \/>\n<meta property=\"og:site_name\" content=\"TTR Euroworks\" \/>\n<meta property=\"article:modified_time\" content=\"2026-04-02T12:11:11+00:00\" \/>\n<meta property=\"og:image\" content=\"https:\/\/ttr.works\/wp-content\/uploads\/ribbons-nieuw-logo-292x300.png\" \/>\n<meta name=\"twitter:card\" content=\"summary_large_image\" \/>\n<meta name=\"twitter:label1\" content=\"Gesch\u00e4tzte Lesezeit\" \/>\n\t<meta name=\"twitter:data1\" content=\"2\u00a0Minuten\" \/>\n<script type=\"application\/ld+json\" class=\"yoast-schema-graph\">{\"@context\":\"https:\/\/schema.org\",\"@graph\":[{\"@type\":\"WebPage\",\"@id\":\"https:\/\/ttr.works\/de\/thermotransfer-farbbaender\/\",\"url\":\"https:\/\/ttr.works\/de\/thermotransfer-farbbaender\/\",\"name\":\"Zertifizierte Farbb\u00e4nder f\u00fcr Barcode-Drucker und TTO - TTR Euroworks\",\"isPartOf\":{\"@id\":\"https:\/\/ttr.works\/de\/#website\"},\"primaryImageOfPage\":{\"@id\":\"https:\/\/ttr.works\/de\/thermotransfer-farbbaender\/#primaryimage\"},\"image\":{\"@id\":\"https:\/\/ttr.works\/de\/thermotransfer-farbbaender\/#primaryimage\"},\"thumbnailUrl\":\"https:\/\/ttr.works\/wp-content\/uploads\/TTR-Ribbon-webpagina.png\",\"datePublished\":\"2020-11-18T10:23:47+00:00\",\"dateModified\":\"2026-04-02T12:11:11+00:00\",\"description\":\"25 Jahre Erfahrung in Thermotransferb\u00e4nder \u2713 4U-Farbb\u00e4nder \u2713 Wachs \u2713 Wachs-Harz \u2713 Harz \u2713 Harz-Farbband f\u00fcr Textilien\",\"breadcrumb\":{\"@id\":\"https:\/\/ttr.works\/de\/thermotransfer-farbbaender\/#breadcrumb\"},\"inLanguage\":\"de\",\"potentialAction\":[{\"@type\":\"ReadAction\",\"target\":[\"https:\/\/ttr.works\/de\/thermotransfer-farbbaender\/\"]}]},{\"@type\":\"ImageObject\",\"inLanguage\":\"de\",\"@id\":\"https:\/\/ttr.works\/de\/thermotransfer-farbbaender\/#primaryimage\",\"url\":\"https:\/\/ttr.works\/wp-content\/uploads\/TTR-Ribbon-webpagina.png\",\"contentUrl\":\"https:\/\/ttr.works\/wp-content\/uploads\/TTR-Ribbon-webpagina.png\"},{\"@type\":\"BreadcrumbList\",\"@id\":\"https:\/\/ttr.works\/de\/thermotransfer-farbbaender\/#breadcrumb\",\"itemListElement\":[{\"@type\":\"ListItem\",\"position\":1,\"name\":\"Home\",\"item\":\"https:\/\/ttr.works\/de\/startseite\/\"},{\"@type\":\"ListItem\",\"position\":2,\"name\":\"Thermotransferb\u00e4nder zu den besten Preisen\"}]},{\"@type\":\"WebSite\",\"@id\":\"https:\/\/ttr.works\/de\/#website\",\"url\":\"https:\/\/ttr.works\/de\/\",\"name\":\"TTR Euroworks\",\"description\":\"Your ttr partner\",\"potentialAction\":[{\"@type\":\"SearchAction\",\"target\":{\"@type\":\"EntryPoint\",\"urlTemplate\":\"https:\/\/ttr.works\/de\/?s={search_term_string}\"},\"query-input\":{\"@type\":\"PropertyValueSpecification\",\"valueRequired\":true,\"valueName\":\"search_term_string\"}}],\"inLanguage\":\"de\"}]}<\/script>\n<!-- \/ Yoast SEO plugin. -->","yoast_head_json":{"title":"Zertifizierte Farbb\u00e4nder f\u00fcr Barcode-Drucker und TTO - TTR Euroworks","description":"25 Jahre Erfahrung in Thermotransferb\u00e4nder \u2713 4U-Farbb\u00e4nder \u2713 Wachs \u2713 Wachs-Harz \u2713 Harz \u2713 Harz-Farbband f\u00fcr Textilien","robots":{"index":"index","follow":"follow","max-snippet":"max-snippet:-1","max-image-preview":"max-image-preview:large","max-video-preview":"max-video-preview:-1"},"canonical":"https:\/\/ttr.works\/de\/thermotransfer-farbbaender\/","og_locale":"de_DE","og_type":"article","og_title":"Zertifizierte Farbb\u00e4nder f\u00fcr Barcode-Drucker und TTO - TTR Euroworks","og_description":"25 Jahre Erfahrung in Thermotransferb\u00e4nder \u2713 4U-Farbb\u00e4nder \u2713 Wachs \u2713 Wachs-Harz \u2713 Harz \u2713 Harz-Farbband f\u00fcr Textilien","og_url":"https:\/\/ttr.works\/de\/thermotransfer-farbbaender\/","og_site_name":"TTR Euroworks","article_modified_time":"2026-04-02T12:11:11+00:00","og_image":[{"url":"https:\/\/ttr.works\/wp-content\/uploads\/ribbons-nieuw-logo-292x300.png","type":"","width":"","height":""}],"twitter_card":"summary_large_image","twitter_misc":{"Gesch\u00e4tzte Lesezeit":"2\u00a0Minuten"},"schema":{"@context":"https:\/\/schema.org","@graph":[{"@type":"WebPage","@id":"https:\/\/ttr.works\/de\/thermotransfer-farbbaender\/","url":"https:\/\/ttr.works\/de\/thermotransfer-farbbaender\/","name":"Zertifizierte Farbb\u00e4nder f\u00fcr Barcode-Drucker und TTO - TTR Euroworks","isPartOf":{"@id":"https:\/\/ttr.works\/de\/#website"},"primaryImageOfPage":{"@id":"https:\/\/ttr.works\/de\/thermotransfer-farbbaender\/#primaryimage"},"image":{"@id":"https:\/\/ttr.works\/de\/thermotransfer-farbbaender\/#primaryimage"},"thumbnailUrl":"https:\/\/ttr.works\/wp-content\/uploads\/TTR-Ribbon-webpagina.png","datePublished":"2020-11-18T10:23:47+00:00","dateModified":"2026-04-02T12:11:11+00:00","description":"25 Jahre Erfahrung in Thermotransferb\u00e4nder \u2713 4U-Farbb\u00e4nder \u2713 Wachs \u2713 Wachs-Harz \u2713 Harz \u2713 Harz-Farbband f\u00fcr Textilien","breadcrumb":{"@id":"https:\/\/ttr.works\/de\/thermotransfer-farbbaender\/#breadcrumb"},"inLanguage":"de","potentialAction":[{"@type":"ReadAction","target":["https:\/\/ttr.works\/de\/thermotransfer-farbbaender\/"]}]},{"@type":"ImageObject","inLanguage":"de","@id":"https:\/\/ttr.works\/de\/thermotransfer-farbbaender\/#primaryimage","url":"https:\/\/ttr.works\/wp-content\/uploads\/TTR-Ribbon-webpagina.png","contentUrl":"https:\/\/ttr.works\/wp-content\/uploads\/TTR-Ribbon-webpagina.png"},{"@type":"BreadcrumbList","@id":"https:\/\/ttr.works\/de\/thermotransfer-farbbaender\/#breadcrumb","itemListElement":[{"@type":"ListItem","position":1,"name":"Home","item":"https:\/\/ttr.works\/de\/startseite\/"},{"@type":"ListItem","position":2,"name":"Thermotransferb\u00e4nder zu den besten Preisen"}]},{"@type":"WebSite","@id":"https:\/\/ttr.works\/de\/#website","url":"https:\/\/ttr.works\/de\/","name":"TTR Euroworks","description":"Your ttr partner","potentialAction":[{"@type":"SearchAction","target":{"@type":"EntryPoint","urlTemplate":"https:\/\/ttr.works\/de\/?s={search_term_string}"},"query-input":{"@type":"PropertyValueSpecification","valueRequired":true,"valueName":"search_term_string"}}],"inLanguage":"de"}]}},"_links":{"self":[{"href":"https:\/\/ttr.works\/de\/wp-json\/wp\/v2\/pages\/4130","targetHints":{"allow":["GET"]}}],"collection":[{"href":"https:\/\/ttr.works\/de\/wp-json\/wp\/v2\/pages"}],"about":[{"href":"https:\/\/ttr.works\/de\/wp-json\/wp\/v2\/types\/page"}],"author":[{"embeddable":true,"href":"https:\/\/ttr.works\/de\/wp-json\/wp\/v2\/users\/1"}],"replies":[{"embeddable":true,"href":"https:\/\/ttr.works\/de\/wp-json\/wp\/v2\/comments?post=4130"}],"version-history":[{"count":44,"href":"https:\/\/ttr.works\/de\/wp-json\/wp\/v2\/pages\/4130\/revisions"}],"predecessor-version":[{"id":31406,"href":"https:\/\/ttr.works\/de\/wp-json\/wp\/v2\/pages\/4130\/revisions\/31406"}],"wp:attachment":[{"href":"https:\/\/ttr.works\/de\/wp-json\/wp\/v2\/media?parent=4130"}],"wp:term":[{"taxonomy":"category","embeddable":true,"href":"https:\/\/ttr.works\/de\/wp-json\/wp\/v2\/categories?post=4130"},{"taxonomy":"post_tag","embeddable":true,"href":"https:\/\/ttr.works\/de\/wp-json\/wp\/v2\/tags?post=4130"}],"curies":[{"name":"wp","href":"https:\/\/api.w.org\/{rel}","templated":true}]}}