{"id":4157,"date":"2020-11-18T10:39:07","date_gmt":"2020-11-18T10:39:07","guid":{"rendered":"https:\/\/ttr.works\/?page_id=4157"},"modified":"2021-12-21T16:26:24","modified_gmt":"2021-12-21T16:26:24","slug":"harz-farbband","status":"publish","type":"page","link":"https:\/\/ttr.works\/de\/thermotransfer-farbbaender\/harz-farbband\/","title":{"rendered":"Harz-Farbband"},"content":{"rendered":"\n<h2 class=\"wp-block-heading\">R4U Harz-Farbband f\u00fcr Thermotransferdruck<\/h2>\n\n\n\n<p>Harz-Farbb\u00e4nder sind in Anwendungsbereichen erforderlich, in denen eine hervorragende Best\u00e4ndigkeit gegen\u00fcber mechanischer Einwirkung und gegen\u00fcber L\u00f6sungsmitteln ben\u00f6tigt wird. Sie eignen sich f\u00fcr das Drucken auf den meisten synthetischen Materialien, wie PVC, PET und PP, sowie auf mattem und glanzbeschichtetem Papier. Da die B\u00e4nder eine wesentlich h\u00f6here Schmelztemperatur haben, geht die Tinte beim Aufl\u00f6sen unmittelbar in das Druckmaterial \u00fcber, wodurch das Druckbild \u00fcberaus dauerhaft und best\u00e4ndig ist.<\/p>\n\n\n\n<a href=\"\/?page_id=220\" class=\"link-btn\">Angebot anfordern <i class=\"fal fa-chevron-right\"><\/i><\/a><a href=\"https:\/\/ttr.works\/wp-content\/uploads\/stock-list.pdf\" target=\"_blank\" class=\"link-btn second\" rel=\"noopener\">Lagerliste herunterladen <i class=\"fal fa-chevron-right\"><\/i><\/a>\n\n\n\n<h3 class=\"wp-block-heading\">Produkte<\/h3>\n\n\n\n<p>Schauen Sie sich in Ruhe unser Farbband-Sortiment f\u00fcr Flat-Head-Drucker oder Near-Edge-Drucker an.<\/p>\n","protected":false},"excerpt":{"rendered":"<p>R4U Harz-Farbband f\u00fcr Thermotransferdruck Harz-Farbb\u00e4nder sind in Anwendungsbereichen erforderlich, in denen eine hervorragende Best\u00e4ndigkeit gegen\u00fcber mechanischer Einwirkung und gegen\u00fcber L\u00f6sungsmitteln ben\u00f6tigt wird. Sie eignen sich f\u00fcr das Drucken auf den meisten synthetischen Materialien, wie PVC, PET und PP, sowie auf mattem und glanzbeschichtetem Papier. Da die B\u00e4nder eine wesentlich h\u00f6here Schmelztemperatur haben, geht die Tinte [&hellip;]<\/p>\n","protected":false},"author":1,"featured_media":0,"parent":4130,"menu_order":0,"comment_status":"closed","ping_status":"closed","template":"template-4u.php","meta":{"_acf_changed":false,"content-type":"","footnotes":""},"categories":[],"tags":[264],"class_list":["post-4157","page","type-page","status-publish","hentry","tag-product-de"],"acf":[],"yoast_head":"<!-- This site is optimized with the Yoast SEO plugin v25.9 - https:\/\/yoast.com\/wordpress\/plugins\/seo\/ -->\n<title>Harz-Farbband - TTR Euroworks<\/title>\n<meta name=\"description\" content=\"Harz-Farbband f\u00fcr Thermotransferdruck \u2713 F\u00fcr das Drucken auf den meisten synthetischen Materialien, wie PVC, PET und PP\" \/>\n<meta name=\"robots\" content=\"index, follow, max-snippet:-1, max-image-preview:large, max-video-preview:-1\" \/>\n<link rel=\"canonical\" href=\"https:\/\/ttr.works\/de\/thermotransfer-farbbaender\/harz-farbband\/\" \/>\n<meta property=\"og:locale\" content=\"de_DE\" \/>\n<meta property=\"og:type\" content=\"article\" \/>\n<meta property=\"og:title\" content=\"Harz-Farbband - TTR Euroworks\" \/>\n<meta property=\"og:description\" content=\"Harz-Farbband f\u00fcr Thermotransferdruck \u2713 F\u00fcr das Drucken auf den meisten synthetischen Materialien, wie PVC, PET und PP\" \/>\n<meta property=\"og:url\" content=\"https:\/\/ttr.works\/de\/thermotransfer-farbbaender\/harz-farbband\/\" \/>\n<meta property=\"og:site_name\" content=\"TTR Euroworks\" \/>\n<meta property=\"article:modified_time\" content=\"2021-12-21T16:26:24+00:00\" \/>\n<meta name=\"twitter:card\" content=\"summary_large_image\" \/>\n<meta name=\"twitter:label1\" content=\"Gesch\u00e4tzte Lesezeit\" \/>\n\t<meta name=\"twitter:data1\" content=\"1\u00a0Minute\" \/>\n<script type=\"application\/ld+json\" class=\"yoast-schema-graph\">{\"@context\":\"https:\/\/schema.org\",\"@graph\":[{\"@type\":\"WebPage\",\"@id\":\"https:\/\/ttr.works\/de\/thermotransfer-farbbaender\/harz-farbband\/\",\"url\":\"https:\/\/ttr.works\/de\/thermotransfer-farbbaender\/harz-farbband\/\",\"name\":\"Harz-Farbband - TTR Euroworks\",\"isPartOf\":{\"@id\":\"https:\/\/ttr.works\/de\/#website\"},\"datePublished\":\"2020-11-18T10:39:07+00:00\",\"dateModified\":\"2021-12-21T16:26:24+00:00\",\"description\":\"Harz-Farbband f\u00fcr Thermotransferdruck \u2713 F\u00fcr das Drucken auf den meisten synthetischen Materialien, wie PVC, PET und PP\",\"breadcrumb\":{\"@id\":\"https:\/\/ttr.works\/de\/thermotransfer-farbbaender\/harz-farbband\/#breadcrumb\"},\"inLanguage\":\"de\",\"potentialAction\":[{\"@type\":\"ReadAction\",\"target\":[\"https:\/\/ttr.works\/de\/thermotransfer-farbbaender\/harz-farbband\/\"]}]},{\"@type\":\"BreadcrumbList\",\"@id\":\"https:\/\/ttr.works\/de\/thermotransfer-farbbaender\/harz-farbband\/#breadcrumb\",\"itemListElement\":[{\"@type\":\"ListItem\",\"position\":1,\"name\":\"Home\",\"item\":\"https:\/\/ttr.works\/de\/startseite\/\"},{\"@type\":\"ListItem\",\"position\":2,\"name\":\"Thermotransferb\u00e4nder zu den besten Preisen\",\"item\":\"https:\/\/ttr.works\/de\/thermotransfer-farbbaender\/\"},{\"@type\":\"ListItem\",\"position\":3,\"name\":\"Harz-Farbband\"}]},{\"@type\":\"WebSite\",\"@id\":\"https:\/\/ttr.works\/de\/#website\",\"url\":\"https:\/\/ttr.works\/de\/\",\"name\":\"TTR Euroworks\",\"description\":\"Your ttr partner\",\"potentialAction\":[{\"@type\":\"SearchAction\",\"target\":{\"@type\":\"EntryPoint\",\"urlTemplate\":\"https:\/\/ttr.works\/de\/?s={search_term_string}\"},\"query-input\":{\"@type\":\"PropertyValueSpecification\",\"valueRequired\":true,\"valueName\":\"search_term_string\"}}],\"inLanguage\":\"de\"}]}<\/script>\n<!-- \/ Yoast SEO plugin. -->","yoast_head_json":{"title":"Harz-Farbband - TTR Euroworks","description":"Harz-Farbband f\u00fcr Thermotransferdruck \u2713 F\u00fcr das Drucken auf den meisten synthetischen Materialien, wie PVC, PET und PP","robots":{"index":"index","follow":"follow","max-snippet":"max-snippet:-1","max-image-preview":"max-image-preview:large","max-video-preview":"max-video-preview:-1"},"canonical":"https:\/\/ttr.works\/de\/thermotransfer-farbbaender\/harz-farbband\/","og_locale":"de_DE","og_type":"article","og_title":"Harz-Farbband - TTR Euroworks","og_description":"Harz-Farbband f\u00fcr Thermotransferdruck \u2713 F\u00fcr das Drucken auf den meisten synthetischen Materialien, wie PVC, PET und PP","og_url":"https:\/\/ttr.works\/de\/thermotransfer-farbbaender\/harz-farbband\/","og_site_name":"TTR Euroworks","article_modified_time":"2021-12-21T16:26:24+00:00","twitter_card":"summary_large_image","twitter_misc":{"Gesch\u00e4tzte Lesezeit":"1\u00a0Minute"},"schema":{"@context":"https:\/\/schema.org","@graph":[{"@type":"WebPage","@id":"https:\/\/ttr.works\/de\/thermotransfer-farbbaender\/harz-farbband\/","url":"https:\/\/ttr.works\/de\/thermotransfer-farbbaender\/harz-farbband\/","name":"Harz-Farbband - TTR Euroworks","isPartOf":{"@id":"https:\/\/ttr.works\/de\/#website"},"datePublished":"2020-11-18T10:39:07+00:00","dateModified":"2021-12-21T16:26:24+00:00","description":"Harz-Farbband f\u00fcr Thermotransferdruck \u2713 F\u00fcr das Drucken auf den meisten synthetischen Materialien, wie PVC, PET und PP","breadcrumb":{"@id":"https:\/\/ttr.works\/de\/thermotransfer-farbbaender\/harz-farbband\/#breadcrumb"},"inLanguage":"de","potentialAction":[{"@type":"ReadAction","target":["https:\/\/ttr.works\/de\/thermotransfer-farbbaender\/harz-farbband\/"]}]},{"@type":"BreadcrumbList","@id":"https:\/\/ttr.works\/de\/thermotransfer-farbbaender\/harz-farbband\/#breadcrumb","itemListElement":[{"@type":"ListItem","position":1,"name":"Home","item":"https:\/\/ttr.works\/de\/startseite\/"},{"@type":"ListItem","position":2,"name":"Thermotransferb\u00e4nder zu den besten Preisen","item":"https:\/\/ttr.works\/de\/thermotransfer-farbbaender\/"},{"@type":"ListItem","position":3,"name":"Harz-Farbband"}]},{"@type":"WebSite","@id":"https:\/\/ttr.works\/de\/#website","url":"https:\/\/ttr.works\/de\/","name":"TTR Euroworks","description":"Your ttr partner","potentialAction":[{"@type":"SearchAction","target":{"@type":"EntryPoint","urlTemplate":"https:\/\/ttr.works\/de\/?s={search_term_string}"},"query-input":{"@type":"PropertyValueSpecification","valueRequired":true,"valueName":"search_term_string"}}],"inLanguage":"de"}]}},"_links":{"self":[{"href":"https:\/\/ttr.works\/de\/wp-json\/wp\/v2\/pages\/4157","targetHints":{"allow":["GET"]}}],"collection":[{"href":"https:\/\/ttr.works\/de\/wp-json\/wp\/v2\/pages"}],"about":[{"href":"https:\/\/ttr.works\/de\/wp-json\/wp\/v2\/types\/page"}],"author":[{"embeddable":true,"href":"https:\/\/ttr.works\/de\/wp-json\/wp\/v2\/users\/1"}],"replies":[{"embeddable":true,"href":"https:\/\/ttr.works\/de\/wp-json\/wp\/v2\/comments?post=4157"}],"version-history":[{"count":1,"href":"https:\/\/ttr.works\/de\/wp-json\/wp\/v2\/pages\/4157\/revisions"}],"predecessor-version":[{"id":7249,"href":"https:\/\/ttr.works\/de\/wp-json\/wp\/v2\/pages\/4157\/revisions\/7249"}],"up":[{"embeddable":true,"href":"https:\/\/ttr.works\/de\/wp-json\/wp\/v2\/pages\/4130"}],"wp:attachment":[{"href":"https:\/\/ttr.works\/de\/wp-json\/wp\/v2\/media?parent=4157"}],"wp:term":[{"taxonomy":"category","embeddable":true,"href":"https:\/\/ttr.works\/de\/wp-json\/wp\/v2\/categories?post=4157"},{"taxonomy":"post_tag","embeddable":true,"href":"https:\/\/ttr.works\/de\/wp-json\/wp\/v2\/tags?post=4157"}],"curies":[{"name":"wp","href":"https:\/\/api.w.org\/{rel}","templated":true}]}}