{"id":4174,"date":"2020-11-18T10:57:28","date_gmt":"2020-11-18T10:57:28","guid":{"rendered":"https:\/\/ttr.works\/?page_id=4174"},"modified":"2024-07-05T11:17:40","modified_gmt":"2024-07-05T11:17:40","slug":"ttr-euroworks-ist-ein-internationaler-anbieter-von-druckerzubehoer-dessen-erstklassiger-service-sie-begeistern-wird","status":"publish","type":"page","link":"https:\/\/ttr.works\/de\/ttr-euroworks-ist-ein-internationaler-anbieter-von-druckerzubehoer-dessen-erstklassiger-service-sie-begeistern-wird\/","title":{"rendered":"Wir liefern alles f\u00fcr den Druck von Barcodes und Etiketten."},"content":{"rendered":"\n<p>Sie finden den gr\u00f6\u00dften Bestand an Druckk\u00f6pfen f\u00fcr Etikettendrucker aller Marken, ob Flathead oder Near-Edge, Desktop oder Industrie.<\/p>\n\n\n\n<p>Wir sind stolz darauf, ein erstklassiger und spezialisierter Gesch\u00e4ftspartner von Herstellern wie Zebra\u00ae, Honeywell\u00ae und SATO\u00ae und TSC-Printronix\u00ae zu sein. Bei uns erhalten Sie unabh\u00e4ngige Beratung, betriebswirtschaftliche Unterst\u00fctzung und faire Preise. Nutzen Sie TTR Euroworks als Erweiterung Ihres eigenen Teams.<\/p>\n","protected":false},"excerpt":{"rendered":"<p>Sie finden den gr\u00f6\u00dften Bestand an Druckk\u00f6pfen f\u00fcr Etikettendrucker aller Marken, ob Flathead oder Near-Edge, Desktop oder Industrie. Wir sind stolz darauf, ein erstklassiger und spezialisierter Gesch\u00e4ftspartner von Herstellern wie Zebra\u00ae, Honeywell\u00ae und SATO\u00ae und TSC-Printronix\u00ae zu sein. Bei uns erhalten Sie unabh\u00e4ngige Beratung, betriebswirtschaftliche Unterst\u00fctzung und faire Preise. Nutzen Sie TTR Euroworks als Erweiterung [&hellip;]<\/p>\n","protected":false},"author":1,"featured_media":0,"parent":0,"menu_order":0,"comment_status":"closed","ping_status":"open","template":"","meta":{"_acf_changed":false,"content-type":"","footnotes":""},"categories":[],"tags":[],"class_list":["post-4174","page","type-page","status-publish","hentry"],"acf":[],"_links":{"self":[{"href":"https:\/\/ttr.works\/de\/wp-json\/wp\/v2\/pages\/4174","targetHints":{"allow":["GET"]}}],"collection":[{"href":"https:\/\/ttr.works\/de\/wp-json\/wp\/v2\/pages"}],"about":[{"href":"https:\/\/ttr.works\/de\/wp-json\/wp\/v2\/types\/page"}],"author":[{"embeddable":true,"href":"https:\/\/ttr.works\/de\/wp-json\/wp\/v2\/users\/1"}],"replies":[{"embeddable":true,"href":"https:\/\/ttr.works\/de\/wp-json\/wp\/v2\/comments?post=4174"}],"version-history":[{"count":17,"href":"https:\/\/ttr.works\/de\/wp-json\/wp\/v2\/pages\/4174\/revisions"}],"predecessor-version":[{"id":24257,"href":"https:\/\/ttr.works\/de\/wp-json\/wp\/v2\/pages\/4174\/revisions\/24257"}],"wp:attachment":[{"href":"https:\/\/ttr.works\/de\/wp-json\/wp\/v2\/media?parent=4174"}],"wp:term":[{"taxonomy":"category","embeddable":true,"href":"https:\/\/ttr.works\/de\/wp-json\/wp\/v2\/categories?post=4174"},{"taxonomy":"post_tag","embeddable":true,"href":"https:\/\/ttr.works\/de\/wp-json\/wp\/v2\/tags?post=4174"}],"curies":[{"name":"wp","href":"https:\/\/api.w.org\/{rel}","templated":true}]}}