{"id":6542,"date":"2021-10-11T07:34:52","date_gmt":"2021-10-11T07:34:52","guid":{"rendered":"https:\/\/ttr.works\/?page_id=6542"},"modified":"2026-04-07T08:49:23","modified_gmt":"2026-04-07T08:49:23","slug":"reinigungsmaterialien-fuer-druckkoepfe","status":"publish","type":"page","link":"https:\/\/ttr.works\/de\/reinigungsmaterialien-fuer-druckkoepfe\/","title":{"rendered":"Reinigungsprodukte f\u00fcr Thermodrucker"},"content":{"rendered":"\n<h2 class=\"wp-block-heading\">Ein sauberer Druckkopf h\u00e4lt viel l\u00e4nger<\/h2>\n\n\n\n<p><strong>Wir m\u00fcssen Ihnen nicht sagen, dass der Druckkopf das teuerste Ersatzteil in einem Etikettendrucker ist. Es ist auch das Teil, das am meisten durch Abnutzung betroffen ist. Tintenreste, Schmutz und Staub sammeln sich an. Dies verursacht die meisten druckbezogenen Probleme und verringert die Druckleistung des Etikettendruckers.<\/strong><\/p>\n\n\n\n<p>Die gute Nachricht? Sie k\u00f6nnen vorzeitigen Druckkopfausfall selbst verhindern. Mit unseren 4U-Reinigungsprodukten f\u00fcr Druckk\u00f6pfe haben Sie eine zertifizierte L\u00f6sung f\u00fcr jeden Etikettendrucker. Unsere Reinigungst\u00fccher, -stifte und -st\u00e4bchen sind einfach zu verwenden. Jeder kann es tun.<\/p>\n\n\n\n<div style=\"height:20px\" aria-hidden=\"true\" class=\"wp-block-spacer\"><\/div>\n\n\n\n<a href=\"https:\/\/thermalprinting.shop\/cleaning\" class=\"link-btn\">TTR Webshop <i class=\"fal fa-chevron-right\"><\/i><\/a><a href=\"https:\/\/ttr.works\/de\/ttr-ist-fuer-sie-da\/\" class=\"link-btn second\">H\u00e4ndlerseite <i class=\"fal fa-chevron-right\"><\/i><\/a>\n\n\n\n<div style=\"height:42px\" aria-hidden=\"true\" class=\"wp-block-spacer\"><\/div>\n\n\n\n<h2 class=\"wp-block-heading\">Aus unserem Blog<\/h2>\n\n\n\n<div style=\"height:18px\" aria-hidden=\"true\" class=\"wp-block-spacer\"><\/div>\n\n\n\n<div class=\"wp-block-media-text is-stacked-on-mobile\" style=\"grid-template-columns:29% auto\"><figure class=\"wp-block-media-text__media\"><a href=\"https:\/\/ttr.works\/de\/reinigen-sie-ihren-druckkopf-regelmaessig\/\"><img decoding=\"async\" width=\"218\" height=\"171\" data-src=\"https:\/\/ttr.works\/wp-content\/uploads\/blog-TTR-cleaning.png\" alt=\"\" class=\"wp-image-23261 size-full lazyload\" src=\"data:image\/svg+xml;base64,PHN2ZyB3aWR0aD0iMSIgaGVpZ2h0PSIxIiB4bWxucz0iaHR0cDovL3d3dy53My5vcmcvMjAwMC9zdmciPjwvc3ZnPg==\" style=\"--smush-placeholder-width: 218px; --smush-placeholder-aspect-ratio: 218\/171;\" \/><\/a><\/figure><div class=\"wp-block-media-text__content\">\n<p><strong><a href=\"https:\/\/ttr.works\/de\/reinigen-sie-ihren-druckkopf-regelmaessig\/\">Expertenrat f\u00fcr eine l\u00e4ngere Lebensdauer des Druckkopfs:<\/a><\/strong>&nbsp;Der Druckkopf ist eine der wichtigsten und kostspieligsten Komponenten. Er ist nat\u00fcrlichen Abnutzungen sowie Tinte, Schmutz und Staub ausgesetzt. Diese Tipps von Experten helfen Ihnen, die l\u00e4ngste Lebensdauer Ihres Druckkopfs zu erreichen. Sie sparen Geld, indem Sie ihn seltener ersetzen m\u00fcssen.<\/p>\n<\/div><\/div>\n\n\n\n<div style=\"height:25px\" aria-hidden=\"true\" class=\"wp-block-spacer\"><\/div>\n\n\n\n<div class=\"wp-block-media-text is-stacked-on-mobile\" style=\"grid-template-columns:29% auto\"><figure class=\"wp-block-media-text__media\"><a href=\"https:\/\/ttr.works\/de\/reinigen-sie-ihren-druckkopf-regelmaessig\/\"><img decoding=\"async\" width=\"988\" height=\"323\" data-src=\"https:\/\/ttr.works\/wp-content\/uploads\/4URP-Homepage-Banner-2-1.png\" alt=\"\" class=\"wp-image-22877 size-full lazyload\" data-srcset=\"https:\/\/ttr.works\/wp-content\/uploads\/4URP-Homepage-Banner-2-1.png 988w, https:\/\/ttr.works\/wp-content\/uploads\/4URP-Homepage-Banner-2-1-300x98.png 300w, https:\/\/ttr.works\/wp-content\/uploads\/4URP-Homepage-Banner-2-1-768x251.png 768w\" data-sizes=\"(max-width: 988px) 100vw, 988px\" src=\"data:image\/svg+xml;base64,PHN2ZyB3aWR0aD0iMSIgaGVpZ2h0PSIxIiB4bWxucz0iaHR0cDovL3d3dy53My5vcmcvMjAwMC9zdmciPjwvc3ZnPg==\" style=\"--smush-placeholder-width: 988px; --smush-placeholder-aspect-ratio: 988\/323;\" \/><\/a><\/figure><div class=\"wp-block-media-text__content\">\n<p><a href=\"https:\/\/ttr.works\/thermal-transfer\/4u-rewards.php\"><strong>Sammeln Sie Punkte f\u00fcr eigene Rabatte: <\/strong><\/a>Sie k\u00f6nnen mit jedem Kauf von Druckk\u00f6pfen und Druckern Punkte sammeln. Es ist 100% kostenlos und Sie m\u00fcssen nichts weiter tun, als sich anzumelden. Sie k\u00f6nnen diesen Rabatt f\u00fcr 4U-Reinigungsprodukte oder Thermotransferb\u00e4nder verwenden.<\/p>\n<\/div><\/div>\n\n\n\n<div style=\"height:25px\" aria-hidden=\"true\" class=\"wp-block-spacer\"><\/div>\n","protected":false},"excerpt":{"rendered":"<p>Ein sauberer Druckkopf h\u00e4lt viel l\u00e4nger Wir m\u00fcssen Ihnen nicht sagen, dass der Druckkopf das teuerste Ersatzteil in einem Etikettendrucker ist. Es ist auch das Teil, das am meisten durch Abnutzung betroffen ist. Tintenreste, Schmutz und Staub sammeln sich an. Dies verursacht die meisten druckbezogenen Probleme und verringert die Druckleistung des Etikettendruckers. Die gute Nachricht? [&hellip;]<\/p>\n","protected":false},"author":1,"featured_media":0,"parent":0,"menu_order":0,"comment_status":"closed","ping_status":"closed","template":"template-cleaning.php","meta":{"_acf_changed":false,"content-type":"","footnotes":""},"categories":[],"tags":[264],"class_list":["post-6542","page","type-page","status-publish","hentry","tag-product-de"],"acf":[],"_links":{"self":[{"href":"https:\/\/ttr.works\/de\/wp-json\/wp\/v2\/pages\/6542","targetHints":{"allow":["GET"]}}],"collection":[{"href":"https:\/\/ttr.works\/de\/wp-json\/wp\/v2\/pages"}],"about":[{"href":"https:\/\/ttr.works\/de\/wp-json\/wp\/v2\/types\/page"}],"author":[{"embeddable":true,"href":"https:\/\/ttr.works\/de\/wp-json\/wp\/v2\/users\/1"}],"replies":[{"embeddable":true,"href":"https:\/\/ttr.works\/de\/wp-json\/wp\/v2\/comments?post=6542"}],"version-history":[{"count":12,"href":"https:\/\/ttr.works\/de\/wp-json\/wp\/v2\/pages\/6542\/revisions"}],"predecessor-version":[{"id":31538,"href":"https:\/\/ttr.works\/de\/wp-json\/wp\/v2\/pages\/6542\/revisions\/31538"}],"wp:attachment":[{"href":"https:\/\/ttr.works\/de\/wp-json\/wp\/v2\/media?parent=6542"}],"wp:term":[{"taxonomy":"category","embeddable":true,"href":"https:\/\/ttr.works\/de\/wp-json\/wp\/v2\/categories?post=6542"},{"taxonomy":"post_tag","embeddable":true,"href":"https:\/\/ttr.works\/de\/wp-json\/wp\/v2\/tags?post=6542"}],"curies":[{"name":"wp","href":"https:\/\/api.w.org\/{rel}","templated":true}]}}