{"id":20861,"date":"2024-02-05T12:17:42","date_gmt":"2024-02-05T12:17:42","guid":{"rendered":"https:\/\/ttr.works\/?page_id=20861"},"modified":"2024-07-29T09:28:20","modified_gmt":"2024-07-29T09:28:20","slug":"wax-flathead-ribbons","status":"publish","type":"page","link":"https:\/\/ttr.works\/es\/cintas-de-transferencia-termica\/wax-flathead-ribbons\/","title":{"rendered":"Wax flathead ribbons"},"content":{"rendered":"\n<h1 class=\"wp-block-heading\">Cintas de cera 4U<\/h1>\n<div class=\"wp-block-image\">\n<figure class=\"alignright size-large is-resized\"><img decoding=\"async\" width=\"1024\" height=\"861\" data-src=\"https:\/\/ttr.works\/wp-content\/uploads\/\/4U_logo_with_even_more_padding-1024x861.png\" alt=\"\" class=\"wp-image-24083 lazyload\" style=\"--smush-placeholder-width: 1024px; --smush-placeholder-aspect-ratio: 1024\/861;width:288px;height:auto\" data-srcset=\"https:\/\/ttr.works\/wp-content\/uploads\/4U_logo_with_even_more_padding-1024x861.png 1024w, https:\/\/ttr.works\/wp-content\/uploads\/4U_logo_with_even_more_padding-300x252.png 300w, https:\/\/ttr.works\/wp-content\/uploads\/4U_logo_with_even_more_padding-768x646.png 768w, https:\/\/ttr.works\/wp-content\/uploads\/4U_logo_with_even_more_padding.png 1211w\" data-sizes=\"(max-width: 1024px) 100vw, 1024px\" src=\"data:image\/svg+xml;base64,PHN2ZyB3aWR0aD0iMSIgaGVpZ2h0PSIxIiB4bWxucz0iaHR0cDovL3d3dy53My5vcmcvMjAwMC9zdmciPjwvc3ZnPg==\" \/><\/figure><\/div>\n<p>Las cintas de cera se utilizan en impresoras de etiquetas de transferencia t\u00e9rmica. Pueden ser las peque\u00f1as impresoras de escritorio o las impresoras industriales resistentes m\u00e1s grandes. Al utilizar una cinta de tinta, puede producir im\u00e1genes de mayor calidad. Un efecto secundario positivo es que el cabezal de impresi\u00f3n dentro de la impresora dura m\u00e1s si utiliza una cinta t\u00e9rmica.<\/p>\n\n<p>Con Wax 4U 100 y 120 ofrecemos una opci\u00f3n econ\u00f3mica y premium para imprimir c\u00f3digos de barras y texto. Ambas producen im\u00e1genes n\u00edtidas, pero la 120 es la cinta de cera de mejor calidad para la m\u00e1s amplia gama de requisitos y superficies de impresi\u00f3n.<\/p>\n\n<a href=\"https:\/\/ttr.works\/es\/caja-de-muestras-gratis\/\" class=\"link-btn\">Receive a free sample box <i class=\"fal fa-chevron-right\"><\/i><\/a><a href=\"https:\/\/ttr.works\/thermal-transfer\/reseller.php\" target=\"_blank\" class=\"link-btn second\" rel=\"noopener\">Reseller page <i class=\"fal fa-chevron-right\"><\/i><\/a>\r\n\n<div style=\"height:30px\" aria-hidden=\"true\" class=\"wp-block-spacer\"><\/div>\n\n<h2 class=\"wp-block-heading\">Nuestras opciones de cintas enceradas de cabeza plana 4U<\/h2>\n\n<div class=\"wp-block-media-text alignwide is-stacked-on-mobile is-vertically-aligned-center\" style=\"grid-template-columns:21% auto\"><figure class=\"wp-block-media-text__media\"><img decoding=\"async\" width=\"360\" height=\"446\" data-src=\"https:\/\/ttr.works\/wp-content\/uploads\/w100-met-logo.png\" alt=\"\" class=\"wp-image-23919 size-medium lazyload\" data-srcset=\"https:\/\/ttr.works\/wp-content\/uploads\/w100-met-logo.png 360w, https:\/\/ttr.works\/wp-content\/uploads\/w100-met-logo-242x300.png 242w\" data-sizes=\"(max-width: 360px) 100vw, 360px\" src=\"data:image\/svg+xml;base64,PHN2ZyB3aWR0aD0iMSIgaGVpZ2h0PSIxIiB4bWxucz0iaHR0cDovL3d3dy53My5vcmcvMjAwMC9zdmciPjwvc3ZnPg==\" style=\"--smush-placeholder-width: 360px; --smush-placeholder-aspect-ratio: 360\/446;\" \/><\/figure><div class=\"wp-block-media-text__content\">\n<h3 class=\"wp-block-heading\"><strong>Economical Wax 4U 100\u00a0<\/strong><\/h3>\n\n\n\n<p><a href=\"https:\/\/ttr.works\/wp-content\/uploads\/w4u-100.pdf\" target=\"_blank\" rel=\"noreferrer noopener\">Download Datasheet\u00a0<\/a><\/p>\n\n\n\n<p>La cinta de cera m\u00e1s econ\u00f3mica de nuestra gama y, al mismo tiempo, proporciona un rendimiento constante en una amplia gama de materiales. Es una buena soluci\u00f3n para etiquetas que no necesitan durar a\u00f1os y que no enfrentan condiciones duras como lluvia, temperaturas extremas, etc.<\/p>\n\n\n\n<p>\u2013 La cinta m\u00e1s eficiente y rentable para el d\u00eda a d\u00eda&#13;\n\u2013 Alta negrura y c\u00f3digos de barras de alta definici\u00f3n<\/p>\n<\/div><\/div>\n\n<div style=\"height:30px\" aria-hidden=\"true\" class=\"wp-block-spacer\"><\/div>\n\n<div class=\"wp-block-media-text alignwide is-stacked-on-mobile is-vertically-aligned-center\" style=\"grid-template-columns:21% auto\"><figure class=\"wp-block-media-text__media\"><img decoding=\"async\" width=\"360\" height=\"446\" data-src=\"https:\/\/ttr.works\/wp-content\/uploads\/w120-met-logo.png\" alt=\"\" class=\"wp-image-23927 size-medium lazyload\" data-srcset=\"https:\/\/ttr.works\/wp-content\/uploads\/w120-met-logo.png 360w, https:\/\/ttr.works\/wp-content\/uploads\/w120-met-logo-242x300.png 242w\" data-sizes=\"(max-width: 360px) 100vw, 360px\" src=\"data:image\/svg+xml;base64,PHN2ZyB3aWR0aD0iMSIgaGVpZ2h0PSIxIiB4bWxucz0iaHR0cDovL3d3dy53My5vcmcvMjAwMC9zdmciPjwvc3ZnPg==\" style=\"--smush-placeholder-width: 360px; --smush-placeholder-aspect-ratio: 360\/446;\" \/><\/figure><div class=\"wp-block-media-text__content\">\n<h3 class=\"wp-block-heading\"><strong>Premium Wax 4U 120<\/strong><\/h3>\n\n\n\n<p><a href=\"https:\/\/ttr.works\/wp-content\/uploads\/w4u-120.pdf\" target=\"_blank\" rel=\"noreferrer noopener\">Download Datasheet<\/a><\/p>\n\n\n\n<p>Cera premium que imprime im\u00e1genes densas y oscuras de alta calidad y ofrece una de las mayores resistencias a manchas y rayones en su gama. Es ideal para etiquetas de papel revestido y no revestido, papel sint\u00e9tico y etiquetas con barniz UV.<\/p>\n\n\n\n<p>\u2013 Mayor resistencia al rayado de su gama.&#13;\n\u2013 Compatible con una gran variedad de materiales, como papeles estucados y pel\u00edculas sint\u00e9ticas.<\/p>\n<\/div><\/div>\n","protected":false},"excerpt":{"rendered":"<p>Cintas de cera 4U Las cintas de cera se utilizan en impresoras de etiquetas de transferencia t\u00e9rmica. Pueden ser las peque\u00f1as impresoras de escritorio o las impresoras industriales resistentes m\u00e1s grandes. Al utilizar una cinta de tinta, puede producir im\u00e1genes de mayor calidad. Un efecto secundario positivo es que el cabezal de impresi\u00f3n dentro de [&hellip;]<\/p>\n","protected":false},"author":6,"featured_media":0,"parent":3183,"menu_order":0,"comment_status":"closed","ping_status":"closed","template":"template-4u.php","meta":{"_acf_changed":false,"content-type":"","footnotes":""},"categories":[],"tags":[267],"class_list":["post-20861","page","type-page","status-publish","hentry","tag-product-es"],"acf":[],"_links":{"self":[{"href":"https:\/\/ttr.works\/es\/wp-json\/wp\/v2\/pages\/20861","targetHints":{"allow":["GET"]}}],"collection":[{"href":"https:\/\/ttr.works\/es\/wp-json\/wp\/v2\/pages"}],"about":[{"href":"https:\/\/ttr.works\/es\/wp-json\/wp\/v2\/types\/page"}],"author":[{"embeddable":true,"href":"https:\/\/ttr.works\/es\/wp-json\/wp\/v2\/users\/6"}],"replies":[{"embeddable":true,"href":"https:\/\/ttr.works\/es\/wp-json\/wp\/v2\/comments?post=20861"}],"version-history":[{"count":9,"href":"https:\/\/ttr.works\/es\/wp-json\/wp\/v2\/pages\/20861\/revisions"}],"predecessor-version":[{"id":24497,"href":"https:\/\/ttr.works\/es\/wp-json\/wp\/v2\/pages\/20861\/revisions\/24497"}],"up":[{"embeddable":true,"href":"https:\/\/ttr.works\/es\/wp-json\/wp\/v2\/pages\/3183"}],"wp:attachment":[{"href":"https:\/\/ttr.works\/es\/wp-json\/wp\/v2\/media?parent=20861"}],"wp:term":[{"taxonomy":"category","embeddable":true,"href":"https:\/\/ttr.works\/es\/wp-json\/wp\/v2\/categories?post=20861"},{"taxonomy":"post_tag","embeddable":true,"href":"https:\/\/ttr.works\/es\/wp-json\/wp\/v2\/tags?post=20861"}],"curies":[{"name":"wp","href":"https:\/\/api.w.org\/{rel}","templated":true}]}}