{"id":21408,"date":"2024-02-05T12:18:46","date_gmt":"2024-02-05T12:18:46","guid":{"rendered":"https:\/\/ttr.works\/?page_id=21408"},"modified":"2024-07-29T10:07:07","modified_gmt":"2024-07-29T10:07:07","slug":"wax-resin-flathead-ribbons","status":"publish","type":"page","link":"https:\/\/ttr.works\/es\/cintas-de-transferencia-termica\/wax-resin-flathead-ribbons\/","title":{"rendered":"Wax Resin flathead ribbons"},"content":{"rendered":"\n<h1 class=\"wp-block-heading\">Cintas Wax Resin 4U para impresoras de cabezal plano<\/h1>\n\n<div style=\"height:30px\" aria-hidden=\"true\" class=\"wp-block-spacer\"><\/div>\n<div class=\"wp-block-image\">\n<figure class=\"alignright size-full is-resized\"><img decoding=\"async\" width=\"1211\" height=\"1018\" data-src=\"https:\/\/ttr.works\/wp-content\/uploads\/4U_logo_with_even_more_padding.png\" alt=\"\" class=\"wp-image-24083 lazyload\" style=\"--smush-placeholder-width: 1211px; --smush-placeholder-aspect-ratio: 1211\/1018;width:305px;height:auto\" data-srcset=\"https:\/\/ttr.works\/wp-content\/uploads\/4U_logo_with_even_more_padding.png 1211w, https:\/\/ttr.works\/wp-content\/uploads\/4U_logo_with_even_more_padding-300x252.png 300w, https:\/\/ttr.works\/wp-content\/uploads\/4U_logo_with_even_more_padding-1024x861.png 1024w, https:\/\/ttr.works\/wp-content\/uploads\/4U_logo_with_even_more_padding-768x646.png 768w\" data-sizes=\"(max-width: 1211px) 100vw, 1211px\" src=\"data:image\/svg+xml;base64,PHN2ZyB3aWR0aD0iMSIgaGVpZ2h0PSIxIiB4bWxucz0iaHR0cDovL3d3dy53My5vcmcvMjAwMC9zdmciPjwvc3ZnPg==\" \/><\/figure><\/div>\n<p>Cree las im\u00e1genes de alto contraste m\u00e1s duraderas con nuestra selecci\u00f3n de cintas de transferencia t\u00e9rmica Wax Resin. Los m\u00e1s vendidos se destacan a continuaci\u00f3n para que pueda limitar su b\u00fasqueda r\u00e1pidamente. Estas cintas est\u00e1n certificadas para su uso con todas las impresoras t\u00e9rmicas industriales y de escritorio.<\/p>\n\n<p>Si, en cambio, busca cintas de<a href=\"https:\/\/ttr.works\/es\/cintas-de-transferencia-termica\/wax-resin-near-edge-ribbons\/\"> Near Edge, haga clic aqu\u00ed<\/a>.<\/p>\n\n<p>Wax Resin produce una mejor calidad de impresi\u00f3n que las cintas de cera pura. Sus impresiones ser\u00e1n m\u00e1s resistentes a las manchas, la suciedad y los rayones. La WR4U 250 es la cinta entintada m\u00e1s vers\u00e1til que puede imprimir en papel vitela, papel estucado y sustratos de PE y PP.<\/p>\n\n<div style=\"height:30px\" aria-hidden=\"true\" class=\"wp-block-spacer\"><\/div>\n\n<a href=\"https:\/\/ttr.works\/es\/caja-de-muestras-gratis\/\" class=\"link-btn\">Receive a free sample box <i class=\"fal fa-chevron-right\"><\/i><\/a><a href=\"https:\/\/ttr.works\/wp-content\/uploads\/Standard-4U-ribbons_lijst-website.pdf\" target=\"_blank\" class=\"link-btn second\" rel=\"noopener\">Download stock list <i class=\"fal fa-chevron-right\"><\/i><\/a>\r\n\n<div style=\"height:30px\" aria-hidden=\"true\" class=\"wp-block-spacer\"><\/div>\n\n<h2 class=\"wp-block-heading\">Nuestras opciones de cintas de resina de cera de cabeza plana 4U<\/h2>\n\n<div class=\"wp-block-media-text alignwide is-stacked-on-mobile is-vertically-aligned-center\" style=\"grid-template-columns:21% auto\"><figure class=\"wp-block-media-text__media\"><img decoding=\"async\" width=\"360\" height=\"446\" data-src=\"https:\/\/ttr.works\/wp-content\/uploads\/wr250-met-logo.png\" alt=\"\" class=\"wp-image-23945 size-medium lazyload\" data-srcset=\"https:\/\/ttr.works\/wp-content\/uploads\/wr250-met-logo.png 360w, https:\/\/ttr.works\/wp-content\/uploads\/wr250-met-logo-242x300.png 242w\" data-sizes=\"(max-width: 360px) 100vw, 360px\" src=\"data:image\/svg+xml;base64,PHN2ZyB3aWR0aD0iMSIgaGVpZ2h0PSIxIiB4bWxucz0iaHR0cDovL3d3dy53My5vcmcvMjAwMC9zdmciPjwvc3ZnPg==\" style=\"--smush-placeholder-width: 360px; --smush-placeholder-aspect-ratio: 360\/446;\" \/><\/figure><div class=\"wp-block-media-text__content\">\n<h3 class=\"wp-block-heading\">Resina Cera m\u00e1s vers\u00e1til 4U 250 (WR4U250)<\/h3>\n\n\n\n<p><a href=\"https:\/\/ttr.works\/wp-content\/uploads\/wr4u-250-1.pdf\" target=\"_blank\" rel=\"noreferrer noopener\">Descargar hoja de datos<\/a><\/p>\n\n\n\n<p>La cera-resina m\u00e1s vers\u00e1til a precio de cera. La WR4U250 imprime en todo. Bueno&#8230; casi todo. Im\u00e1genes en negro de gran definici\u00f3n sobre una amplia variedad de sustratos, como papel, sint\u00e9ticos, etiquetas, polietileno (PE), polipropileno (PP), PET y PVC.<\/p>\n\n\n\n<p>\u2013 Protecci\u00f3n del cabezal de impresi\u00f3n con baja energ\u00eda de impresi\u00f3n y formulaci\u00f3n antiest\u00e1tica&#13;\n\u2013 C\u00f3digos de barras, env\u00edo y recepci\u00f3n, inventario, etiquetado de estantes, horticultura y m\u00e1s<\/p>\n<\/div><\/div>\n\n<div style=\"height:30px\" aria-hidden=\"true\" class=\"wp-block-spacer\"><\/div>\n\n<div class=\"wp-block-media-text alignwide is-stacked-on-mobile is-vertically-aligned-center\" style=\"grid-template-columns:21% auto\"><figure class=\"wp-block-media-text__media\"><img decoding=\"async\" width=\"360\" height=\"446\" data-src=\"https:\/\/ttr.works\/wp-content\/uploads\/wr200-met-logo.png\" alt=\"\" class=\"wp-image-23936 size-medium lazyload\" data-srcset=\"https:\/\/ttr.works\/wp-content\/uploads\/wr200-met-logo.png 360w, https:\/\/ttr.works\/wp-content\/uploads\/wr200-met-logo-242x300.png 242w\" data-sizes=\"(max-width: 360px) 100vw, 360px\" src=\"data:image\/svg+xml;base64,PHN2ZyB3aWR0aD0iMSIgaGVpZ2h0PSIxIiB4bWxucz0iaHR0cDovL3d3dy53My5vcmcvMjAwMC9zdmciPjwvc3ZnPg==\" style=\"--smush-placeholder-width: 360px; --smush-placeholder-aspect-ratio: 360\/446;\" \/><\/figure><div class=\"wp-block-media-text__content\">\n<h3 class=\"wp-block-heading\">Resina Cera de alta calidad 4U 200 (WR4U200)<\/h3>\n\n\n\n<p><a href=\"https:\/\/ttr.works\/wp-content\/uploads\/wr4u-200-1.pdf\" target=\"_blank\" rel=\"noreferrer noopener\">Descargar hoja de datos<\/a><\/p>\n\n\n\n<p>Cera-resina de alta calidad para impresoras de transferencia t\u00e9rmica de cabezal plano. Imprime im\u00e1genes en negro de gran definici\u00f3n en una amplia variedad de sustratos, como etiquetas, sint\u00e9ticos, polietileno, polipropileno, etc. Proporciona la mejor resistencia a los rayones para impresiones m\u00e1s duraderas.<\/p>\n\n\n\n<p>\u2013 Resistencia al rayado de la mejor calidad, soporta calor hasta 100 \u00baC&#13;\n\u2013 El revestimiento posterior superior prolonga la vida \u00fatil del cabezal de impresi\u00f3n<\/p>\n<\/div><\/div>\n\n<div style=\"height:30px\" aria-hidden=\"true\" class=\"wp-block-spacer\"><\/div>\n\n<div class=\"wp-block-media-text alignwide is-stacked-on-mobile is-vertically-aligned-center\" style=\"grid-template-columns:21% auto\"><figure class=\"wp-block-media-text__media\"><img decoding=\"async\" width=\"360\" height=\"446\" data-src=\"https:\/\/ttr.works\/wp-content\/uploads\/wr220-met-logo.png\" alt=\"\" class=\"wp-image-23953 size-medium lazyload\" data-srcset=\"https:\/\/ttr.works\/wp-content\/uploads\/wr220-met-logo.png 360w, https:\/\/ttr.works\/wp-content\/uploads\/wr220-met-logo-242x300.png 242w\" data-sizes=\"(max-width: 360px) 100vw, 360px\" src=\"data:image\/svg+xml;base64,PHN2ZyB3aWR0aD0iMSIgaGVpZ2h0PSIxIiB4bWxucz0iaHR0cDovL3d3dy53My5vcmcvMjAwMC9zdmciPjwvc3ZnPg==\" style=\"--smush-placeholder-width: 360px; --smush-placeholder-aspect-ratio: 360\/446;\" \/><\/figure><div class=\"wp-block-media-text__content\">\n<h3 class=\"wp-block-heading\">Resina Cera S\u00faper Premium 4U 220 (WR4U220)<\/h3>\n\n\n\n<p><a href=\"https:\/\/ttr.works\/wp-content\/uploads\/wr4u-220-1.pdf\" target=\"_blank\" rel=\"noreferrer noopener\">Descargar hoja de datos<\/a><\/p>\n\n\n\n<p>Cera-resina de la mejor calidad para etiquetas que deben enfrentar condiciones duras, donde se necesita durabilidad para producir im\u00e1genes duraderas. La cera resina 220 ofrece buena resistencia a l\u00edquidos como agua y limpiadores dom\u00e9sticos. Produce excelentes c\u00f3digos de barras e im\u00e1genes tanto en papel como en sustratos sint\u00e9ticos, proporcionando una resistencia superior a la abrasi\u00f3n, los solventes y los rayones. Tambi\u00e9n imprime bien sobre superficies rugosas o porosas.<\/p>\n\n\n\n<p>\u2013 M\u00e1xima resistencia a manchas y rayones&#13;\n\u2013 Resistencia qu\u00edmica a agentes comunes.<\/p>\n<\/div><\/div>\n","protected":false},"excerpt":{"rendered":"<p>Cintas Wax Resin 4U para impresoras de cabezal plano Cree las im\u00e1genes de alto contraste m\u00e1s duraderas con nuestra selecci\u00f3n de cintas de transferencia t\u00e9rmica Wax Resin. Los m\u00e1s vendidos se destacan a continuaci\u00f3n para que pueda limitar su b\u00fasqueda r\u00e1pidamente. Estas cintas est\u00e1n certificadas para su uso con todas las impresoras t\u00e9rmicas industriales y [&hellip;]<\/p>\n","protected":false},"author":6,"featured_media":0,"parent":3183,"menu_order":0,"comment_status":"closed","ping_status":"closed","template":"template-4u.php","meta":{"_acf_changed":false,"content-type":"","footnotes":""},"categories":[134],"tags":[267],"class_list":["post-21408","page","type-page","status-publish","hentry","category-cintas-y-suministros","tag-product-es"],"acf":[],"yoast_head":"<!-- This site is optimized with the Yoast SEO plugin v25.9 - https:\/\/yoast.com\/wordpress\/plugins\/seo\/ -->\n<title>Wax Resin flathead ribbons - TTR Euroworks<\/title>\n<meta name=\"description\" content=\"Impresiones duraderas que pueden durar a\u00f1os \u2713 Procesos de gran volumen a alta velocidad \u2713 Excelente para papel, pl\u00e1sticos y l\u00e1minas de embalaje flexibles\" \/>\n<meta name=\"robots\" content=\"index, follow, max-snippet:-1, max-image-preview:large, max-video-preview:-1\" \/>\n<link rel=\"canonical\" href=\"https:\/\/ttr.works\/es\/cintas-de-transferencia-termica\/wax-resin-flathead-ribbons\/\" \/>\n<meta property=\"og:locale\" content=\"es_ES\" \/>\n<meta property=\"og:type\" content=\"article\" \/>\n<meta property=\"og:title\" content=\"Wax Resin flathead ribbons - TTR Euroworks\" \/>\n<meta property=\"og:description\" content=\"Impresiones duraderas que pueden durar a\u00f1os \u2713 Procesos de gran volumen a alta velocidad \u2713 Excelente para papel, pl\u00e1sticos y l\u00e1minas de embalaje flexibles\" \/>\n<meta property=\"og:url\" content=\"https:\/\/ttr.works\/es\/cintas-de-transferencia-termica\/wax-resin-flathead-ribbons\/\" \/>\n<meta property=\"og:site_name\" content=\"TTR Euroworks\" \/>\n<meta property=\"article:modified_time\" content=\"2024-07-29T10:07:07+00:00\" \/>\n<meta property=\"og:image\" content=\"https:\/\/ttr.works\/wp-content\/uploads\/4U_logo_with_even_more_padding.png\" \/>\n<meta name=\"twitter:card\" content=\"summary_large_image\" \/>\n<meta name=\"twitter:label1\" content=\"Tiempo de lectura\" \/>\n\t<meta name=\"twitter:data1\" content=\"2 minutos\" \/>\n<script type=\"application\/ld+json\" class=\"yoast-schema-graph\">{\"@context\":\"https:\/\/schema.org\",\"@graph\":[{\"@type\":\"WebPage\",\"@id\":\"https:\/\/ttr.works\/es\/cintas-de-transferencia-termica\/wax-resin-flathead-ribbons\/\",\"url\":\"https:\/\/ttr.works\/es\/cintas-de-transferencia-termica\/wax-resin-flathead-ribbons\/\",\"name\":\"Wax Resin flathead ribbons - TTR Euroworks\",\"isPartOf\":{\"@id\":\"https:\/\/ttr.works\/es\/#website\"},\"primaryImageOfPage\":{\"@id\":\"https:\/\/ttr.works\/es\/cintas-de-transferencia-termica\/wax-resin-flathead-ribbons\/#primaryimage\"},\"image\":{\"@id\":\"https:\/\/ttr.works\/es\/cintas-de-transferencia-termica\/wax-resin-flathead-ribbons\/#primaryimage\"},\"thumbnailUrl\":\"https:\/\/ttr.works\/wp-content\/uploads\/4U_logo_with_even_more_padding.png\",\"datePublished\":\"2024-02-05T12:18:46+00:00\",\"dateModified\":\"2024-07-29T10:07:07+00:00\",\"description\":\"Impresiones duraderas que pueden durar a\u00f1os \u2713 Procesos de gran volumen a alta velocidad \u2713 Excelente para papel, pl\u00e1sticos y l\u00e1minas de embalaje flexibles\",\"breadcrumb\":{\"@id\":\"https:\/\/ttr.works\/es\/cintas-de-transferencia-termica\/wax-resin-flathead-ribbons\/#breadcrumb\"},\"inLanguage\":\"es\",\"potentialAction\":[{\"@type\":\"ReadAction\",\"target\":[\"https:\/\/ttr.works\/es\/cintas-de-transferencia-termica\/wax-resin-flathead-ribbons\/\"]}]},{\"@type\":\"ImageObject\",\"inLanguage\":\"es\",\"@id\":\"https:\/\/ttr.works\/es\/cintas-de-transferencia-termica\/wax-resin-flathead-ribbons\/#primaryimage\",\"url\":\"https:\/\/ttr.works\/wp-content\/uploads\/4U_logo_with_even_more_padding.png\",\"contentUrl\":\"https:\/\/ttr.works\/wp-content\/uploads\/4U_logo_with_even_more_padding.png\"},{\"@type\":\"BreadcrumbList\",\"@id\":\"https:\/\/ttr.works\/es\/cintas-de-transferencia-termica\/wax-resin-flathead-ribbons\/#breadcrumb\",\"itemListElement\":[{\"@type\":\"ListItem\",\"position\":1,\"name\":\"Home\",\"item\":\"https:\/\/ttr.works\/es\/inicio\/\"},{\"@type\":\"ListItem\",\"position\":2,\"name\":\"As\u00f3ciese con TTR Euroworks\",\"item\":\"https:\/\/ttr.works\/es\/cintas-de-transferencia-termica\/\"},{\"@type\":\"ListItem\",\"position\":3,\"name\":\"Wax Resin flathead ribbons\"}]},{\"@type\":\"WebSite\",\"@id\":\"https:\/\/ttr.works\/es\/#website\",\"url\":\"https:\/\/ttr.works\/es\/\",\"name\":\"TTR Euroworks\",\"description\":\"Your ttr partner\",\"potentialAction\":[{\"@type\":\"SearchAction\",\"target\":{\"@type\":\"EntryPoint\",\"urlTemplate\":\"https:\/\/ttr.works\/es\/?s={search_term_string}\"},\"query-input\":{\"@type\":\"PropertyValueSpecification\",\"valueRequired\":true,\"valueName\":\"search_term_string\"}}],\"inLanguage\":\"es\"}]}<\/script>\n<!-- \/ Yoast SEO plugin. -->","yoast_head_json":{"title":"Wax Resin flathead ribbons - TTR Euroworks","description":"Impresiones duraderas que pueden durar a\u00f1os \u2713 Procesos de gran volumen a alta velocidad \u2713 Excelente para papel, pl\u00e1sticos y l\u00e1minas de embalaje flexibles","robots":{"index":"index","follow":"follow","max-snippet":"max-snippet:-1","max-image-preview":"max-image-preview:large","max-video-preview":"max-video-preview:-1"},"canonical":"https:\/\/ttr.works\/es\/cintas-de-transferencia-termica\/wax-resin-flathead-ribbons\/","og_locale":"es_ES","og_type":"article","og_title":"Wax Resin flathead ribbons - TTR Euroworks","og_description":"Impresiones duraderas que pueden durar a\u00f1os \u2713 Procesos de gran volumen a alta velocidad \u2713 Excelente para papel, pl\u00e1sticos y l\u00e1minas de embalaje flexibles","og_url":"https:\/\/ttr.works\/es\/cintas-de-transferencia-termica\/wax-resin-flathead-ribbons\/","og_site_name":"TTR Euroworks","article_modified_time":"2024-07-29T10:07:07+00:00","og_image":[{"url":"https:\/\/ttr.works\/wp-content\/uploads\/4U_logo_with_even_more_padding.png","type":"","width":"","height":""}],"twitter_card":"summary_large_image","twitter_misc":{"Tiempo de lectura":"2 minutos"},"schema":{"@context":"https:\/\/schema.org","@graph":[{"@type":"WebPage","@id":"https:\/\/ttr.works\/es\/cintas-de-transferencia-termica\/wax-resin-flathead-ribbons\/","url":"https:\/\/ttr.works\/es\/cintas-de-transferencia-termica\/wax-resin-flathead-ribbons\/","name":"Wax Resin flathead ribbons - TTR Euroworks","isPartOf":{"@id":"https:\/\/ttr.works\/es\/#website"},"primaryImageOfPage":{"@id":"https:\/\/ttr.works\/es\/cintas-de-transferencia-termica\/wax-resin-flathead-ribbons\/#primaryimage"},"image":{"@id":"https:\/\/ttr.works\/es\/cintas-de-transferencia-termica\/wax-resin-flathead-ribbons\/#primaryimage"},"thumbnailUrl":"https:\/\/ttr.works\/wp-content\/uploads\/4U_logo_with_even_more_padding.png","datePublished":"2024-02-05T12:18:46+00:00","dateModified":"2024-07-29T10:07:07+00:00","description":"Impresiones duraderas que pueden durar a\u00f1os \u2713 Procesos de gran volumen a alta velocidad \u2713 Excelente para papel, pl\u00e1sticos y l\u00e1minas de embalaje flexibles","breadcrumb":{"@id":"https:\/\/ttr.works\/es\/cintas-de-transferencia-termica\/wax-resin-flathead-ribbons\/#breadcrumb"},"inLanguage":"es","potentialAction":[{"@type":"ReadAction","target":["https:\/\/ttr.works\/es\/cintas-de-transferencia-termica\/wax-resin-flathead-ribbons\/"]}]},{"@type":"ImageObject","inLanguage":"es","@id":"https:\/\/ttr.works\/es\/cintas-de-transferencia-termica\/wax-resin-flathead-ribbons\/#primaryimage","url":"https:\/\/ttr.works\/wp-content\/uploads\/4U_logo_with_even_more_padding.png","contentUrl":"https:\/\/ttr.works\/wp-content\/uploads\/4U_logo_with_even_more_padding.png"},{"@type":"BreadcrumbList","@id":"https:\/\/ttr.works\/es\/cintas-de-transferencia-termica\/wax-resin-flathead-ribbons\/#breadcrumb","itemListElement":[{"@type":"ListItem","position":1,"name":"Home","item":"https:\/\/ttr.works\/es\/inicio\/"},{"@type":"ListItem","position":2,"name":"As\u00f3ciese con TTR Euroworks","item":"https:\/\/ttr.works\/es\/cintas-de-transferencia-termica\/"},{"@type":"ListItem","position":3,"name":"Wax Resin flathead ribbons"}]},{"@type":"WebSite","@id":"https:\/\/ttr.works\/es\/#website","url":"https:\/\/ttr.works\/es\/","name":"TTR Euroworks","description":"Your ttr partner","potentialAction":[{"@type":"SearchAction","target":{"@type":"EntryPoint","urlTemplate":"https:\/\/ttr.works\/es\/?s={search_term_string}"},"query-input":{"@type":"PropertyValueSpecification","valueRequired":true,"valueName":"search_term_string"}}],"inLanguage":"es"}]}},"_links":{"self":[{"href":"https:\/\/ttr.works\/es\/wp-json\/wp\/v2\/pages\/21408","targetHints":{"allow":["GET"]}}],"collection":[{"href":"https:\/\/ttr.works\/es\/wp-json\/wp\/v2\/pages"}],"about":[{"href":"https:\/\/ttr.works\/es\/wp-json\/wp\/v2\/types\/page"}],"author":[{"embeddable":true,"href":"https:\/\/ttr.works\/es\/wp-json\/wp\/v2\/users\/6"}],"replies":[{"embeddable":true,"href":"https:\/\/ttr.works\/es\/wp-json\/wp\/v2\/comments?post=21408"}],"version-history":[{"count":7,"href":"https:\/\/ttr.works\/es\/wp-json\/wp\/v2\/pages\/21408\/revisions"}],"predecessor-version":[{"id":24503,"href":"https:\/\/ttr.works\/es\/wp-json\/wp\/v2\/pages\/21408\/revisions\/24503"}],"up":[{"embeddable":true,"href":"https:\/\/ttr.works\/es\/wp-json\/wp\/v2\/pages\/3183"}],"wp:attachment":[{"href":"https:\/\/ttr.works\/es\/wp-json\/wp\/v2\/media?parent=21408"}],"wp:term":[{"taxonomy":"category","embeddable":true,"href":"https:\/\/ttr.works\/es\/wp-json\/wp\/v2\/categories?post=21408"},{"taxonomy":"post_tag","embeddable":true,"href":"https:\/\/ttr.works\/es\/wp-json\/wp\/v2\/tags?post=21408"}],"curies":[{"name":"wp","href":"https:\/\/api.w.org\/{rel}","templated":true}]}}