{"id":21514,"date":"2024-02-05T13:28:55","date_gmt":"2024-02-05T13:28:55","guid":{"rendered":"https:\/\/ttr.works\/?page_id=21514"},"modified":"2024-07-29T09:17:38","modified_gmt":"2024-07-29T09:17:38","slug":"wax-resin-near-edge-ribbons","status":"publish","type":"page","link":"https:\/\/ttr.works\/es\/cintas-de-transferencia-termica\/wax-resin-near-edge-ribbons\/","title":{"rendered":"Wax Resin Near edge ribbons"},"content":{"rendered":"\n<h1 class=\"wp-block-heading\">Near Edge ribbons 4U<\/h1>\n\n<div style=\"height:12px\" aria-hidden=\"true\" class=\"wp-block-spacer\"><\/div>\n\n<p>La impresi\u00f3n Near-Edge normalmente se realiza a alta velocidad, lo que requiere cintas de tinta de alta calidad que sean adecuadas para su prop\u00f3sito. Para estos casos de uso, las m\u00e1s vendidas de nuestra gama son las resinas de cera 411 y 431. Son perfectas para imprimir en una amplia variedad de sustratos como papel, pl\u00e1sticos, PE y l\u00e1minas de embalaje flexibles. El 410 funciona igual de bien y tiene la pel\u00edcula PET m\u00e1s delgada que cabe en m\u00e1s metros por rollo.<\/p>\n\n<p>Elija la marca propia de TTR Euroworks para impresiones de gran volumen a altas velocidades.<\/p>\n\n<a href=\"https:\/\/ttr.works\/es\/caja-de-muestras-gratis\/\" class=\"link-btn\">Free samples <i class=\"fal fa-chevron-right\"><\/i><\/a><a href=\"https:\/\/ttr.works\/wp-content\/uploads\/stocklist.pdf\" target=\"_blank\" class=\"link-btn second\" rel=\"noopener\">Standard sizes <i class=\"fal fa-chevron-right\"><\/i><\/a>\r\n\n<div style=\"height:30px\" aria-hidden=\"true\" class=\"wp-block-spacer\"><\/div>\n\n<h2 class=\"wp-block-heading\">Nuestros superventas NEAR EDGE<\/h2>\n\n<div class=\"wp-block-media-text alignwide is-stacked-on-mobile is-vertically-aligned-center\" style=\"grid-template-columns:21% auto\"><figure class=\"wp-block-media-text__media\"><img decoding=\"async\" width=\"360\" height=\"446\" data-src=\"https:\/\/ttr.works\/wp-content\/uploads\/wr410-met-logo.png\" alt=\"\" class=\"wp-image-23980 size-medium lazyload\" data-srcset=\"https:\/\/ttr.works\/wp-content\/uploads\/wr410-met-logo.png 360w, https:\/\/ttr.works\/wp-content\/uploads\/wr410-met-logo-242x300.png 242w\" data-sizes=\"(max-width: 360px) 100vw, 360px\" src=\"data:image\/svg+xml;base64,PHN2ZyB3aWR0aD0iMSIgaGVpZ2h0PSIxIiB4bWxucz0iaHR0cDovL3d3dy53My5vcmcvMjAwMC9zdmciPjwvc3ZnPg==\" style=\"--smush-placeholder-width: 360px; --smush-placeholder-aspect-ratio: 360\/446;\" \/><\/figure><div class=\"wp-block-media-text__content\">\n<h3 class=\"wp-block-heading\">Resina cera econ\u00f3mica 4U 410 Near Edge<\/h3>\n\n\n\n<p><a href=\"https:\/\/ttr.works\/wp-content\/uploads\/wr4u-431NE.pdf\" target=\"_blank\" rel=\"noreferrer noopener\">Descargar hoja de datos<\/a><\/p>\n\n\n\n<p>Esta cera-resina de \u00abuso general\u00bb para impresoras en l\u00ednea o Near-Edge tiene la pel\u00edcula PET m\u00e1s delgada de la gama, lo que permite m\u00e1s metros por rollo. Produce impresiones duraderas y funciona bien a alta velocidad.<\/p>\n\n\n\n<p>&#8211; Grandes ahorros de costos generales para la impresi\u00f3n en l\u00ednea y de embalajes&#13;\n&#8211; El revestimiento posterior antiest\u00e1tico y los bajos requisitos de energ\u00eda prolongan la vida \u00fatil del cabezal de impresi\u00f3n<\/p>\n<\/div><\/div>\n\n<div style=\"height:30px\" aria-hidden=\"true\" class=\"wp-block-spacer\"><\/div>\n\n<div class=\"wp-block-media-text alignwide is-stacked-on-mobile is-vertically-aligned-center\" style=\"grid-template-columns:21% auto\"><figure class=\"wp-block-media-text__media\"><img decoding=\"async\" width=\"360\" height=\"446\" data-src=\"https:\/\/ttr.works\/wp-content\/uploads\/wr411-met-logo.png\" alt=\"\" class=\"wp-image-23989 size-medium lazyload\" data-srcset=\"https:\/\/ttr.works\/wp-content\/uploads\/wr411-met-logo.png 360w, https:\/\/ttr.works\/wp-content\/uploads\/wr411-met-logo-242x300.png 242w\" data-sizes=\"(max-width: 360px) 100vw, 360px\" src=\"data:image\/svg+xml;base64,PHN2ZyB3aWR0aD0iMSIgaGVpZ2h0PSIxIiB4bWxucz0iaHR0cDovL3d3dy53My5vcmcvMjAwMC9zdmciPjwvc3ZnPg==\" style=\"--smush-placeholder-width: 360px; --smush-placeholder-aspect-ratio: 360\/446;\" \/><\/figure><div class=\"wp-block-media-text__content\">\n<h3 class=\"wp-block-heading\">Resina de cera premium 4U 411 Near Edge<\/h3>\n\n\n\n<p><a href=\"https:\/\/ttr.works\/wp-content\/uploads\/wr4u-411-c-1.pdf\" target=\"_blank\" rel=\"noreferrer noopener\">Descargar hoja de datos<\/a><\/p>\n\n\n\n<p>Cinta de resina de cera dise\u00f1ada para impresoras industriales Near-Edge en aplicaciones de etiquetado de gran volumen, como pel\u00edculas flexibles y aplicaciones de impresi\u00f3n y aplicaci\u00f3n. Produce una calidad de impresi\u00f3n constante y bordes de puntos limpios para c\u00f3digos de barras densos.<\/p>\n\n\n\n<p>\u2013 Alta resistencia a las manchas&#13;\n\u2013 Alta resistencia al rayado&#13;\n\u2013 Alta resistencia a los rayos UV<\/p>\n<\/div><\/div>\n\n<div style=\"height:30px\" aria-hidden=\"true\" class=\"wp-block-spacer\"><\/div>\n\n<div class=\"wp-block-media-text alignwide is-stacked-on-mobile is-vertically-aligned-center\" style=\"grid-template-columns:21% auto\"><figure class=\"wp-block-media-text__media\"><img decoding=\"async\" width=\"360\" height=\"446\" data-src=\"https:\/\/ttr.works\/wp-content\/uploads\/wr431-met-logo.png\" alt=\"\" class=\"wp-image-23997 size-medium lazyload\" data-srcset=\"https:\/\/ttr.works\/wp-content\/uploads\/wr431-met-logo.png 360w, https:\/\/ttr.works\/wp-content\/uploads\/wr431-met-logo-242x300.png 242w\" data-sizes=\"(max-width: 360px) 100vw, 360px\" src=\"data:image\/svg+xml;base64,PHN2ZyB3aWR0aD0iMSIgaGVpZ2h0PSIxIiB4bWxucz0iaHR0cDovL3d3dy53My5vcmcvMjAwMC9zdmciPjwvc3ZnPg==\" style=\"--smush-placeholder-width: 360px; --smush-placeholder-aspect-ratio: 360\/446;\" \/><\/figure><div class=\"wp-block-media-text__content\">\n<h3 class=\"wp-block-heading\">Resina de cera duradera 4U 431 Near Edge<\/h3>\n\n\n\n<p><a href=\"https:\/\/ttr.works\/wp-content\/uploads\/wr4u-431NE-1.pdf\" target=\"_blank\" rel=\"noreferrer noopener\">Descargar hoja de datos<\/a><\/p>\n\n\n\n<p>Dise\u00f1ado para impresi\u00f3n de envases en l\u00ednea, impresi\u00f3n y aplicaci\u00f3n de alta velocidad. Produce una excelente densidad de impresi\u00f3n y definici\u00f3n en una amplia gama de sustratos.<\/p>\n\n\n\n<p>&#8211; Buena resistencia a las altas temperaturas&#13;\n&#8211; Compatible con pel\u00edculas de embalaje flexibles<\/p>\n<\/div><\/div>\n\n<div style=\"height:45px\" aria-hidden=\"true\" class=\"wp-block-spacer\"><\/div>\n\n<div class=\"wp-block-media-text alignwide is-stacked-on-mobile is-vertically-aligned-center\" style=\"grid-template-columns:21% auto\"><figure class=\"wp-block-media-text__media\"><img decoding=\"async\" width=\"360\" height=\"446\" data-src=\"https:\/\/ttr.works\/wp-content\/uploads\/r600-met-logo.png\" alt=\"\" class=\"wp-image-24005 size-medium lazyload\" data-srcset=\"https:\/\/ttr.works\/wp-content\/uploads\/r600-met-logo.png 360w, https:\/\/ttr.works\/wp-content\/uploads\/r600-met-logo-242x300.png 242w\" data-sizes=\"(max-width: 360px) 100vw, 360px\" src=\"data:image\/svg+xml;base64,PHN2ZyB3aWR0aD0iMSIgaGVpZ2h0PSIxIiB4bWxucz0iaHR0cDovL3d3dy53My5vcmcvMjAwMC9zdmciPjwvc3ZnPg==\" style=\"--smush-placeholder-width: 360px; --smush-placeholder-aspect-ratio: 360\/446;\" \/><\/figure><div class=\"wp-block-media-text__content\">\n<h3 class=\"wp-block-heading\">Resina Premium 4U 600 Near Edge<\/h3>\n\n\n\n<p><a href=\"https:\/\/ttr.works\/wp-content\/uploads\/r4u-600NE-1.pdf\" target=\"_blank\" rel=\"noreferrer noopener\">Descargar hoja de datos<\/a><\/p>\n\n\n\n<p>Calidad de resina que produce las im\u00e1genes y c\u00f3digos de barras m\u00e1s duraderos, incluso a altas velocidades de impresi\u00f3n. Las im\u00e1genes tienen una alta resistencia al rayado y al calor.<\/p>\n\n\n\n<p>\u2013 Gran combinaci\u00f3n de velocidad y rendimiento.&#13;\n\u2013 Las im\u00e1genes m\u00e1s duraderas con alta definici\u00f3n.<\/p>\n<\/div><\/div>\n","protected":false},"excerpt":{"rendered":"<p>Near Edge ribbons 4U La impresi\u00f3n Near-Edge normalmente se realiza a alta velocidad, lo que requiere cintas de tinta de alta calidad que sean adecuadas para su prop\u00f3sito. Para estos casos de uso, las m\u00e1s vendidas de nuestra gama son las resinas de cera 411 y 431. Son perfectas para imprimir en una amplia variedad [&hellip;]<\/p>\n","protected":false},"author":6,"featured_media":0,"parent":3183,"menu_order":0,"comment_status":"closed","ping_status":"closed","template":"template-4u.php","meta":{"_acf_changed":false,"content-type":"","footnotes":""},"categories":[],"tags":[267],"class_list":["post-21514","page","type-page","status-publish","hentry","tag-product-es"],"acf":[],"_links":{"self":[{"href":"https:\/\/ttr.works\/es\/wp-json\/wp\/v2\/pages\/21514","targetHints":{"allow":["GET"]}}],"collection":[{"href":"https:\/\/ttr.works\/es\/wp-json\/wp\/v2\/pages"}],"about":[{"href":"https:\/\/ttr.works\/es\/wp-json\/wp\/v2\/types\/page"}],"author":[{"embeddable":true,"href":"https:\/\/ttr.works\/es\/wp-json\/wp\/v2\/users\/6"}],"replies":[{"embeddable":true,"href":"https:\/\/ttr.works\/es\/wp-json\/wp\/v2\/comments?post=21514"}],"version-history":[{"count":5,"href":"https:\/\/ttr.works\/es\/wp-json\/wp\/v2\/pages\/21514\/revisions"}],"predecessor-version":[{"id":24491,"href":"https:\/\/ttr.works\/es\/wp-json\/wp\/v2\/pages\/21514\/revisions\/24491"}],"up":[{"embeddable":true,"href":"https:\/\/ttr.works\/es\/wp-json\/wp\/v2\/pages\/3183"}],"wp:attachment":[{"href":"https:\/\/ttr.works\/es\/wp-json\/wp\/v2\/media?parent=21514"}],"wp:term":[{"taxonomy":"category","embeddable":true,"href":"https:\/\/ttr.works\/es\/wp-json\/wp\/v2\/categories?post=21514"},{"taxonomy":"post_tag","embeddable":true,"href":"https:\/\/ttr.works\/es\/wp-json\/wp\/v2\/tags?post=21514"}],"curies":[{"name":"wp","href":"https:\/\/api.w.org\/{rel}","templated":true}]}}