{"id":22833,"date":"2024-04-29T10:14:05","date_gmt":"2024-04-29T10:14:05","guid":{"rendered":"https:\/\/ttr.works\/?page_id=22833"},"modified":"2024-04-29T10:14:18","modified_gmt":"2024-04-29T10:14:18","slug":"programa-de-recompensas-4u-sp","status":"publish","type":"page","link":"https:\/\/ttr.works\/es\/programa-de-recompensas-4u-sp\/","title":{"rendered":"Programa de Recompensas 4U (redirect to PHP) (Spaans)"},"content":{"rendered":"\n<p>Con cada compra de cabezales de impresi\u00f3n y impresoras, acumulas puntos autom\u00e1ticamente. Al final de cada trimestre, recibes un c\u00f3digo de cup\u00f3n exclusivo seg\u00fan los puntos que hayas acumulado.<\/p>\n","protected":false},"excerpt":{"rendered":"<p>Con cada compra de cabezales de impresi\u00f3n y impresoras, acumulas puntos autom\u00e1ticamente. Al final de cada trimestre, recibes un c\u00f3digo de cup\u00f3n exclusivo seg\u00fan los puntos que hayas acumulado.<\/p>\n","protected":false},"author":5,"featured_media":0,"parent":0,"menu_order":0,"comment_status":"closed","ping_status":"closed","template":"template-product.php","meta":{"_acf_changed":false,"content-type":"","footnotes":""},"categories":[],"tags":[267],"class_list":["post-22833","page","type-page","status-publish","hentry","tag-product-es"],"acf":[],"_links":{"self":[{"href":"https:\/\/ttr.works\/es\/wp-json\/wp\/v2\/pages\/22833","targetHints":{"allow":["GET"]}}],"collection":[{"href":"https:\/\/ttr.works\/es\/wp-json\/wp\/v2\/pages"}],"about":[{"href":"https:\/\/ttr.works\/es\/wp-json\/wp\/v2\/types\/page"}],"author":[{"embeddable":true,"href":"https:\/\/ttr.works\/es\/wp-json\/wp\/v2\/users\/5"}],"replies":[{"embeddable":true,"href":"https:\/\/ttr.works\/es\/wp-json\/wp\/v2\/comments?post=22833"}],"version-history":[{"count":2,"href":"https:\/\/ttr.works\/es\/wp-json\/wp\/v2\/pages\/22833\/revisions"}],"predecessor-version":[{"id":22841,"href":"https:\/\/ttr.works\/es\/wp-json\/wp\/v2\/pages\/22833\/revisions\/22841"}],"wp:attachment":[{"href":"https:\/\/ttr.works\/es\/wp-json\/wp\/v2\/media?parent=22833"}],"wp:term":[{"taxonomy":"category","embeddable":true,"href":"https:\/\/ttr.works\/es\/wp-json\/wp\/v2\/categories?post=22833"},{"taxonomy":"post_tag","embeddable":true,"href":"https:\/\/ttr.works\/es\/wp-json\/wp\/v2\/tags?post=22833"}],"curies":[{"name":"wp","href":"https:\/\/api.w.org\/{rel}","templated":true}]}}