{"id":24023,"date":"2024-06-24T11:21:57","date_gmt":"2024-06-24T11:21:57","guid":{"rendered":"https:\/\/ttr.works\/?page_id=24023"},"modified":"2024-06-24T11:21:59","modified_gmt":"2024-06-24T11:21:59","slug":"lendahand","status":"publish","type":"page","link":"https:\/\/ttr.works\/es\/lendahand\/","title":{"rendered":"Lendahand"},"content":{"rendered":"\n<p><strong>Estas empresas no solo contribuyen al desarrollo econ\u00f3mico de su pa\u00eds creando empleos, sino que tambi\u00e9n generan un impacto social y ambiental significativo. Sin embargo, tienen un gran desaf\u00edo: el acceso a financiamiento para hacer crecer su negocio y generar empleos a un ritmo m\u00e1s r\u00e1pido.<\/strong><\/p>\n\n\n\n<p>Invertimos en estas peque\u00f1as empresas a trav\u00e9s de nuestra asociaci\u00f3n con <strong>Lendahand<\/strong>, una plataforma de crowdfunding dedicada al cambio social, ambiental y econ\u00f3mico. Estas empresas a menudo carecen de acceso a canales de financiamiento tradicionales debido a las altas tasas de inter\u00e9s y requisitos estrictos, y suelen ser pasadas por alto por los inversores a pesar de su potencial y la importancia de apoyar a empresas como estas para impactar positivamente en la vida de muchas personas.<\/p>\n\n\n\n<p>Es por eso que queremos intensificar nuestros esfuerzos y ayudar a proporcionar los recursos financieros que los emprendedores trabajadores en mercados emergentes necesitan para tener \u00e9xito.<\/p>\n\n\n\n<a href=\"https:\/\/www.lendahand.com\/en-EU\" style=\"font-family: 'neuzeit-grotesk', Helvetica, Arial, sans-serif;font-size: 19px;margin-top: 20px;background: linear-gradient(45deg, #369983, #237f6a);padding: 15px 30px;border-radius: 7px;color: #fff;display: inline-block;\" target=\"_blank\" rel=\"noopener\">Leer m\u00e1s sobre Lendahand \u2192<\/a>\n","protected":false},"excerpt":{"rendered":"<p>Estas empresas no solo contribuyen al desarrollo econ\u00f3mico de su pa\u00eds creando empleos, sino que tambi\u00e9n generan un impacto social y ambiental significativo. Sin embargo, tienen un gran desaf\u00edo: el acceso a financiamiento para hacer crecer su negocio y generar empleos a un ritmo m\u00e1s r\u00e1pido. Invertimos en estas peque\u00f1as empresas a trav\u00e9s de nuestra [&hellip;]<\/p>\n","protected":false},"author":5,"featured_media":0,"parent":0,"menu_order":0,"comment_status":"closed","ping_status":"closed","template":"template-lendahand.php","meta":{"_acf_changed":false,"content-type":"","footnotes":""},"categories":[],"tags":[],"class_list":["post-24023","page","type-page","status-publish","hentry"],"acf":[],"_links":{"self":[{"href":"https:\/\/ttr.works\/es\/wp-json\/wp\/v2\/pages\/24023","targetHints":{"allow":["GET"]}}],"collection":[{"href":"https:\/\/ttr.works\/es\/wp-json\/wp\/v2\/pages"}],"about":[{"href":"https:\/\/ttr.works\/es\/wp-json\/wp\/v2\/types\/page"}],"author":[{"embeddable":true,"href":"https:\/\/ttr.works\/es\/wp-json\/wp\/v2\/users\/5"}],"replies":[{"embeddable":true,"href":"https:\/\/ttr.works\/es\/wp-json\/wp\/v2\/comments?post=24023"}],"version-history":[{"count":1,"href":"https:\/\/ttr.works\/es\/wp-json\/wp\/v2\/pages\/24023\/revisions"}],"predecessor-version":[{"id":24024,"href":"https:\/\/ttr.works\/es\/wp-json\/wp\/v2\/pages\/24023\/revisions\/24024"}],"wp:attachment":[{"href":"https:\/\/ttr.works\/es\/wp-json\/wp\/v2\/media?parent=24023"}],"wp:term":[{"taxonomy":"category","embeddable":true,"href":"https:\/\/ttr.works\/es\/wp-json\/wp\/v2\/categories?post=24023"},{"taxonomy":"post_tag","embeddable":true,"href":"https:\/\/ttr.works\/es\/wp-json\/wp\/v2\/tags?post=24023"}],"curies":[{"name":"wp","href":"https:\/\/api.w.org\/{rel}","templated":true}]}}