{"id":29305,"date":"2025-11-11T14:04:45","date_gmt":"2025-11-11T14:04:45","guid":{"rendered":"https:\/\/ttr.works\/?page_id=29305"},"modified":"2025-11-18T10:40:47","modified_gmt":"2025-11-18T10:40:47","slug":"cintas-textiles","status":"publish","type":"page","link":"https:\/\/ttr.works\/es\/cintas-textiles\/","title":{"rendered":"Cintas Textiles"},"content":{"rendered":"\r\n\r\n\r\n<p><img decoding=\"async\" class=\"wp-image-28664 alignright lazyload\" style=\"--smush-placeholder-width: 404px; --smush-placeholder-aspect-ratio: 404\/269;float: right; margin-left: 1em; margin-bottom: 1em;\" data-src=\"https:\/\/ttr.works\/wp-content\/uploads\/\/TTR-Euroworks-supply-advantage-1-300x200.png\" alt=\"\" width=\"404\" height=\"269\" data-srcset=\"https:\/\/ttr.works\/wp-content\/uploads\/TTR-Euroworks-supply-advantage-1-300x200.png 300w, https:\/\/ttr.works\/wp-content\/uploads\/TTR-Euroworks-supply-advantage-1-1024x683.png 1024w, https:\/\/ttr.works\/wp-content\/uploads\/TTR-Euroworks-supply-advantage-1-768x512.png 768w, https:\/\/ttr.works\/wp-content\/uploads\/TTR-Euroworks-supply-advantage-1.png 1536w\" data-sizes=\"(max-width: 404px) 100vw, 404px\" src=\"data:image\/svg+xml;base64,PHN2ZyB3aWR0aD0iMSIgaGVpZ2h0PSIxIiB4bWxucz0iaHR0cDovL3d3dy53My5vcmcvMjAwMC9zdmciPjwvc3ZnPg==\" \/><\/p>\r\n<p data-start=\"58\" data-end=\"445\">Los tejidos que resisten cientos de ciclos de lavado requieren etiquetas igual de duraderas. Nuestros ribbons textiles de resina 4U y nuestras etiquetas de nailon ofrecen una identificaci\u00f3n duradera para cualquier prenda. Equipe su impresora textil con consumibles dise\u00f1ados para aplicaciones textiles, para obtener resultados duraderos y un tiempo de inactividad m\u00ednimo.<\/p>\r\n<p data-start=\"447\" data-end=\"721\">Disfrute de la Ventaja de Suministro de TTR Euroworks sin ning\u00fan compromiso. Benef\u00edciese de descuentos por volumen desde el primer pedido, de precios garantizados durante al menos un a\u00f1o* y de ofertas\u00a0exclusivas para impresoras textiles. Sin compromiso y con un valor claro.<\/p>\r\n<p data-start=\"723\" data-end=\"813\" data-is-last-node=\"\" data-is-only-node=\"\">Ind\u00edquenos lo que necesita y le enviaremos un presupuesto sin compromiso para su revisi\u00f3n.<\/p>\r\n\r\n\r\n\r\n<p><a class=\"link-btn\" href=\"https:\/\/hs.ttreuroworks.com\/textile-label-printing\">Descubre la ventaja de suministro de TTR<\/a><\/p>\r\n\r\n\r\n\r\n<div class=\"wp-block-spacer\" style=\"height: 17px;\" aria-hidden=\"true\">\u00a0<\/div>\r\n\r\n\r\n\r\n<h3 class=\"wp-block-heading\"><strong>Cintas 4U Resin Textile<\/strong><\/h3>\r\n<p><img decoding=\"async\" class=\"wp-image-28664 alignleft lazyload\" style=\"--smush-placeholder-width: 395px; --smush-placeholder-aspect-ratio: 395\/263;float: right; margin-left: 1em; margin-bottom: 1em;\" data-src=\"https:\/\/ttr.works\/wp-content\/uploads\/\/DSC_0644-300x200.jpg\" alt=\"colored resin textile ribbons\" width=\"395\" height=\"263\" src=\"data:image\/svg+xml;base64,PHN2ZyB3aWR0aD0iMSIgaGVpZ2h0PSIxIiB4bWxucz0iaHR0cDovL3d3dy53My5vcmcvMjAwMC9zdmciPjwvc3ZnPg==\" \/><\/p>\r\n<h3 data-start=\"645\" data-end=\"671\">\r\n\r\n<\/h3>\r\n<p>Logra una calidad de impresi\u00f3n duradera en cada etiqueta de tela. Nuestras <strong data-start=\"1263\" data-end=\"1291\">Cintas 4U Resin Textile<\/strong> ofrecen resultados n\u00edtidos para texto peque\u00f1o y s\u00edmbolos de lavado que resisten el lavado, planchado y limpieza en seco. Totalmente compatibles con etiquetas de nailon y sat\u00e9n y disponibles en m\u00faltiples colores.<\/p>\r\n<p>&nbsp;<\/p>\r\n<p>&nbsp;<\/p>\r\n<h3 class=\"wp-block-heading\" data-start=\"645\" data-end=\"671\">Etiquetas de Nailon &amp; Sat\u00e9n<\/h3>\r\n\r\n\r\n\r\n<p data-start=\"673\" data-end=\"907\">Elegir el material de etiqueta adecuado depende del tipo de prenda y los requisitos de lavado. Por eso ofrecemos materiales de etiquetas de Nailon y Sat\u00e9n certificados OEKO-TEX\u00ae Standard 100. Son seguros, sostenibles y libres de sustancias nocivas.<\/p>\r\n\r\n<ul data-start=\"909\" data-end=\"1167\">\r\n<li data-start=\"909\" data-end=\"1054\"><strong data-start=\"911\" data-end=\"928\">Etiquetas de Nailon:<\/strong> Duraderas, imprimibles por ambos lados y resistentes a lavados frecuentes &#8211; ideales para ropa de trabajo, uniformes y textiles industriales.<\/li>\r\n<li data-start=\"1055\" data-end=\"1167\"><strong data-start=\"1057\" data-end=\"1074\">Etiquetas de Sat\u00e9n:<\/strong> Suaves, lisas y perfectas para telas premium como ropa de dise\u00f1o y marcas de lujo.<\/li>\r\n<\/ul>\r\n<p>&nbsp;<\/p>\r\n<p>&nbsp;<\/p>\r\n<h3 class=\"wp-block-heading\"><strong>Impresoras Profesionales para Telas &amp; Cabezales de Impresi\u00f3n<\/strong><\/h3>\r\n<!-- \/wp:post-content -->\r\n\r\n<!-- wp:paragraph -->\r\n<p data-start=\"1520\" data-end=\"1668\">Equipa tu l\u00ednea de producci\u00f3n con impresoras de tela confiables <strong data-start=\"1561\" data-end=\"1603\">CAB\u00ae, TSC\u00ae y Avery\u00ae<\/strong> que cuentan con cortadores de tela integrados para resultados suaves y precisos.<\/p>\r\n<!-- \/wp:paragraph -->\r\n\r\n<!-- wp:list -->\r\n<ul data-start=\"1669\" data-end=\"1813\">\r\n<li data-start=\"1669\" data-end=\"1695\">Corte preciso de etiquetas<\/li>\r\n<li data-start=\"1669\" data-end=\"1695\">Salida de alta velocidad y alta calidad<\/li>\r\n<li data-start=\"1732\" data-end=\"1763\">Integraci\u00f3n f\u00e1cil en la producci\u00f3n<\/li>\r\n<\/ul>\r\n<!-- \/wp:list -->\r\n\r\n<!-- wp:spacer {\"height\":\"40px\"} -->\r\n<h3><a class=\"link-btn second\" style=\"font-size: 16px; font-weight: 400;\" href=\"https:\/\/ttr.works\/es\/contacto\/\">Contacta a TTR Euroworks<\/a><\/h3>\r\n<p>&nbsp;<\/p>\r\n<h3 class=\"wp-block-heading\"><strong>P&amp;R: Impresi\u00f3n de Etiquetas de Tela<\/strong><\/h3>\r\n<p data-start=\"362\" data-end=\"709\"><strong data-start=\"362\" data-end=\"450\">P: \u00bfQu\u00e9 hace que sus cintas textiles sean diferentes de las cintas de transferencia t\u00e9rmica est\u00e1ndar?<\/strong><br data-start=\"450\" data-end=\"453\" \/>R: Nuestras cintas textiles est\u00e1n espec\u00edficamente formuladas para unirse a telas como nailon o sat\u00e9n, para soportar cientos de ciclos de lavado, planchado y limpieza en seco mientras mantienen la impresi\u00f3n legible. Ofrecen una impresi\u00f3n n\u00edtida de texto peque\u00f1o y s\u00edmbolos de cuidado en etiquetas textiles.<\/p>\r\n<p data-start=\"711\" data-end=\"983\"><strong data-start=\"711\" data-end=\"781\">P: \u00bfQu\u00e9 tipo de cinta es mejor para imprimir etiquetas de cuidado en prendas?<\/strong><br data-start=\"781\" data-end=\"784\" \/>R: Para aplicaciones de etiquetas textiles recomendamos una cinta de transferencia t\u00e9rmica basada en resina (\u201cResin Textile\u201d) porque ofrece una durabilidad superior en sustratos de tela en comparaci\u00f3n con cintas de cera o cera-resina.<\/p>\r\n<p data-start=\"985\" data-end=\"1275\"><strong data-start=\"985\" data-end=\"1053\">P: \u00bfPuede nuestra impresora de etiquetas usar sus cintas textiles de inmediato?<\/strong><br data-start=\"1053\" data-end=\"1056\" \/>R: S\u00ed, siempre y cuando tu impresora de etiquetas de tela soporte la transferencia t\u00e9rmica con el ancho de cinta y tama\u00f1o de n\u00facleo correctos. Con estas cintas dise\u00f1adas para textiles y el material de etiqueta correspondiente, obtienes resultados \u00f3ptimos en casa.<\/p>\r\n<p data-start=\"1277\" data-end=\"1535\"><strong data-start=\"1277\" data-end=\"1352\">P: \u00bfC\u00f3mo afecta la elecci\u00f3n de la cinta a la durabilidad de las etiquetas de cuidado impresas?<\/strong><br data-start=\"1352\" data-end=\"1355\" \/>R: Usar la cinta de resina textil correcta asegura que la impresi\u00f3n permanezca n\u00edtida, legible y duradera a trav\u00e9s de muchos lavados y procesos de tratamiento.<\/p>\r\n<p data-start=\"1537\" data-end=\"1882\"><strong data-start=\"1537\" data-end=\"1612\">P: \u00bfQu\u00e9 es la \u201cVentaja de Suministro\u201d ofrecida por TTR Euroworks para cintas?<\/strong><br data-start=\"1612\" data-end=\"1615\" \/>R: Significa que te beneficias de descuentos por volumen desde el primer d\u00eda, precios fijos anuales (para que tu base de costos sea estable) y ofertas exclusivas cuando agregas o reemplazas impresoras. Esto te da un mejor control de costos y simplifica la adquisici\u00f3n.<\/p>\r\n<p data-start=\"2208\" data-end=\"2504\"><strong data-start=\"2208\" data-end=\"2284\">P: \u00bfNecesito emparejar un material de etiqueta espec\u00edfico con la cinta textil?<\/strong><br data-start=\"2284\" data-end=\"2287\" \/>R: S\u00ed, recomendamos usar etiquetas hechas de nailon o sat\u00e9n dise\u00f1adas para aplicaciones textiles. Cuando se combinan con la cinta de resina textil correcta, lograr\u00e1s durabilidad y cumplimiento sin compromisos.<\/p>\r\n<p data-start=\"2506\" data-end=\"2757\"><strong data-start=\"2506\" data-end=\"2571\">P: \u00bfQu\u00e9 colores y anchos est\u00e1n disponibles para las cintas textiles?<\/strong><br data-start=\"2571\" data-end=\"2574\" \/>R: Nuestras cintas textiles est\u00e1n disponibles en m\u00faltiples colores y anchos para adaptarse a tu impresora de etiquetas y necesidades de impresi\u00f3n de marca\/personalizadas.<\/p>\r\n<p data-start=\"2759\" data-end=\"3012\"><strong data-start=\"2759\" data-end=\"2829\">P: \u00bfQu\u00e9 pasa si cambio impresoras o expando mi l\u00ednea de producci\u00f3n?<\/strong><br data-start=\"2829\" data-end=\"2832\" \/>R: Con la Ventaja de Suministro recibir\u00e1s ofertas exclusivas al agregar o reemplazar impresoras de tela, lo que te ayuda a escalar de manera costo-eficiente.<\/p>\r\n<p data-start=\"3014\" data-end=\"3312\"><strong data-start=\"3014\" data-end=\"3095\">P: Mis cintas actuales causan alto tiempo de inactividad o impresiones pobres. \u00bfCambiar ayudar\u00e1?<\/strong><br data-start=\"3095\" data-end=\"3098\" \/>R: Es muy probable, pero tiene sentido descartar primero cualquier problema con las configuraciones de la impresora que se pueda resolver de forma remota &#8211; cont\u00e1ctanos para asesoramiento. Usar cintas espec\u00edficamente dise\u00f1adas para etiquetas de tela (y material de etiqueta correspondiente + impresora) reduce fallos de impresi\u00f3n, decoloraci\u00f3n o lavado.<\/p>\r\n<p data-start=\"3314\" data-end=\"3571\"><strong data-start=\"3314\" data-end=\"3394\">P: \u00bfA qui\u00e9n debo contactar para obtener ayuda en la elecci\u00f3n de la soluci\u00f3n de cinta textil adecuada?<\/strong><br data-start=\"3394\" data-end=\"3397\" \/>R: Puedes contactar a nuestro equipo de ventas al +31 (0)78 693 2000 o enviar un correo electr\u00f3nico a <a class=\"decorated-link cursor-pointer\" rel=\"noopener\" data-start=\"3460\" data-end=\"3472\">sales@ttr.nl<\/a>. Nuestros expertos te guiar\u00e1n en la selecci\u00f3n de la combinaci\u00f3n correcta de cinta, material de etiqueta e impresora.<\/p>\r\n<!-- \/wp:spacer -->\r\n\r\n<!-- wp:paragraph -->\r\n<div class=\"wp-block-spacer\" style=\"height: 29px;\" aria-hidden=\"true\">\u00a0<\/div>\r\n<!-- \/wp:paragraph -->\r\n\r\n<!-- wp:paragraph -->\r\n<h3><strong>\u00bfNo encontraste tu respuesta? Preg\u00fantanos cualquier cosa.<\/strong><\/h3>\r\n<!-- \/wp:paragraph -->\r\n\r\n<!-- wp:paragraph -->\r\n<p><a class=\"link-btn\" href=\"https:\/\/ttr.works\/es\/contacto\/\">Contacta a TTR Euroworks<\/a><\/p>\r\n<p>&nbsp;<\/p>\r\n<p>*<em> Excepto en casos de fuerza mayor o circunstancias de mercado extraordinarias fuera de nuestro control.<\/em><\/p>\r\n<p>&nbsp;<\/p>\r\n<!-- \/wp:paragraph -->\r\n<p>&nbsp;<\/p>","protected":false},"excerpt":{"rendered":"<p>Los tejidos que resisten cientos de ciclos de lavado requieren etiquetas igual de duraderas. Nuestros ribbons textiles de resina 4U y nuestras etiquetas de nailon ofrecen una identificaci\u00f3n duradera para cualquier prenda. Equipe su impresora textil con consumibles dise\u00f1ados para aplicaciones textiles, para obtener resultados duraderos y un tiempo de inactividad m\u00ednimo. Disfrute de la [&hellip;]<\/p>\n","protected":false},"author":5,"featured_media":0,"parent":0,"menu_order":0,"comment_status":"closed","ping_status":"closed","template":"template-product.php","meta":{"_acf_changed":false,"content-type":"","footnotes":""},"categories":[],"tags":[267],"class_list":["post-29305","page","type-page","status-publish","hentry","tag-product-es"],"acf":[],"_links":{"self":[{"href":"https:\/\/ttr.works\/es\/wp-json\/wp\/v2\/pages\/29305","targetHints":{"allow":["GET"]}}],"collection":[{"href":"https:\/\/ttr.works\/es\/wp-json\/wp\/v2\/pages"}],"about":[{"href":"https:\/\/ttr.works\/es\/wp-json\/wp\/v2\/types\/page"}],"author":[{"embeddable":true,"href":"https:\/\/ttr.works\/es\/wp-json\/wp\/v2\/users\/5"}],"replies":[{"embeddable":true,"href":"https:\/\/ttr.works\/es\/wp-json\/wp\/v2\/comments?post=29305"}],"version-history":[{"count":3,"href":"https:\/\/ttr.works\/es\/wp-json\/wp\/v2\/pages\/29305\/revisions"}],"predecessor-version":[{"id":29556,"href":"https:\/\/ttr.works\/es\/wp-json\/wp\/v2\/pages\/29305\/revisions\/29556"}],"wp:attachment":[{"href":"https:\/\/ttr.works\/es\/wp-json\/wp\/v2\/media?parent=29305"}],"wp:term":[{"taxonomy":"category","embeddable":true,"href":"https:\/\/ttr.works\/es\/wp-json\/wp\/v2\/categories?post=29305"},{"taxonomy":"post_tag","embeddable":true,"href":"https:\/\/ttr.works\/es\/wp-json\/wp\/v2\/tags?post=29305"}],"curies":[{"name":"wp","href":"https:\/\/api.w.org\/{rel}","templated":true}]}}