{"id":29351,"date":"2025-11-12T12:55:36","date_gmt":"2025-11-12T12:55:36","guid":{"rendered":"https:\/\/ttr.works\/?page_id=29351"},"modified":"2025-11-21T09:48:14","modified_gmt":"2025-11-21T09:48:14","slug":"recicla-cabezales-de-impresion-y-rodillos-de-platina","status":"publish","type":"page","link":"https:\/\/ttr.works\/es\/recicla-cabezales-de-impresion-y-rodillos-de-platina\/","title":{"rendered":"Recicla Cabezales de Impresi\u00f3n y Rodillos de Platina"},"content":{"rendered":"\r\n\r\n<div class=\"wp-block-image\">\r\n<figure id=\"block-74e43d50-f0b5-4c0c-b23c-3cddcbfeee88\" class=\"alignright size-full is-resized\"><img decoding=\"async\" class=\"wp-image-23611 lazyload\" style=\"--smush-placeholder-width: 285px; --smush-placeholder-aspect-ratio: 285\/284;width: 293px; height: 292px;\" data-src=\"https:\/\/ttr.works\/wp-content\/uploads\/recycle-badge.png\" alt=\"\" src=\"data:image\/svg+xml;base64,PHN2ZyB3aWR0aD0iMSIgaGVpZ2h0PSIxIiB4bWxucz0iaHR0cDovL3d3dy53My5vcmcvMjAwMC9zdmciPjwvc3ZnPg==\" \/><\/figure><\/div>\r\n<p>Los cabezales de impresi\u00f3n t\u00e9rmica y los rodillos contienen materiales como aluminio y metales que pueden recuperarse y reutilizarse. Por eso hemos lanzado el <strong>Programa de Reciclaje TTR<\/strong>. Los cabezales de impresi\u00f3n usados se recopilan y se env\u00edan a un especialista en reciclaje, quien separa los materiales reutilizables, como el aluminio y los metales, de los residuos restantes. As\u00ed, las materias primas obtienen una nueva vida en otras industrias y reducimos lo que termina en los vertederos.<\/p>\r\n<p>&nbsp;<\/p>\r\n\r\n<h3 class=\"wp-block-heading\">C\u00f3mo funciona<\/h3>\r\n<p>Recoja los cabezales de impresi\u00f3n y los rodillos usados \u2014 no importa si fueron comprados en TTR o en otro lugar.<\/p>\r\n<p>Env\u00edelos a TTR Euroworks en lotes de al menos 10 unidades para una log\u00edstica eficiente.<\/p>\r\n<p>Nuestro especialista en reciclaje clasifica y recupera los materiales que pueden reutilizarse.<\/p>\r\n<!-- \/wp:post-content -->\r\n\r\n<!-- wp:paragraph -->\r\n<p>&nbsp;<\/p>\r\n<!-- \/wp:paragraph -->\r\n\r\n<!-- wp:heading {\"level\":3} -->\r\n<h3 class=\"wp-block-heading\">Bono extra<\/h3>\r\n<p data-start=\"59\" data-end=\"370\">Devuelva 10 cabezales de impresi\u00f3n o m\u00e1s y reciba un <strong>dispensador gratuito con toallitas de limpieza para cabezales de impresi\u00f3n<\/strong> (100 toallitas de limpieza)\u00a0con su pr\u00f3ximo env\u00edo. La limpieza regular prolonga significativamente la vida \u00fatil de un cabezal de impresi\u00f3n.<strong data-start=\"59\" data-end=\"370\"> \ud83c\udf31<\/strong><\/p>\r\n<p data-start=\"372\" data-end=\"458\" data-is-last-node=\"\" data-is-only-node=\"\">Tambi\u00e9n puede usar el distintivo de Socio de Reciclaje TTR en su propio sitio web y en sus comunicaciones. Juntos podemos reducir los residuos en los vertederos y contribuir a la reducci\u00f3n de CO\u2082.<\/p>\r\n<p>&nbsp;<\/p>\r\n<h3 class=\"wp-block-heading\">D\u00f3nde enviar sus art\u00edculos<\/h3>\r\n<p>&nbsp;<\/p>\r\n<!-- \/wp:heading -->\r\n\r\n<!-- wp:paragraph -->\r\n<p>\ud83d\udccd <strong>Pa\u00edses Bajos (Sede)<\/strong><br \/>TTR Euroworks, Edisonweg 47, 2952 AD, Alblasserdam<br \/>FAO: Sales Support<br \/>\ud83d\udce7 <a href=\"mailto:salessupport@ttr.nl\">salessupport@ttr.nl<\/a> | \u260e\ufe0f +31 786 932 000<\/p>\r\n<!-- \/wp:paragraph -->\r\n\r\n<!-- wp:spacer {\"height\":\"24px\"} -->\r\n<div class=\"wp-block-spacer\" style=\"height: 24px;\" aria-hidden=\"true\">\u00a0<\/div>\r\n<!-- \/wp:spacer -->\r\n\r\n<!-- wp:paragraph -->\r\n<p>\ud83d\udccd <strong>Reino Unido<\/strong><br \/>TTR Euroworks UK, Unit 6B, Lea Green Business Park, Eurolink, St Helens, Merseyside, WA9 4TR<br \/>FAO: Sales Support<br \/>\ud83d\udce7 <a href=\"mailto:support@ttr.works\">support@ttr.works<\/a> | \u260e\ufe0f 01744 815200<\/p>\r\n<!-- \/wp:paragraph -->\r\n\r\n<!-- wp:spacer {\"height\":\"54px\"} \/-->\r\n\r\n<!-- wp:spacer {\"height\":\"31px\"} \/-->\r\n\r\n<!-- wp:html \/-->\r\n\r\n<!-- wp:spacer {\"height\":\"36px\"} \/-->\r\n\r\n<!-- wp:paragraph {\"align\":\"center\"} -->\r\n<p class=\"has-text-align-center\">\u00a0<\/p>\r\n<!-- \/wp:paragraph -->\r\n<p>&nbsp;<\/p>","protected":false},"excerpt":{"rendered":"<p>Los cabezales de impresi\u00f3n t\u00e9rmica y los rodillos contienen materiales como aluminio y metales que pueden recuperarse y reutilizarse. Por eso hemos lanzado el Programa de Reciclaje TTR. Los cabezales de impresi\u00f3n usados se recopilan y se env\u00edan a un especialista en reciclaje, quien separa los materiales reutilizables, como el aluminio y los metales, de [&hellip;]<\/p>\n","protected":false},"author":5,"featured_media":0,"parent":0,"menu_order":0,"comment_status":"closed","ping_status":"closed","template":"template-product.php","meta":{"_acf_changed":false,"content-type":"","footnotes":""},"categories":[],"tags":[267],"class_list":["post-29351","page","type-page","status-publish","hentry","tag-product-es"],"acf":[],"_links":{"self":[{"href":"https:\/\/ttr.works\/es\/wp-json\/wp\/v2\/pages\/29351","targetHints":{"allow":["GET"]}}],"collection":[{"href":"https:\/\/ttr.works\/es\/wp-json\/wp\/v2\/pages"}],"about":[{"href":"https:\/\/ttr.works\/es\/wp-json\/wp\/v2\/types\/page"}],"author":[{"embeddable":true,"href":"https:\/\/ttr.works\/es\/wp-json\/wp\/v2\/users\/5"}],"replies":[{"embeddable":true,"href":"https:\/\/ttr.works\/es\/wp-json\/wp\/v2\/comments?post=29351"}],"version-history":[{"count":4,"href":"https:\/\/ttr.works\/es\/wp-json\/wp\/v2\/pages\/29351\/revisions"}],"predecessor-version":[{"id":29684,"href":"https:\/\/ttr.works\/es\/wp-json\/wp\/v2\/pages\/29351\/revisions\/29684"}],"wp:attachment":[{"href":"https:\/\/ttr.works\/es\/wp-json\/wp\/v2\/media?parent=29351"}],"wp:term":[{"taxonomy":"category","embeddable":true,"href":"https:\/\/ttr.works\/es\/wp-json\/wp\/v2\/categories?post=29351"},{"taxonomy":"post_tag","embeddable":true,"href":"https:\/\/ttr.works\/es\/wp-json\/wp\/v2\/tags?post=29351"}],"curies":[{"name":"wp","href":"https:\/\/api.w.org\/{rel}","templated":true}]}}