{"id":3039,"date":"2020-11-04T13:18:53","date_gmt":"2020-11-04T13:18:53","guid":{"rendered":"https:\/\/ttr.works\/?page_id=3039"},"modified":"2021-02-05T14:13:39","modified_gmt":"2021-02-05T14:13:39","slug":"sobre-ttr-euroworks","status":"publish","type":"page","link":"https:\/\/ttr.works\/es\/sobre-ttr-euroworks\/","title":{"rendered":"Sobre TTR Euroworks"},"content":{"rendered":"\n<p>Hace m\u00e1s de 25 a\u00f1os, TTR Euroworks surgi\u00f3 con la idea de suministrar productos de transferencia t\u00e9rmica de forma m\u00e1s r\u00e1pida, f\u00e1cil y rentable que todos los dem\u00e1s. Nuestra filosof\u00eda de asociarnos con nuestros clientes y trabajar para ellos tuvo mucho \u00e9xito. Hasta lo convertimos en nuestro lema: TTR Euroworks para usted. Tenemos oficinas y centros de distribuci\u00f3n cerca del puerto de R\u00f3terdam (Pa\u00edses Bajos) y St. Helens (Reino Unido). Desde ah\u00ed, nuestros socios tienen acceso al mayor inventario de cabezales de impresi\u00f3n t\u00e9rmica de Europa, as\u00ed como a impresoras t\u00e9rmicas, cintas y otros suministros. <\/p>\n","protected":false},"excerpt":{"rendered":"<p>Hace m\u00e1s de 25 a\u00f1os, TTR Euroworks surgi\u00f3 con la idea de suministrar productos de transferencia t\u00e9rmica de forma m\u00e1s r\u00e1pida, f\u00e1cil y rentable que todos los dem\u00e1s. Nuestra filosof\u00eda de asociarnos con nuestros clientes y trabajar para ellos tuvo mucho \u00e9xito. Hasta lo convertimos en nuestro lema: TTR Euroworks para usted. Tenemos oficinas y [&hellip;]<\/p>\n","protected":false},"author":1,"featured_media":0,"parent":0,"menu_order":0,"comment_status":"closed","ping_status":"closed","template":"template-about.php","meta":{"_acf_changed":false,"content-type":"","footnotes":""},"categories":[],"tags":[],"class_list":["post-3039","page","type-page","status-publish","hentry"],"acf":[],"yoast_head":"<!-- This site is optimized with the Yoast SEO plugin v25.9 - https:\/\/yoast.com\/wordpress\/plugins\/seo\/ -->\n<title>Sobre TTR Euroworks - TTR Euroworks<\/title>\n<meta name=\"description\" content=\"TTR Euroworks \u2713 El mayor inventario europeo de cabezales de impresi\u00f3n t\u00e9rmica, impresoras t\u00e9rmicas, ropa de cama y otros accesorios\" \/>\n<meta name=\"robots\" content=\"index, follow, max-snippet:-1, max-image-preview:large, max-video-preview:-1\" \/>\n<link rel=\"canonical\" href=\"https:\/\/ttr.works\/es\/sobre-ttr-euroworks\/\" \/>\n<meta property=\"og:locale\" content=\"es_ES\" \/>\n<meta property=\"og:type\" content=\"article\" \/>\n<meta property=\"og:title\" content=\"Sobre TTR Euroworks - TTR Euroworks\" \/>\n<meta property=\"og:description\" content=\"TTR Euroworks \u2713 El mayor inventario europeo de cabezales de impresi\u00f3n t\u00e9rmica, impresoras t\u00e9rmicas, ropa de cama y otros accesorios\" \/>\n<meta property=\"og:url\" content=\"https:\/\/ttr.works\/es\/sobre-ttr-euroworks\/\" \/>\n<meta property=\"og:site_name\" content=\"TTR Euroworks\" \/>\n<meta property=\"article:modified_time\" content=\"2021-02-05T14:13:39+00:00\" \/>\n<meta name=\"twitter:card\" content=\"summary_large_image\" \/>\n<meta name=\"twitter:label1\" content=\"Tiempo de lectura\" \/>\n\t<meta name=\"twitter:data1\" content=\"1 minuto\" \/>\n<script type=\"application\/ld+json\" class=\"yoast-schema-graph\">{\"@context\":\"https:\/\/schema.org\",\"@graph\":[{\"@type\":\"WebPage\",\"@id\":\"https:\/\/ttr.works\/es\/sobre-ttr-euroworks\/\",\"url\":\"https:\/\/ttr.works\/es\/sobre-ttr-euroworks\/\",\"name\":\"Sobre TTR Euroworks - TTR Euroworks\",\"isPartOf\":{\"@id\":\"https:\/\/ttr.works\/es\/#website\"},\"datePublished\":\"2020-11-04T13:18:53+00:00\",\"dateModified\":\"2021-02-05T14:13:39+00:00\",\"description\":\"TTR Euroworks \u2713 El mayor inventario europeo de cabezales de impresi\u00f3n t\u00e9rmica, impresoras t\u00e9rmicas, ropa de cama y otros accesorios\",\"breadcrumb\":{\"@id\":\"https:\/\/ttr.works\/es\/sobre-ttr-euroworks\/#breadcrumb\"},\"inLanguage\":\"es\",\"potentialAction\":[{\"@type\":\"ReadAction\",\"target\":[\"https:\/\/ttr.works\/es\/sobre-ttr-euroworks\/\"]}]},{\"@type\":\"BreadcrumbList\",\"@id\":\"https:\/\/ttr.works\/es\/sobre-ttr-euroworks\/#breadcrumb\",\"itemListElement\":[{\"@type\":\"ListItem\",\"position\":1,\"name\":\"Home\",\"item\":\"https:\/\/ttr.works\/es\/inicio\/\"},{\"@type\":\"ListItem\",\"position\":2,\"name\":\"Sobre TTR Euroworks\"}]},{\"@type\":\"WebSite\",\"@id\":\"https:\/\/ttr.works\/es\/#website\",\"url\":\"https:\/\/ttr.works\/es\/\",\"name\":\"TTR Euroworks\",\"description\":\"Your ttr partner\",\"potentialAction\":[{\"@type\":\"SearchAction\",\"target\":{\"@type\":\"EntryPoint\",\"urlTemplate\":\"https:\/\/ttr.works\/es\/?s={search_term_string}\"},\"query-input\":{\"@type\":\"PropertyValueSpecification\",\"valueRequired\":true,\"valueName\":\"search_term_string\"}}],\"inLanguage\":\"es\"}]}<\/script>\n<!-- \/ Yoast SEO plugin. -->","yoast_head_json":{"title":"Sobre TTR Euroworks - TTR Euroworks","description":"TTR Euroworks \u2713 El mayor inventario europeo de cabezales de impresi\u00f3n t\u00e9rmica, impresoras t\u00e9rmicas, ropa de cama y otros accesorios","robots":{"index":"index","follow":"follow","max-snippet":"max-snippet:-1","max-image-preview":"max-image-preview:large","max-video-preview":"max-video-preview:-1"},"canonical":"https:\/\/ttr.works\/es\/sobre-ttr-euroworks\/","og_locale":"es_ES","og_type":"article","og_title":"Sobre TTR Euroworks - TTR Euroworks","og_description":"TTR Euroworks \u2713 El mayor inventario europeo de cabezales de impresi\u00f3n t\u00e9rmica, impresoras t\u00e9rmicas, ropa de cama y otros accesorios","og_url":"https:\/\/ttr.works\/es\/sobre-ttr-euroworks\/","og_site_name":"TTR Euroworks","article_modified_time":"2021-02-05T14:13:39+00:00","twitter_card":"summary_large_image","twitter_misc":{"Tiempo de lectura":"1 minuto"},"schema":{"@context":"https:\/\/schema.org","@graph":[{"@type":"WebPage","@id":"https:\/\/ttr.works\/es\/sobre-ttr-euroworks\/","url":"https:\/\/ttr.works\/es\/sobre-ttr-euroworks\/","name":"Sobre TTR Euroworks - TTR Euroworks","isPartOf":{"@id":"https:\/\/ttr.works\/es\/#website"},"datePublished":"2020-11-04T13:18:53+00:00","dateModified":"2021-02-05T14:13:39+00:00","description":"TTR Euroworks \u2713 El mayor inventario europeo de cabezales de impresi\u00f3n t\u00e9rmica, impresoras t\u00e9rmicas, ropa de cama y otros accesorios","breadcrumb":{"@id":"https:\/\/ttr.works\/es\/sobre-ttr-euroworks\/#breadcrumb"},"inLanguage":"es","potentialAction":[{"@type":"ReadAction","target":["https:\/\/ttr.works\/es\/sobre-ttr-euroworks\/"]}]},{"@type":"BreadcrumbList","@id":"https:\/\/ttr.works\/es\/sobre-ttr-euroworks\/#breadcrumb","itemListElement":[{"@type":"ListItem","position":1,"name":"Home","item":"https:\/\/ttr.works\/es\/inicio\/"},{"@type":"ListItem","position":2,"name":"Sobre TTR Euroworks"}]},{"@type":"WebSite","@id":"https:\/\/ttr.works\/es\/#website","url":"https:\/\/ttr.works\/es\/","name":"TTR Euroworks","description":"Your ttr partner","potentialAction":[{"@type":"SearchAction","target":{"@type":"EntryPoint","urlTemplate":"https:\/\/ttr.works\/es\/?s={search_term_string}"},"query-input":{"@type":"PropertyValueSpecification","valueRequired":true,"valueName":"search_term_string"}}],"inLanguage":"es"}]}},"_links":{"self":[{"href":"https:\/\/ttr.works\/es\/wp-json\/wp\/v2\/pages\/3039","targetHints":{"allow":["GET"]}}],"collection":[{"href":"https:\/\/ttr.works\/es\/wp-json\/wp\/v2\/pages"}],"about":[{"href":"https:\/\/ttr.works\/es\/wp-json\/wp\/v2\/types\/page"}],"author":[{"embeddable":true,"href":"https:\/\/ttr.works\/es\/wp-json\/wp\/v2\/users\/1"}],"replies":[{"embeddable":true,"href":"https:\/\/ttr.works\/es\/wp-json\/wp\/v2\/comments?post=3039"}],"version-history":[{"count":0,"href":"https:\/\/ttr.works\/es\/wp-json\/wp\/v2\/pages\/3039\/revisions"}],"wp:attachment":[{"href":"https:\/\/ttr.works\/es\/wp-json\/wp\/v2\/media?parent=3039"}],"wp:term":[{"taxonomy":"category","embeddable":true,"href":"https:\/\/ttr.works\/es\/wp-json\/wp\/v2\/categories?post=3039"},{"taxonomy":"post_tag","embeddable":true,"href":"https:\/\/ttr.works\/es\/wp-json\/wp\/v2\/tags?post=3039"}],"curies":[{"name":"wp","href":"https:\/\/api.w.org\/{rel}","templated":true}]}}