{"id":3070,"date":"2020-11-04T14:12:47","date_gmt":"2020-11-04T14:12:47","guid":{"rendered":"https:\/\/ttr.works\/?page_id=3070"},"modified":"2021-02-05T14:10:25","modified_gmt":"2021-02-05T14:10:25","slug":"laminas-de-estampacion-en-caliente","status":"publish","type":"page","link":"https:\/\/ttr.works\/es\/laminas-de-estampacion-en-caliente\/","title":{"rendered":"L\u00e1minas de estampaci\u00f3n en caliente"},"content":{"rendered":"\n<div class=\"wp-block-image\"><figure class=\"alignright\"><img decoding=\"async\" data-src=\"https:\/\/ttr.works\/wp-content\/uploads\/ttr-hotfoil.png\" alt=\"\" src=\"data:image\/svg+xml;base64,PHN2ZyB3aWR0aD0iMSIgaGVpZ2h0PSIxIiB4bWxucz0iaHR0cDovL3d3dy53My5vcmcvMjAwMC9zdmciPjwvc3ZnPg==\" class=\"lazyload\" style=\"--smush-placeholder-width: 401px; --smush-placeholder-aspect-ratio: 401\/275;\" \/><\/figure><\/div>\n\n\n\n<p>La estampaci\u00f3n o impresi\u00f3n en caliente se considera com\u00fanmente como la vanguardia de la impresi\u00f3n TTO. Es decir, imprime directamente sobre una superficie, en lugar de una etiqueta. Donde la sobreimpresi\u00f3n por transferencia t\u00e9rmica (TTO) utiliza un cabezal de impresi\u00f3n digital, la estampaci\u00f3n en caliente utiliza letras y n\u00fameros f\u00edsicos, generalmente hechos de metal. La estampaci\u00f3n en caliente es la mejor soluci\u00f3n y la m\u00e1s econ\u00f3mica en un gran n\u00famero de entornos industriales.<\/p>\n\n\n\n<a href=\"\/?page_id=1610\" class=\"link-btn\">Caja de muestras gratis <i class=\"fal fa-chevron-right\"><\/i><\/a><a href=\"\/?page_id=1012\" class=\"link-btn second\">Selector de etiquetas <i class=\"fal fa-chevron-right\"><\/i><\/a>\n\n\n\n<h3 class=\"wp-block-heading\">Excelente relaci\u00f3n calidad-precio: L\u00e1mina t\u00e9rmica 4U<\/h3>\n\n\n\n<p>Nuestras l\u00e1minas t\u00e9rmicas de alto rendimiento cumplen los estrictos requisitos de calidad y fiabilidad de los m\u00e9todos de etiquetado modernos. Ofrecemos dos opciones de l\u00e1minas t\u00e9rmicas. Ambas est\u00e1n disponibles en bobinas Jumbo (76&nbsp;cm o 96&nbsp;cm) o en rollos cortados en un n\u00facleo de 1 pulgada. Solicite una muestra gratuita de ambas calidades hoy mismo para probar cu\u00e1l le funciona mejor. O bien, no dude en contactarnos para brindarle asesor\u00eda y precios.<\/p>\n\n\n\n<ul class=\"wp-block-list\"><li>HF4U 60 es nuestra l\u00e1mina t\u00e9rmica de uso general que crea impresiones de calidad en una amplia variedad de aplicaciones.<\/li><li>SCF4U 900 es nuestra soluci\u00f3n de alta gama que crea impresiones extremadamente duraderas.<\/li><\/ul>\n\n\n\n<h3 class=\"wp-block-heading\">Cuatro ventajas de la estampaci\u00f3n en caliente<\/h3>\n\n\n\n<p>La estampaci\u00f3n o impresi\u00f3n en caliente es com\u00fanmente utilizada por varias razones.<\/p>\n\n\n\n<ul class=\"wp-block-list\"><li>Es un m\u00e9todo de impresi\u00f3n muy confiable y econ\u00f3mico.<\/li><li>Es particularmente \u00fatil en situaciones donde no hay que hacer tantos cambios en las impresiones o en donde los n\u00fameros o fechas se aplican de forma serial y sencilla.<\/li><li>En entornos industriales o agr\u00edcolas donde hay mucha suciedad y polvo, la estampaci\u00f3n en caliente es m\u00e1s adecuada que la TTO.<\/li><\/ul>\n\n\n\n<p>Procesar l\u00e1minas de estampaci\u00f3n en caliente es un proceso ecol\u00f3gico porque no se utilizan disolventes ni tintas que produzcan gases nocivos. La l\u00e1mina es una pel\u00edcula de varias capas con un espesor de 12 micrones y son formulaciones no t\u00f3xicas y libres de metales pesados.<\/p>\n","protected":false},"excerpt":{"rendered":"<p>La estampaci\u00f3n o impresi\u00f3n en caliente se considera com\u00fanmente como la vanguardia de la impresi\u00f3n TTO. Es decir, imprime directamente sobre una superficie, en lugar de una etiqueta. Donde la sobreimpresi\u00f3n por transferencia t\u00e9rmica (TTO) utiliza un cabezal de impresi\u00f3n digital, la estampaci\u00f3n en caliente utiliza letras y n\u00fameros f\u00edsicos, generalmente hechos de metal. La [&hellip;]<\/p>\n","protected":false},"author":1,"featured_media":0,"parent":0,"menu_order":0,"comment_status":"closed","ping_status":"closed","template":"template-product.php","meta":{"_acf_changed":false,"content-type":"","footnotes":""},"categories":[],"tags":[],"class_list":["post-3070","page","type-page","status-publish","hentry"],"acf":[],"_links":{"self":[{"href":"https:\/\/ttr.works\/es\/wp-json\/wp\/v2\/pages\/3070","targetHints":{"allow":["GET"]}}],"collection":[{"href":"https:\/\/ttr.works\/es\/wp-json\/wp\/v2\/pages"}],"about":[{"href":"https:\/\/ttr.works\/es\/wp-json\/wp\/v2\/types\/page"}],"author":[{"embeddable":true,"href":"https:\/\/ttr.works\/es\/wp-json\/wp\/v2\/users\/1"}],"replies":[{"embeddable":true,"href":"https:\/\/ttr.works\/es\/wp-json\/wp\/v2\/comments?post=3070"}],"version-history":[{"count":0,"href":"https:\/\/ttr.works\/es\/wp-json\/wp\/v2\/pages\/3070\/revisions"}],"wp:attachment":[{"href":"https:\/\/ttr.works\/es\/wp-json\/wp\/v2\/media?parent=3070"}],"wp:term":[{"taxonomy":"category","embeddable":true,"href":"https:\/\/ttr.works\/es\/wp-json\/wp\/v2\/categories?post=3070"},{"taxonomy":"post_tag","embeddable":true,"href":"https:\/\/ttr.works\/es\/wp-json\/wp\/v2\/tags?post=3070"}],"curies":[{"name":"wp","href":"https:\/\/api.w.org\/{rel}","templated":true}]}}