{"id":3089,"date":"2020-11-04T14:22:16","date_gmt":"2020-11-04T14:22:16","guid":{"rendered":"https:\/\/ttr.works\/?page_id=3089"},"modified":"2026-02-23T09:21:42","modified_gmt":"2026-02-23T09:21:42","slug":"etiquetas","status":"publish","type":"page","link":"https:\/\/ttr.works\/es\/etiquetas\/","title":{"rendered":"Etiquetas para cada aplicaci\u00f3n"},"content":{"rendered":"<div class=\"wp-block-image\">\n<figure class=\"alignright size-large is-resized\"><img decoding=\"async\" width=\"1024\" height=\"927\" data-src=\"https:\/\/ttr.works\/wp-content\/uploads\/\/zd421-1-1024x927.png\" alt=\"\" class=\"wp-image-23729 lazyload\" style=\"--smush-placeholder-width: 1024px; --smush-placeholder-aspect-ratio: 1024\/927;width:401px;height:auto\" data-srcset=\"https:\/\/ttr.works\/wp-content\/uploads\/zd421-1-1024x927.png 1024w, https:\/\/ttr.works\/wp-content\/uploads\/zd421-1-300x272.png 300w, https:\/\/ttr.works\/wp-content\/uploads\/zd421-1-768x695.png 768w, https:\/\/ttr.works\/wp-content\/uploads\/zd421-1-1536x1391.png 1536w, https:\/\/ttr.works\/wp-content\/uploads\/zd421-1-2048x1854.png 2048w\" data-sizes=\"(max-width: 1024px) 100vw, 1024px\" src=\"data:image\/svg+xml;base64,PHN2ZyB3aWR0aD0iMSIgaGVpZ2h0PSIxIiB4bWxucz0iaHR0cDovL3d3dy53My5vcmcvMjAwMC9zdmciPjwvc3ZnPg==\" \/><\/figure><\/div>\n\n\n<p>Suministramos etiquetas blancas en rollo, etiquetas linerless y etiquetas textiles para uso diario y vol\u00famenes recurrentes. Precios fijos por rollo, entrega desde su \u201cstock dedicado\u201d y asesoramiento en la selecci\u00f3n de materiales.<\/p>\n\n\n\n<p>Recibir\u00e1 una propuesta basada en su impresora y consumo. Especificaciones y calidad siempre constantes, con el beneficio adicional de estabilidad de precios y continuidad de suministro. Entrega bajo pedido desde stock o en consignaci\u00f3n disponible.<\/p>\n\n\n\n<a href=\"https:\/\/ttr.works\/es\/contacto\/\" class=\"link-btn\">Solicite su precio <i class=\"fal fa-chevron-right\"><\/i><\/a>\n\n\n\n<div style=\"height:41px\" aria-hidden=\"true\" class=\"wp-block-spacer\"><\/div>\n\n\n\n<h2 class=\"wp-block-heading\"><strong>Etiquetas blancas en rollo para impresoras de etiquetas<\/strong><\/h2>\n\n\n<div class=\"wp-block-image\">\n<figure class=\"alignright size-full is-resized\"><img decoding=\"async\" width=\"565\" height=\"457\" data-src=\"https:\/\/ttr.works\/wp-content\/uploads\/Blank-coated-labels.jpg\" alt=\"\" class=\"wp-image-25938 lazyload\" style=\"--smush-placeholder-width: 565px; --smush-placeholder-aspect-ratio: 565\/457;width:370px;height:auto\" data-srcset=\"https:\/\/ttr.works\/wp-content\/uploads\/Blank-coated-labels.jpg 565w, https:\/\/ttr.works\/wp-content\/uploads\/Blank-coated-labels-300x243.jpg 300w\" data-sizes=\"(max-width: 565px) 100vw, 565px\" src=\"data:image\/svg+xml;base64,PHN2ZyB3aWR0aD0iMSIgaGVpZ2h0PSIxIiB4bWxucz0iaHR0cDovL3d3dy53My5vcmcvMjAwMC9zdmciPjwvc3ZnPg==\" \/><\/figure><\/div>\n\n\n<p>Nuestros clientes son <strong>revendedores y fabricantes<\/strong> que necesitan seguridad en precios y suministro. Elija el m\u00e9todo de impresi\u00f3n que se adapte a su proceso y nosotros nos aseguramos de que el material, el adhesivo y la configuraci\u00f3n del rollo sean los correctos. Gracias a nuestra producci\u00f3n interna, entregamos etiquetas r\u00e1pidamente y a precios competitivos.<\/p>\n\n\n\n<ul class=\"wp-block-list\">\n<li>Disponibles con adhesivo permanente, removible y para congelaci\u00f3n<\/li>\n\n\n\n<li>Compatibles con Zebra, Honeywell, CAB, Sato y m\u00e1s*<\/li>\n\n\n\n<li>Precios fijos por rollo para vol\u00famenes recurrentes<\/li>\n\n\n\n<li>Entrega desde stock o bajo pedido<\/li>\n<\/ul>\n\n\n\n<a href=\"https:\/\/ttr.works\/es\/contacto\/\" class=\"link-btn\">Solicite su precio <i class=\"fal fa-chevron-right\"><\/i><\/a>\n\n\n\n<div style=\"height:49px\" aria-hidden=\"true\" class=\"wp-block-spacer\"><\/div>\n\n\n\n<h2 class=\"wp-block-heading\"><strong>Nylon y sat\u00e9n para etiquetas textiles<\/strong><\/h2>\n\n\n<div class=\"wp-block-image\">\n<figure class=\"alignright size-full is-resized\"><img decoding=\"async\" width=\"1536\" height=\"1024\" data-src=\"https:\/\/ttr.works\/wp-content\/uploads\/TTR-Euroworks-supply-advantage-1.png\" alt=\"\" class=\"wp-image-28665 lazyload\" style=\"--smush-placeholder-width: 1536px; --smush-placeholder-aspect-ratio: 1536\/1024;width:424px;height:auto\" data-srcset=\"https:\/\/ttr.works\/wp-content\/uploads\/TTR-Euroworks-supply-advantage-1.png 1536w, https:\/\/ttr.works\/wp-content\/uploads\/TTR-Euroworks-supply-advantage-1-300x200.png 300w, https:\/\/ttr.works\/wp-content\/uploads\/TTR-Euroworks-supply-advantage-1-1024x683.png 1024w, https:\/\/ttr.works\/wp-content\/uploads\/TTR-Euroworks-supply-advantage-1-768x512.png 768w\" data-sizes=\"(max-width: 1536px) 100vw, 1536px\" src=\"data:image\/svg+xml;base64,PHN2ZyB3aWR0aD0iMSIgaGVpZ2h0PSIxIiB4bWxucz0iaHR0cDovL3d3dy53My5vcmcvMjAwMC9zdmciPjwvc3ZnPg==\" \/><\/figure><\/div>\n\n\n<p>Los productos que resisten cientos de ciclos de lavado requieren etiquetas que hagan lo mismo. Nuestras etiquetas de nylon y sat\u00e9n certificadas <strong>OEKO-TEX\u00ae Standard 100<\/strong> ofrecen impresiones duraderas y perfectamente legibles y se combinan idealmente con nuestras <strong>cintas Resin Textile 4U<\/strong>. Imprimibles por ambas caras y dise\u00f1adas para lavados frecuentes, son ideales para ropa de trabajo, uniformes y textiles industriales.<\/p>\n\n\n\n<p>Con TTR Supply Advantage obtiene descuentos por volumen desde el primer d\u00eda y precios anuales fijos. Solicite su precio sin compromiso.<\/p>\n\n\n\n<a href=\"https:\/\/hs.ttreuroworks.com\/textile-label-printing\" class=\"link-btn\">TTR supply advantage <i class=\"fal fa-chevron-right\"><\/i><\/a>\n\n\n\n<div style=\"height:114px\" aria-hidden=\"true\" class=\"wp-block-spacer\"><\/div>\n\n\n\n<h2 class=\"wp-block-heading\"><strong>Menos residuos y menos cambios de rollo<\/strong> <strong>con etiquetas linerless<\/strong><\/h2>\n\n\n<div class=\"wp-block-image\">\n<figure class=\"alignright size-full is-resized\"><img decoding=\"async\" width=\"1024\" height=\"1024\" data-src=\"https:\/\/ttr.works\/wp-content\/uploads\/sp-2.png\" alt=\"\" class=\"wp-image-30592 lazyload\" style=\"--smush-placeholder-width: 1024px; --smush-placeholder-aspect-ratio: 1024\/1024;width:364px;height:auto\" data-srcset=\"https:\/\/ttr.works\/wp-content\/uploads\/sp-2.png 1024w, https:\/\/ttr.works\/wp-content\/uploads\/sp-2-300x300.png 300w, https:\/\/ttr.works\/wp-content\/uploads\/sp-2-150x150.png 150w, https:\/\/ttr.works\/wp-content\/uploads\/sp-2-768x768.png 768w\" data-sizes=\"(max-width: 1024px) 100vw, 1024px\" src=\"data:image\/svg+xml;base64,PHN2ZyB3aWR0aD0iMSIgaGVpZ2h0PSIxIiB4bWxucz0iaHR0cDovL3d3dy53My5vcmcvMjAwMC9zdmciPjwvc3ZnPg==\" \/><\/figure><\/div>\n\n\n<p>Las etiquetas linerless son una soluci\u00f3n de etiquetado eficiente y m\u00e1s sostenible sin soporte posterior. Se desenrollan f\u00e1cilmente gracias a una capa adhesiva en un lado y un recubrimiento antiadherente en el otro. Con una impresora compatible con linerless, se imprimen y se cortan a la longitud deseada, ideales para formatos variables. Tenga en cuenta que no todas las impresoras son compatibles con linerless, <a href=\"https:\/\/ttr.works\/es\/contacto\/\">cont\u00e1ctenos para asesoramiento<\/a>.<\/p>\n\n\n\n<ul class=\"wp-block-list\">\n<li>M\u00e1s etiquetas por rollo: menos cambios, menores costes de almacenamiento y transporte<\/li>\n\n\n\n<li>Menos residuos: sin material de soporte<\/li>\n\n\n\n<li>Amplia gama de aplicaciones: log\u00edstica, retail y alimentaci\u00f3n<\/li>\n<\/ul>\n\n\n\n<p>\u00bfQuiere saber m\u00e1s sobre el funcionamiento y las aplicaciones de la impresi\u00f3n linerless? Lea nuestro blog: <strong><a href=\"https:\/\/ttr.works\/es\/soluciones-de-impresion-linerless-sostenibles\/\" target=\"_blank\" rel=\"noreferrer noopener\">C\u00f3mo funciona la impresi\u00f3n linerless?<\/a><\/strong><\/p>\n\n\n\n<div style=\"height:71px\" aria-hidden=\"true\" class=\"wp-block-spacer\"><\/div>\n\n\n\n<p>* <em>Todos los nombres de empresas y productos mencionados son marcas comerciales, marcas registradas o derechos de autor de sus respectivos propietarios. TTR Euroworks BV no declara ninguna afiliaci\u00f3n ni representaci\u00f3n de estas empresas o marcas.<\/em><\/p>\n","protected":false},"excerpt":{"rendered":"<p>Suministramos etiquetas blancas en rollo, etiquetas linerless y etiquetas textiles para uso diario y vol\u00famenes recurrentes. Precios fijos por rollo, entrega desde su \u201cstock dedicado\u201d y asesoramiento en la selecci\u00f3n de materiales. Recibir\u00e1 una propuesta basada en su impresora y consumo. Especificaciones y calidad siempre constantes, con el beneficio adicional de estabilidad de precios y [&hellip;]<\/p>\n","protected":false},"author":1,"featured_media":0,"parent":0,"menu_order":0,"comment_status":"closed","ping_status":"closed","template":"template-product.php","meta":{"_acf_changed":false,"content-type":"","footnotes":""},"categories":[],"tags":[],"class_list":["post-3089","page","type-page","status-publish","hentry"],"acf":[],"yoast_head":"<!-- This site is optimized with the Yoast SEO plugin v25.9 - https:\/\/yoast.com\/wordpress\/plugins\/seo\/ -->\n<title>Etiquetas para cada aplicaci\u00f3n - TTR Euroworks<\/title>\n<meta name=\"description\" content=\"Varias etiquetas blancas en rollo, para cada impresora y \u00e1rea de aplicaci\u00f3n \u2713 Nuestras etiquetas no contienen BPA\" \/>\n<meta name=\"robots\" content=\"index, follow, max-snippet:-1, max-image-preview:large, max-video-preview:-1\" \/>\n<link rel=\"canonical\" href=\"https:\/\/ttr.works\/es\/etiquetas\/\" \/>\n<meta property=\"og:locale\" content=\"es_ES\" \/>\n<meta property=\"og:type\" content=\"article\" \/>\n<meta property=\"og:title\" content=\"Etiquetas para cada aplicaci\u00f3n - TTR Euroworks\" \/>\n<meta property=\"og:description\" content=\"Varias etiquetas blancas en rollo, para cada impresora y \u00e1rea de aplicaci\u00f3n \u2713 Nuestras etiquetas no contienen BPA\" \/>\n<meta property=\"og:url\" content=\"https:\/\/ttr.works\/es\/etiquetas\/\" \/>\n<meta property=\"og:site_name\" content=\"TTR Euroworks\" \/>\n<meta property=\"article:modified_time\" content=\"2026-02-23T09:21:42+00:00\" \/>\n<meta property=\"og:image\" content=\"https:\/\/ttr.works\/wp-content\/uploads\/ttr-labels-rol.png\" \/>\n<meta name=\"twitter:card\" content=\"summary_large_image\" \/>\n<meta name=\"twitter:label1\" content=\"Tiempo de lectura\" \/>\n\t<meta name=\"twitter:data1\" content=\"1 minuto\" \/>\n<script type=\"application\/ld+json\" class=\"yoast-schema-graph\">{\"@context\":\"https:\/\/schema.org\",\"@graph\":[{\"@type\":\"WebPage\",\"@id\":\"https:\/\/ttr.works\/es\/etiquetas\/\",\"url\":\"https:\/\/ttr.works\/es\/etiquetas\/\",\"name\":\"Etiquetas para cada aplicaci\u00f3n - TTR Euroworks\",\"isPartOf\":{\"@id\":\"https:\/\/ttr.works\/es\/#website\"},\"primaryImageOfPage\":{\"@id\":\"https:\/\/ttr.works\/es\/etiquetas\/#primaryimage\"},\"image\":{\"@id\":\"https:\/\/ttr.works\/es\/etiquetas\/#primaryimage\"},\"thumbnailUrl\":\"https:\/\/ttr.works\/wp-content\/uploads\/\/zd421-1-1024x927.png\",\"datePublished\":\"2020-11-04T14:22:16+00:00\",\"dateModified\":\"2026-02-23T09:21:42+00:00\",\"description\":\"Varias etiquetas blancas en rollo, para cada impresora y \u00e1rea de aplicaci\u00f3n \u2713 Nuestras etiquetas no contienen BPA\",\"breadcrumb\":{\"@id\":\"https:\/\/ttr.works\/es\/etiquetas\/#breadcrumb\"},\"inLanguage\":\"es\",\"potentialAction\":[{\"@type\":\"ReadAction\",\"target\":[\"https:\/\/ttr.works\/es\/etiquetas\/\"]}]},{\"@type\":\"ImageObject\",\"inLanguage\":\"es\",\"@id\":\"https:\/\/ttr.works\/es\/etiquetas\/#primaryimage\",\"url\":\"https:\/\/ttr.works\/wp-content\/uploads\/\/zd421-1-1024x927.png\",\"contentUrl\":\"https:\/\/ttr.works\/wp-content\/uploads\/\/zd421-1-1024x927.png\"},{\"@type\":\"BreadcrumbList\",\"@id\":\"https:\/\/ttr.works\/es\/etiquetas\/#breadcrumb\",\"itemListElement\":[{\"@type\":\"ListItem\",\"position\":1,\"name\":\"Home\",\"item\":\"https:\/\/ttr.works\/es\/inicio\/\"},{\"@type\":\"ListItem\",\"position\":2,\"name\":\"Etiquetas\"}]},{\"@type\":\"WebSite\",\"@id\":\"https:\/\/ttr.works\/es\/#website\",\"url\":\"https:\/\/ttr.works\/es\/\",\"name\":\"TTR Euroworks\",\"description\":\"Your ttr partner\",\"potentialAction\":[{\"@type\":\"SearchAction\",\"target\":{\"@type\":\"EntryPoint\",\"urlTemplate\":\"https:\/\/ttr.works\/es\/?s={search_term_string}\"},\"query-input\":{\"@type\":\"PropertyValueSpecification\",\"valueRequired\":true,\"valueName\":\"search_term_string\"}}],\"inLanguage\":\"es\"}]}<\/script>\n<!-- \/ Yoast SEO plugin. -->","yoast_head_json":{"title":"Etiquetas para cada aplicaci\u00f3n - TTR Euroworks","description":"Varias etiquetas blancas en rollo, para cada impresora y \u00e1rea de aplicaci\u00f3n \u2713 Nuestras etiquetas no contienen BPA","robots":{"index":"index","follow":"follow","max-snippet":"max-snippet:-1","max-image-preview":"max-image-preview:large","max-video-preview":"max-video-preview:-1"},"canonical":"https:\/\/ttr.works\/es\/etiquetas\/","og_locale":"es_ES","og_type":"article","og_title":"Etiquetas para cada aplicaci\u00f3n - TTR Euroworks","og_description":"Varias etiquetas blancas en rollo, para cada impresora y \u00e1rea de aplicaci\u00f3n \u2713 Nuestras etiquetas no contienen BPA","og_url":"https:\/\/ttr.works\/es\/etiquetas\/","og_site_name":"TTR Euroworks","article_modified_time":"2026-02-23T09:21:42+00:00","og_image":[{"url":"https:\/\/ttr.works\/wp-content\/uploads\/ttr-labels-rol.png","type":"","width":"","height":""}],"twitter_card":"summary_large_image","twitter_misc":{"Tiempo de lectura":"1 minuto"},"schema":{"@context":"https:\/\/schema.org","@graph":[{"@type":"WebPage","@id":"https:\/\/ttr.works\/es\/etiquetas\/","url":"https:\/\/ttr.works\/es\/etiquetas\/","name":"Etiquetas para cada aplicaci\u00f3n - TTR Euroworks","isPartOf":{"@id":"https:\/\/ttr.works\/es\/#website"},"primaryImageOfPage":{"@id":"https:\/\/ttr.works\/es\/etiquetas\/#primaryimage"},"image":{"@id":"https:\/\/ttr.works\/es\/etiquetas\/#primaryimage"},"thumbnailUrl":"https:\/\/ttr.works\/wp-content\/uploads\/\/zd421-1-1024x927.png","datePublished":"2020-11-04T14:22:16+00:00","dateModified":"2026-02-23T09:21:42+00:00","description":"Varias etiquetas blancas en rollo, para cada impresora y \u00e1rea de aplicaci\u00f3n \u2713 Nuestras etiquetas no contienen BPA","breadcrumb":{"@id":"https:\/\/ttr.works\/es\/etiquetas\/#breadcrumb"},"inLanguage":"es","potentialAction":[{"@type":"ReadAction","target":["https:\/\/ttr.works\/es\/etiquetas\/"]}]},{"@type":"ImageObject","inLanguage":"es","@id":"https:\/\/ttr.works\/es\/etiquetas\/#primaryimage","url":"https:\/\/ttr.works\/wp-content\/uploads\/\/zd421-1-1024x927.png","contentUrl":"https:\/\/ttr.works\/wp-content\/uploads\/\/zd421-1-1024x927.png"},{"@type":"BreadcrumbList","@id":"https:\/\/ttr.works\/es\/etiquetas\/#breadcrumb","itemListElement":[{"@type":"ListItem","position":1,"name":"Home","item":"https:\/\/ttr.works\/es\/inicio\/"},{"@type":"ListItem","position":2,"name":"Etiquetas"}]},{"@type":"WebSite","@id":"https:\/\/ttr.works\/es\/#website","url":"https:\/\/ttr.works\/es\/","name":"TTR Euroworks","description":"Your ttr partner","potentialAction":[{"@type":"SearchAction","target":{"@type":"EntryPoint","urlTemplate":"https:\/\/ttr.works\/es\/?s={search_term_string}"},"query-input":{"@type":"PropertyValueSpecification","valueRequired":true,"valueName":"search_term_string"}}],"inLanguage":"es"}]}},"_links":{"self":[{"href":"https:\/\/ttr.works\/es\/wp-json\/wp\/v2\/pages\/3089","targetHints":{"allow":["GET"]}}],"collection":[{"href":"https:\/\/ttr.works\/es\/wp-json\/wp\/v2\/pages"}],"about":[{"href":"https:\/\/ttr.works\/es\/wp-json\/wp\/v2\/types\/page"}],"author":[{"embeddable":true,"href":"https:\/\/ttr.works\/es\/wp-json\/wp\/v2\/users\/1"}],"replies":[{"embeddable":true,"href":"https:\/\/ttr.works\/es\/wp-json\/wp\/v2\/comments?post=3089"}],"version-history":[{"count":9,"href":"https:\/\/ttr.works\/es\/wp-json\/wp\/v2\/pages\/3089\/revisions"}],"predecessor-version":[{"id":30629,"href":"https:\/\/ttr.works\/es\/wp-json\/wp\/v2\/pages\/3089\/revisions\/30629"}],"wp:attachment":[{"href":"https:\/\/ttr.works\/es\/wp-json\/wp\/v2\/media?parent=3089"}],"wp:term":[{"taxonomy":"category","embeddable":true,"href":"https:\/\/ttr.works\/es\/wp-json\/wp\/v2\/categories?post=3089"},{"taxonomy":"post_tag","embeddable":true,"href":"https:\/\/ttr.works\/es\/wp-json\/wp\/v2\/tags?post=3089"}],"curies":[{"name":"wp","href":"https:\/\/api.w.org\/{rel}","templated":true}]}}