{"id":3095,"date":"2020-11-04T14:26:56","date_gmt":"2020-11-04T14:26:56","guid":{"rendered":"https:\/\/ttr.works\/?page_id=3095"},"modified":"2024-11-15T09:47:26","modified_gmt":"2024-11-15T09:47:26","slug":"etiquetas-de-papel-y-sinteticas","status":"publish","type":"page","link":"https:\/\/ttr.works\/es\/etiquetas\/etiquetas-de-papel-y-sinteticas\/","title":{"rendered":"Etiquetas de papel y sint\u00e9ticas"},"content":{"rendered":"<div class=\"wp-block-image\">\n<figure class=\"alignright\"><img decoding=\"async\" data-src=\"https:\/\/ttr.works\/wp-content\/uploads\/ttr_labels.png\" alt=\"This image has an empty alt attribute; its file name is ttr_labels.png\" src=\"data:image\/svg+xml;base64,PHN2ZyB3aWR0aD0iMSIgaGVpZ2h0PSIxIiB4bWxucz0iaHR0cDovL3d3dy53My5vcmcvMjAwMC9zdmciPjwvc3ZnPg==\" class=\"lazyload\" style=\"--smush-placeholder-width: 276px; --smush-placeholder-aspect-ratio: 276\/276;\" \/><\/figure><\/div>\n\n\n<p>Ofrecemos una amplia gama de etiquetas autoadhesivas en rollo, disponibles en papel y materiales sint\u00e9ticos, ideales para diversas aplicaciones. Ya sea para etiquetas f\u00e1ciles de retirar, resistentes a desgarros, para env\u00edos o pasaportes fitosanitarios, tenemos la soluci\u00f3n perfecta para ti.<\/p>\n\n\n\n<p>La mayor\u00eda de nuestras etiquetas se producen internamente siguiendo altos est\u00e1ndares de calidad. Son totalmente compatibles con las principales marcas y modelos de impresoras de etiquetas.<\/p>\n\n\n\n<p>Utiliza nuestro <a href=\"\/?page_id=1954\"><strong>SELECTOR DE ETIQUETAS<\/strong><\/a> para encontrar las etiquetas adecuadas para tus necesidades. Elige el material y tama\u00f1o que prefieras y recibe un presupuesto personalizado. <\/p>\n\n\n\n<p> <\/p>\n\n\n\n<a href=\"\/?page_id=1954\" class=\"link-btn\">SELECTOR DE ETIQUETAS <i class=\"fal fa-chevron-right\"><\/i><\/a>\n","protected":false},"excerpt":{"rendered":"<p>Ofrecemos una amplia gama de etiquetas autoadhesivas en rollo, disponibles en papel y materiales sint\u00e9ticos, ideales para diversas aplicaciones. Ya sea para etiquetas f\u00e1ciles de retirar, resistentes a desgarros, para env\u00edos o pasaportes fitosanitarios, tenemos la soluci\u00f3n perfecta para ti. La mayor\u00eda de nuestras etiquetas se producen internamente siguiendo altos est\u00e1ndares de calidad. Son totalmente [&hellip;]<\/p>\n","protected":false},"author":1,"featured_media":0,"parent":3089,"menu_order":0,"comment_status":"closed","ping_status":"closed","template":"template-product.php","meta":{"_acf_changed":false,"content-type":"","footnotes":""},"categories":[],"tags":[267],"class_list":["post-3095","page","type-page","status-publish","hentry","tag-product-es"],"acf":[],"yoast_head":"<!-- This site is optimized with the Yoast SEO plugin v25.9 - https:\/\/yoast.com\/wordpress\/plugins\/seo\/ -->\n<title>Etiquetas de papel y sint\u00e9ticas - TTR Euroworks<\/title>\n<meta name=\"description\" content=\"Papel blanco y etiquetas sint\u00e9ticas en rollo, como cualquier \u00e1rea de aplicaci\u00f3n \u2713 F\u00e1cilmente removible \u2713 A prueba de roturas \u2713 Para env\u00edo \u2713 Pase de planta\" \/>\n<meta name=\"robots\" content=\"index, follow, max-snippet:-1, max-image-preview:large, max-video-preview:-1\" \/>\n<link rel=\"canonical\" href=\"https:\/\/ttr.works\/es\/etiquetas\/etiquetas-de-papel-y-sinteticas\/\" \/>\n<meta property=\"og:locale\" content=\"es_ES\" \/>\n<meta property=\"og:type\" content=\"article\" \/>\n<meta property=\"og:title\" content=\"Etiquetas de papel y sint\u00e9ticas - TTR Euroworks\" \/>\n<meta property=\"og:description\" content=\"Papel blanco y etiquetas sint\u00e9ticas en rollo, como cualquier \u00e1rea de aplicaci\u00f3n \u2713 F\u00e1cilmente removible \u2713 A prueba de roturas \u2713 Para env\u00edo \u2713 Pase de planta\" \/>\n<meta property=\"og:url\" content=\"https:\/\/ttr.works\/es\/etiquetas\/etiquetas-de-papel-y-sinteticas\/\" \/>\n<meta property=\"og:site_name\" content=\"TTR Euroworks\" \/>\n<meta property=\"article:modified_time\" content=\"2024-11-15T09:47:26+00:00\" \/>\n<meta property=\"og:image\" content=\"https:\/\/ttr.works\/wp-content\/uploads\/ttr_labels.png\" \/>\n<meta name=\"twitter:card\" content=\"summary_large_image\" \/>\n<meta name=\"twitter:label1\" content=\"Tiempo de lectura\" \/>\n\t<meta name=\"twitter:data1\" content=\"1 minuto\" \/>\n<script type=\"application\/ld+json\" class=\"yoast-schema-graph\">{\"@context\":\"https:\/\/schema.org\",\"@graph\":[{\"@type\":\"WebPage\",\"@id\":\"https:\/\/ttr.works\/es\/etiquetas\/etiquetas-de-papel-y-sinteticas\/\",\"url\":\"https:\/\/ttr.works\/es\/etiquetas\/etiquetas-de-papel-y-sinteticas\/\",\"name\":\"Etiquetas de papel y sint\u00e9ticas - TTR Euroworks\",\"isPartOf\":{\"@id\":\"https:\/\/ttr.works\/es\/#website\"},\"primaryImageOfPage\":{\"@id\":\"https:\/\/ttr.works\/es\/etiquetas\/etiquetas-de-papel-y-sinteticas\/#primaryimage\"},\"image\":{\"@id\":\"https:\/\/ttr.works\/es\/etiquetas\/etiquetas-de-papel-y-sinteticas\/#primaryimage\"},\"thumbnailUrl\":\"https:\/\/ttr.works\/wp-content\/uploads\/ttr_labels.png\",\"datePublished\":\"2020-11-04T14:26:56+00:00\",\"dateModified\":\"2024-11-15T09:47:26+00:00\",\"description\":\"Papel blanco y etiquetas sint\u00e9ticas en rollo, como cualquier \u00e1rea de aplicaci\u00f3n \u2713 F\u00e1cilmente removible \u2713 A prueba de roturas \u2713 Para env\u00edo \u2713 Pase de planta\",\"breadcrumb\":{\"@id\":\"https:\/\/ttr.works\/es\/etiquetas\/etiquetas-de-papel-y-sinteticas\/#breadcrumb\"},\"inLanguage\":\"es\",\"potentialAction\":[{\"@type\":\"ReadAction\",\"target\":[\"https:\/\/ttr.works\/es\/etiquetas\/etiquetas-de-papel-y-sinteticas\/\"]}]},{\"@type\":\"ImageObject\",\"inLanguage\":\"es\",\"@id\":\"https:\/\/ttr.works\/es\/etiquetas\/etiquetas-de-papel-y-sinteticas\/#primaryimage\",\"url\":\"https:\/\/ttr.works\/wp-content\/uploads\/ttr_labels.png\",\"contentUrl\":\"https:\/\/ttr.works\/wp-content\/uploads\/ttr_labels.png\"},{\"@type\":\"BreadcrumbList\",\"@id\":\"https:\/\/ttr.works\/es\/etiquetas\/etiquetas-de-papel-y-sinteticas\/#breadcrumb\",\"itemListElement\":[{\"@type\":\"ListItem\",\"position\":1,\"name\":\"Home\",\"item\":\"https:\/\/ttr.works\/es\/inicio\/\"},{\"@type\":\"ListItem\",\"position\":2,\"name\":\"Etiquetas\",\"item\":\"https:\/\/ttr.works\/es\/etiquetas\/\"},{\"@type\":\"ListItem\",\"position\":3,\"name\":\"Etiquetas de papel y sint\u00e9ticas\"}]},{\"@type\":\"WebSite\",\"@id\":\"https:\/\/ttr.works\/es\/#website\",\"url\":\"https:\/\/ttr.works\/es\/\",\"name\":\"TTR Euroworks\",\"description\":\"Your ttr partner\",\"potentialAction\":[{\"@type\":\"SearchAction\",\"target\":{\"@type\":\"EntryPoint\",\"urlTemplate\":\"https:\/\/ttr.works\/es\/?s={search_term_string}\"},\"query-input\":{\"@type\":\"PropertyValueSpecification\",\"valueRequired\":true,\"valueName\":\"search_term_string\"}}],\"inLanguage\":\"es\"}]}<\/script>\n<!-- \/ Yoast SEO plugin. -->","yoast_head_json":{"title":"Etiquetas de papel y sint\u00e9ticas - TTR Euroworks","description":"Papel blanco y etiquetas sint\u00e9ticas en rollo, como cualquier \u00e1rea de aplicaci\u00f3n \u2713 F\u00e1cilmente removible \u2713 A prueba de roturas \u2713 Para env\u00edo \u2713 Pase de planta","robots":{"index":"index","follow":"follow","max-snippet":"max-snippet:-1","max-image-preview":"max-image-preview:large","max-video-preview":"max-video-preview:-1"},"canonical":"https:\/\/ttr.works\/es\/etiquetas\/etiquetas-de-papel-y-sinteticas\/","og_locale":"es_ES","og_type":"article","og_title":"Etiquetas de papel y sint\u00e9ticas - TTR Euroworks","og_description":"Papel blanco y etiquetas sint\u00e9ticas en rollo, como cualquier \u00e1rea de aplicaci\u00f3n \u2713 F\u00e1cilmente removible \u2713 A prueba de roturas \u2713 Para env\u00edo \u2713 Pase de planta","og_url":"https:\/\/ttr.works\/es\/etiquetas\/etiquetas-de-papel-y-sinteticas\/","og_site_name":"TTR Euroworks","article_modified_time":"2024-11-15T09:47:26+00:00","og_image":[{"url":"https:\/\/ttr.works\/wp-content\/uploads\/ttr_labels.png","type":"","width":"","height":""}],"twitter_card":"summary_large_image","twitter_misc":{"Tiempo de lectura":"1 minuto"},"schema":{"@context":"https:\/\/schema.org","@graph":[{"@type":"WebPage","@id":"https:\/\/ttr.works\/es\/etiquetas\/etiquetas-de-papel-y-sinteticas\/","url":"https:\/\/ttr.works\/es\/etiquetas\/etiquetas-de-papel-y-sinteticas\/","name":"Etiquetas de papel y sint\u00e9ticas - TTR Euroworks","isPartOf":{"@id":"https:\/\/ttr.works\/es\/#website"},"primaryImageOfPage":{"@id":"https:\/\/ttr.works\/es\/etiquetas\/etiquetas-de-papel-y-sinteticas\/#primaryimage"},"image":{"@id":"https:\/\/ttr.works\/es\/etiquetas\/etiquetas-de-papel-y-sinteticas\/#primaryimage"},"thumbnailUrl":"https:\/\/ttr.works\/wp-content\/uploads\/ttr_labels.png","datePublished":"2020-11-04T14:26:56+00:00","dateModified":"2024-11-15T09:47:26+00:00","description":"Papel blanco y etiquetas sint\u00e9ticas en rollo, como cualquier \u00e1rea de aplicaci\u00f3n \u2713 F\u00e1cilmente removible \u2713 A prueba de roturas \u2713 Para env\u00edo \u2713 Pase de planta","breadcrumb":{"@id":"https:\/\/ttr.works\/es\/etiquetas\/etiquetas-de-papel-y-sinteticas\/#breadcrumb"},"inLanguage":"es","potentialAction":[{"@type":"ReadAction","target":["https:\/\/ttr.works\/es\/etiquetas\/etiquetas-de-papel-y-sinteticas\/"]}]},{"@type":"ImageObject","inLanguage":"es","@id":"https:\/\/ttr.works\/es\/etiquetas\/etiquetas-de-papel-y-sinteticas\/#primaryimage","url":"https:\/\/ttr.works\/wp-content\/uploads\/ttr_labels.png","contentUrl":"https:\/\/ttr.works\/wp-content\/uploads\/ttr_labels.png"},{"@type":"BreadcrumbList","@id":"https:\/\/ttr.works\/es\/etiquetas\/etiquetas-de-papel-y-sinteticas\/#breadcrumb","itemListElement":[{"@type":"ListItem","position":1,"name":"Home","item":"https:\/\/ttr.works\/es\/inicio\/"},{"@type":"ListItem","position":2,"name":"Etiquetas","item":"https:\/\/ttr.works\/es\/etiquetas\/"},{"@type":"ListItem","position":3,"name":"Etiquetas de papel y sint\u00e9ticas"}]},{"@type":"WebSite","@id":"https:\/\/ttr.works\/es\/#website","url":"https:\/\/ttr.works\/es\/","name":"TTR Euroworks","description":"Your ttr partner","potentialAction":[{"@type":"SearchAction","target":{"@type":"EntryPoint","urlTemplate":"https:\/\/ttr.works\/es\/?s={search_term_string}"},"query-input":{"@type":"PropertyValueSpecification","valueRequired":true,"valueName":"search_term_string"}}],"inLanguage":"es"}]}},"_links":{"self":[{"href":"https:\/\/ttr.works\/es\/wp-json\/wp\/v2\/pages\/3095","targetHints":{"allow":["GET"]}}],"collection":[{"href":"https:\/\/ttr.works\/es\/wp-json\/wp\/v2\/pages"}],"about":[{"href":"https:\/\/ttr.works\/es\/wp-json\/wp\/v2\/types\/page"}],"author":[{"embeddable":true,"href":"https:\/\/ttr.works\/es\/wp-json\/wp\/v2\/users\/1"}],"replies":[{"embeddable":true,"href":"https:\/\/ttr.works\/es\/wp-json\/wp\/v2\/comments?post=3095"}],"version-history":[{"count":2,"href":"https:\/\/ttr.works\/es\/wp-json\/wp\/v2\/pages\/3095\/revisions"}],"predecessor-version":[{"id":26501,"href":"https:\/\/ttr.works\/es\/wp-json\/wp\/v2\/pages\/3095\/revisions\/26501"}],"up":[{"embeddable":true,"href":"https:\/\/ttr.works\/es\/wp-json\/wp\/v2\/pages\/3089"}],"wp:attachment":[{"href":"https:\/\/ttr.works\/es\/wp-json\/wp\/v2\/media?parent=3095"}],"wp:term":[{"taxonomy":"category","embeddable":true,"href":"https:\/\/ttr.works\/es\/wp-json\/wp\/v2\/categories?post=3095"},{"taxonomy":"post_tag","embeddable":true,"href":"https:\/\/ttr.works\/es\/wp-json\/wp\/v2\/tags?post=3095"}],"curies":[{"name":"wp","href":"https:\/\/api.w.org\/{rel}","templated":true}]}}