{"id":3103,"date":"2020-11-04T14:31:13","date_gmt":"2020-11-04T14:31:13","guid":{"rendered":"https:\/\/ttr.works\/?page_id=3103"},"modified":"2025-11-12T12:44:32","modified_gmt":"2025-11-12T12:44:32","slug":"etiquetas-textiles","status":"publish","type":"page","link":"https:\/\/ttr.works\/es\/etiquetas\/etiquetas-textiles\/","title":{"rendered":"etiquetas textiles"},"content":{"rendered":"\r\n\r\n\r\n<p><img decoding=\"async\" class=\"wp-image-28664 alignright lazyload\" style=\"--smush-placeholder-width: 424px; --smush-placeholder-aspect-ratio: 424\/282;float: right; margin-left: 1em; margin-bottom: 1em;\" data-src=\"https:\/\/ttr.works\/wp-content\/uploads\/\/TTR-Euroworks-supply-advantage-1-300x200.png\" alt=\"\" width=\"424\" height=\"282\" data-srcset=\"https:\/\/ttr.works\/wp-content\/uploads\/TTR-Euroworks-supply-advantage-1-300x200.png 300w, https:\/\/ttr.works\/wp-content\/uploads\/TTR-Euroworks-supply-advantage-1-1024x683.png 1024w, https:\/\/ttr.works\/wp-content\/uploads\/TTR-Euroworks-supply-advantage-1-768x512.png 768w, https:\/\/ttr.works\/wp-content\/uploads\/TTR-Euroworks-supply-advantage-1.png 1536w\" data-sizes=\"(max-width: 424px) 100vw, 424px\" src=\"data:image\/svg+xml;base64,PHN2ZyB3aWR0aD0iMSIgaGVpZ2h0PSIxIiB4bWxucz0iaHR0cDovL3d3dy53My5vcmcvMjAwMC9zdmciPjwvc3ZnPg==\" \/><\/p>\r\n<p data-start=\"135\" data-end=\"528\"><strong data-start=\"135\" data-end=\"222\">Productos que duran cientos de ciclos de lavado necesitan etiquetas que hagan lo mismo. <\/strong>Los cintas Resin Textile y las etiquetas de nylon de TTR Euroworks ofrecen una identificaci\u00f3n duradera, legible y conforme para cada aplicaci\u00f3n de impresi\u00f3n textil. Combine impresoras de alto rendimiento, cintas de tinta Resin Textile premium y materiales de etiquetas de calidad para resultados consistentes y un tiempo de inactividad m\u00ednimo.<\/p>\r\n<p data-start=\"530\" data-end=\"700\">Pruebe la <strong data-start=\"545\" data-end=\"579\">ventaja de suministro de TTR Euroworks<\/strong> con descuentos por volumen desde el primer d\u00eda, precios anuales fijos y ofertas exclusivas al agregar o reemplazar impresoras de tela. Solicite su precio sin compromiso.<\/p>\r\n\r\n\r\n\r\n<p><a class=\"link-btn\" href=\"https:\/\/hs.ttreuroworks.com\/textile-label-printing\">Descubra la ventaja de suministro de TTR<\/a><\/p>\r\n\r\n\r\n\r\n<div class=\"wp-block-spacer\" style=\"height: 17px;\" aria-hidden=\"true\">\u00a0<\/div>\r\n\r\n\r\n\r\n<h3 class=\"wp-block-heading\" data-start=\"645\" data-end=\"671\">Etiquetas de Nylon &amp; Sat\u00e9n<\/h3>\r\n\r\n\r\n\r\n<p data-start=\"673\" data-end=\"907\">Elegir el material de etiqueta correcto depende de su tipo de prenda y requisitos de lavado. Es por eso que ofrecemos materiales de etiquetas de Nylon y Sat\u00e9n certificados OEKO-TEX\u00ae Standard 100. Son seguros, sostenibles y libres de sustancias nocivas.<\/p>\r\n\r\n\r\n\r\n<ul class=\"wp-block-list\" data-start=\"909\" data-end=\"1167\">\r\n<li data-start=\"909\" data-end=\"1054\"><strong data-start=\"911\" data-end=\"928\">Etiquetas de nylon:<\/strong> Duraderas, imprimibles en ambos lados y resistentes a lavados frecuentes &#8211; ideales para ropa de trabajo, uniformes y textiles industriales.<\/li>\r\n<li data-start=\"1055\" data-end=\"1167\"><strong data-start=\"1057\" data-end=\"1074\">Etiquetas de sat\u00e9n:<\/strong> Suaves, lisas y perfectas para telas premium como ropa de dise\u00f1ador y marcas de lujo.<\/li>\r\n<\/ul>\r\n\r\n\r\n\r\n<figure class=\"wp-block-image size-medium is-style-default\"><img decoding=\"async\" class=\"wp-image-2282 lazyload\" data-src=\"https:\/\/ttr.works\/wp-content\/uploads\/\/ttr-header-nylon-3-300x300.jpg\" alt=\"\" width=\"300\" height=\"300\" data-srcset=\"https:\/\/ttr.works\/wp-content\/uploads\/ttr-header-nylon-3-300x300.jpg 300w, https:\/\/ttr.works\/wp-content\/uploads\/ttr-header-nylon-3-150x150.jpg 150w, https:\/\/ttr.works\/wp-content\/uploads\/ttr-header-nylon-3.jpg 600w\" data-sizes=\"(max-width: 300px) 100vw, 300px\" src=\"data:image\/svg+xml;base64,PHN2ZyB3aWR0aD0iMSIgaGVpZ2h0PSIxIiB4bWxucz0iaHR0cDovL3d3dy53My5vcmcvMjAwMC9zdmciPjwvc3ZnPg==\" style=\"--smush-placeholder-width: 300px; --smush-placeholder-aspect-ratio: 300\/300;\" \/><\/figure>\r\n\r\n\r\n\r\n<div class=\"wp-block-spacer\" style=\"height: 17px;\" aria-hidden=\"true\">\u00a0<\/div>\r\n\r\n\r\n\r\n<h3 class=\"wp-block-heading\"><strong>Cintas 4U Resin Textile<\/strong><\/h3>\r\n\r\n\r\n\r\n<p>Logre una calidad de impresi\u00f3n duradera en cada etiqueta de tela. Nuestras <strong data-start=\"1263\" data-end=\"1291\">cintas 4U Resin Textile<\/strong> ofrecen resultados n\u00edtidos para texto peque\u00f1o y s\u00edmbolos de lavado que resisten el lavado, planchado y limpieza en seco. Totalmente compatibles con etiquetas de nylon y sat\u00e9n y disponibles en m\u00faltiples colores.<\/p>\r\n\r\n\r\n\r\n<div class=\"wp-block-spacer\" style=\"height: 17px;\" aria-hidden=\"true\">\u00a0<\/div>\r\n\r\n\r\n<div class=\"wp-block-image\">\r\n<figure class=\"alignleft size-medium is-style-default\"><img decoding=\"async\" class=\"wp-image-28186 lazyload\" data-src=\"https:\/\/ttr.works\/wp-content\/uploads\/\/cab-textile-300x169.jpg\" alt=\"\" width=\"300\" height=\"169\" data-srcset=\"https:\/\/ttr.works\/wp-content\/uploads\/cab-textile-300x169.jpg 300w, https:\/\/ttr.works\/wp-content\/uploads\/cab-textile-768x432.jpg 768w, https:\/\/ttr.works\/wp-content\/uploads\/cab-textile.jpg 797w\" data-sizes=\"(max-width: 300px) 100vw, 300px\" src=\"data:image\/svg+xml;base64,PHN2ZyB3aWR0aD0iMSIgaGVpZ2h0PSIxIiB4bWxucz0iaHR0cDovL3d3dy53My5vcmcvMjAwMC9zdmciPjwvc3ZnPg==\" style=\"--smush-placeholder-width: 300px; --smush-placeholder-aspect-ratio: 300\/169;\" \/><\/figure><\/div>\r\n\r\n\r\n<div class=\"wp-block-spacer\" style=\"height: 17px;\" aria-hidden=\"true\">\u00a0<\/div>\r\n\r\n\r\n\r\n<h3 class=\"wp-block-heading\"><strong>Impresoras Profesionales para Telas<\/strong><\/h3>\r\n\r\n\r\n\r\n<p data-start=\"1520\" data-end=\"1668\">Equipe su l\u00ednea de producci\u00f3n con <strong data-start=\"1561\" data-end=\"1603\">impresoras para telas CAB\u00ae, TSC\u00ae y Avery\u00ae<\/strong> confiables con cortadores de tela incorporados para resultados suaves y precisos.<\/p>\r\n\r\n\r\n\r\n<ul class=\"wp-block-list\" data-start=\"1669\" data-end=\"1813\">\r\n<li data-start=\"1669\" data-end=\"1695\">Corte preciso de etiquetas<\/li>\r\n<li data-start=\"1696\" data-end=\"1731\">Salida de alta velocidad y alta calidad<\/li>\r\n<li data-start=\"1732\" data-end=\"1763\">F\u00e1cil integraci\u00f3n en la producci\u00f3n<\/li>\r\n<\/ul>\r\n\r\n\r\n\r\n<div class=\"wp-block-spacer\" style=\"height: 40px;\" aria-hidden=\"true\">\u00a0<\/div>\r\n\r\n\r\n\r\n<div class=\"wp-block-spacer\" style=\"height: 28px;\" aria-hidden=\"true\">\u00a0<\/div>\r\n\r\n\r\n\r\n<h3 class=\"wp-block-heading\"><strong>Preguntas y Respuestas: Impresi\u00f3n de Etiquetas de Tela<\/strong><\/h3>\r\n\r\n\r\n\r\n<p><strong>P: \u00bfPara qu\u00e9 se usan las etiquetas de cuidado de nylon?<\/strong><br \/>R: Las etiquetas de cuidado de nylon son duraderas y resistentes a lavados frecuentes, lo que las hace ideales para ropa de trabajo, uniformes, ropa de exterior y otros textiles industriales. Aseguran que las instrucciones de lavado y la marca permanezcan legibles durante todo el ciclo de vida de la prenda.<\/p>\r\n\r\n\r\n\r\n<p><strong>P: \u00bfPor qu\u00e9 elegir etiquetas de sat\u00e9n para la ropa?<\/strong><br \/>R: Las etiquetas de sat\u00e9n son suaves, lisas y elegantes, lo que las convierte en la opci\u00f3n preferida para telas premium y prendas de lujo. Dan un aspecto de alta gama mientras permanecen c\u00f3modas contra la piel.<\/p>\r\n\r\n\r\n\r\n<p><strong>P: \u00bfPuedo imprimir etiquetas textiles internamente?<\/strong><br \/>R: S\u00ed. Con el equipo adecuado, como <strong>impresoras CAB o TSC con cortadores de tela<\/strong>, puede imprimir etiquetas de nylon y sat\u00e9n directamente internamente. Combinado con <strong>cintas de transferencia t\u00e9rmica de resina<\/strong>, esto garantiza resultados profesionales y duraderos.<\/p>\r\n\r\n\r\n\r\n<p><strong>P: \u00bfSus etiquetas textiles est\u00e1n certificadas y son seguras?<\/strong><br \/>R: S\u00ed. Nuestras etiquetas de tela de nylon y sat\u00e9n cumplen con el <strong>est\u00e1ndar OEKO-TEX\u00ae Standard 100<\/strong>, asegurando que est\u00e9n libres de sustancias nocivas y sean seguras para su uso en ropa, incluso para pieles sensibles.<\/p>\r\n\r\n\r\n\r\n<p><strong>P: \u00bfCu\u00e1les son las mejores cintas para imprimir en etiquetas de tela?<\/strong><br \/>R: Para aplicaciones textiles, recomendamos las cintas de transferencia t\u00e9rmica 4U Resin Textile. Ofrecen una calidad de impresi\u00f3n n\u00edtida y resisten el lavado, planchado y limpieza en seco, asegurando que las instrucciones de cuidado permanezcan visibles con el tiempo.<\/p>\r\n\r\n\r\n\r\n<p><strong>P: \u00bfQu\u00e9 es una soluci\u00f3n completa de impresi\u00f3n de etiquetas textiles?<\/strong><br \/>R: Una soluci\u00f3n completa incluye <strong>rollos de etiquetas de tela (nylon o sat\u00e9n)<\/strong>, una <strong>impresora con cortador de tela<\/strong> y <strong>cintas t\u00e9rmicas de resina<\/strong>. Esta configuraci\u00f3n todo en uno ahorra tiempo, reduce costos y garantiza una calidad consistente para el etiquetado textil.<\/p>\r\n\r\n\r\n\r\n<p><strong>P: \u00bfQu\u00e9 son las etiquetas de tafet\u00e1n de nylon?<\/strong><br \/>R: Una etiqueta de mantenimiento fuerte y flexible que se puede imprimir en ambos lados. Las instrucciones de lavado y otra informaci\u00f3n se imprimen f\u00e1cilmente y de manera n\u00edtida en la etiqueta a 300 dpi.<\/p>\r\n\r\n\r\n\r\n<p><strong>P: \u00bfQu\u00e9 es el tafet\u00e1n de sat\u00e9n de poli\u00e9ster?<\/strong><br \/>R: La etiqueta de mantenimiento m\u00e1s flexible y suave de nuestra gama, dise\u00f1ada para telas m\u00e1s lujosas. Tenemos poli\u00e9ster para lavados dom\u00e9sticos y agresivos. Gracias al llamado borde cortado (caliente), se elimina la tendencia a deshilacharse asociada con este tipo de etiqueta de mantenimiento. Esta versi\u00f3n de sat\u00e9n de poli\u00e9ster se puede imprimir en un solo lado.<\/p>\r\n\r\n\r\n\r\n<p><strong>P: \u00bfQu\u00e9 es el tafet\u00e1n extra fuerte?<\/strong><br \/>R: Este tipo de etiqueta textil m\u00e1s pesada es especialmente adecuada para ropa de trabajo y otros textiles que requieren lavados industriales. \u00a1Piense en overoles, cortinas e incluso mantas para caballos! Este tipo de etiqueta textil tambi\u00e9n ofrece una soluci\u00f3n para tintorer\u00edas. Despu\u00e9s de lavados frecuentes, las etiquetas de tafet\u00e1n extra fuerte mantienen su impresi\u00f3n de alta calidad. El tafet\u00e1n extra fuerte se puede imprimir en un solo lado con la combinaci\u00f3n de una cinta de tinta de resina.<\/p>\r\n\r\n\r\n\r\n<div class=\"wp-block-spacer\" style=\"height: 29px;\" aria-hidden=\"true\">\u00a0<\/div>\r\n\r\n\r\n\r\n<p><strong>\u00bfNo encontr\u00f3 su respuesta? Preg\u00fantenos cualquier cosa.<\/strong><\/p>\r\n\r\n\r\n\r\n<p><a class=\"link-btn\" href=\"https:\/\/ttr.works\/es\/contacto\/\">Contacte a TTR Euroworks<\/a><\/p>\r\n","protected":false},"excerpt":{"rendered":"<p>Productos que duran cientos de ciclos de lavado necesitan etiquetas que hagan lo mismo. Los cintas Resin Textile y las etiquetas de nylon de TTR Euroworks ofrecen una identificaci\u00f3n duradera, legible y conforme para cada aplicaci\u00f3n de impresi\u00f3n textil. Combine impresoras de alto rendimiento, cintas de tinta Resin Textile premium y materiales de etiquetas de [&hellip;]<\/p>\n","protected":false},"author":1,"featured_media":0,"parent":3089,"menu_order":0,"comment_status":"closed","ping_status":"closed","template":"template-product.php","meta":{"_acf_changed":false,"content-type":"","footnotes":""},"categories":[],"tags":[267],"class_list":["post-3103","page","type-page","status-publish","hentry","tag-product-es"],"acf":[],"yoast_head":"<!-- This site is optimized with the Yoast SEO plugin v25.9 - https:\/\/yoast.com\/wordpress\/plugins\/seo\/ -->\n<title>etiquetas textiles - TTR Euroworks<\/title>\n<meta name=\"description\" content=\"Etiquetas textiles \u2713 Tafet\u00e1n de nailon \u2713 Tafet\u00e1n satinado de poli\u00e9ster \u2713 Tafet\u00e1n extra fuerte \u2713 Etiquetas de mantenimiento\" \/>\n<meta name=\"robots\" content=\"index, follow, max-snippet:-1, max-image-preview:large, max-video-preview:-1\" \/>\n<link rel=\"canonical\" href=\"https:\/\/ttr.works\/es\/etiquetas\/etiquetas-textiles\/\" \/>\n<meta property=\"og:locale\" content=\"es_ES\" \/>\n<meta property=\"og:type\" content=\"article\" \/>\n<meta property=\"og:title\" content=\"etiquetas textiles - TTR Euroworks\" \/>\n<meta property=\"og:description\" content=\"Etiquetas textiles \u2713 Tafet\u00e1n de nailon \u2713 Tafet\u00e1n satinado de poli\u00e9ster \u2713 Tafet\u00e1n extra fuerte \u2713 Etiquetas de mantenimiento\" \/>\n<meta property=\"og:url\" content=\"https:\/\/ttr.works\/es\/etiquetas\/etiquetas-textiles\/\" \/>\n<meta property=\"og:site_name\" content=\"TTR Euroworks\" \/>\n<meta property=\"article:modified_time\" content=\"2025-11-12T12:44:32+00:00\" \/>\n<meta property=\"og:image\" content=\"https:\/\/ttr.works\/wp-content\/uploads\/\/ttr-header-nylon-3-300x300.jpg\" \/>\n<meta name=\"twitter:card\" content=\"summary_large_image\" \/>\n<meta name=\"twitter:label1\" content=\"Tiempo de lectura\" \/>\n\t<meta name=\"twitter:data1\" content=\"3 minutos\" \/>\n<script type=\"application\/ld+json\" class=\"yoast-schema-graph\">{\"@context\":\"https:\/\/schema.org\",\"@graph\":[{\"@type\":\"WebPage\",\"@id\":\"https:\/\/ttr.works\/es\/etiquetas\/etiquetas-textiles\/\",\"url\":\"https:\/\/ttr.works\/es\/etiquetas\/etiquetas-textiles\/\",\"name\":\"etiquetas textiles - TTR Euroworks\",\"isPartOf\":{\"@id\":\"https:\/\/ttr.works\/es\/#website\"},\"primaryImageOfPage\":{\"@id\":\"https:\/\/ttr.works\/es\/etiquetas\/etiquetas-textiles\/#primaryimage\"},\"image\":{\"@id\":\"https:\/\/ttr.works\/es\/etiquetas\/etiquetas-textiles\/#primaryimage\"},\"thumbnailUrl\":\"https:\/\/ttr.works\/wp-content\/uploads\/\/TTR-Euroworks-supply-advantage-1-300x200.png\",\"datePublished\":\"2020-11-04T14:31:13+00:00\",\"dateModified\":\"2025-11-12T12:44:32+00:00\",\"description\":\"Etiquetas textiles \u2713 Tafet\u00e1n de nailon \u2713 Tafet\u00e1n satinado de poli\u00e9ster \u2713 Tafet\u00e1n extra fuerte \u2713 Etiquetas de mantenimiento\",\"breadcrumb\":{\"@id\":\"https:\/\/ttr.works\/es\/etiquetas\/etiquetas-textiles\/#breadcrumb\"},\"inLanguage\":\"es\",\"potentialAction\":[{\"@type\":\"ReadAction\",\"target\":[\"https:\/\/ttr.works\/es\/etiquetas\/etiquetas-textiles\/\"]}]},{\"@type\":\"ImageObject\",\"inLanguage\":\"es\",\"@id\":\"https:\/\/ttr.works\/es\/etiquetas\/etiquetas-textiles\/#primaryimage\",\"url\":\"https:\/\/ttr.works\/wp-content\/uploads\/\/TTR-Euroworks-supply-advantage-1-300x200.png\",\"contentUrl\":\"https:\/\/ttr.works\/wp-content\/uploads\/\/TTR-Euroworks-supply-advantage-1-300x200.png\"},{\"@type\":\"BreadcrumbList\",\"@id\":\"https:\/\/ttr.works\/es\/etiquetas\/etiquetas-textiles\/#breadcrumb\",\"itemListElement\":[{\"@type\":\"ListItem\",\"position\":1,\"name\":\"Home\",\"item\":\"https:\/\/ttr.works\/es\/inicio\/\"},{\"@type\":\"ListItem\",\"position\":2,\"name\":\"Etiquetas\",\"item\":\"https:\/\/ttr.works\/es\/etiquetas\/\"},{\"@type\":\"ListItem\",\"position\":3,\"name\":\"Etiquetas textiles\"}]},{\"@type\":\"WebSite\",\"@id\":\"https:\/\/ttr.works\/es\/#website\",\"url\":\"https:\/\/ttr.works\/es\/\",\"name\":\"TTR Euroworks\",\"description\":\"Your ttr partner\",\"potentialAction\":[{\"@type\":\"SearchAction\",\"target\":{\"@type\":\"EntryPoint\",\"urlTemplate\":\"https:\/\/ttr.works\/es\/?s={search_term_string}\"},\"query-input\":{\"@type\":\"PropertyValueSpecification\",\"valueRequired\":true,\"valueName\":\"search_term_string\"}}],\"inLanguage\":\"es\"}]}<\/script>\n<!-- \/ Yoast SEO plugin. -->","yoast_head_json":{"title":"etiquetas textiles - TTR Euroworks","description":"Etiquetas textiles \u2713 Tafet\u00e1n de nailon \u2713 Tafet\u00e1n satinado de poli\u00e9ster \u2713 Tafet\u00e1n extra fuerte \u2713 Etiquetas de mantenimiento","robots":{"index":"index","follow":"follow","max-snippet":"max-snippet:-1","max-image-preview":"max-image-preview:large","max-video-preview":"max-video-preview:-1"},"canonical":"https:\/\/ttr.works\/es\/etiquetas\/etiquetas-textiles\/","og_locale":"es_ES","og_type":"article","og_title":"etiquetas textiles - TTR Euroworks","og_description":"Etiquetas textiles \u2713 Tafet\u00e1n de nailon \u2713 Tafet\u00e1n satinado de poli\u00e9ster \u2713 Tafet\u00e1n extra fuerte \u2713 Etiquetas de mantenimiento","og_url":"https:\/\/ttr.works\/es\/etiquetas\/etiquetas-textiles\/","og_site_name":"TTR Euroworks","article_modified_time":"2025-11-12T12:44:32+00:00","og_image":[{"url":"https:\/\/ttr.works\/wp-content\/uploads\/\/ttr-header-nylon-3-300x300.jpg","type":"","width":"","height":""}],"twitter_card":"summary_large_image","twitter_misc":{"Tiempo de lectura":"3 minutos"},"schema":{"@context":"https:\/\/schema.org","@graph":[{"@type":"WebPage","@id":"https:\/\/ttr.works\/es\/etiquetas\/etiquetas-textiles\/","url":"https:\/\/ttr.works\/es\/etiquetas\/etiquetas-textiles\/","name":"etiquetas textiles - TTR Euroworks","isPartOf":{"@id":"https:\/\/ttr.works\/es\/#website"},"primaryImageOfPage":{"@id":"https:\/\/ttr.works\/es\/etiquetas\/etiquetas-textiles\/#primaryimage"},"image":{"@id":"https:\/\/ttr.works\/es\/etiquetas\/etiquetas-textiles\/#primaryimage"},"thumbnailUrl":"https:\/\/ttr.works\/wp-content\/uploads\/\/TTR-Euroworks-supply-advantage-1-300x200.png","datePublished":"2020-11-04T14:31:13+00:00","dateModified":"2025-11-12T12:44:32+00:00","description":"Etiquetas textiles \u2713 Tafet\u00e1n de nailon \u2713 Tafet\u00e1n satinado de poli\u00e9ster \u2713 Tafet\u00e1n extra fuerte \u2713 Etiquetas de mantenimiento","breadcrumb":{"@id":"https:\/\/ttr.works\/es\/etiquetas\/etiquetas-textiles\/#breadcrumb"},"inLanguage":"es","potentialAction":[{"@type":"ReadAction","target":["https:\/\/ttr.works\/es\/etiquetas\/etiquetas-textiles\/"]}]},{"@type":"ImageObject","inLanguage":"es","@id":"https:\/\/ttr.works\/es\/etiquetas\/etiquetas-textiles\/#primaryimage","url":"https:\/\/ttr.works\/wp-content\/uploads\/\/TTR-Euroworks-supply-advantage-1-300x200.png","contentUrl":"https:\/\/ttr.works\/wp-content\/uploads\/\/TTR-Euroworks-supply-advantage-1-300x200.png"},{"@type":"BreadcrumbList","@id":"https:\/\/ttr.works\/es\/etiquetas\/etiquetas-textiles\/#breadcrumb","itemListElement":[{"@type":"ListItem","position":1,"name":"Home","item":"https:\/\/ttr.works\/es\/inicio\/"},{"@type":"ListItem","position":2,"name":"Etiquetas","item":"https:\/\/ttr.works\/es\/etiquetas\/"},{"@type":"ListItem","position":3,"name":"Etiquetas textiles"}]},{"@type":"WebSite","@id":"https:\/\/ttr.works\/es\/#website","url":"https:\/\/ttr.works\/es\/","name":"TTR Euroworks","description":"Your ttr partner","potentialAction":[{"@type":"SearchAction","target":{"@type":"EntryPoint","urlTemplate":"https:\/\/ttr.works\/es\/?s={search_term_string}"},"query-input":{"@type":"PropertyValueSpecification","valueRequired":true,"valueName":"search_term_string"}}],"inLanguage":"es"}]}},"_links":{"self":[{"href":"https:\/\/ttr.works\/es\/wp-json\/wp\/v2\/pages\/3103","targetHints":{"allow":["GET"]}}],"collection":[{"href":"https:\/\/ttr.works\/es\/wp-json\/wp\/v2\/pages"}],"about":[{"href":"https:\/\/ttr.works\/es\/wp-json\/wp\/v2\/types\/page"}],"author":[{"embeddable":true,"href":"https:\/\/ttr.works\/es\/wp-json\/wp\/v2\/users\/1"}],"replies":[{"embeddable":true,"href":"https:\/\/ttr.works\/es\/wp-json\/wp\/v2\/comments?post=3103"}],"version-history":[{"count":11,"href":"https:\/\/ttr.works\/es\/wp-json\/wp\/v2\/pages\/3103\/revisions"}],"predecessor-version":[{"id":29339,"href":"https:\/\/ttr.works\/es\/wp-json\/wp\/v2\/pages\/3103\/revisions\/29339"}],"up":[{"embeddable":true,"href":"https:\/\/ttr.works\/es\/wp-json\/wp\/v2\/pages\/3089"}],"wp:attachment":[{"href":"https:\/\/ttr.works\/es\/wp-json\/wp\/v2\/media?parent=3103"}],"wp:term":[{"taxonomy":"category","embeddable":true,"href":"https:\/\/ttr.works\/es\/wp-json\/wp\/v2\/categories?post=3103"},{"taxonomy":"post_tag","embeddable":true,"href":"https:\/\/ttr.works\/es\/wp-json\/wp\/v2\/tags?post=3103"}],"curies":[{"name":"wp","href":"https:\/\/api.w.org\/{rel}","templated":true}]}}