{"id":3127,"date":"2020-11-05T08:23:49","date_gmt":"2020-11-05T08:23:49","guid":{"rendered":"https:\/\/ttr.works\/?page_id=3127"},"modified":"2024-07-05T11:20:28","modified_gmt":"2024-07-05T11:20:28","slug":"confie-en-la-excelente-calidad-de-los-servicios-de-ttr-euroworks-como-proveedor-mundial","status":"publish","type":"page","link":"https:\/\/ttr.works\/es\/confie-en-la-excelente-calidad-de-los-servicios-de-ttr-euroworks-como-proveedor-mundial\/","title":{"rendered":"Suministramos todo para la impresi\u00f3n de c\u00f3digos de barras y etiquetas."},"content":{"rendered":"\n<p>Encontrar\u00e1 el stock m\u00e1s grande de cabezales de impresi\u00f3n para todas las marcas de impresoras de etiquetas, ya sean de cabeza plana o de borde cercano, de escritorio o industriales.<\/p>\n\n\n\n<p>Estamos orgullosos de ser un socio comercial principal y especialista de fabricantes como Zebra\u00ae, Honeywell\u00ae y SATO\u00ae y TSC-Printronix\u00ae. Recibir\u00e1 asesoramiento independiente, apoyo comercial y precios justos de nuestra parte. Utilice TTR Euroworks como una extensi\u00f3n de su propio equipo.<\/p>\n","protected":false},"excerpt":{"rendered":"<p>Encontrar\u00e1 el stock m\u00e1s grande de cabezales de impresi\u00f3n para todas las marcas de impresoras de etiquetas, ya sean de cabeza plana o de borde cercano, de escritorio o industriales. Estamos orgullosos de ser un socio comercial principal y especialista de fabricantes como Zebra\u00ae, Honeywell\u00ae y SATO\u00ae y TSC-Printronix\u00ae. Recibir\u00e1 asesoramiento independiente, apoyo comercial y [&hellip;]<\/p>\n","protected":false},"author":1,"featured_media":0,"parent":0,"menu_order":0,"comment_status":"closed","ping_status":"open","template":"","meta":{"_acf_changed":false,"content-type":"","footnotes":""},"categories":[],"tags":[],"class_list":["post-3127","page","type-page","status-publish","hentry"],"acf":[],"yoast_head":"<!-- This site is optimized with the Yoast SEO plugin v25.9 - https:\/\/yoast.com\/wordpress\/plugins\/seo\/ -->\n<title>Suministramos todo para la impresi\u00f3n de c\u00f3digos de barras y etiquetas. - TTR Euroworks<\/title>\n<meta name=\"description\" content=\"Cintas de transferencia t\u00e9rmica \u2713 Cabezales de impresi\u00f3n \u2713 Etiquetas en rollos \u2713 Impresoras de etiquetas industriales, de escritorio y m\u00f3viles\" \/>\n<meta name=\"robots\" content=\"index, follow, max-snippet:-1, max-image-preview:large, max-video-preview:-1\" \/>\n<link rel=\"canonical\" href=\"https:\/\/ttr.works\/es\/confie-en-la-excelente-calidad-de-los-servicios-de-ttr-euroworks-como-proveedor-mundial\/\" \/>\n<meta property=\"og:locale\" content=\"es_ES\" \/>\n<meta property=\"og:type\" content=\"article\" \/>\n<meta property=\"og:title\" content=\"Suministramos todo para la impresi\u00f3n de c\u00f3digos de barras y etiquetas. - TTR Euroworks\" \/>\n<meta property=\"og:description\" content=\"Cintas de transferencia t\u00e9rmica \u2713 Cabezales de impresi\u00f3n \u2713 Etiquetas en rollos \u2713 Impresoras de etiquetas industriales, de escritorio y m\u00f3viles\" \/>\n<meta property=\"og:url\" content=\"https:\/\/ttr.works\/es\/confie-en-la-excelente-calidad-de-los-servicios-de-ttr-euroworks-como-proveedor-mundial\/\" \/>\n<meta property=\"og:site_name\" content=\"TTR Euroworks\" \/>\n<meta property=\"article:modified_time\" content=\"2024-07-05T11:20:28+00:00\" \/>\n<meta name=\"twitter:card\" content=\"summary_large_image\" \/>\n<meta name=\"twitter:label1\" content=\"Tiempo de lectura\" \/>\n\t<meta name=\"twitter:data1\" content=\"3 minutos\" \/>\n<script type=\"application\/ld+json\" class=\"yoast-schema-graph\">{\"@context\":\"https:\/\/schema.org\",\"@graph\":[{\"@type\":\"WebPage\",\"@id\":\"https:\/\/ttr.works\/es\/confie-en-la-excelente-calidad-de-los-servicios-de-ttr-euroworks-como-proveedor-mundial\/\",\"url\":\"https:\/\/ttr.works\/es\/confie-en-la-excelente-calidad-de-los-servicios-de-ttr-euroworks-como-proveedor-mundial\/\",\"name\":\"Suministramos todo para la impresi\u00f3n de c\u00f3digos de barras y etiquetas. - TTR Euroworks\",\"isPartOf\":{\"@id\":\"https:\/\/ttr.works\/es\/#website\"},\"datePublished\":\"2020-11-05T08:23:49+00:00\",\"dateModified\":\"2024-07-05T11:20:28+00:00\",\"description\":\"Cintas de transferencia t\u00e9rmica \u2713 Cabezales de impresi\u00f3n \u2713 Etiquetas en rollos \u2713 Impresoras de etiquetas industriales, de escritorio y m\u00f3viles\",\"breadcrumb\":{\"@id\":\"https:\/\/ttr.works\/es\/confie-en-la-excelente-calidad-de-los-servicios-de-ttr-euroworks-como-proveedor-mundial\/#breadcrumb\"},\"inLanguage\":\"es\",\"potentialAction\":[{\"@type\":\"ReadAction\",\"target\":[\"https:\/\/ttr.works\/es\/confie-en-la-excelente-calidad-de-los-servicios-de-ttr-euroworks-como-proveedor-mundial\/\"]}]},{\"@type\":\"BreadcrumbList\",\"@id\":\"https:\/\/ttr.works\/es\/confie-en-la-excelente-calidad-de-los-servicios-de-ttr-euroworks-como-proveedor-mundial\/#breadcrumb\",\"itemListElement\":[{\"@type\":\"ListItem\",\"position\":1,\"name\":\"Home\",\"item\":\"https:\/\/ttr.works\/es\/inicio\/\"},{\"@type\":\"ListItem\",\"position\":2,\"name\":\"Suministramos todo para la impresi\u00f3n de c\u00f3digos de barras y etiquetas.\"}]},{\"@type\":\"WebSite\",\"@id\":\"https:\/\/ttr.works\/es\/#website\",\"url\":\"https:\/\/ttr.works\/es\/\",\"name\":\"TTR Euroworks\",\"description\":\"Your ttr partner\",\"potentialAction\":[{\"@type\":\"SearchAction\",\"target\":{\"@type\":\"EntryPoint\",\"urlTemplate\":\"https:\/\/ttr.works\/es\/?s={search_term_string}\"},\"query-input\":{\"@type\":\"PropertyValueSpecification\",\"valueRequired\":true,\"valueName\":\"search_term_string\"}}],\"inLanguage\":\"es\"}]}<\/script>\n<!-- \/ Yoast SEO plugin. -->","yoast_head_json":{"title":"Suministramos todo para la impresi\u00f3n de c\u00f3digos de barras y etiquetas. - TTR Euroworks","description":"Cintas de transferencia t\u00e9rmica \u2713 Cabezales de impresi\u00f3n \u2713 Etiquetas en rollos \u2713 Impresoras de etiquetas industriales, de escritorio y m\u00f3viles","robots":{"index":"index","follow":"follow","max-snippet":"max-snippet:-1","max-image-preview":"max-image-preview:large","max-video-preview":"max-video-preview:-1"},"canonical":"https:\/\/ttr.works\/es\/confie-en-la-excelente-calidad-de-los-servicios-de-ttr-euroworks-como-proveedor-mundial\/","og_locale":"es_ES","og_type":"article","og_title":"Suministramos todo para la impresi\u00f3n de c\u00f3digos de barras y etiquetas. - TTR Euroworks","og_description":"Cintas de transferencia t\u00e9rmica \u2713 Cabezales de impresi\u00f3n \u2713 Etiquetas en rollos \u2713 Impresoras de etiquetas industriales, de escritorio y m\u00f3viles","og_url":"https:\/\/ttr.works\/es\/confie-en-la-excelente-calidad-de-los-servicios-de-ttr-euroworks-como-proveedor-mundial\/","og_site_name":"TTR Euroworks","article_modified_time":"2024-07-05T11:20:28+00:00","twitter_card":"summary_large_image","twitter_misc":{"Tiempo de lectura":"3 minutos"},"schema":{"@context":"https:\/\/schema.org","@graph":[{"@type":"WebPage","@id":"https:\/\/ttr.works\/es\/confie-en-la-excelente-calidad-de-los-servicios-de-ttr-euroworks-como-proveedor-mundial\/","url":"https:\/\/ttr.works\/es\/confie-en-la-excelente-calidad-de-los-servicios-de-ttr-euroworks-como-proveedor-mundial\/","name":"Suministramos todo para la impresi\u00f3n de c\u00f3digos de barras y etiquetas. - TTR Euroworks","isPartOf":{"@id":"https:\/\/ttr.works\/es\/#website"},"datePublished":"2020-11-05T08:23:49+00:00","dateModified":"2024-07-05T11:20:28+00:00","description":"Cintas de transferencia t\u00e9rmica \u2713 Cabezales de impresi\u00f3n \u2713 Etiquetas en rollos \u2713 Impresoras de etiquetas industriales, de escritorio y m\u00f3viles","breadcrumb":{"@id":"https:\/\/ttr.works\/es\/confie-en-la-excelente-calidad-de-los-servicios-de-ttr-euroworks-como-proveedor-mundial\/#breadcrumb"},"inLanguage":"es","potentialAction":[{"@type":"ReadAction","target":["https:\/\/ttr.works\/es\/confie-en-la-excelente-calidad-de-los-servicios-de-ttr-euroworks-como-proveedor-mundial\/"]}]},{"@type":"BreadcrumbList","@id":"https:\/\/ttr.works\/es\/confie-en-la-excelente-calidad-de-los-servicios-de-ttr-euroworks-como-proveedor-mundial\/#breadcrumb","itemListElement":[{"@type":"ListItem","position":1,"name":"Home","item":"https:\/\/ttr.works\/es\/inicio\/"},{"@type":"ListItem","position":2,"name":"Suministramos todo para la impresi\u00f3n de c\u00f3digos de barras y etiquetas."}]},{"@type":"WebSite","@id":"https:\/\/ttr.works\/es\/#website","url":"https:\/\/ttr.works\/es\/","name":"TTR Euroworks","description":"Your ttr partner","potentialAction":[{"@type":"SearchAction","target":{"@type":"EntryPoint","urlTemplate":"https:\/\/ttr.works\/es\/?s={search_term_string}"},"query-input":{"@type":"PropertyValueSpecification","valueRequired":true,"valueName":"search_term_string"}}],"inLanguage":"es"}]}},"_links":{"self":[{"href":"https:\/\/ttr.works\/es\/wp-json\/wp\/v2\/pages\/3127","targetHints":{"allow":["GET"]}}],"collection":[{"href":"https:\/\/ttr.works\/es\/wp-json\/wp\/v2\/pages"}],"about":[{"href":"https:\/\/ttr.works\/es\/wp-json\/wp\/v2\/types\/page"}],"author":[{"embeddable":true,"href":"https:\/\/ttr.works\/es\/wp-json\/wp\/v2\/users\/1"}],"replies":[{"embeddable":true,"href":"https:\/\/ttr.works\/es\/wp-json\/wp\/v2\/comments?post=3127"}],"version-history":[{"count":13,"href":"https:\/\/ttr.works\/es\/wp-json\/wp\/v2\/pages\/3127\/revisions"}],"predecessor-version":[{"id":24259,"href":"https:\/\/ttr.works\/es\/wp-json\/wp\/v2\/pages\/3127\/revisions\/24259"}],"wp:attachment":[{"href":"https:\/\/ttr.works\/es\/wp-json\/wp\/v2\/media?parent=3127"}],"wp:term":[{"taxonomy":"category","embeddable":true,"href":"https:\/\/ttr.works\/es\/wp-json\/wp\/v2\/categories?post=3127"},{"taxonomy":"post_tag","embeddable":true,"href":"https:\/\/ttr.works\/es\/wp-json\/wp\/v2\/tags?post=3127"}],"curies":[{"name":"wp","href":"https:\/\/api.w.org\/{rel}","templated":true}]}}