{"id":3136,"date":"2020-11-05T08:35:07","date_gmt":"2020-11-05T08:35:07","guid":{"rendered":"https:\/\/ttr.works\/?page_id=3136"},"modified":"2020-11-09T09:45:55","modified_gmt":"2020-11-09T09:45:55","slug":"politica-de-devolucion","status":"publish","type":"page","link":"https:\/\/ttr.works\/es\/politica-de-devolucion\/","title":{"rendered":"Pol\u00edtica de devoluci\u00f3n"},"content":{"rendered":"\n<p>No ce aceptar\u00e1 la devoluci\u00f3n de piezas que est\u00e9n da\u00f1adas o que ya est\u00e9n instaladas, o cuyo empaque ya se haya abierto. Si desea devolver su pedido, usted es responsable de enviarlo correctamente y de los gastos adicionales de env\u00edo.<\/p>\n\n\n\n<p>Todos los paneles, fuentes de alimentaci\u00f3n y pedidos especiales que se compren o fabriquen en TTR Euroworks B.V. no son susceptibles de devoluci\u00f3n a menos que tengan defectos. El fabricante evaluar\u00e1 si el producto devuelto est\u00e1 defectuoso. En caso de que la evaluaci\u00f3n indique que el producto est\u00e1 defectuoso, el fabricante determinar\u00e1 si se ofrecer\u00e1 una reparaci\u00f3n, un reemplazo o un cr\u00e9dito. Sin embargo, si el producto se encuentra en buenas condiciones, le ser\u00e1 devuelto. De ser as\u00ed, usted ser\u00e1 responsable de los costos incurridos.<\/p>\n\n\n\n<p>Si tiene una solicitud de autorizaci\u00f3n de devoluci\u00f3n de mercanc\u00eda (RMA, por sus siglas en ingl\u00e9s), p\u00f3ngase en contacto con nosotros a trav\u00e9s de nuestra p\u00e1gina de contacto. Nos comunicaremos con usted lo antes posible y le ofreceremos una soluci\u00f3n apropiada en la medida de lo posible.<\/p>\n\n\n\n<p>TTR Euroworks BV no se hace responsable del asesoramiento ofrecido por un servicio de asistencia t\u00e9cnica.<\/p>\n","protected":false},"excerpt":{"rendered":"<p>No ce aceptar\u00e1 la devoluci\u00f3n de piezas que est\u00e9n da\u00f1adas o que ya est\u00e9n instaladas, o cuyo empaque ya se haya abierto. Si desea devolver su pedido, usted es responsable de enviarlo correctamente y de los gastos adicionales de env\u00edo. Todos los paneles, fuentes de alimentaci\u00f3n y pedidos especiales que se compren o fabriquen en [&hellip;]<\/p>\n","protected":false},"author":1,"featured_media":0,"parent":0,"menu_order":0,"comment_status":"closed","ping_status":"closed","template":"template-content.php","meta":{"_acf_changed":false,"content-type":"","footnotes":""},"categories":[],"tags":[],"class_list":["post-3136","page","type-page","status-publish","hentry"],"acf":[],"yoast_head":"<!-- This site is optimized with the Yoast SEO plugin v25.9 - https:\/\/yoast.com\/wordpress\/plugins\/seo\/ -->\n<title>Pol\u00edtica de devoluci\u00f3n - TTR Euroworks<\/title>\n<meta name=\"robots\" content=\"index, follow, max-snippet:-1, max-image-preview:large, max-video-preview:-1\" \/>\n<link rel=\"canonical\" href=\"https:\/\/ttr.works\/es\/politica-de-devolucion\/\" \/>\n<meta property=\"og:locale\" content=\"es_ES\" \/>\n<meta property=\"og:type\" content=\"article\" \/>\n<meta property=\"og:title\" content=\"Pol\u00edtica de devoluci\u00f3n - TTR Euroworks\" \/>\n<meta property=\"og:description\" content=\"No ce aceptar\u00e1 la devoluci\u00f3n de piezas que est\u00e9n da\u00f1adas o que ya est\u00e9n instaladas, o cuyo empaque ya se haya abierto. Si desea devolver su pedido, usted es responsable de enviarlo correctamente y de los gastos adicionales de env\u00edo. Todos los paneles, fuentes de alimentaci\u00f3n y pedidos especiales que se compren o fabriquen en [&hellip;]\" \/>\n<meta property=\"og:url\" content=\"https:\/\/ttr.works\/es\/politica-de-devolucion\/\" \/>\n<meta property=\"og:site_name\" content=\"TTR Euroworks\" \/>\n<meta property=\"article:modified_time\" content=\"2020-11-09T09:45:55+00:00\" \/>\n<meta name=\"twitter:card\" content=\"summary_large_image\" \/>\n<meta name=\"twitter:label1\" content=\"Tiempo de lectura\" \/>\n\t<meta name=\"twitter:data1\" content=\"1 minuto\" \/>\n<script type=\"application\/ld+json\" class=\"yoast-schema-graph\">{\"@context\":\"https:\/\/schema.org\",\"@graph\":[{\"@type\":\"WebPage\",\"@id\":\"https:\/\/ttr.works\/es\/politica-de-devolucion\/\",\"url\":\"https:\/\/ttr.works\/es\/politica-de-devolucion\/\",\"name\":\"Pol\u00edtica de devoluci\u00f3n - TTR Euroworks\",\"isPartOf\":{\"@id\":\"https:\/\/ttr.works\/es\/#website\"},\"datePublished\":\"2020-11-05T08:35:07+00:00\",\"dateModified\":\"2020-11-09T09:45:55+00:00\",\"breadcrumb\":{\"@id\":\"https:\/\/ttr.works\/es\/politica-de-devolucion\/#breadcrumb\"},\"inLanguage\":\"es\",\"potentialAction\":[{\"@type\":\"ReadAction\",\"target\":[\"https:\/\/ttr.works\/es\/politica-de-devolucion\/\"]}]},{\"@type\":\"BreadcrumbList\",\"@id\":\"https:\/\/ttr.works\/es\/politica-de-devolucion\/#breadcrumb\",\"itemListElement\":[{\"@type\":\"ListItem\",\"position\":1,\"name\":\"Home\",\"item\":\"https:\/\/ttr.works\/es\/inicio\/\"},{\"@type\":\"ListItem\",\"position\":2,\"name\":\"Pol\u00edtica de devoluci\u00f3n\"}]},{\"@type\":\"WebSite\",\"@id\":\"https:\/\/ttr.works\/es\/#website\",\"url\":\"https:\/\/ttr.works\/es\/\",\"name\":\"TTR Euroworks\",\"description\":\"Your ttr partner\",\"potentialAction\":[{\"@type\":\"SearchAction\",\"target\":{\"@type\":\"EntryPoint\",\"urlTemplate\":\"https:\/\/ttr.works\/es\/?s={search_term_string}\"},\"query-input\":{\"@type\":\"PropertyValueSpecification\",\"valueRequired\":true,\"valueName\":\"search_term_string\"}}],\"inLanguage\":\"es\"}]}<\/script>\n<!-- \/ Yoast SEO plugin. -->","yoast_head_json":{"title":"Pol\u00edtica de devoluci\u00f3n - TTR Euroworks","robots":{"index":"index","follow":"follow","max-snippet":"max-snippet:-1","max-image-preview":"max-image-preview:large","max-video-preview":"max-video-preview:-1"},"canonical":"https:\/\/ttr.works\/es\/politica-de-devolucion\/","og_locale":"es_ES","og_type":"article","og_title":"Pol\u00edtica de devoluci\u00f3n - TTR Euroworks","og_description":"No ce aceptar\u00e1 la devoluci\u00f3n de piezas que est\u00e9n da\u00f1adas o que ya est\u00e9n instaladas, o cuyo empaque ya se haya abierto. Si desea devolver su pedido, usted es responsable de enviarlo correctamente y de los gastos adicionales de env\u00edo. Todos los paneles, fuentes de alimentaci\u00f3n y pedidos especiales que se compren o fabriquen en [&hellip;]","og_url":"https:\/\/ttr.works\/es\/politica-de-devolucion\/","og_site_name":"TTR Euroworks","article_modified_time":"2020-11-09T09:45:55+00:00","twitter_card":"summary_large_image","twitter_misc":{"Tiempo de lectura":"1 minuto"},"schema":{"@context":"https:\/\/schema.org","@graph":[{"@type":"WebPage","@id":"https:\/\/ttr.works\/es\/politica-de-devolucion\/","url":"https:\/\/ttr.works\/es\/politica-de-devolucion\/","name":"Pol\u00edtica de devoluci\u00f3n - TTR Euroworks","isPartOf":{"@id":"https:\/\/ttr.works\/es\/#website"},"datePublished":"2020-11-05T08:35:07+00:00","dateModified":"2020-11-09T09:45:55+00:00","breadcrumb":{"@id":"https:\/\/ttr.works\/es\/politica-de-devolucion\/#breadcrumb"},"inLanguage":"es","potentialAction":[{"@type":"ReadAction","target":["https:\/\/ttr.works\/es\/politica-de-devolucion\/"]}]},{"@type":"BreadcrumbList","@id":"https:\/\/ttr.works\/es\/politica-de-devolucion\/#breadcrumb","itemListElement":[{"@type":"ListItem","position":1,"name":"Home","item":"https:\/\/ttr.works\/es\/inicio\/"},{"@type":"ListItem","position":2,"name":"Pol\u00edtica de devoluci\u00f3n"}]},{"@type":"WebSite","@id":"https:\/\/ttr.works\/es\/#website","url":"https:\/\/ttr.works\/es\/","name":"TTR Euroworks","description":"Your ttr partner","potentialAction":[{"@type":"SearchAction","target":{"@type":"EntryPoint","urlTemplate":"https:\/\/ttr.works\/es\/?s={search_term_string}"},"query-input":{"@type":"PropertyValueSpecification","valueRequired":true,"valueName":"search_term_string"}}],"inLanguage":"es"}]}},"_links":{"self":[{"href":"https:\/\/ttr.works\/es\/wp-json\/wp\/v2\/pages\/3136","targetHints":{"allow":["GET"]}}],"collection":[{"href":"https:\/\/ttr.works\/es\/wp-json\/wp\/v2\/pages"}],"about":[{"href":"https:\/\/ttr.works\/es\/wp-json\/wp\/v2\/types\/page"}],"author":[{"embeddable":true,"href":"https:\/\/ttr.works\/es\/wp-json\/wp\/v2\/users\/1"}],"replies":[{"embeddable":true,"href":"https:\/\/ttr.works\/es\/wp-json\/wp\/v2\/comments?post=3136"}],"version-history":[{"count":0,"href":"https:\/\/ttr.works\/es\/wp-json\/wp\/v2\/pages\/3136\/revisions"}],"wp:attachment":[{"href":"https:\/\/ttr.works\/es\/wp-json\/wp\/v2\/media?parent=3136"}],"wp:term":[{"taxonomy":"category","embeddable":true,"href":"https:\/\/ttr.works\/es\/wp-json\/wp\/v2\/categories?post=3136"},{"taxonomy":"post_tag","embeddable":true,"href":"https:\/\/ttr.works\/es\/wp-json\/wp\/v2\/tags?post=3136"}],"curies":[{"name":"wp","href":"https:\/\/api.w.org\/{rel}","templated":true}]}}