{"id":3151,"date":"2020-11-05T08:47:26","date_gmt":"2020-11-05T08:47:26","guid":{"rendered":"https:\/\/ttr.works\/?page_id=3151"},"modified":"2024-07-08T09:37:52","modified_gmt":"2024-07-08T09:37:52","slug":"impresoras-termicas","status":"publish","type":"page","link":"https:\/\/ttr.works\/es\/impresoras-termicas\/","title":{"rendered":"Impresoras de etiquetas e impresoras de c\u00f3digo de barras"},"content":{"rendered":"<div class=\"wp-block-image\">\n<figure class=\"alignright size-large is-resized\"><img decoding=\"async\" width=\"401\" height=\"275\" data-src=\"https:\/\/ttr.works\/wp-content\/uploads\/ttr-printers.png\" alt=\"\" class=\"wp-image-2022 lazyload\" style=\"--smush-placeholder-width: 401px; --smush-placeholder-aspect-ratio: 401\/275;width:446px;height:auto\" data-srcset=\"https:\/\/ttr.works\/wp-content\/uploads\/ttr-printers.png 401w, https:\/\/ttr.works\/wp-content\/uploads\/ttr-printers-300x206.png 300w\" data-sizes=\"(max-width: 401px) 100vw, 401px\" src=\"data:image\/svg+xml;base64,PHN2ZyB3aWR0aD0iMSIgaGVpZ2h0PSIxIiB4bWxucz0iaHR0cDovL3d3dy53My5vcmcvMjAwMC9zdmciPjwvc3ZnPg==\" \/><\/figure><\/div>\n\n<p><strong>Junto con los fabricantes de impresoras de etiquetas, ayudamos a nuestros clientes con asesoramiento, cotizaciones r\u00e1pidas y entrega r\u00e1pida. Piense en marcas como Honeywell\u00ae, Zebra\u00ae, Sato\u00ae, TSC-Printronix\u00ae, Valentin\u00ae y otras. Como equipo trabajamos para usted, para ayudarle a ahorrar tiempo y dinero.<\/strong><\/p>\n\n\n<p>Como ofrecemos todo bajo un mismo techo, tiene beneficios adicionales de volumen y venta cruzada desde el primer d\u00eda. Por ejemplo, con el programa de recompensas 4U, ahorra autom\u00e1ticamente para c\u00f3digos de descuento con cada compra de una impresora t\u00e9rmica o cabezal de impresi\u00f3n.<\/p>\n\n\n<p>En nuestra tienda en l\u00ednea, puede encontrar f\u00e1cilmente la impresora adecuada, disponibilidad y productos relacionados utilizando los filtros. \u00bfPreguntas? Estamos aqu\u00ed para ayudar.<\/p>\n\n\n<a href=\"https:\/\/thermalprinting.shop\/printers\" class=\"link-btn\">TTR tienda en l\u00ednea <i class=\"fal fa-chevron-right\"><\/i><\/a><a href=\"https:\/\/ttr.works\/thermal-transfer\/4u-rewards.php\" class=\"link-btn second\">Cupones de descuento <i class=\"fal fa-chevron-right\"><\/i><\/a>\n\n\n\n<div style=\"height:47px\" aria-hidden=\"true\" class=\"wp-block-spacer\"><\/div>\n\n\n<h3 class=\"wp-block-heading\">De nuestro blog<\/h3>\n\n\n<div style=\"height:28px\" aria-hidden=\"true\" class=\"wp-block-spacer\"><\/div>\n\n\n<div class=\"wp-block-media-text is-stacked-on-mobile\" style=\"grid-template-columns:29% auto\"><figure class=\"wp-block-media-text__media\"><img decoding=\"async\" width=\"558\" height=\"468\" data-src=\"https:\/\/ttr.works\/wp-content\/uploads\/Afbeelding1-2.png\" alt=\"\" class=\"wp-image-23140 size-full lazyload\" data-srcset=\"https:\/\/ttr.works\/wp-content\/uploads\/\/Afbeelding1-2.png 558w, https:\/\/ttr.works\/wp-content\/uploads\/\/Afbeelding1-2-300x252.png 300w\" data-sizes=\"(max-width: 558px) 100vw, 558px\" src=\"data:image\/svg+xml;base64,PHN2ZyB3aWR0aD0iMSIgaGVpZ2h0PSIxIiB4bWxucz0iaHR0cDovL3d3dy53My5vcmcvMjAwMC9zdmciPjwvc3ZnPg==\" style=\"--smush-placeholder-width: 558px; --smush-placeholder-aspect-ratio: 558\/468;\" \/><\/figure><div class=\"wp-block-media-text__content\">\n<p><a href=\"https:\/\/ttr.works\/introducing-the-honeywell-pc42e-t\/\"><strong>Presentamos la Honeywell PC42E-T<\/strong><\/a>: La impresora de escritorio PC42 de nivel b\u00e1sico ha sido reemplazada por la nueva PC42E-T. Ofrece caracter\u00edsticas y rendimiento m\u00e1s avanzados a un precio similar.<\/p>\n<\/div><\/div>\n\n\n<div style=\"height:38px\" aria-hidden=\"true\" class=\"wp-block-spacer\"><\/div>\n\n\n<div class=\"wp-block-media-text is-stacked-on-mobile\" style=\"grid-template-columns:28% auto\"><figure class=\"wp-block-media-text__media\"><img decoding=\"async\" width=\"301\" height=\"167\" data-src=\"https:\/\/ttr.works\/wp-content\/uploads\/argox-logo-1.png\" alt=\"\" class=\"wp-image-23474 size-full lazyload\" src=\"data:image\/svg+xml;base64,PHN2ZyB3aWR0aD0iMSIgaGVpZ2h0PSIxIiB4bWxucz0iaHR0cDovL3d3dy53My5vcmcvMjAwMC9zdmciPjwvc3ZnPg==\" style=\"--smush-placeholder-width: 301px; --smush-placeholder-aspect-ratio: 301\/167;\" \/><\/figure><div class=\"wp-block-media-text__content\">\n<p><a href=\"https:\/\/ttr.works\/argox-label-printer-comparisons\/\"><strong>Comparaciones de impresoras Argox<\/strong><\/a>: Comparaci\u00f3n f\u00e1cil entre las diferentes impresoras de escritorio Argox. Cubre las series Argox 04, P4, modelos OS y modelos iX4. Encuentre r\u00e1pidamente cu\u00e1l de ellas es la mejor para sus necesidades de impresi\u00f3n.<\/p>\n<\/div><\/div>\n\n\n<div style=\"height:38px\" aria-hidden=\"true\" class=\"wp-block-spacer\"><\/div>\n\n\n<div class=\"wp-block-media-text is-stacked-on-mobile\" style=\"grid-template-columns:28% auto\"><figure class=\"wp-block-media-text__media\"><img decoding=\"async\" width=\"600\" height=\"600\" data-src=\"https:\/\/ttr.works\/wp-content\/uploads\/2-2.png\" alt=\"\" class=\"wp-image-23485 size-full lazyload\" data-srcset=\"https:\/\/ttr.works\/wp-content\/uploads\/2-2.png 600w, https:\/\/ttr.works\/wp-content\/uploads\/2-2-300x300.png 300w, https:\/\/ttr.works\/wp-content\/uploads\/2-2-150x150.png 150w\" data-sizes=\"(max-width: 600px) 100vw, 600px\" src=\"data:image\/svg+xml;base64,PHN2ZyB3aWR0aD0iMSIgaGVpZ2h0PSIxIiB4bWxucz0iaHR0cDovL3d3dy53My5vcmcvMjAwMC9zdmciPjwvc3ZnPg==\" style=\"--smush-placeholder-width: 600px; --smush-placeholder-aspect-ratio: 600\/600;\" \/><\/figure><div class=\"wp-block-media-text__content\">\n<p><a href=\"https:\/\/ttr.works\/new-zebra-zt111-replaces-the-zt220\/\"><strong>Las impresoras Zebra ZT111 reemplazan a la ZT220<\/strong><\/a>: La ZT111 cuenta con una configuraci\u00f3n f\u00e1cil y una variedad de opciones de conectividad. Con 10 pulgadas por segundo, imprime m\u00e1s r\u00e1pido que la ZT220. Ethernet y USB son est\u00e1ndar en todas las versiones ZT111. Los precios comienzan en &#8230;<\/p>\n<\/div><\/div>\n\n\n<div style=\"height:38px\" aria-hidden=\"true\" class=\"wp-block-spacer\"><\/div>\n\n\n<div class=\"wp-block-media-text is-stacked-on-mobile\" style=\"grid-template-columns:28% auto\"><figure class=\"wp-block-media-text__media\"><img decoding=\"async\" width=\"1024\" height=\"937\" data-src=\"https:\/\/ttr.works\/wp-content\/uploads\/\/zd421-2-1024x937.png\" alt=\"Zebra ZD421d label printer\" class=\"wp-image-9421 size-full lazyload\" data-srcset=\"https:\/\/ttr.works\/wp-content\/uploads\/zd421-2-1024x937.png 1024w, https:\/\/ttr.works\/wp-content\/uploads\/zd421-2-300x274.png 300w, https:\/\/ttr.works\/wp-content\/uploads\/zd421-2-768x703.png 768w, https:\/\/ttr.works\/wp-content\/uploads\/zd421-2-1536x1405.png 1536w, https:\/\/ttr.works\/wp-content\/uploads\/zd421-2-2048x1874.png 2048w\" data-sizes=\"(max-width: 1024px) 100vw, 1024px\" src=\"data:image\/svg+xml;base64,PHN2ZyB3aWR0aD0iMSIgaGVpZ2h0PSIxIiB4bWxucz0iaHR0cDovL3d3dy53My5vcmcvMjAwMC9zdmciPjwvc3ZnPg==\" style=\"--smush-placeholder-width: 1024px; --smush-placeholder-aspect-ratio: 1024\/937;\" \/><\/figure><div class=\"wp-block-media-text__content\">\n<p><a href=\"https:\/\/ttr.works\/new-zebra-zt111-replaces-the-zt220\/\"><strong>La Zebra ZD421 reemplaza a la ZD420 y GK420<\/a><\/strong>: La GK420 y la ZD420 ya no est\u00e1n disponibles. Siguiendo adelante, considere la ZD421 con caracter\u00edsticas y seguridad adicionales. Una interfaz de usuario m\u00e1s intuitiva, m\u00e1s potente y un kit inal\u00e1mbrico actualizable en campo. Lea m\u00e1s&#8230;<\/p>\n<\/div><\/div>\n\n\n<div style=\"height:83px\" aria-hidden=\"true\" class=\"wp-block-spacer\"><\/div>\n\n\n<div class=\"wp-block-buttons is-content-justification-center is-layout-flex wp-container-core-buttons-is-layout-16018d1d wp-block-buttons-is-layout-flex\"><\/div>\n","protected":false},"excerpt":{"rendered":"<p>Junto con los fabricantes de impresoras de etiquetas, ayudamos a nuestros clientes con asesoramiento, cotizaciones r\u00e1pidas y entrega r\u00e1pida. Piense en marcas como Honeywell\u00ae, Zebra\u00ae, Sato\u00ae, TSC-Printronix\u00ae, Valentin\u00ae y otras. Como equipo trabajamos para usted, para ayudarle a ahorrar tiempo y dinero. Como ofrecemos todo bajo un mismo techo, tiene beneficios adicionales de volumen y [&hellip;]<\/p>\n","protected":false},"author":1,"featured_media":0,"parent":0,"menu_order":0,"comment_status":"closed","ping_status":"closed","template":"template-product.php","meta":{"_acf_changed":false,"content-type":"","footnotes":""},"categories":[],"tags":[267],"class_list":["post-3151","page","type-page","status-publish","hentry","tag-product-es"],"acf":[],"_links":{"self":[{"href":"https:\/\/ttr.works\/es\/wp-json\/wp\/v2\/pages\/3151","targetHints":{"allow":["GET"]}}],"collection":[{"href":"https:\/\/ttr.works\/es\/wp-json\/wp\/v2\/pages"}],"about":[{"href":"https:\/\/ttr.works\/es\/wp-json\/wp\/v2\/types\/page"}],"author":[{"embeddable":true,"href":"https:\/\/ttr.works\/es\/wp-json\/wp\/v2\/users\/1"}],"replies":[{"embeddable":true,"href":"https:\/\/ttr.works\/es\/wp-json\/wp\/v2\/comments?post=3151"}],"version-history":[{"count":7,"href":"https:\/\/ttr.works\/es\/wp-json\/wp\/v2\/pages\/3151\/revisions"}],"predecessor-version":[{"id":24359,"href":"https:\/\/ttr.works\/es\/wp-json\/wp\/v2\/pages\/3151\/revisions\/24359"}],"wp:attachment":[{"href":"https:\/\/ttr.works\/es\/wp-json\/wp\/v2\/media?parent=3151"}],"wp:term":[{"taxonomy":"category","embeddable":true,"href":"https:\/\/ttr.works\/es\/wp-json\/wp\/v2\/categories?post=3151"},{"taxonomy":"post_tag","embeddable":true,"href":"https:\/\/ttr.works\/es\/wp-json\/wp\/v2\/tags?post=3151"}],"curies":[{"name":"wp","href":"https:\/\/api.w.org\/{rel}","templated":true}]}}