{"id":3167,"date":"2020-11-05T15:12:40","date_gmt":"2020-11-05T15:12:40","guid":{"rendered":"https:\/\/ttr.works\/?page_id=3167"},"modified":"2025-10-02T13:52:02","modified_gmt":"2025-10-02T13:52:02","slug":"cabezales-de-impresion-termica","status":"publish","type":"page","link":"https:\/\/ttr.works\/es\/cabezales-de-impresion-termica\/","title":{"rendered":"Cabezas de impresi\u00f3n t\u00e9rmica"},"content":{"rendered":"\r\n<h1 id=\"block-25e85f4e-f4ea-4e2b-9d26-34ab8ef3ca88\" class=\"wp-block-heading has-text-align-left\"><strong>Todas las marcas de cabezales de impresi\u00f3n t\u00e9rmica en stock<\/strong><\/h1>\r\n\r\n\r\n\r\n<div class=\"wp-block-spacer\" style=\"height: 29px;\" aria-hidden=\"true\">\u00a0<\/div>\r\n\r\n\r\n<div class=\"wp-block-image\">\r\n<figure id=\"block-74e43d50-f0b5-4c0c-b23c-3cddcbfeee88\" class=\"alignright size-full is-resized\"><img decoding=\"async\" width=\"400\" height=\"218\" class=\"wp-image-23611 lazyload\" style=\"--smush-placeholder-width: 400px; --smush-placeholder-aspect-ratio: 400\/218;width: 353px; height: auto;\" data-src=\"https:\/\/ttr.works\/wp-content\/uploads\/printhead-example_with-space-1.png\" alt=\"\" data-srcset=\"https:\/\/ttr.works\/wp-content\/uploads\/printhead-example_with-space-1.png 400w, https:\/\/ttr.works\/wp-content\/uploads\/printhead-example_with-space-1-300x164.png 300w\" data-sizes=\"(max-width: 400px) 100vw, 400px\" src=\"data:image\/svg+xml;base64,PHN2ZyB3aWR0aD0iMSIgaGVpZ2h0PSIxIiB4bWxucz0iaHR0cDovL3d3dy53My5vcmcvMjAwMC9zdmciPjwvc3ZnPg==\" \/><\/figure><\/div>\r\n\r\n\r\n<p><strong>Suministramos todos los cabezales de impresi\u00f3n originales y compatibles a clientes de todo el mundo. Con un promedio de 6,000 cabezales de impresi\u00f3n en stock, nuestro objetivo es entregar la mayor\u00eda de los pedidos en un plazo de dos d\u00edas. Esto incluye cabezales de impresoras de repuesto para todas las impresoras de escritorio, industriales y TTO.<\/strong><\/p>\r\n\r\n\r\n\r\n<p>Has venido al lugar adecuado para marcas de cabezales de impresi\u00f3n t\u00e9rmica como ALLEN\u00ae, Argox\u00ae, Avery\u00ae, Bizerba\u00ae, CAB\u00ae, Carl Valentin\u00ae, Citizen\u00ae, Datamax\u00ae, Delford\u00ae, Digi\u00ae, Domino\u00ae, Godex\u00ae, Honeywell\u00ae, Intermec\u00ae, Italora\u00ae, Jaguar\u00ae, Markem Smartdate\u00ae, Mectec\u00ae, Printronix\u00ae, Rohm\u00ae, SATO\u00ae, Toshiba TEC\u00ae, TSC\u00ae, Videojet\u00ae, and Zebra\u00ae.<\/p>\r\n\r\n\r\n\r\n<div class=\"wp-block-spacer\" style=\"height: 29px;\" aria-hidden=\"true\"><a class=\"link-btn\" href=\"https:\/\/thermalprinting.shop\/printheads\">TTR tienda en l\u00ednea\u00a0<i class=\"fal fa-chevron-right\"><\/i><\/a><a class=\"link-btn second\" href=\"https:\/\/hs.ttreuroworks.com\/rewards-program\">C\u00f3digos de descuento<\/a><\/div>\r\n\r\n\r\n\r\n<h1 class=\"wp-block-heading\">\u00a0<\/h1>\r\n<h1>\u00a0<\/h1>\r\n<h1 id=\"block-25e85f4e-f4ea-4e2b-9d26-34ab8ef3ca88\" class=\"wp-block-heading has-text-align-left\"><strong>Cabezales de impresi\u00f3n compatibles 4U<\/strong><\/h1>\r\n\r\n\r\n\r\n\r\n<div class=\"wp-block-image\">\r\n<figure id=\"block-74e43d50-f0b5-4c0c-b23c-3cddcbfeee88\" class=\"alignright size-full is-resized\"><img decoding=\"async\" width=\"1240\" height=\"500\" class=\"wp-image-23620 lazyload\" style=\"--smush-placeholder-width: 1240px; --smush-placeholder-aspect-ratio: 1240\/500;width: 599px; height: 242px;\" data-src=\"https:\/\/ttr.works\/wp-content\/uploads\/4U-compatible-printheads_rounded-with-space.png\" alt=\"\" data-srcset=\"https:\/\/ttr.works\/wp-content\/uploads\/4U-compatible-printheads_rounded-with-space.png 1240w, https:\/\/ttr.works\/wp-content\/uploads\/4U-compatible-printheads_rounded-with-space-300x121.png 300w, https:\/\/ttr.works\/wp-content\/uploads\/4U-compatible-printheads_rounded-with-space-1024x413.png 1024w, https:\/\/ttr.works\/wp-content\/uploads\/4U-compatible-printheads_rounded-with-space-768x310.png 768w\" data-sizes=\"(max-width: 1240px) 100vw, 1240px\" src=\"data:image\/svg+xml;base64,PHN2ZyB3aWR0aD0iMSIgaGVpZ2h0PSIxIiB4bWxucz0iaHR0cDovL3d3dy53My5vcmcvMjAwMC9zdmciPjwvc3ZnPg==\" \/><\/figure><\/div>\r\n\r\n\r\n<p>&nbsp;<\/p>\r\n<p>Adem\u00e1s de las marcas originales, tambi\u00e9n puede elegir uno de nuestros cabezales de impresi\u00f3n compatibles 4U para muchos de los modelos de impresoras. Estos son reemplazos directos de los originales, con la misma calidad de construcci\u00f3n, rendimiento y per\u00edodo de garant\u00eda. Consulte la tienda en l\u00ednea TTR para obtener precios y disponibilidad tanto de originales como de compatibles.<\/p>\r\n\r\n\r\n\r\n<div class=\"wp-block-spacer\" style=\"height: 15px;\" aria-hidden=\"true\">\u00a0<\/div>\r\n\r\n\r\n\r\n\r\n\r\n\r\n\r\n<div class=\"wp-block-spacer\" style=\"height: 98px;\" aria-hidden=\"true\">\u00a0<\/div>\r\n\r\n\r\n\r\n<h2 id=\"block-fd49e112-241b-473f-8322-53d2dc1ccc06\" class=\"wp-block-heading\"><strong>De nuestro blog<\/strong><\/h2>\r\n\r\n\r\n\r\n<div class=\"wp-block-spacer\" style=\"height: 13px;\" aria-hidden=\"true\">\u00a0<\/div>\r\n\r\n\r\n\r\n<div class=\"wp-block-media-text is-stacked-on-mobile is-vertically-aligned-center\" style=\"grid-template-columns: 25% auto;\">\r\n<figure class=\"wp-block-media-text__media\"><a href=\"https:\/\/ttr.works\/es\/consejos-para-prolongar-la-vida-util-del-cabezal-de-impresion\/\"><img decoding=\"async\" width=\"1024\" height=\"377\" class=\"wp-image-23593 size-full lazyload\" data-src=\"https:\/\/ttr.works\/wp-content\/uploads\/\/printhead-tips_rounded-1024x377.png\" alt=\"\" data-srcset=\"https:\/\/ttr.works\/wp-content\/uploads\/printhead-tips_rounded-1024x377.png 1024w, https:\/\/ttr.works\/wp-content\/uploads\/printhead-tips_rounded-300x110.png 300w, https:\/\/ttr.works\/wp-content\/uploads\/printhead-tips_rounded-768x282.png 768w, https:\/\/ttr.works\/wp-content\/uploads\/printhead-tips_rounded-1536x565.png 1536w, https:\/\/ttr.works\/wp-content\/uploads\/printhead-tips_rounded.png 2048w\" data-sizes=\"(max-width: 1024px) 100vw, 1024px\" src=\"data:image\/svg+xml;base64,PHN2ZyB3aWR0aD0iMSIgaGVpZ2h0PSIxIiB4bWxucz0iaHR0cDovL3d3dy53My5vcmcvMjAwMC9zdmciPjwvc3ZnPg==\" style=\"--smush-placeholder-width: 1024px; --smush-placeholder-aspect-ratio: 1024\/377;\" \/><\/a><\/figure>\r\n<div class=\"wp-block-media-text__content\">\r\n<p><strong><a href=\"https:\/\/ttr.works\/es\/consejos-para-prolongar-la-vida-util-del-cabezal-de-impresion\/\">Consejos de expertos para una vida \u00fatil m\u00e1s larga del cabezal de impresi\u00f3n<\/a><\/strong>: El cabezal de la impresora es uno de los componentes m\u00e1s importantes y costosos. Est\u00e1 sujeto al desgaste natural, tinta, suciedad y polvo. Estos consejos de expertos le ayudar\u00e1n a obtener la mayor vida \u00fatil de su cabezal de impresi\u00f3n. Ahorrar\u00e1 dinero al reemplazarlos con menos frecuencia.<\/p>\r\n<\/div>\r\n<\/div>\r\n\r\n\r\n\r\n<div class=\"wp-block-spacer\" style=\"height: 35px;\" aria-hidden=\"true\">\u00a0<\/div>\r\n\r\n\r\n\r\n<div class=\"wp-block-media-text is-stacked-on-mobile is-vertically-aligned-center\" style=\"grid-template-columns: 25% auto;\">\r\n<figure class=\"wp-block-media-text__media\"><a href=\"https:\/\/ttr.works\/es\/consejos-para-prolongar-la-vida-util-del-cabezal-de-impresion\/\"><img decoding=\"async\" width=\"988\" height=\"323\" class=\"wp-image-22877 size-full lazyload\" data-src=\"https:\/\/ttr.works\/wp-content\/uploads\/4URP-Homepage-Banner-2-1.png\" alt=\"\" data-srcset=\"https:\/\/ttr.works\/wp-content\/uploads\/4URP-Homepage-Banner-2-1.png 988w, https:\/\/ttr.works\/wp-content\/uploads\/4URP-Homepage-Banner-2-1-300x98.png 300w, https:\/\/ttr.works\/wp-content\/uploads\/4URP-Homepage-Banner-2-1-768x251.png 768w\" data-sizes=\"(max-width: 988px) 100vw, 988px\" src=\"data:image\/svg+xml;base64,PHN2ZyB3aWR0aD0iMSIgaGVpZ2h0PSIxIiB4bWxucz0iaHR0cDovL3d3dy53My5vcmcvMjAwMC9zdmciPjwvc3ZnPg==\" style=\"--smush-placeholder-width: 988px; --smush-placeholder-aspect-ratio: 988\/323;\" \/><\/a><\/figure>\r\n<div class=\"wp-block-media-text__content\">\r\n<p><a href=\"https:\/\/hs.ttreuroworks.com\/rewards-program\" target=\"_blank\" rel=\"noreferrer noopener\"><strong>Recolecte cupones de descuento personales de forma gratuita<\/strong><\/a>: Con cada compra de cabezales de impresi\u00f3n e impresoras, gana puntos autom\u00e1ticamente. Es 100% gratuito y no necesita hacer nada, excepto registrarse. Al final de cada trimestre, recibir\u00e1 un c\u00f3digo de descuento exclusivo, seg\u00fan los puntos que haya acumulado.<\/p>\r\n<p>&nbsp;<\/p>\r\n<\/div>\r\n<p>\r\n\r\n<\/p>\r\n<p>&nbsp;<\/p>\r\n<p>&nbsp;<\/p>\r\n<\/div>\r\n","protected":false},"excerpt":{"rendered":"<p>Todas las marcas de cabezales de impresi\u00f3n t\u00e9rmica en stock Suministramos todos los cabezales de impresi\u00f3n originales y compatibles a clientes de todo el mundo. Con un promedio de 6,000 cabezales de impresi\u00f3n en stock, nuestro objetivo es entregar la mayor\u00eda de los pedidos en un plazo de dos d\u00edas. Esto incluye cabezales de impresoras [&hellip;]<\/p>\n","protected":false},"author":1,"featured_media":0,"parent":0,"menu_order":0,"comment_status":"closed","ping_status":"closed","template":"template-product.php","meta":{"_acf_changed":false,"content-type":"","footnotes":""},"categories":[],"tags":[267],"class_list":["post-3167","page","type-page","status-publish","hentry","tag-product-es"],"acf":[],"yoast_head":"<!-- This site is optimized with the Yoast SEO plugin v25.9 - https:\/\/yoast.com\/wordpress\/plugins\/seo\/ -->\n<title>Cabezas de impresi\u00f3n t\u00e9rmica - TTR Euroworks<\/title>\n<meta name=\"robots\" content=\"index, follow, max-snippet:-1, max-image-preview:large, max-video-preview:-1\" \/>\n<link rel=\"canonical\" href=\"https:\/\/ttr.works\/es\/cabezales-de-impresion-termica\/\" \/>\n<meta property=\"og:locale\" content=\"es_ES\" \/>\n<meta property=\"og:type\" content=\"article\" \/>\n<meta property=\"og:title\" content=\"Cabezas de impresi\u00f3n t\u00e9rmica - TTR Euroworks\" \/>\n<meta property=\"og:description\" content=\"Todas las marcas de cabezales de impresi\u00f3n t\u00e9rmica en stock Suministramos todos los cabezales de impresi\u00f3n originales y compatibles a clientes de todo el mundo. Con un promedio de 6,000 cabezales de impresi\u00f3n en stock, nuestro objetivo es entregar la mayor\u00eda de los pedidos en un plazo de dos d\u00edas. Esto incluye cabezales de impresoras [&hellip;]\" \/>\n<meta property=\"og:url\" content=\"https:\/\/ttr.works\/es\/cabezales-de-impresion-termica\/\" \/>\n<meta property=\"og:site_name\" content=\"TTR Euroworks\" \/>\n<meta property=\"article:modified_time\" content=\"2025-10-02T13:52:02+00:00\" \/>\n<meta property=\"og:image\" content=\"https:\/\/ttr.works\/wp-content\/uploads\/printhead-example_with-space-1.png\" \/>\n<meta name=\"twitter:card\" content=\"summary_large_image\" \/>\n<meta name=\"twitter:label1\" content=\"Tiempo de lectura\" \/>\n\t<meta name=\"twitter:data1\" content=\"3 minutos\" \/>\n<script type=\"application\/ld+json\" class=\"yoast-schema-graph\">{\"@context\":\"https:\/\/schema.org\",\"@graph\":[{\"@type\":\"WebPage\",\"@id\":\"https:\/\/ttr.works\/es\/cabezales-de-impresion-termica\/\",\"url\":\"https:\/\/ttr.works\/es\/cabezales-de-impresion-termica\/\",\"name\":\"Cabezas de impresi\u00f3n t\u00e9rmica - TTR Euroworks\",\"isPartOf\":{\"@id\":\"https:\/\/ttr.works\/es\/#website\"},\"primaryImageOfPage\":{\"@id\":\"https:\/\/ttr.works\/es\/cabezales-de-impresion-termica\/#primaryimage\"},\"image\":{\"@id\":\"https:\/\/ttr.works\/es\/cabezales-de-impresion-termica\/#primaryimage\"},\"thumbnailUrl\":\"https:\/\/ttr.works\/wp-content\/uploads\/printhead-example_with-space-1.png\",\"datePublished\":\"2020-11-05T15:12:40+00:00\",\"dateModified\":\"2025-10-02T13:52:02+00:00\",\"breadcrumb\":{\"@id\":\"https:\/\/ttr.works\/es\/cabezales-de-impresion-termica\/#breadcrumb\"},\"inLanguage\":\"es\",\"potentialAction\":[{\"@type\":\"ReadAction\",\"target\":[\"https:\/\/ttr.works\/es\/cabezales-de-impresion-termica\/\"]}]},{\"@type\":\"ImageObject\",\"inLanguage\":\"es\",\"@id\":\"https:\/\/ttr.works\/es\/cabezales-de-impresion-termica\/#primaryimage\",\"url\":\"https:\/\/ttr.works\/wp-content\/uploads\/printhead-example_with-space-1.png\",\"contentUrl\":\"https:\/\/ttr.works\/wp-content\/uploads\/printhead-example_with-space-1.png\"},{\"@type\":\"BreadcrumbList\",\"@id\":\"https:\/\/ttr.works\/es\/cabezales-de-impresion-termica\/#breadcrumb\",\"itemListElement\":[{\"@type\":\"ListItem\",\"position\":1,\"name\":\"Home\",\"item\":\"https:\/\/ttr.works\/es\/inicio\/\"},{\"@type\":\"ListItem\",\"position\":2,\"name\":\"Cabezas de impresi\u00f3n t\u00e9rmica\"}]},{\"@type\":\"WebSite\",\"@id\":\"https:\/\/ttr.works\/es\/#website\",\"url\":\"https:\/\/ttr.works\/es\/\",\"name\":\"TTR Euroworks\",\"description\":\"Your ttr partner\",\"potentialAction\":[{\"@type\":\"SearchAction\",\"target\":{\"@type\":\"EntryPoint\",\"urlTemplate\":\"https:\/\/ttr.works\/es\/?s={search_term_string}\"},\"query-input\":{\"@type\":\"PropertyValueSpecification\",\"valueRequired\":true,\"valueName\":\"search_term_string\"}}],\"inLanguage\":\"es\"}]}<\/script>\n<!-- \/ Yoast SEO plugin. -->","yoast_head_json":{"title":"Cabezas de impresi\u00f3n t\u00e9rmica - TTR Euroworks","robots":{"index":"index","follow":"follow","max-snippet":"max-snippet:-1","max-image-preview":"max-image-preview:large","max-video-preview":"max-video-preview:-1"},"canonical":"https:\/\/ttr.works\/es\/cabezales-de-impresion-termica\/","og_locale":"es_ES","og_type":"article","og_title":"Cabezas de impresi\u00f3n t\u00e9rmica - TTR Euroworks","og_description":"Todas las marcas de cabezales de impresi\u00f3n t\u00e9rmica en stock Suministramos todos los cabezales de impresi\u00f3n originales y compatibles a clientes de todo el mundo. Con un promedio de 6,000 cabezales de impresi\u00f3n en stock, nuestro objetivo es entregar la mayor\u00eda de los pedidos en un plazo de dos d\u00edas. Esto incluye cabezales de impresoras [&hellip;]","og_url":"https:\/\/ttr.works\/es\/cabezales-de-impresion-termica\/","og_site_name":"TTR Euroworks","article_modified_time":"2025-10-02T13:52:02+00:00","og_image":[{"url":"https:\/\/ttr.works\/wp-content\/uploads\/printhead-example_with-space-1.png","type":"","width":"","height":""}],"twitter_card":"summary_large_image","twitter_misc":{"Tiempo de lectura":"3 minutos"},"schema":{"@context":"https:\/\/schema.org","@graph":[{"@type":"WebPage","@id":"https:\/\/ttr.works\/es\/cabezales-de-impresion-termica\/","url":"https:\/\/ttr.works\/es\/cabezales-de-impresion-termica\/","name":"Cabezas de impresi\u00f3n t\u00e9rmica - TTR Euroworks","isPartOf":{"@id":"https:\/\/ttr.works\/es\/#website"},"primaryImageOfPage":{"@id":"https:\/\/ttr.works\/es\/cabezales-de-impresion-termica\/#primaryimage"},"image":{"@id":"https:\/\/ttr.works\/es\/cabezales-de-impresion-termica\/#primaryimage"},"thumbnailUrl":"https:\/\/ttr.works\/wp-content\/uploads\/printhead-example_with-space-1.png","datePublished":"2020-11-05T15:12:40+00:00","dateModified":"2025-10-02T13:52:02+00:00","breadcrumb":{"@id":"https:\/\/ttr.works\/es\/cabezales-de-impresion-termica\/#breadcrumb"},"inLanguage":"es","potentialAction":[{"@type":"ReadAction","target":["https:\/\/ttr.works\/es\/cabezales-de-impresion-termica\/"]}]},{"@type":"ImageObject","inLanguage":"es","@id":"https:\/\/ttr.works\/es\/cabezales-de-impresion-termica\/#primaryimage","url":"https:\/\/ttr.works\/wp-content\/uploads\/printhead-example_with-space-1.png","contentUrl":"https:\/\/ttr.works\/wp-content\/uploads\/printhead-example_with-space-1.png"},{"@type":"BreadcrumbList","@id":"https:\/\/ttr.works\/es\/cabezales-de-impresion-termica\/#breadcrumb","itemListElement":[{"@type":"ListItem","position":1,"name":"Home","item":"https:\/\/ttr.works\/es\/inicio\/"},{"@type":"ListItem","position":2,"name":"Cabezas de impresi\u00f3n t\u00e9rmica"}]},{"@type":"WebSite","@id":"https:\/\/ttr.works\/es\/#website","url":"https:\/\/ttr.works\/es\/","name":"TTR Euroworks","description":"Your ttr partner","potentialAction":[{"@type":"SearchAction","target":{"@type":"EntryPoint","urlTemplate":"https:\/\/ttr.works\/es\/?s={search_term_string}"},"query-input":{"@type":"PropertyValueSpecification","valueRequired":true,"valueName":"search_term_string"}}],"inLanguage":"es"}]}},"_links":{"self":[{"href":"https:\/\/ttr.works\/es\/wp-json\/wp\/v2\/pages\/3167","targetHints":{"allow":["GET"]}}],"collection":[{"href":"https:\/\/ttr.works\/es\/wp-json\/wp\/v2\/pages"}],"about":[{"href":"https:\/\/ttr.works\/es\/wp-json\/wp\/v2\/types\/page"}],"author":[{"embeddable":true,"href":"https:\/\/ttr.works\/es\/wp-json\/wp\/v2\/users\/1"}],"replies":[{"embeddable":true,"href":"https:\/\/ttr.works\/es\/wp-json\/wp\/v2\/comments?post=3167"}],"version-history":[{"count":15,"href":"https:\/\/ttr.works\/es\/wp-json\/wp\/v2\/pages\/3167\/revisions"}],"predecessor-version":[{"id":28480,"href":"https:\/\/ttr.works\/es\/wp-json\/wp\/v2\/pages\/3167\/revisions\/28480"}],"wp:attachment":[{"href":"https:\/\/ttr.works\/es\/wp-json\/wp\/v2\/media?parent=3167"}],"wp:term":[{"taxonomy":"category","embeddable":true,"href":"https:\/\/ttr.works\/es\/wp-json\/wp\/v2\/categories?post=3167"},{"taxonomy":"post_tag","embeddable":true,"href":"https:\/\/ttr.works\/es\/wp-json\/wp\/v2\/tags?post=3167"}],"curies":[{"name":"wp","href":"https:\/\/api.w.org\/{rel}","templated":true}]}}