{"id":3183,"date":"2020-11-05T15:27:09","date_gmt":"2020-11-05T15:27:09","guid":{"rendered":"https:\/\/ttr.works\/?page_id=3183"},"modified":"2026-03-31T12:39:45","modified_gmt":"2026-03-31T12:39:45","slug":"cintas-de-transferencia-termica","status":"publish","type":"page","link":"https:\/\/ttr.works\/es\/cintas-de-transferencia-termica\/","title":{"rendered":"Cintas de tinta certificadas para impresoras de c\u00f3digos de barras y TTO"},"content":{"rendered":"<div class=\"wp-block-image\">\n<figure class=\"alignright size-full is-resized\"><img decoding=\"async\" width=\"858\" height=\"520\" data-src=\"https:\/\/ttr.works\/wp-content\/uploads\/TTR-Ribbon-webpagina.png\" alt=\"\" class=\"wp-image-31147 lazyload\" style=\"--smush-placeholder-width: 858px; --smush-placeholder-aspect-ratio: 858\/520;width:400px\" data-srcset=\"https:\/\/ttr.works\/wp-content\/uploads\/TTR-Ribbon-webpagina.png 858w, https:\/\/ttr.works\/wp-content\/uploads\/TTR-Ribbon-webpagina-300x182.png 300w, https:\/\/ttr.works\/wp-content\/uploads\/TTR-Ribbon-webpagina-768x465.png 768w\" data-sizes=\"(max-width: 858px) 100vw, 858px\" src=\"data:image\/svg+xml;base64,PHN2ZyB3aWR0aD0iMSIgaGVpZ2h0PSIxIiB4bWxucz0iaHR0cDovL3d3dy53My5vcmcvMjAwMC9zdmciPjwvc3ZnPg==\" \/><\/figure><\/div>\n\n\n<p>M\u00e1s de 30 a\u00f1os de experiencia en cintas de transferencia t\u00e9rmica para todas las marcas de impresoras de cabezal plano y TTO\/Near-Edge. Env\u00edos desde nuestras plantas de producci\u00f3n en los Pa\u00edses Bajos y el Reino Unido; calidad de impresi\u00f3n constante, flexibilidad y rapidez gracias a nuestra producci\u00f3n propia.<\/p>\n\n\n\n<p>Desde la cera hasta la resina, cada tipo de cinta est\u00e1 disponible en versi\u00f3n <em>Value<\/em> y <em>Premium<\/em>, para que puedas encontrar el equilibrio entre rendimiento y coste. Utiliza la <a href=\"https:\/\/ttr.works\/wp-content\/uploads\/Ribbon-selection-guide_TTR-NL.pdf\" data-type=\"link\" data-id=\"https:\/\/ttr.works\/wp-content\/uploads\/Ribbon-selection-guide_TTR-NL.pdf\">gu\u00eda de selecci\u00f3n de cintas<\/a> para encontrar la cinta de 4U adecuada seg\u00fan el modelo de impresora, el material o la marca alternativa de cinta.<\/p>\n\n\n\n<p>Todas las cintas 4U cuentan con la <strong>certificaci\u00f3n ISEGA<\/strong> para el contacto indirecto con alimentos. La documentaci\u00f3n est\u00e1 disponible previa solicitud.<\/p>\n\n\n\n<div style=\"height:15px\" aria-hidden=\"true\" class=\"wp-block-spacer\"><\/div>\n\n\n\n<div class=\"wp-block-spacer\" style=\"height: 120px;\" aria-hidden=\"true\"><a class=\"link-btn\" href=\"https:\/\/ttr.works\/resellers\/\">Ventajas para distribuidores<\/a><a class=\"link-btn second\" href=\"https:\/\/ttr.works\/es\/contacto\/\">Solicitar presupuesto<\/a><\/div>\n\n\n\n<p>Descubre c\u00f3mo podemos ayudar a tu empresa o solicita directamente un presupuesto.<\/p>\n","protected":false},"excerpt":{"rendered":"<p>M\u00e1s de 30 a\u00f1os de experiencia en cintas de transferencia t\u00e9rmica para todas las marcas de impresoras de cabezal plano y TTO\/Near-Edge. Env\u00edos desde nuestras plantas de producci\u00f3n en los Pa\u00edses Bajos y el Reino Unido; calidad de impresi\u00f3n constante, flexibilidad y rapidez gracias a nuestra producci\u00f3n propia. Desde la cera hasta la resina, cada [&hellip;]<\/p>\n","protected":false},"author":1,"featured_media":0,"parent":0,"menu_order":0,"comment_status":"closed","ping_status":"closed","template":"template-product.php","meta":{"_acf_changed":false,"content-type":"","footnotes":""},"categories":[],"tags":[267],"class_list":["post-3183","page","type-page","status-publish","hentry","tag-product-es"],"acf":[],"_links":{"self":[{"href":"https:\/\/ttr.works\/es\/wp-json\/wp\/v2\/pages\/3183","targetHints":{"allow":["GET"]}}],"collection":[{"href":"https:\/\/ttr.works\/es\/wp-json\/wp\/v2\/pages"}],"about":[{"href":"https:\/\/ttr.works\/es\/wp-json\/wp\/v2\/types\/page"}],"author":[{"embeddable":true,"href":"https:\/\/ttr.works\/es\/wp-json\/wp\/v2\/users\/1"}],"replies":[{"embeddable":true,"href":"https:\/\/ttr.works\/es\/wp-json\/wp\/v2\/comments?post=3183"}],"version-history":[{"count":14,"href":"https:\/\/ttr.works\/es\/wp-json\/wp\/v2\/pages\/3183\/revisions"}],"predecessor-version":[{"id":31220,"href":"https:\/\/ttr.works\/es\/wp-json\/wp\/v2\/pages\/3183\/revisions\/31220"}],"wp:attachment":[{"href":"https:\/\/ttr.works\/es\/wp-json\/wp\/v2\/media?parent=3183"}],"wp:term":[{"taxonomy":"category","embeddable":true,"href":"https:\/\/ttr.works\/es\/wp-json\/wp\/v2\/categories?post=3183"},{"taxonomy":"post_tag","embeddable":true,"href":"https:\/\/ttr.works\/es\/wp-json\/wp\/v2\/tags?post=3183"}],"curies":[{"name":"wp","href":"https:\/\/api.w.org\/{rel}","templated":true}]}}