{"id":3196,"date":"2020-11-06T08:49:08","date_gmt":"2020-11-06T08:49:08","guid":{"rendered":"https:\/\/ttr.works\/?page_id=3196"},"modified":"2021-02-05T13:47:26","modified_gmt":"2021-02-05T13:47:26","slug":"resina-textil","status":"publish","type":"page","link":"https:\/\/ttr.works\/es\/cintas-de-transferencia-termica\/resina-textil\/","title":{"rendered":"Resina textil RT4U"},"content":{"rendered":"\n<p>La resina textil RT4U est\u00e1 dise\u00f1ada para imprimir texto e im\u00e1genes de calidad en prendas, como las etiquetas de cuidado. Crea im\u00e1genes duraderas y resistentes al agua, al lavado, a la limpieza en seco, al lavado con piedra, al lavado qu\u00edmico y al planchado. Nuestras cintas textiles tambi\u00e9n est\u00e1n disponibles en una variedad de colores.<\/p>\n\n\n\n<a href=\"\/?page_id=220\" class=\"link-btn\">Solicitar cotizaci\u00f3n <i class=\"fal fa-chevron-right\"><\/i><\/a><a href=\"\/?page_id=1012\" class=\"link-btn second\">Cont\u00e1ctenos <i class=\"fal fa-chevron-right\"><\/i><\/a>\n\n\n\n<h3 class=\"wp-block-heading\">Products<\/h3>\n","protected":false},"excerpt":{"rendered":"<p>La resina textil RT4U est\u00e1 dise\u00f1ada para imprimir texto e im\u00e1genes de calidad en prendas, como las etiquetas de cuidado. Crea im\u00e1genes duraderas y resistentes al agua, al lavado, a la limpieza en seco, al lavado con piedra, al lavado qu\u00edmico y al planchado. Nuestras cintas textiles tambi\u00e9n est\u00e1n disponibles en una variedad de colores. [&hellip;]<\/p>\n","protected":false},"author":1,"featured_media":0,"parent":3183,"menu_order":0,"comment_status":"closed","ping_status":"closed","template":"template-4u.php","meta":{"_acf_changed":false,"content-type":"","footnotes":""},"categories":[],"tags":[],"class_list":["post-3196","page","type-page","status-publish","hentry"],"acf":[],"_links":{"self":[{"href":"https:\/\/ttr.works\/es\/wp-json\/wp\/v2\/pages\/3196","targetHints":{"allow":["GET"]}}],"collection":[{"href":"https:\/\/ttr.works\/es\/wp-json\/wp\/v2\/pages"}],"about":[{"href":"https:\/\/ttr.works\/es\/wp-json\/wp\/v2\/types\/page"}],"author":[{"embeddable":true,"href":"https:\/\/ttr.works\/es\/wp-json\/wp\/v2\/users\/1"}],"replies":[{"embeddable":true,"href":"https:\/\/ttr.works\/es\/wp-json\/wp\/v2\/comments?post=3196"}],"version-history":[{"count":0,"href":"https:\/\/ttr.works\/es\/wp-json\/wp\/v2\/pages\/3196\/revisions"}],"up":[{"embeddable":true,"href":"https:\/\/ttr.works\/es\/wp-json\/wp\/v2\/pages\/3183"}],"wp:attachment":[{"href":"https:\/\/ttr.works\/es\/wp-json\/wp\/v2\/media?parent=3196"}],"wp:term":[{"taxonomy":"category","embeddable":true,"href":"https:\/\/ttr.works\/es\/wp-json\/wp\/v2\/categories?post=3196"},{"taxonomy":"post_tag","embeddable":true,"href":"https:\/\/ttr.works\/es\/wp-json\/wp\/v2\/tags?post=3196"}],"curies":[{"name":"wp","href":"https:\/\/api.w.org\/{rel}","templated":true}]}}