{"id":3203,"date":"2020-11-06T14:13:34","date_gmt":"2020-11-06T14:13:34","guid":{"rendered":"https:\/\/ttr.works\/?page_id=3203"},"modified":"2021-12-21T16:27:37","modified_gmt":"2021-12-21T16:27:37","slug":"cintas-resina-textil","status":"publish","type":"page","link":"https:\/\/ttr.works\/es\/cintas-de-transferencia-termica\/cintas-resina-textil\/","title":{"rendered":"Resina"},"content":{"rendered":"\n<h2 class=\"wp-block-heading\">Cintas de transferencia t\u00e9rmica de resina R4U<\/h2>\n\n\n\n<p>Las cintas de resina son necesarias en aplicaciones que requieren una excelente resistencia mec\u00e1nica y a los disolventes. Son adecuadas para la impresi\u00f3n en casi todos los materiales sint\u00e9ticos como el PVC, PET, PP y diversos papeles estucados mates y brillantes. Debido a que se funden a una temperatura mucho m\u00e1s alta, la tinta se disuelve en el material en el que se imprimen, lo que hace que las im\u00e1genes sean extremadamente resistentes y duraderas.<\/p>\n\n\n\n<a href=\"\/?page_id=220\" class=\"link-btn\">Solicitar cotizaci\u00f3n <i class=\"fal fa-chevron-right\"><\/i><\/a><a href=\"https:\/\/ttr.works\/wp-content\/uploads\/stock-list.pdf\" target=\"_blank\" class=\"link-btn second\" rel=\"noopener\">Descargar lista de existencias <i class=\"fal fa-chevron-right\"><\/i><\/a>\n\n\n\n<h3 class=\"wp-block-heading\">Productos<\/h3>\n\n\n\n<p>Busque las variedades de la cinta seg\u00fan la impresora de cabezal plano o near edge. Haga su selecci\u00f3n aqu\u00ed.<\/p>\n","protected":false},"excerpt":{"rendered":"<p>Cintas de transferencia t\u00e9rmica de resina R4U Las cintas de resina son necesarias en aplicaciones que requieren una excelente resistencia mec\u00e1nica y a los disolventes. Son adecuadas para la impresi\u00f3n en casi todos los materiales sint\u00e9ticos como el PVC, PET, PP y diversos papeles estucados mates y brillantes. Debido a que se funden a una [&hellip;]<\/p>\n","protected":false},"author":1,"featured_media":0,"parent":3183,"menu_order":0,"comment_status":"closed","ping_status":"closed","template":"template-4u.php","meta":{"_acf_changed":false,"content-type":"","footnotes":""},"categories":[],"tags":[267],"class_list":["post-3203","page","type-page","status-publish","hentry","tag-product-es"],"acf":[],"yoast_head":"<!-- This site is optimized with the Yoast SEO plugin v25.9 - https:\/\/yoast.com\/wordpress\/plugins\/seo\/ -->\n<title>Resina - TTR Euroworks<\/title>\n<meta name=\"description\" content=\"Cintas de transferencia t\u00e9rmica de resina \u2713 Adecuado para casi todos los materiales sint\u00e9ticos como PVC, PET, PP y diversos papeles\" \/>\n<meta name=\"robots\" content=\"index, follow, max-snippet:-1, max-image-preview:large, max-video-preview:-1\" \/>\n<link rel=\"canonical\" href=\"https:\/\/ttr.works\/es\/cintas-de-transferencia-termica\/cintas-resina-textil\/\" \/>\n<meta property=\"og:locale\" content=\"es_ES\" \/>\n<meta property=\"og:type\" content=\"article\" \/>\n<meta property=\"og:title\" content=\"Resina - TTR Euroworks\" \/>\n<meta property=\"og:description\" content=\"Cintas de transferencia t\u00e9rmica de resina \u2713 Adecuado para casi todos los materiales sint\u00e9ticos como PVC, PET, PP y diversos papeles\" \/>\n<meta property=\"og:url\" content=\"https:\/\/ttr.works\/es\/cintas-de-transferencia-termica\/cintas-resina-textil\/\" \/>\n<meta property=\"og:site_name\" content=\"TTR Euroworks\" \/>\n<meta property=\"article:modified_time\" content=\"2021-12-21T16:27:37+00:00\" \/>\n<meta name=\"twitter:card\" content=\"summary_large_image\" \/>\n<meta name=\"twitter:label1\" content=\"Tiempo de lectura\" \/>\n\t<meta name=\"twitter:data1\" content=\"1 minuto\" \/>\n<script type=\"application\/ld+json\" class=\"yoast-schema-graph\">{\"@context\":\"https:\/\/schema.org\",\"@graph\":[{\"@type\":\"WebPage\",\"@id\":\"https:\/\/ttr.works\/es\/cintas-de-transferencia-termica\/cintas-resina-textil\/\",\"url\":\"https:\/\/ttr.works\/es\/cintas-de-transferencia-termica\/cintas-resina-textil\/\",\"name\":\"Resina - TTR Euroworks\",\"isPartOf\":{\"@id\":\"https:\/\/ttr.works\/es\/#website\"},\"datePublished\":\"2020-11-06T14:13:34+00:00\",\"dateModified\":\"2021-12-21T16:27:37+00:00\",\"description\":\"Cintas de transferencia t\u00e9rmica de resina \u2713 Adecuado para casi todos los materiales sint\u00e9ticos como PVC, PET, PP y diversos papeles\",\"breadcrumb\":{\"@id\":\"https:\/\/ttr.works\/es\/cintas-de-transferencia-termica\/cintas-resina-textil\/#breadcrumb\"},\"inLanguage\":\"es\",\"potentialAction\":[{\"@type\":\"ReadAction\",\"target\":[\"https:\/\/ttr.works\/es\/cintas-de-transferencia-termica\/cintas-resina-textil\/\"]}]},{\"@type\":\"BreadcrumbList\",\"@id\":\"https:\/\/ttr.works\/es\/cintas-de-transferencia-termica\/cintas-resina-textil\/#breadcrumb\",\"itemListElement\":[{\"@type\":\"ListItem\",\"position\":1,\"name\":\"Home\",\"item\":\"https:\/\/ttr.works\/es\/inicio\/\"},{\"@type\":\"ListItem\",\"position\":2,\"name\":\"As\u00f3ciese con TTR Euroworks\",\"item\":\"https:\/\/ttr.works\/es\/cintas-de-transferencia-termica\/\"},{\"@type\":\"ListItem\",\"position\":3,\"name\":\"Resina\"}]},{\"@type\":\"WebSite\",\"@id\":\"https:\/\/ttr.works\/es\/#website\",\"url\":\"https:\/\/ttr.works\/es\/\",\"name\":\"TTR Euroworks\",\"description\":\"Your ttr partner\",\"potentialAction\":[{\"@type\":\"SearchAction\",\"target\":{\"@type\":\"EntryPoint\",\"urlTemplate\":\"https:\/\/ttr.works\/es\/?s={search_term_string}\"},\"query-input\":{\"@type\":\"PropertyValueSpecification\",\"valueRequired\":true,\"valueName\":\"search_term_string\"}}],\"inLanguage\":\"es\"}]}<\/script>\n<!-- \/ Yoast SEO plugin. -->","yoast_head_json":{"title":"Resina - TTR Euroworks","description":"Cintas de transferencia t\u00e9rmica de resina \u2713 Adecuado para casi todos los materiales sint\u00e9ticos como PVC, PET, PP y diversos papeles","robots":{"index":"index","follow":"follow","max-snippet":"max-snippet:-1","max-image-preview":"max-image-preview:large","max-video-preview":"max-video-preview:-1"},"canonical":"https:\/\/ttr.works\/es\/cintas-de-transferencia-termica\/cintas-resina-textil\/","og_locale":"es_ES","og_type":"article","og_title":"Resina - TTR Euroworks","og_description":"Cintas de transferencia t\u00e9rmica de resina \u2713 Adecuado para casi todos los materiales sint\u00e9ticos como PVC, PET, PP y diversos papeles","og_url":"https:\/\/ttr.works\/es\/cintas-de-transferencia-termica\/cintas-resina-textil\/","og_site_name":"TTR Euroworks","article_modified_time":"2021-12-21T16:27:37+00:00","twitter_card":"summary_large_image","twitter_misc":{"Tiempo de lectura":"1 minuto"},"schema":{"@context":"https:\/\/schema.org","@graph":[{"@type":"WebPage","@id":"https:\/\/ttr.works\/es\/cintas-de-transferencia-termica\/cintas-resina-textil\/","url":"https:\/\/ttr.works\/es\/cintas-de-transferencia-termica\/cintas-resina-textil\/","name":"Resina - TTR Euroworks","isPartOf":{"@id":"https:\/\/ttr.works\/es\/#website"},"datePublished":"2020-11-06T14:13:34+00:00","dateModified":"2021-12-21T16:27:37+00:00","description":"Cintas de transferencia t\u00e9rmica de resina \u2713 Adecuado para casi todos los materiales sint\u00e9ticos como PVC, PET, PP y diversos papeles","breadcrumb":{"@id":"https:\/\/ttr.works\/es\/cintas-de-transferencia-termica\/cintas-resina-textil\/#breadcrumb"},"inLanguage":"es","potentialAction":[{"@type":"ReadAction","target":["https:\/\/ttr.works\/es\/cintas-de-transferencia-termica\/cintas-resina-textil\/"]}]},{"@type":"BreadcrumbList","@id":"https:\/\/ttr.works\/es\/cintas-de-transferencia-termica\/cintas-resina-textil\/#breadcrumb","itemListElement":[{"@type":"ListItem","position":1,"name":"Home","item":"https:\/\/ttr.works\/es\/inicio\/"},{"@type":"ListItem","position":2,"name":"As\u00f3ciese con TTR Euroworks","item":"https:\/\/ttr.works\/es\/cintas-de-transferencia-termica\/"},{"@type":"ListItem","position":3,"name":"Resina"}]},{"@type":"WebSite","@id":"https:\/\/ttr.works\/es\/#website","url":"https:\/\/ttr.works\/es\/","name":"TTR Euroworks","description":"Your ttr partner","potentialAction":[{"@type":"SearchAction","target":{"@type":"EntryPoint","urlTemplate":"https:\/\/ttr.works\/es\/?s={search_term_string}"},"query-input":{"@type":"PropertyValueSpecification","valueRequired":true,"valueName":"search_term_string"}}],"inLanguage":"es"}]}},"_links":{"self":[{"href":"https:\/\/ttr.works\/es\/wp-json\/wp\/v2\/pages\/3203","targetHints":{"allow":["GET"]}}],"collection":[{"href":"https:\/\/ttr.works\/es\/wp-json\/wp\/v2\/pages"}],"about":[{"href":"https:\/\/ttr.works\/es\/wp-json\/wp\/v2\/types\/page"}],"author":[{"embeddable":true,"href":"https:\/\/ttr.works\/es\/wp-json\/wp\/v2\/users\/1"}],"replies":[{"embeddable":true,"href":"https:\/\/ttr.works\/es\/wp-json\/wp\/v2\/comments?post=3203"}],"version-history":[{"count":1,"href":"https:\/\/ttr.works\/es\/wp-json\/wp\/v2\/pages\/3203\/revisions"}],"predecessor-version":[{"id":7252,"href":"https:\/\/ttr.works\/es\/wp-json\/wp\/v2\/pages\/3203\/revisions\/7252"}],"up":[{"embeddable":true,"href":"https:\/\/ttr.works\/es\/wp-json\/wp\/v2\/pages\/3183"}],"wp:attachment":[{"href":"https:\/\/ttr.works\/es\/wp-json\/wp\/v2\/media?parent=3203"}],"wp:term":[{"taxonomy":"category","embeddable":true,"href":"https:\/\/ttr.works\/es\/wp-json\/wp\/v2\/categories?post=3203"},{"taxonomy":"post_tag","embeddable":true,"href":"https:\/\/ttr.works\/es\/wp-json\/wp\/v2\/tags?post=3203"}],"curies":[{"name":"wp","href":"https:\/\/api.w.org\/{rel}","templated":true}]}}