{"id":3239,"date":"2020-11-09T09:15:37","date_gmt":"2020-11-09T09:15:37","guid":{"rendered":"https:\/\/ttr.works\/?page_id=3239"},"modified":"2024-01-04T10:42:28","modified_gmt":"2024-01-04T10:42:28","slug":"cera-resina","status":"publish","type":"page","link":"https:\/\/ttr.works\/es\/cintas-de-transferencia-termica\/cera-resina\/","title":{"rendered":"Cera-Resina"},"content":{"rendered":"\n<h2 class=\"wp-block-heading\">Las cintas WR4U crean impresiones de alta calidad en pr\u00e1cticamente todas las aplicaciones<\/h2>\n\n\n\n<p>Las cintas de transferencia t\u00e9rmica de cera-resina WR4U crean impresiones resistentes que pueden durar a\u00f1os y soportar las condiciones m\u00e1s extremas. Tambi\u00e9n son ideales para procesos de impresi\u00f3n de gran volumen a altas velocidades. Funcionan bien en sustratos como el papel, los pl\u00e1sticos y las l\u00e1minas de embalaje flexible.<\/p>\n\n\n\n<a href=\"\/?page_id=220\" class=\"link-btn\">Solicitar cotizaci\u00f3n <i class=\"fal fa-chevron-right\"><\/i><\/a><a href=\"https:\/\/ttr.works\/wp-content\/uploads\/stock-list.pdf\" target=\"_blank&quot;\" class=\"link-btn second\" rel=\"noopener\">Descargar lista de existencias <i class=\"fal fa-chevron-right\"><\/i><\/a>\n\n\n\n<h3 class=\"wp-block-heading\" id=\"block-fb0ea6f9-c3de-45b6-b66d-dc4d79cbd573\">Productos<\/h3>\n\n\n\n<p id=\"block-ac33a2f4-5762-4b3f-af45-f2dbff4ddfa8\">Busque las variedades de la cinta seg\u00fan la impresora de cabezal plano o near edge y haga su selecci\u00f3n aqu\u00ed.<\/p>\n","protected":false},"excerpt":{"rendered":"<p>Las cintas WR4U crean impresiones de alta calidad en pr\u00e1cticamente todas las aplicaciones Las cintas de transferencia t\u00e9rmica de cera-resina WR4U crean impresiones resistentes que pueden durar a\u00f1os y soportar las condiciones m\u00e1s extremas. Tambi\u00e9n son ideales para procesos de impresi\u00f3n de gran volumen a altas velocidades. Funcionan bien en sustratos como el papel, los [&hellip;]<\/p>\n","protected":false},"author":1,"featured_media":0,"parent":3183,"menu_order":0,"comment_status":"closed","ping_status":"closed","template":"template-4u.php","meta":{"_acf_changed":false,"content-type":"","footnotes":""},"categories":[],"tags":[267],"class_list":["post-3239","page","type-page","status-publish","hentry","tag-product-es"],"acf":[],"yoast_head":"<!-- This site is optimized with the Yoast SEO plugin v25.9 - https:\/\/yoast.com\/wordpress\/plugins\/seo\/ -->\n<title>Cera-Resina - TTR Euroworks<\/title>\n<meta name=\"description\" content=\"Cintas de transferencia t\u00e9rmica de cera-resina \u2713 Para procesos de impresi\u00f3n de gran volumen y alta velocidad\" \/>\n<meta name=\"robots\" content=\"index, follow, max-snippet:-1, max-image-preview:large, max-video-preview:-1\" \/>\n<link rel=\"canonical\" href=\"https:\/\/ttr.works\/es\/cintas-de-transferencia-termica\/cera-resina\/\" \/>\n<meta property=\"og:locale\" content=\"es_ES\" \/>\n<meta property=\"og:type\" content=\"article\" \/>\n<meta property=\"og:title\" content=\"Cera-Resina - TTR Euroworks\" \/>\n<meta property=\"og:description\" content=\"Cintas de transferencia t\u00e9rmica de cera-resina \u2713 Para procesos de impresi\u00f3n de gran volumen y alta velocidad\" \/>\n<meta property=\"og:url\" content=\"https:\/\/ttr.works\/es\/cintas-de-transferencia-termica\/cera-resina\/\" \/>\n<meta property=\"og:site_name\" content=\"TTR Euroworks\" \/>\n<meta property=\"article:modified_time\" content=\"2024-01-04T10:42:28+00:00\" \/>\n<meta name=\"twitter:card\" content=\"summary_large_image\" \/>\n<meta name=\"twitter:label1\" content=\"Tiempo de lectura\" \/>\n\t<meta name=\"twitter:data1\" content=\"1 minuto\" \/>\n<script type=\"application\/ld+json\" class=\"yoast-schema-graph\">{\"@context\":\"https:\/\/schema.org\",\"@graph\":[{\"@type\":\"WebPage\",\"@id\":\"https:\/\/ttr.works\/es\/cintas-de-transferencia-termica\/cera-resina\/\",\"url\":\"https:\/\/ttr.works\/es\/cintas-de-transferencia-termica\/cera-resina\/\",\"name\":\"Cera-Resina - TTR Euroworks\",\"isPartOf\":{\"@id\":\"https:\/\/ttr.works\/es\/#website\"},\"datePublished\":\"2020-11-09T09:15:37+00:00\",\"dateModified\":\"2024-01-04T10:42:28+00:00\",\"description\":\"Cintas de transferencia t\u00e9rmica de cera-resina \u2713 Para procesos de impresi\u00f3n de gran volumen y alta velocidad\",\"breadcrumb\":{\"@id\":\"https:\/\/ttr.works\/es\/cintas-de-transferencia-termica\/cera-resina\/#breadcrumb\"},\"inLanguage\":\"es\",\"potentialAction\":[{\"@type\":\"ReadAction\",\"target\":[\"https:\/\/ttr.works\/es\/cintas-de-transferencia-termica\/cera-resina\/\"]}]},{\"@type\":\"BreadcrumbList\",\"@id\":\"https:\/\/ttr.works\/es\/cintas-de-transferencia-termica\/cera-resina\/#breadcrumb\",\"itemListElement\":[{\"@type\":\"ListItem\",\"position\":1,\"name\":\"Home\",\"item\":\"https:\/\/ttr.works\/es\/inicio\/\"},{\"@type\":\"ListItem\",\"position\":2,\"name\":\"As\u00f3ciese con TTR Euroworks\",\"item\":\"https:\/\/ttr.works\/es\/cintas-de-transferencia-termica\/\"},{\"@type\":\"ListItem\",\"position\":3,\"name\":\"Cera-Resina\"}]},{\"@type\":\"WebSite\",\"@id\":\"https:\/\/ttr.works\/es\/#website\",\"url\":\"https:\/\/ttr.works\/es\/\",\"name\":\"TTR Euroworks\",\"description\":\"Your ttr partner\",\"potentialAction\":[{\"@type\":\"SearchAction\",\"target\":{\"@type\":\"EntryPoint\",\"urlTemplate\":\"https:\/\/ttr.works\/es\/?s={search_term_string}\"},\"query-input\":{\"@type\":\"PropertyValueSpecification\",\"valueRequired\":true,\"valueName\":\"search_term_string\"}}],\"inLanguage\":\"es\"}]}<\/script>\n<!-- \/ Yoast SEO plugin. -->","yoast_head_json":{"title":"Cera-Resina - TTR Euroworks","description":"Cintas de transferencia t\u00e9rmica de cera-resina \u2713 Para procesos de impresi\u00f3n de gran volumen y alta velocidad","robots":{"index":"index","follow":"follow","max-snippet":"max-snippet:-1","max-image-preview":"max-image-preview:large","max-video-preview":"max-video-preview:-1"},"canonical":"https:\/\/ttr.works\/es\/cintas-de-transferencia-termica\/cera-resina\/","og_locale":"es_ES","og_type":"article","og_title":"Cera-Resina - TTR Euroworks","og_description":"Cintas de transferencia t\u00e9rmica de cera-resina \u2713 Para procesos de impresi\u00f3n de gran volumen y alta velocidad","og_url":"https:\/\/ttr.works\/es\/cintas-de-transferencia-termica\/cera-resina\/","og_site_name":"TTR Euroworks","article_modified_time":"2024-01-04T10:42:28+00:00","twitter_card":"summary_large_image","twitter_misc":{"Tiempo de lectura":"1 minuto"},"schema":{"@context":"https:\/\/schema.org","@graph":[{"@type":"WebPage","@id":"https:\/\/ttr.works\/es\/cintas-de-transferencia-termica\/cera-resina\/","url":"https:\/\/ttr.works\/es\/cintas-de-transferencia-termica\/cera-resina\/","name":"Cera-Resina - TTR Euroworks","isPartOf":{"@id":"https:\/\/ttr.works\/es\/#website"},"datePublished":"2020-11-09T09:15:37+00:00","dateModified":"2024-01-04T10:42:28+00:00","description":"Cintas de transferencia t\u00e9rmica de cera-resina \u2713 Para procesos de impresi\u00f3n de gran volumen y alta velocidad","breadcrumb":{"@id":"https:\/\/ttr.works\/es\/cintas-de-transferencia-termica\/cera-resina\/#breadcrumb"},"inLanguage":"es","potentialAction":[{"@type":"ReadAction","target":["https:\/\/ttr.works\/es\/cintas-de-transferencia-termica\/cera-resina\/"]}]},{"@type":"BreadcrumbList","@id":"https:\/\/ttr.works\/es\/cintas-de-transferencia-termica\/cera-resina\/#breadcrumb","itemListElement":[{"@type":"ListItem","position":1,"name":"Home","item":"https:\/\/ttr.works\/es\/inicio\/"},{"@type":"ListItem","position":2,"name":"As\u00f3ciese con TTR Euroworks","item":"https:\/\/ttr.works\/es\/cintas-de-transferencia-termica\/"},{"@type":"ListItem","position":3,"name":"Cera-Resina"}]},{"@type":"WebSite","@id":"https:\/\/ttr.works\/es\/#website","url":"https:\/\/ttr.works\/es\/","name":"TTR Euroworks","description":"Your ttr partner","potentialAction":[{"@type":"SearchAction","target":{"@type":"EntryPoint","urlTemplate":"https:\/\/ttr.works\/es\/?s={search_term_string}"},"query-input":{"@type":"PropertyValueSpecification","valueRequired":true,"valueName":"search_term_string"}}],"inLanguage":"es"}]}},"_links":{"self":[{"href":"https:\/\/ttr.works\/es\/wp-json\/wp\/v2\/pages\/3239","targetHints":{"allow":["GET"]}}],"collection":[{"href":"https:\/\/ttr.works\/es\/wp-json\/wp\/v2\/pages"}],"about":[{"href":"https:\/\/ttr.works\/es\/wp-json\/wp\/v2\/types\/page"}],"author":[{"embeddable":true,"href":"https:\/\/ttr.works\/es\/wp-json\/wp\/v2\/users\/1"}],"replies":[{"embeddable":true,"href":"https:\/\/ttr.works\/es\/wp-json\/wp\/v2\/comments?post=3239"}],"version-history":[{"count":2,"href":"https:\/\/ttr.works\/es\/wp-json\/wp\/v2\/pages\/3239\/revisions"}],"predecessor-version":[{"id":20966,"href":"https:\/\/ttr.works\/es\/wp-json\/wp\/v2\/pages\/3239\/revisions\/20966"}],"up":[{"embeddable":true,"href":"https:\/\/ttr.works\/es\/wp-json\/wp\/v2\/pages\/3183"}],"wp:attachment":[{"href":"https:\/\/ttr.works\/es\/wp-json\/wp\/v2\/media?parent=3239"}],"wp:term":[{"taxonomy":"category","embeddable":true,"href":"https:\/\/ttr.works\/es\/wp-json\/wp\/v2\/categories?post=3239"},{"taxonomy":"post_tag","embeddable":true,"href":"https:\/\/ttr.works\/es\/wp-json\/wp\/v2\/tags?post=3239"}],"curies":[{"name":"wp","href":"https:\/\/api.w.org\/{rel}","templated":true}]}}