{"id":6548,"date":"2021-10-11T07:43:38","date_gmt":"2021-10-11T07:43:38","guid":{"rendered":"https:\/\/ttr.works\/?page_id=6548"},"modified":"2024-07-08T09:25:48","modified_gmt":"2024-07-08T09:25:48","slug":"materiales-de-limpieza-de-cabezales-de-impresion","status":"publish","type":"page","link":"https:\/\/ttr.works\/es\/materiales-de-limpieza-de-cabezales-de-impresion\/","title":{"rendered":"Limpie su cabezal de impresi\u00f3n"},"content":{"rendered":"\n<h2 class=\"wp-block-heading\">Los cabezales de impresi\u00f3n t\u00e9rmica duran mucho m\u00e1s si los cuida bien<\/h2>\n\n\n<p><strong>No hace falta decir que el cabezal de impresi\u00f3n es la pieza de repuesto m\u00e1s cara en una impresora de etiquetas. Tambi\u00e9n es la parte m\u00e1s afectada por el desgaste. Los residuos de tinta, la suciedad y el polvo se acumulan. Esto causa la mayor\u00eda de los problemas relacionados con la impresi\u00f3n. Y reduce el rendimiento de impresi\u00f3n de la impresora de etiquetas.<\/strong><\/p>\n\n\n<p>\u00bfLa buena noticia? Usted mismo puede prevenir la falla prematura del cabezal de impresi\u00f3n. Con nuestros productos de limpieza de cabezales de impresi\u00f3n 4U, tendr\u00e1 una soluci\u00f3n certificada para cada impresora de etiquetas. Nuestros pa\u00f1os, bol\u00edgrafos y hisopos de limpieza son f\u00e1ciles de usar. Cualquiera puede hacerlo.<\/p>\n\n\n<div style=\"height:20px\" aria-hidden=\"true\" class=\"wp-block-spacer\"><\/div>\n\n\n<a href=\"https:\/\/thermalprinting.shop\/cleaning\" class=\"link-btn\">TTR Webshop <i class=\"fal fa-chevron-right\"><\/i><\/a><a href=\"https:\/\/ttr.works\/thermal-transfer\/reseller.php\" class=\"link-btn second\">P\u00e1gina del distribuidor <i class=\"fal fa-chevron-right\"><\/i><\/a>\n\n\n\n<div style=\"height:42px\" aria-hidden=\"true\" class=\"wp-block-spacer\"><\/div>\n\n\n<h2 class=\"wp-block-heading\">De nuestro blog<\/h2>\n\n\n<div style=\"height:18px\" aria-hidden=\"true\" class=\"wp-block-spacer\"><\/div>\n\n\n<div class=\"wp-block-media-text is-stacked-on-mobile\" style=\"grid-template-columns:29% auto\"><figure class=\"wp-block-media-text__media\"><a href=\"https:\/\/ttr.works\/tips-for-a-longer-printhead-life\/\"><img decoding=\"async\" width=\"218\" height=\"171\" data-src=\"https:\/\/ttr.works\/wp-content\/uploads\/blog-TTR-cleaning.png\" alt=\"\" class=\"wp-image-23261 size-full lazyload\" src=\"data:image\/svg+xml;base64,PHN2ZyB3aWR0aD0iMSIgaGVpZ2h0PSIxIiB4bWxucz0iaHR0cDovL3d3dy53My5vcmcvMjAwMC9zdmciPjwvc3ZnPg==\" style=\"--smush-placeholder-width: 218px; --smush-placeholder-aspect-ratio: 218\/171;\" \/><\/a><\/figure><div class=\"wp-block-media-text__content\">\n<p><strong><a href=\"https:\/\/ttr.works\/tips-for-a-longer-printhead-life\/\">Consejos de expertos para una vida \u00fatil m\u00e1s larga del cabezal de impresi\u00f3n<\/a><\/strong>: El cabezal de la impresora es uno de los componentes m\u00e1s importantes y costosos. Est\u00e1 en primera l\u00ednea de desgaste, son delicados y pueden ser bastante caros. Los consejos de expertos en este art\u00edculo le ayudar\u00e1n a obtener la mayor vida \u00fatil de su cabezal de impresi\u00f3n. Ahorrar\u00e1 dinero al reemplazarlos con menos frecuencia.<\/p>\n<\/div><\/div>\n\n\n<div style=\"height:25px\" aria-hidden=\"true\" class=\"wp-block-spacer\"><\/div>\n\n\n<div class=\"wp-block-media-text is-stacked-on-mobile\" style=\"grid-template-columns:29% auto\"><figure class=\"wp-block-media-text__media\"><a href=\"https:\/\/ttr.works\/tips-for-a-longer-printhead-life\/\"><img decoding=\"async\" width=\"988\" height=\"323\" data-src=\"https:\/\/ttr.works\/wp-content\/uploads\/4URP-Homepage-Banner-2-1.png\" alt=\"\" class=\"wp-image-22877 size-full lazyload\" data-srcset=\"https:\/\/ttr.works\/wp-content\/uploads\/4URP-Homepage-Banner-2-1.png 988w, https:\/\/ttr.works\/wp-content\/uploads\/4URP-Homepage-Banner-2-1-300x98.png 300w, https:\/\/ttr.works\/wp-content\/uploads\/4URP-Homepage-Banner-2-1-768x251.png 768w\" data-sizes=\"(max-width: 988px) 100vw, 988px\" src=\"data:image\/svg+xml;base64,PHN2ZyB3aWR0aD0iMSIgaGVpZ2h0PSIxIiB4bWxucz0iaHR0cDovL3d3dy53My5vcmcvMjAwMC9zdmciPjwvc3ZnPg==\" style=\"--smush-placeholder-width: 988px; --smush-placeholder-aspect-ratio: 988\/323;\" \/><\/a><\/figure><div class=\"wp-block-media-text__content\">\n<p><a href=\"https:\/\/ttr.works\/thermal-transfer\/4u-rewards.php\"><strong>Acumule puntos para sus propios descuentos:<\/strong><\/a> Puede acumular puntos con cada compra de cabezales de impresi\u00f3n e impresoras. Es 100% gratuito y no tiene que hacer nada, excepto registrarse. Puede usar este descuento en productos de limpieza 4U o cintas t\u00e9rmicas.<\/p>\n<\/div><\/div>\n\n\n<div style=\"height:25px\" aria-hidden=\"true\" class=\"wp-block-spacer\"><\/div>\n","protected":false},"excerpt":{"rendered":"<p>Los cabezales de impresi\u00f3n t\u00e9rmica duran mucho m\u00e1s si los cuida bien No hace falta decir que el cabezal de impresi\u00f3n es la pieza de repuesto m\u00e1s cara en una impresora de etiquetas. Tambi\u00e9n es la parte m\u00e1s afectada por el desgaste. Los residuos de tinta, la suciedad y el polvo se acumulan. Esto causa [&hellip;]<\/p>\n","protected":false},"author":1,"featured_media":0,"parent":0,"menu_order":0,"comment_status":"closed","ping_status":"closed","template":"template-cleaning.php","meta":{"_acf_changed":false,"content-type":"","footnotes":""},"categories":[],"tags":[267],"class_list":["post-6548","page","type-page","status-publish","hentry","tag-product-es"],"acf":[],"_links":{"self":[{"href":"https:\/\/ttr.works\/es\/wp-json\/wp\/v2\/pages\/6548","targetHints":{"allow":["GET"]}}],"collection":[{"href":"https:\/\/ttr.works\/es\/wp-json\/wp\/v2\/pages"}],"about":[{"href":"https:\/\/ttr.works\/es\/wp-json\/wp\/v2\/types\/page"}],"author":[{"embeddable":true,"href":"https:\/\/ttr.works\/es\/wp-json\/wp\/v2\/users\/1"}],"replies":[{"embeddable":true,"href":"https:\/\/ttr.works\/es\/wp-json\/wp\/v2\/comments?post=6548"}],"version-history":[{"count":12,"href":"https:\/\/ttr.works\/es\/wp-json\/wp\/v2\/pages\/6548\/revisions"}],"predecessor-version":[{"id":24330,"href":"https:\/\/ttr.works\/es\/wp-json\/wp\/v2\/pages\/6548\/revisions\/24330"}],"wp:attachment":[{"href":"https:\/\/ttr.works\/es\/wp-json\/wp\/v2\/media?parent=6548"}],"wp:term":[{"taxonomy":"category","embeddable":true,"href":"https:\/\/ttr.works\/es\/wp-json\/wp\/v2\/categories?post=6548"},{"taxonomy":"post_tag","embeddable":true,"href":"https:\/\/ttr.works\/es\/wp-json\/wp\/v2\/tags?post=6548"}],"curies":[{"name":"wp","href":"https:\/\/api.w.org\/{rel}","templated":true}]}}