{"id":20742,"date":"2024-02-05T08:30:49","date_gmt":"2024-02-05T08:30:49","guid":{"rendered":"https:\/\/ttr.works\/?page_id=20742"},"modified":"2024-07-29T09:28:20","modified_gmt":"2024-07-29T09:28:20","slug":"wax-flathead-ribbons","status":"publish","type":"page","link":"https:\/\/ttr.works\/fr\/thermal-transfer-ribbons\/wax-flathead-ribbons\/","title":{"rendered":"Wax flathead ribbons"},"content":{"rendered":"\n<h1 class=\"wp-block-heading\">Rubans cir\u00e9s 4U<\/h1>\n<div class=\"wp-block-image\">\n<figure class=\"alignright size-large is-resized\"><img decoding=\"async\" width=\"1024\" height=\"861\" data-src=\"https:\/\/ttr.works\/wp-content\/uploads\/\/4U_logo_with_even_more_padding-1024x861.png\" alt=\"\" class=\"wp-image-24083 lazyload\" style=\"--smush-placeholder-width: 1024px; --smush-placeholder-aspect-ratio: 1024\/861;width:288px;height:auto\" data-srcset=\"https:\/\/ttr.works\/wp-content\/uploads\/4U_logo_with_even_more_padding-1024x861.png 1024w, https:\/\/ttr.works\/wp-content\/uploads\/4U_logo_with_even_more_padding-300x252.png 300w, https:\/\/ttr.works\/wp-content\/uploads\/4U_logo_with_even_more_padding-768x646.png 768w, https:\/\/ttr.works\/wp-content\/uploads\/4U_logo_with_even_more_padding.png 1211w\" data-sizes=\"(max-width: 1024px) 100vw, 1024px\" src=\"data:image\/svg+xml;base64,PHN2ZyB3aWR0aD0iMSIgaGVpZ2h0PSIxIiB4bWxucz0iaHR0cDovL3d3dy53My5vcmcvMjAwMC9zdmciPjwvc3ZnPg==\" \/><\/figure><\/div>\n<p>Les rubans de cire sont utilis\u00e9s dans les imprimantes d&rsquo;\u00e9tiquettes \u00e0 transfert thermique. Il peut s&rsquo;agir de petites imprimantes de bureau ou de plus grandes imprimantes industrielles robustes. En utilisant un ruban encreur, vous pouvez produire des images de meilleure qualit\u00e9. Un effet secondaire positif est que la t\u00eate d&rsquo;impression \u00e0 l&rsquo;int\u00e9rieur de l&rsquo;imprimante dure plus longtemps si vous utilisez un ruban thermique.<\/p>\n\n<p>Avec les Wax 4U 100 et 120, nous proposons un choix \u00e0 la fois \u00e9conomique et haut de gamme pour l&rsquo;impression de codes-barres et de textes. Ils produisent tous deux des images nettes, mais le 120 est le ruban cir\u00e9 de la meilleure qualit\u00e9 pour le plus large \u00e9ventail d&rsquo;exigences et de surfaces d&rsquo;impression.<\/p>\n\n<a href=\"https:\/\/ttr.works\/fr\/caisse-dechantillons-gratuits\/\" class=\"link-btn\">Receive a free sample box <i class=\"fal fa-chevron-right\"><\/i><\/a><a href=\"https:\/\/ttr.works\/thermal-transfer\/reseller.php\" target=\"_blank\" class=\"link-btn second\" rel=\"noopener\">Reseller page <i class=\"fal fa-chevron-right\"><\/i><\/a>\r\n\n<div style=\"height:30px\" aria-hidden=\"true\" class=\"wp-block-spacer\"><\/div>\n\n<h2 class=\"wp-block-heading\">Nos options de ruban cir\u00e9 \u00e0 t\u00eate plate 4U<\/h2>\n\n<div class=\"wp-block-media-text alignwide is-stacked-on-mobile is-vertically-aligned-center\" style=\"grid-template-columns:21% auto\"><figure class=\"wp-block-media-text__media\"><img decoding=\"async\" width=\"360\" height=\"446\" data-src=\"https:\/\/ttr.works\/wp-content\/uploads\/w100-met-logo.png\" alt=\"\" class=\"wp-image-23919 size-medium lazyload\" data-srcset=\"https:\/\/ttr.works\/wp-content\/uploads\/w100-met-logo.png 360w, https:\/\/ttr.works\/wp-content\/uploads\/w100-met-logo-242x300.png 242w\" data-sizes=\"(max-width: 360px) 100vw, 360px\" src=\"data:image\/svg+xml;base64,PHN2ZyB3aWR0aD0iMSIgaGVpZ2h0PSIxIiB4bWxucz0iaHR0cDovL3d3dy53My5vcmcvMjAwMC9zdmciPjwvc3ZnPg==\" style=\"--smush-placeholder-width: 360px; --smush-placeholder-aspect-ratio: 360\/446;\" \/><\/figure><div class=\"wp-block-media-text__content\">\n<h3 class=\"wp-block-heading\"><strong>Economical Wax 4U 100\u00a0<\/strong><\/h3>\n\n\n\n<p><a href=\"https:\/\/ttr.works\/wp-content\/uploads\/w4u-100.pdf\" target=\"_blank\" rel=\"noreferrer noopener\">Download Datasheet\u00a0<\/a><\/p>\n\n\n\n<p>Le ruban cir\u00e9 le plus \u00e9conomique de notre gamme, tout en offrant des performances constantes sur une large gamme de mat\u00e9riaux. C\u2019est une bonne solution pour les \u00e9tiquettes qui n\u2019ont pas besoin de durer des ann\u00e9es et qui ne sont pas confront\u00e9es \u00e0 des conditions difficiles comme la pluie, les temp\u00e9ratures extr\u00eames, etc.<\/p>\n\n\n\n<p>\u2013 Le ruban le plus efficace et le plus rentable au quotidien&#13;\n\u2013 Codes-barres haute noirceur et d\u00e9finition fine<\/p>\n<\/div><\/div>\n\n<div style=\"height:30px\" aria-hidden=\"true\" class=\"wp-block-spacer\"><\/div>\n\n<div class=\"wp-block-media-text alignwide is-stacked-on-mobile is-vertically-aligned-center\" style=\"grid-template-columns:21% auto\"><figure class=\"wp-block-media-text__media\"><img decoding=\"async\" width=\"360\" height=\"446\" data-src=\"https:\/\/ttr.works\/wp-content\/uploads\/w120-met-logo.png\" alt=\"\" class=\"wp-image-23927 size-medium lazyload\" data-srcset=\"https:\/\/ttr.works\/wp-content\/uploads\/w120-met-logo.png 360w, https:\/\/ttr.works\/wp-content\/uploads\/w120-met-logo-242x300.png 242w\" data-sizes=\"(max-width: 360px) 100vw, 360px\" src=\"data:image\/svg+xml;base64,PHN2ZyB3aWR0aD0iMSIgaGVpZ2h0PSIxIiB4bWxucz0iaHR0cDovL3d3dy53My5vcmcvMjAwMC9zdmciPjwvc3ZnPg==\" style=\"--smush-placeholder-width: 360px; --smush-placeholder-aspect-ratio: 360\/446;\" \/><\/figure><div class=\"wp-block-media-text__content\">\n<h3 class=\"wp-block-heading\"><strong>Premium Wax 4U 120<\/strong><\/h3>\n\n\n\n<p><a href=\"https:\/\/ttr.works\/wp-content\/uploads\/w4u-120.pdf\" target=\"_blank\" rel=\"noreferrer noopener\">Download Datasheet<\/a><\/p>\n\n\n\n<p>Cire de qualit\u00e9 sup\u00e9rieure qui imprime des images sombres et denses de haute qualit\u00e9 et offre l&rsquo;une des plus hautes r\u00e9sistances aux taches et aux rayures de sa gamme. Il convient parfaitement aux \u00e9tiquettes en papier couch\u00e9 et non couch\u00e9, au papier synth\u00e9tique et aux \u00e9tiquettes vernies UV.<\/p>\n\n\n\n<p>\u2013 La plus haute r\u00e9sistance aux rayures de sa gamme&#13;\n\u2013 Compatible avec une grande vari\u00e9t\u00e9 de mat\u00e9riaux, comme les papiers couch\u00e9s et les films synth\u00e9tiques<\/p>\n<\/div><\/div>\n","protected":false},"excerpt":{"rendered":"<p>Rubans cir\u00e9s 4U Les rubans de cire sont utilis\u00e9s dans les imprimantes d&rsquo;\u00e9tiquettes \u00e0 transfert thermique. Il peut s&rsquo;agir de petites imprimantes de bureau ou de plus grandes imprimantes industrielles robustes. En utilisant un ruban encreur, vous pouvez produire des images de meilleure qualit\u00e9. Un effet secondaire positif est que la t\u00eate d&rsquo;impression \u00e0 l&rsquo;int\u00e9rieur [&hellip;]<\/p>\n","protected":false},"author":6,"featured_media":0,"parent":4446,"menu_order":0,"comment_status":"closed","ping_status":"closed","template":"template-4u.php","meta":{"_acf_changed":false,"content-type":"","footnotes":""},"categories":[],"tags":[262],"class_list":["post-20742","page","type-page","status-publish","hentry","tag-product-fr"],"acf":[],"_links":{"self":[{"href":"https:\/\/ttr.works\/fr\/wp-json\/wp\/v2\/pages\/20742","targetHints":{"allow":["GET"]}}],"collection":[{"href":"https:\/\/ttr.works\/fr\/wp-json\/wp\/v2\/pages"}],"about":[{"href":"https:\/\/ttr.works\/fr\/wp-json\/wp\/v2\/types\/page"}],"author":[{"embeddable":true,"href":"https:\/\/ttr.works\/fr\/wp-json\/wp\/v2\/users\/6"}],"replies":[{"embeddable":true,"href":"https:\/\/ttr.works\/fr\/wp-json\/wp\/v2\/comments?post=20742"}],"version-history":[{"count":12,"href":"https:\/\/ttr.works\/fr\/wp-json\/wp\/v2\/pages\/20742\/revisions"}],"predecessor-version":[{"id":24493,"href":"https:\/\/ttr.works\/fr\/wp-json\/wp\/v2\/pages\/20742\/revisions\/24493"}],"up":[{"embeddable":true,"href":"https:\/\/ttr.works\/fr\/wp-json\/wp\/v2\/pages\/4446"}],"wp:attachment":[{"href":"https:\/\/ttr.works\/fr\/wp-json\/wp\/v2\/media?parent=20742"}],"wp:term":[{"taxonomy":"category","embeddable":true,"href":"https:\/\/ttr.works\/fr\/wp-json\/wp\/v2\/categories?post=20742"},{"taxonomy":"post_tag","embeddable":true,"href":"https:\/\/ttr.works\/fr\/wp-json\/wp\/v2\/tags?post=20742"}],"curies":[{"name":"wp","href":"https:\/\/api.w.org\/{rel}","templated":true}]}}