{"id":21400,"date":"2024-02-05T08:33:12","date_gmt":"2024-02-05T08:33:12","guid":{"rendered":"https:\/\/ttr.works\/?page_id=21400"},"modified":"2024-07-29T10:07:07","modified_gmt":"2024-07-29T10:07:07","slug":"wax-resin-flathead-ribbons","status":"publish","type":"page","link":"https:\/\/ttr.works\/fr\/thermal-transfer-ribbons\/wax-resin-flathead-ribbons\/","title":{"rendered":"Wax Resin flathead ribbons"},"content":{"rendered":"\n<h1 class=\"wp-block-heading\">Rubans Wax Resin 4U pour imprimantes Flathead<\/h1>\n\n<div style=\"height:30px\" aria-hidden=\"true\" class=\"wp-block-spacer\"><\/div>\n<div class=\"wp-block-image\">\n<figure class=\"alignright size-full is-resized\"><img decoding=\"async\" width=\"1211\" height=\"1018\" data-src=\"https:\/\/ttr.works\/wp-content\/uploads\/4U_logo_with_even_more_padding.png\" alt=\"\" class=\"wp-image-24083 lazyload\" style=\"--smush-placeholder-width: 1211px; --smush-placeholder-aspect-ratio: 1211\/1018;width:305px;height:auto\" data-srcset=\"https:\/\/ttr.works\/wp-content\/uploads\/4U_logo_with_even_more_padding.png 1211w, https:\/\/ttr.works\/wp-content\/uploads\/4U_logo_with_even_more_padding-300x252.png 300w, https:\/\/ttr.works\/wp-content\/uploads\/4U_logo_with_even_more_padding-1024x861.png 1024w, https:\/\/ttr.works\/wp-content\/uploads\/4U_logo_with_even_more_padding-768x646.png 768w\" data-sizes=\"(max-width: 1211px) 100vw, 1211px\" src=\"data:image\/svg+xml;base64,PHN2ZyB3aWR0aD0iMSIgaGVpZ2h0PSIxIiB4bWxucz0iaHR0cDovL3d3dy53My5vcmcvMjAwMC9zdmciPjwvc3ZnPg==\" \/><\/figure><\/div>\n<p>Cr\u00e9ez les images \u00e0 contraste \u00e9lev\u00e9 les plus durables avec notre s\u00e9lection de rubans de transfert thermique Wax Resin. Les best-sellers sont pr\u00e9sent\u00e9s ci-dessous afin que vous puissiez affiner rapidement votre recherche. Ces rubans sont certifi\u00e9s pour une utilisation avec toutes les imprimantes thermiques de bureau et industrielles.<\/p>\n\n<p>Si vous recherchez plut\u00f4t des rubans <a href=\"https:\/\/ttr.works\/fr\/thermal-transfer-ribbons\/wax-resin-near-edge-ribbons\/\">Near-Edge, cliquez ici.<\/a><\/p>\n\n<p>Wax Resin produit une meilleure qualit\u00e9 d\u2019impression que les rubans de cire pure. Vos impressions seront plus r\u00e9sistantes aux taches, \u00e0 la salet\u00e9 et aux rayures. Le WR4U 250 est le ruban encreur le plus polyvalent pouvant imprimer sur du papier v\u00e9lin, du papier couch\u00e9, ainsi que des substrats PE et PP.<\/p>\n\n<div style=\"height:30px\" aria-hidden=\"true\" class=\"wp-block-spacer\"><\/div>\n\n<a href=\"https:\/\/ttr.works\/fr\/caisse-dechantillons-gratuits\/\" class=\"link-btn\">Receive a free sample box <i class=\"fal fa-chevron-right\"><\/i><\/a><a href=\"https:\/\/ttr.works\/wp-content\/uploads\/Standard-4U-ribbons_lijst-website.pdf\" target=\"_blank\" class=\"link-btn second\" rel=\"noopener\">Download stock list <i class=\"fal fa-chevron-right\"><\/i><\/a>\r\n\n<div style=\"height:30px\" aria-hidden=\"true\" class=\"wp-block-spacer\"><\/div>\n\n<h2 class=\"wp-block-heading\">Nos options de ruban de r\u00e9sine cir\u00e9e \u00e0 t\u00eate plate 4U<\/h2>\n\n<div class=\"wp-block-media-text alignwide is-stacked-on-mobile is-vertically-aligned-center\" style=\"grid-template-columns:21% auto\"><figure class=\"wp-block-media-text__media\"><img decoding=\"async\" width=\"360\" height=\"446\" data-src=\"https:\/\/ttr.works\/wp-content\/uploads\/wr250-met-logo.png\" alt=\"\" class=\"wp-image-23945 size-medium lazyload\" data-srcset=\"https:\/\/ttr.works\/wp-content\/uploads\/wr250-met-logo.png 360w, https:\/\/ttr.works\/wp-content\/uploads\/wr250-met-logo-242x300.png 242w\" data-sizes=\"(max-width: 360px) 100vw, 360px\" src=\"data:image\/svg+xml;base64,PHN2ZyB3aWR0aD0iMSIgaGVpZ2h0PSIxIiB4bWxucz0iaHR0cDovL3d3dy53My5vcmcvMjAwMC9zdmciPjwvc3ZnPg==\" style=\"--smush-placeholder-width: 360px; --smush-placeholder-aspect-ratio: 360\/446;\" \/><\/figure><div class=\"wp-block-media-text__content\">\n<h3 class=\"wp-block-heading\">R\u00e9sine de cire la plus polyvalente 4U 250 (WR4U250)<\/h3>\n\n\n\n<p><a href=\"https:\/\/ttr.works\/wp-content\/uploads\/wr4u-250-1.pdf\" target=\"_blank\" rel=\"noreferrer noopener\">T\u00e9l\u00e9charger la fiche technique<\/a><\/p>\n\n\n\n<p>La cire-r\u00e9sine la plus polyvalente pour un prix de cire. La WR4U250 imprime sur tout. Eh bien&#8230; presque tout. Images noires de grande d\u00e9finition sur une grande vari\u00e9t\u00e9 de substrats, comme le papier, les synth\u00e9tiques, les \u00e9tiquettes, le poly\u00e9thyl\u00e8ne (PE), le polypropyl\u00e8ne (PP), le PET et le PVC.<\/p>\n\n\n\n<p>\u2013 Protection de la t\u00eate d\u2019impression avec une faible \u00e9nergie d\u2019impression et une formulation antistatique&#13;\n\u2013 Codes-barres, exp\u00e9dition et r\u00e9ception, inventaire, \u00e9tiquetage en rayon, horticulture, etc.<\/p>\n<\/div><\/div>\n\n<div style=\"height:30px\" aria-hidden=\"true\" class=\"wp-block-spacer\"><\/div>\n\n<div class=\"wp-block-media-text alignwide is-stacked-on-mobile is-vertically-aligned-center\" style=\"grid-template-columns:21% auto\"><figure class=\"wp-block-media-text__media\"><img decoding=\"async\" width=\"360\" height=\"446\" data-src=\"https:\/\/ttr.works\/wp-content\/uploads\/wr200-met-logo.png\" alt=\"\" class=\"wp-image-23936 size-medium lazyload\" data-srcset=\"https:\/\/ttr.works\/wp-content\/uploads\/wr200-met-logo.png 360w, https:\/\/ttr.works\/wp-content\/uploads\/wr200-met-logo-242x300.png 242w\" data-sizes=\"(max-width: 360px) 100vw, 360px\" src=\"data:image\/svg+xml;base64,PHN2ZyB3aWR0aD0iMSIgaGVpZ2h0PSIxIiB4bWxucz0iaHR0cDovL3d3dy53My5vcmcvMjAwMC9zdmciPjwvc3ZnPg==\" style=\"--smush-placeholder-width: 360px; --smush-placeholder-aspect-ratio: 360\/446;\" \/><\/figure><div class=\"wp-block-media-text__content\">\n<h3 class=\"wp-block-heading\">R\u00e9sine cir\u00e9e de haute qualit\u00e9 4U 200 (WR4U200)<\/h3>\n\n\n\n<p><a href=\"https:\/\/ttr.works\/wp-content\/uploads\/wr4u-200-1.pdf\" target=\"_blank\" rel=\"noreferrer noopener\">T\u00e9l\u00e9charger la fiche technique<\/a><\/p>\n\n\n\n<p>Cire-r\u00e9sine de haute qualit\u00e9 pour imprimantes \u00e0 transfert thermique \u00e0 t\u00eate plate. Il imprime des images noires de grande d\u00e9finition sur une grande vari\u00e9t\u00e9 de substrats, comme les \u00e9tiquettes, les mati\u00e8res synth\u00e9tiques, le poly\u00e9thyl\u00e8ne, le polypropyl\u00e8ne, etc. Il offre la meilleure r\u00e9sistance aux rayures pour des impressions plus durables.<\/p>\n\n\n\n<p>\u2013 R\u00e9sistance aux rayures de la meilleure qualit\u00e9, r\u00e9siste \u00e0 la chaleur jusqu&rsquo;\u00e0 100 \u00baC&#13;\n\u2013 Un rev\u00eatement arri\u00e8re sup\u00e9rieur prolonge la dur\u00e9e de vie de la t\u00eate d&rsquo;impression<\/p>\n<\/div><\/div>\n\n<div style=\"height:30px\" aria-hidden=\"true\" class=\"wp-block-spacer\"><\/div>\n\n<div class=\"wp-block-media-text alignwide is-stacked-on-mobile is-vertically-aligned-center\" style=\"grid-template-columns:21% auto\"><figure class=\"wp-block-media-text__media\"><img decoding=\"async\" width=\"360\" height=\"446\" data-src=\"https:\/\/ttr.works\/wp-content\/uploads\/wr220-met-logo.png\" alt=\"\" class=\"wp-image-23953 size-medium lazyload\" data-srcset=\"https:\/\/ttr.works\/wp-content\/uploads\/wr220-met-logo.png 360w, https:\/\/ttr.works\/wp-content\/uploads\/wr220-met-logo-242x300.png 242w\" data-sizes=\"(max-width: 360px) 100vw, 360px\" src=\"data:image\/svg+xml;base64,PHN2ZyB3aWR0aD0iMSIgaGVpZ2h0PSIxIiB4bWxucz0iaHR0cDovL3d3dy53My5vcmcvMjAwMC9zdmciPjwvc3ZnPg==\" style=\"--smush-placeholder-width: 360px; --smush-placeholder-aspect-ratio: 360\/446;\" \/><\/figure><div class=\"wp-block-media-text__content\">\n<h3 class=\"wp-block-heading\">R\u00e9sine de cire super premium 4U 220 (WR4U220)<\/h3>\n\n\n\n<p><a href=\"https:\/\/ttr.works\/wp-content\/uploads\/wr4u-220-1.pdf\" target=\"_blank\" rel=\"noreferrer noopener\">T\u00e9l\u00e9charger la fiche technique<\/a><\/p>\n\n\n\n<p>Cire-r\u00e9sine de la meilleure qualit\u00e9 pour les \u00e9tiquettes devant r\u00e9sister \u00e0 des conditions difficiles, o\u00f9 la durabilit\u00e9 est n\u00e9cessaire pour produire des images durables. La r\u00e9sine cire 220 offre une bonne r\u00e9sistance aux liquides comme l\u2019eau et les nettoyants m\u00e9nagers. Il produit d&rsquo;excellents codes-barres et images sur des supports papier et synth\u00e9tiques, offrant une r\u00e9sistance sup\u00e9rieure \u00e0 l&rsquo;abrasion, aux solvants et aux rayures. Il imprime \u00e9galement bien sur des surfaces rugueuses ou poreuses.<\/p>\n\n\n\n<p>\u2013 R\u00e9sistance maximale aux taches et aux rayures&#13;\n\u2013 R\u00e9sistance chimique aux agents courants<\/p>\n<\/div><\/div>\n","protected":false},"excerpt":{"rendered":"<p>Rubans Wax Resin 4U pour imprimantes Flathead Cr\u00e9ez les images \u00e0 contraste \u00e9lev\u00e9 les plus durables avec notre s\u00e9lection de rubans de transfert thermique Wax Resin. Les best-sellers sont pr\u00e9sent\u00e9s ci-dessous afin que vous puissiez affiner rapidement votre recherche. Ces rubans sont certifi\u00e9s pour une utilisation avec toutes les imprimantes thermiques de bureau et industrielles. [&hellip;]<\/p>\n","protected":false},"author":6,"featured_media":0,"parent":4446,"menu_order":0,"comment_status":"closed","ping_status":"closed","template":"template-4u.php","meta":{"_acf_changed":false,"content-type":"","footnotes":""},"categories":[129],"tags":[262],"class_list":["post-21400","page","type-page","status-publish","hentry","category-rubans-et-consommables","tag-product-fr"],"acf":[],"_links":{"self":[{"href":"https:\/\/ttr.works\/fr\/wp-json\/wp\/v2\/pages\/21400","targetHints":{"allow":["GET"]}}],"collection":[{"href":"https:\/\/ttr.works\/fr\/wp-json\/wp\/v2\/pages"}],"about":[{"href":"https:\/\/ttr.works\/fr\/wp-json\/wp\/v2\/types\/page"}],"author":[{"embeddable":true,"href":"https:\/\/ttr.works\/fr\/wp-json\/wp\/v2\/users\/6"}],"replies":[{"embeddable":true,"href":"https:\/\/ttr.works\/fr\/wp-json\/wp\/v2\/comments?post=21400"}],"version-history":[{"count":6,"href":"https:\/\/ttr.works\/fr\/wp-json\/wp\/v2\/pages\/21400\/revisions"}],"predecessor-version":[{"id":24499,"href":"https:\/\/ttr.works\/fr\/wp-json\/wp\/v2\/pages\/21400\/revisions\/24499"}],"up":[{"embeddable":true,"href":"https:\/\/ttr.works\/fr\/wp-json\/wp\/v2\/pages\/4446"}],"wp:attachment":[{"href":"https:\/\/ttr.works\/fr\/wp-json\/wp\/v2\/media?parent=21400"}],"wp:term":[{"taxonomy":"category","embeddable":true,"href":"https:\/\/ttr.works\/fr\/wp-json\/wp\/v2\/categories?post=21400"},{"taxonomy":"post_tag","embeddable":true,"href":"https:\/\/ttr.works\/fr\/wp-json\/wp\/v2\/tags?post=21400"}],"curies":[{"name":"wp","href":"https:\/\/api.w.org\/{rel}","templated":true}]}}