{"id":21464,"date":"2024-02-05T08:32:14","date_gmt":"2024-02-05T08:32:14","guid":{"rendered":"https:\/\/ttr.works\/?page_id=21464"},"modified":"2024-07-29T08:38:57","modified_gmt":"2024-07-29T08:38:57","slug":"resin-flathead-ribbons","status":"publish","type":"page","link":"https:\/\/ttr.works\/fr\/thermal-transfer-ribbons\/resin-flathead-ribbons\/","title":{"rendered":"Resin flathead ribbons"},"content":{"rendered":"\n<h1 class=\"wp-block-heading\">Resin 4U ribbons<\/h1>\n<div class=\"wp-block-image\">\n<figure class=\"alignright size-large is-resized\"><img decoding=\"async\" width=\"1024\" height=\"861\" data-src=\"https:\/\/ttr.works\/wp-content\/uploads\/\/4U_logo_with_even_more_padding-1024x861.png\" alt=\"\" class=\"wp-image-24083 lazyload\" style=\"--smush-placeholder-width: 1024px; --smush-placeholder-aspect-ratio: 1024\/861;width:304px;height:auto\" data-srcset=\"https:\/\/ttr.works\/wp-content\/uploads\/4U_logo_with_even_more_padding-1024x861.png 1024w, https:\/\/ttr.works\/wp-content\/uploads\/4U_logo_with_even_more_padding-300x252.png 300w, https:\/\/ttr.works\/wp-content\/uploads\/4U_logo_with_even_more_padding-768x646.png 768w, https:\/\/ttr.works\/wp-content\/uploads\/4U_logo_with_even_more_padding.png 1211w\" data-sizes=\"(max-width: 1024px) 100vw, 1024px\" src=\"data:image\/svg+xml;base64,PHN2ZyB3aWR0aD0iMSIgaGVpZ2h0PSIxIiB4bWxucz0iaHR0cDovL3d3dy53My5vcmcvMjAwMC9zdmciPjwvc3ZnPg==\" \/><\/figure><\/div>\n<p>Les rubans de r\u00e9sine sont n\u00e9cessaires dans les applications n\u00e9cessitant une excellente r\u00e9sistance m\u00e9canique et aux solvants. Ils conviennent \u00e0 l&rsquo;impression sur la plupart des mat\u00e9riaux synth\u00e9tiques tels que le PVC, le PET, le PP et divers papiers couch\u00e9s mats et brillants.<\/p>\n\n<p><pre id=\"tw-target-text\" class=\"tw-data-text tw-text-large tw-ta\" dir=\"ltr\" data-placeholder=\"Vertaling\" aria-label=\"Vertaalde tekst\" data-ved=\"2ahUKEwi2iP2c68uHAxWDwAIHHTVJBCIQ3ewLegQIBxAU\"><span class=\"Y2IQFc\" lang=\"fr\">Si vous recherchez plut\u00f4t des rubans <a href=\"https:\/\/ttr.works\/fr\/thermal-transfer-ribbons\/wax-resin-near-edge-ribbons\/\">Near-Edge, cliques ici.<\/a><\/span><\/pre><\/p>\n\n<p>Parce qu\u2019elles fondent \u00e0 une temp\u00e9rature beaucoup plus \u00e9lev\u00e9e, l\u2019encre se dissout dans le mat\u00e9riau sur lequel elles sont imprim\u00e9es, cr\u00e9ant ainsi des images extr\u00eamement durables.<\/p>\n\n<a href=\"https:\/\/ttr.works\/fr\/caisse-dechantillons-gratuits\/\" class=\"link-btn\">Receive a free sample box <i class=\"fal fa-chevron-right\"><\/i><\/a><a href=\"https:\/\/ttr.works\/wp-content\/uploads\/Standard-4U-ribbons_lijst-website.pdf\" target=\"_blank\" class=\"link-btn second\" rel=\"noopener\">Download stock list <i class=\"fal fa-chevron-right\"><\/i><\/a>\r\n\n<div style=\"height:30px\" aria-hidden=\"true\" class=\"wp-block-spacer\"><\/div>\n\n<h2 class=\"wp-block-heading\">Nos options de rubans en r\u00e9sine \u00e0 t\u00eate plate 4U<\/h2>\n\n<div class=\"wp-block-media-text alignwide is-stacked-on-mobile is-vertically-aligned-center\" style=\"grid-template-columns:21% auto\"><figure class=\"wp-block-media-text__media\"><img decoding=\"async\" width=\"360\" height=\"446\" data-src=\"https:\/\/ttr.works\/wp-content\/uploads\/r300-met-logo.png\" alt=\"\" class=\"wp-image-23962 size-medium lazyload\" data-srcset=\"https:\/\/ttr.works\/wp-content\/uploads\/r300-met-logo.png 360w, https:\/\/ttr.works\/wp-content\/uploads\/r300-met-logo-242x300.png 242w\" data-sizes=\"(max-width: 360px) 100vw, 360px\" src=\"data:image\/svg+xml;base64,PHN2ZyB3aWR0aD0iMSIgaGVpZ2h0PSIxIiB4bWxucz0iaHR0cDovL3d3dy53My5vcmcvMjAwMC9zdmciPjwvc3ZnPg==\" style=\"--smush-placeholder-width: 360px; --smush-placeholder-aspect-ratio: 360\/446;\" \/><\/figure><div class=\"wp-block-media-text__content\">\n<h3 class=\"wp-block-heading\">R\u00e9sine \u00e9conomique 4U 300<\/h3>\n\n\n\n<p><a href=\"https:\/\/ttr.works\/wp-content\/uploads\/r4u-350.pdf\" target=\"_blank\" rel=\"noreferrer noopener\">T\u00e9l\u00e9charger la fiche technique<\/a><\/p>\n\n\n\n<p>R\u00e9sine \u00e0 usage g\u00e9n\u00e9ral qui produit des images durables et claires avec une excellente r\u00e9sistance aux rayures et aux taches.<\/p>\n\n\n\n<p>\u2013 R\u00e9sistance extr\u00eame \u00e0 l\u2019abrasion&#13;\n\u2013 Le rev\u00eatement antistatique prolonge la dur\u00e9e de vie de la t\u00eate d&rsquo;impression<\/p>\n<\/div><\/div>\n\n<div style=\"height:30px\" aria-hidden=\"true\" class=\"wp-block-spacer\"><\/div>\n\n<div class=\"wp-block-media-text alignwide is-stacked-on-mobile is-vertically-aligned-center\" style=\"grid-template-columns:21% auto\"><figure class=\"wp-block-media-text__media\"><img decoding=\"async\" width=\"360\" height=\"446\" data-src=\"https:\/\/ttr.works\/wp-content\/uploads\/r350-met-logo.png\" alt=\"\" class=\"wp-image-23971 size-medium lazyload\" data-srcset=\"https:\/\/ttr.works\/wp-content\/uploads\/r350-met-logo.png 360w, https:\/\/ttr.works\/wp-content\/uploads\/r350-met-logo-242x300.png 242w\" data-sizes=\"(max-width: 360px) 100vw, 360px\" src=\"data:image\/svg+xml;base64,PHN2ZyB3aWR0aD0iMSIgaGVpZ2h0PSIxIiB4bWxucz0iaHR0cDovL3d3dy53My5vcmcvMjAwMC9zdmciPjwvc3ZnPg==\" style=\"--smush-placeholder-width: 360px; --smush-placeholder-aspect-ratio: 360\/446;\" \/><\/figure><div class=\"wp-block-media-text__content\">\n<h3 class=\"wp-block-heading\">R\u00e9sine Premium 4U 350<\/h3>\n\n\n\n<p><a href=\"https:\/\/ttr.works\/wp-content\/uploads\/r4u-350-1.pdf\" target=\"_blank\" rel=\"noreferrer noopener\">T\u00e9l\u00e9charger la fiche technique<\/a><\/p>\n\n\n\n<p>Haute r\u00e9sistance aux produits chimiques agressifs, comme l&rsquo;ac\u00e9tone, le tolu\u00e8ne et le MEK. Il \u00e9limine le besoin de pelliculages en plastique dans certaines industries, r\u00e9duisant ainsi la production d&rsquo;\u00e9tiquettes \u00e0 un processus en une seule \u00e9tape, \u00e9liminant ainsi les co\u00fbts.<\/p>\n\n\n\n<p>\u2013 R\u00e9sistance extr\u00eame aux produits chimiques agressifs&#13;\n\u2013 Micro-\u00e9tiquettes et \u00e9tiquettes d\u2019actifs dans les industries \u00e9lectronique et automobile&#13;\n\u2013 \u00c9tiquettes chimiques sur f\u00fbts et conteneurs<\/p>\n<\/div><\/div>\n","protected":false},"excerpt":{"rendered":"<p>Resin 4U ribbons Les rubans de r\u00e9sine sont n\u00e9cessaires dans les applications n\u00e9cessitant une excellente r\u00e9sistance m\u00e9canique et aux solvants. Ils conviennent \u00e0 l&rsquo;impression sur la plupart des mat\u00e9riaux synth\u00e9tiques tels que le PVC, le PET, le PP et divers papiers couch\u00e9s mats et brillants. Si vous recherchez plut\u00f4t des rubans Near-Edge, cliques ici. Parce [&hellip;]<\/p>\n","protected":false},"author":6,"featured_media":0,"parent":4446,"menu_order":0,"comment_status":"closed","ping_status":"closed","template":"template-4u.php","meta":{"_acf_changed":false,"content-type":"","footnotes":""},"categories":[],"tags":[262],"class_list":["post-21464","page","type-page","status-publish","hentry","tag-product-fr"],"acf":[],"_links":{"self":[{"href":"https:\/\/ttr.works\/fr\/wp-json\/wp\/v2\/pages\/21464","targetHints":{"allow":["GET"]}}],"collection":[{"href":"https:\/\/ttr.works\/fr\/wp-json\/wp\/v2\/pages"}],"about":[{"href":"https:\/\/ttr.works\/fr\/wp-json\/wp\/v2\/types\/page"}],"author":[{"embeddable":true,"href":"https:\/\/ttr.works\/fr\/wp-json\/wp\/v2\/users\/6"}],"replies":[{"embeddable":true,"href":"https:\/\/ttr.works\/fr\/wp-json\/wp\/v2\/comments?post=21464"}],"version-history":[{"count":5,"href":"https:\/\/ttr.works\/fr\/wp-json\/wp\/v2\/pages\/21464\/revisions"}],"predecessor-version":[{"id":24481,"href":"https:\/\/ttr.works\/fr\/wp-json\/wp\/v2\/pages\/21464\/revisions\/24481"}],"up":[{"embeddable":true,"href":"https:\/\/ttr.works\/fr\/wp-json\/wp\/v2\/pages\/4446"}],"wp:attachment":[{"href":"https:\/\/ttr.works\/fr\/wp-json\/wp\/v2\/media?parent=21464"}],"wp:term":[{"taxonomy":"category","embeddable":true,"href":"https:\/\/ttr.works\/fr\/wp-json\/wp\/v2\/categories?post=21464"},{"taxonomy":"post_tag","embeddable":true,"href":"https:\/\/ttr.works\/fr\/wp-json\/wp\/v2\/tags?post=21464"}],"curies":[{"name":"wp","href":"https:\/\/api.w.org\/{rel}","templated":true}]}}