{"id":21504,"date":"2024-02-05T13:24:59","date_gmt":"2024-02-05T13:24:59","guid":{"rendered":"https:\/\/ttr.works\/?page_id=21504"},"modified":"2024-07-29T09:17:38","modified_gmt":"2024-07-29T09:17:38","slug":"wax-resin-near-edge-ribbons","status":"publish","type":"page","link":"https:\/\/ttr.works\/fr\/thermal-transfer-ribbons\/wax-resin-near-edge-ribbons\/","title":{"rendered":"Wax Resin Near edge ribbons"},"content":{"rendered":"\n<h1 class=\"wp-block-heading\">Rubans Near Edge 4U<\/h1>\n\n<div style=\"height:12px\" aria-hidden=\"true\" class=\"wp-block-spacer\"><\/div>\n\n<p>L&rsquo;impression proche du bord s&rsquo;effectue g\u00e9n\u00e9ralement \u00e0 une vitesse \u00e9lev\u00e9e, ce qui n\u00e9cessite des rubans encreurs de haute qualit\u00e9 adapt\u00e9s \u00e0 leur usage. Pour ces cas d\u2019usage, les best-sellers de notre gamme sont les r\u00e9sines cires 411 et 431. Ils sont parfaits pour imprimer sur une grande vari\u00e9t\u00e9 de supports tels que le papier, les plastiques, le PE et les films d&#8217;emballage flexibles. Le 410 est tout aussi performant et poss\u00e8de le film PET le plus fin qui s&rsquo;adapte \u00e0 plus de m\u00e8tres par rouleau.<\/p>\n\n<p>Choisissez la marque maison TTR Euroworks pour imprimer de gros volumes \u00e0 des vitesses \u00e9lev\u00e9es.<\/p>\n\n<a href=\"https:\/\/ttr.works\/fr\/caisse-dechantillons-gratuits\/\" class=\"link-btn\">\u00c9chantillons gratuits <i class=\"fal fa-chevron-right\"><\/i><\/a><a href=\"https:\/\/ttr.works\/wp-content\/uploads\/stocklist.pdf\" target=\"_blank\" class=\"link-btn second\" rel=\"noopener\">tailles standards <i class=\"fal fa-chevron-right\"><\/i><\/a>\r\n\n<div style=\"height:30px\" aria-hidden=\"true\" class=\"wp-block-spacer\"><\/div>\n\n<h2 class=\"wp-block-heading\">Nos best-sellers NEAR EDGE<\/h2>\n\n<div class=\"wp-block-media-text alignwide is-stacked-on-mobile is-vertically-aligned-center\" style=\"grid-template-columns:21% auto\"><figure class=\"wp-block-media-text__media\"><img decoding=\"async\" width=\"360\" height=\"446\" data-src=\"https:\/\/ttr.works\/wp-content\/uploads\/wr410-met-logo.png\" alt=\"\" class=\"wp-image-23980 size-medium lazyload\" data-srcset=\"https:\/\/ttr.works\/wp-content\/uploads\/wr410-met-logo.png 360w, https:\/\/ttr.works\/wp-content\/uploads\/wr410-met-logo-242x300.png 242w\" data-sizes=\"(max-width: 360px) 100vw, 360px\" src=\"data:image\/svg+xml;base64,PHN2ZyB3aWR0aD0iMSIgaGVpZ2h0PSIxIiB4bWxucz0iaHR0cDovL3d3dy53My5vcmcvMjAwMC9zdmciPjwvc3ZnPg==\" style=\"--smush-placeholder-width: 360px; --smush-placeholder-aspect-ratio: 360\/446;\" \/><\/figure><div class=\"wp-block-media-text__content\">\n<h3 class=\"wp-block-heading\">R\u00e9sine cire \u00e9conomique 4U 410 Near Edge<\/h3>\n\n\n\n<p><a href=\"https:\/\/ttr.works\/wp-content\/uploads\/wr4u-431NE.pdf\" target=\"_blank\" rel=\"noreferrer noopener\">T\u00e9l\u00e9charger la fiche technique<\/a><\/p>\n\n\n\n<p>Cette cire-r\u00e9sine \u00e0 usage g\u00e9n\u00e9ral destin\u00e9e aux imprimantes en ligne ou proche du bord poss\u00e8de le film PET le plus fin de la gamme, ce qui permet plus de m\u00e8tres par rouleau. Il produit des impressions durables et fonctionne bien \u00e0 grande vitesse.<\/p>\n\n\n\n<p>&#8211; Grandes \u00e9conomies globales pour l&rsquo;impression en ligne et sur les emballages&#13;\n&#8211; Le rev\u00eatement arri\u00e8re antistatique et les faibles besoins \u00e9nerg\u00e9tiques prolongent la dur\u00e9e de vie de la t\u00eate d&rsquo;impression<\/p>\n<\/div><\/div>\n\n<div style=\"height:30px\" aria-hidden=\"true\" class=\"wp-block-spacer\"><\/div>\n\n<div class=\"wp-block-media-text alignwide is-stacked-on-mobile is-vertically-aligned-center\" style=\"grid-template-columns:21% auto\"><figure class=\"wp-block-media-text__media\"><img decoding=\"async\" width=\"360\" height=\"446\" data-src=\"https:\/\/ttr.works\/wp-content\/uploads\/wr411-met-logo.png\" alt=\"\" class=\"wp-image-23989 size-medium lazyload\" data-srcset=\"https:\/\/ttr.works\/wp-content\/uploads\/wr411-met-logo.png 360w, https:\/\/ttr.works\/wp-content\/uploads\/wr411-met-logo-242x300.png 242w\" data-sizes=\"(max-width: 360px) 100vw, 360px\" src=\"data:image\/svg+xml;base64,PHN2ZyB3aWR0aD0iMSIgaGVpZ2h0PSIxIiB4bWxucz0iaHR0cDovL3d3dy53My5vcmcvMjAwMC9zdmciPjwvc3ZnPg==\" style=\"--smush-placeholder-width: 360px; --smush-placeholder-aspect-ratio: 360\/446;\" \/><\/figure><div class=\"wp-block-media-text__content\">\n<h3 class=\"wp-block-heading\">R\u00e9sine de cire premium 4U 411 Near Edge<\/h3>\n\n\n\n<p><a href=\"https:\/\/ttr.works\/wp-content\/uploads\/wr4u-411-c-1.pdf\" target=\"_blank\" rel=\"noreferrer noopener\">T\u00e9l\u00e9charger la fiche technique<\/a><\/p>\n\n\n\n<p>Ruban en r\u00e9sine cir\u00e9e con\u00e7u pour les imprimantes industrielles Near Edge dans les applications d&rsquo;\u00e9tiquetage \u00e0 grand volume telles que les films flexibles et les applications d&rsquo;impression et d&rsquo;application. Il produit une qualit\u00e9 d\u2019impression constante et des bords de points nets pour des codes-barres denses.<\/p>\n\n\n\n<p>\u2013 Haute r\u00e9sistance aux taches&#13;\n\u2013 Haute r\u00e9sistance aux rayures&#13;\n\u2013 Haute r\u00e9sistance aux UV<\/p>\n<\/div><\/div>\n\n<div style=\"height:30px\" aria-hidden=\"true\" class=\"wp-block-spacer\"><\/div>\n\n<div class=\"wp-block-media-text alignwide is-stacked-on-mobile is-vertically-aligned-center\" style=\"grid-template-columns:21% auto\"><figure class=\"wp-block-media-text__media\"><img decoding=\"async\" width=\"360\" height=\"446\" data-src=\"https:\/\/ttr.works\/wp-content\/uploads\/wr431-met-logo.png\" alt=\"\" class=\"wp-image-23997 size-medium lazyload\" data-srcset=\"https:\/\/ttr.works\/wp-content\/uploads\/wr431-met-logo.png 360w, https:\/\/ttr.works\/wp-content\/uploads\/wr431-met-logo-242x300.png 242w\" data-sizes=\"(max-width: 360px) 100vw, 360px\" src=\"data:image\/svg+xml;base64,PHN2ZyB3aWR0aD0iMSIgaGVpZ2h0PSIxIiB4bWxucz0iaHR0cDovL3d3dy53My5vcmcvMjAwMC9zdmciPjwvc3ZnPg==\" style=\"--smush-placeholder-width: 360px; --smush-placeholder-aspect-ratio: 360\/446;\" \/><\/figure><div class=\"wp-block-media-text__content\">\n<h3 class=\"wp-block-heading\">R\u00e9sine de cire durable 4U 431 Near Edge<\/h3>\n\n\n\n<p><a href=\"https:\/\/ttr.works\/wp-content\/uploads\/wr4u-411-c-1.pdf\" target=\"_blank\" rel=\"noreferrer noopener\">T\u00e9l\u00e9charger la fiche technique<\/a><\/p>\n\n\n\n<p>Con\u00e7u pour l&rsquo;impression d&#8217;emballages en ligne, l&rsquo;impression et l&rsquo;application \u00e0 grande vitesse. Il produit une excellente densit\u00e9 et d\u00e9finition d\u2019impression sur une large gamme de substrats.<\/p>\n\n\n\n<p>&#8211; Bonne r\u00e9sistance aux hautes temp\u00e9ratures&#13;\n&#8211; Compatible avec les films d&#8217;emballage souples<\/p>\n<\/div><\/div>\n\n<div style=\"height:45px\" aria-hidden=\"true\" class=\"wp-block-spacer\"><\/div>\n\n<div class=\"wp-block-media-text alignwide is-stacked-on-mobile is-vertically-aligned-center\" style=\"grid-template-columns:21% auto\"><figure class=\"wp-block-media-text__media\"><img decoding=\"async\" width=\"360\" height=\"446\" data-src=\"https:\/\/ttr.works\/wp-content\/uploads\/r600-met-logo.png\" alt=\"\" class=\"wp-image-24005 size-medium lazyload\" data-srcset=\"https:\/\/ttr.works\/wp-content\/uploads\/r600-met-logo.png 360w, https:\/\/ttr.works\/wp-content\/uploads\/r600-met-logo-242x300.png 242w\" data-sizes=\"(max-width: 360px) 100vw, 360px\" src=\"data:image\/svg+xml;base64,PHN2ZyB3aWR0aD0iMSIgaGVpZ2h0PSIxIiB4bWxucz0iaHR0cDovL3d3dy53My5vcmcvMjAwMC9zdmciPjwvc3ZnPg==\" style=\"--smush-placeholder-width: 360px; --smush-placeholder-aspect-ratio: 360\/446;\" \/><\/figure><div class=\"wp-block-media-text__content\">\n<h3 class=\"wp-block-heading\">R\u00e9sine Premium 4U 600 Near Edge<\/h3>\n\n\n\n<p><a href=\"https:\/\/ttr.works\/wp-content\/uploads\/wr4u-411-c-1.pdf\" target=\"_blank\" rel=\"noreferrer noopener\">T\u00e9l\u00e9charger la fiche technique<\/a><\/p>\n\n\n\n<p>Qualit\u00e9 de r\u00e9sine qui produit les images et les codes-barres les plus durables, m\u00eame \u00e0 des vitesses d&rsquo;impression \u00e9lev\u00e9es. Les images ont une haute r\u00e9sistance aux rayures et \u00e0 la chaleur.<\/p>\n\n\n\n<p>\u2013 Excellente combinaison de vitesse et de performances&#13;\n\u2013 Les images les plus durables en haute d\u00e9finition<\/p>\n<\/div><\/div>\n","protected":false},"excerpt":{"rendered":"<p>Rubans Near Edge 4U L&rsquo;impression proche du bord s&rsquo;effectue g\u00e9n\u00e9ralement \u00e0 une vitesse \u00e9lev\u00e9e, ce qui n\u00e9cessite des rubans encreurs de haute qualit\u00e9 adapt\u00e9s \u00e0 leur usage. Pour ces cas d\u2019usage, les best-sellers de notre gamme sont les r\u00e9sines cires 411 et 431. Ils sont parfaits pour imprimer sur une grande vari\u00e9t\u00e9 de supports tels [&hellip;]<\/p>\n","protected":false},"author":6,"featured_media":0,"parent":4446,"menu_order":0,"comment_status":"closed","ping_status":"closed","template":"template-4u.php","meta":{"_acf_changed":false,"content-type":"","footnotes":""},"categories":[],"tags":[262],"class_list":["post-21504","page","type-page","status-publish","hentry","tag-product-fr"],"acf":[],"yoast_head":"<!-- This site is optimized with the Yoast SEO plugin v25.9 - https:\/\/yoast.com\/wordpress\/plugins\/seo\/ -->\n<title>Wax Resin Near edge ribbons - TTR Euroworks<\/title>\n<meta name=\"description\" content=\"Des impressions durables qui peuvent durer des ann\u00e9es \u2713 Processus de gros volumes \u00e0 grande vitesse \u2713 Excellent pour le papier, les plastiques et les films d&#039;emballage flexibles\" \/>\n<meta name=\"robots\" content=\"index, follow, max-snippet:-1, max-image-preview:large, max-video-preview:-1\" \/>\n<link rel=\"canonical\" href=\"https:\/\/ttr.works\/fr\/thermal-transfer-ribbons\/wax-resin-near-edge-ribbons\/\" \/>\n<meta property=\"og:locale\" content=\"fr_FR\" \/>\n<meta property=\"og:type\" content=\"article\" \/>\n<meta property=\"og:title\" content=\"Wax Resin Near edge ribbons - TTR Euroworks\" \/>\n<meta property=\"og:description\" content=\"Des impressions durables qui peuvent durer des ann\u00e9es \u2713 Processus de gros volumes \u00e0 grande vitesse \u2713 Excellent pour le papier, les plastiques et les films d&#039;emballage flexibles\" \/>\n<meta property=\"og:url\" content=\"https:\/\/ttr.works\/fr\/thermal-transfer-ribbons\/wax-resin-near-edge-ribbons\/\" \/>\n<meta property=\"og:site_name\" content=\"TTR Euroworks\" \/>\n<meta property=\"article:modified_time\" content=\"2024-07-29T09:17:38+00:00\" \/>\n<meta property=\"og:image\" content=\"https:\/\/ttr.works\/wp-content\/uploads\/wr410-met-logo.png\" \/>\n<meta name=\"twitter:card\" content=\"summary_large_image\" \/>\n<meta name=\"twitter:label1\" content=\"Dur\u00e9e de lecture estim\u00e9e\" \/>\n\t<meta name=\"twitter:data1\" content=\"2 minutes\" \/>\n<script type=\"application\/ld+json\" class=\"yoast-schema-graph\">{\"@context\":\"https:\/\/schema.org\",\"@graph\":[{\"@type\":\"WebPage\",\"@id\":\"https:\/\/ttr.works\/fr\/thermal-transfer-ribbons\/wax-resin-near-edge-ribbons\/\",\"url\":\"https:\/\/ttr.works\/fr\/thermal-transfer-ribbons\/wax-resin-near-edge-ribbons\/\",\"name\":\"Wax Resin Near edge ribbons - TTR Euroworks\",\"isPartOf\":{\"@id\":\"https:\/\/ttr.works\/fr\/#website\"},\"primaryImageOfPage\":{\"@id\":\"https:\/\/ttr.works\/fr\/thermal-transfer-ribbons\/wax-resin-near-edge-ribbons\/#primaryimage\"},\"image\":{\"@id\":\"https:\/\/ttr.works\/fr\/thermal-transfer-ribbons\/wax-resin-near-edge-ribbons\/#primaryimage\"},\"thumbnailUrl\":\"https:\/\/ttr.works\/wp-content\/uploads\/wr410-met-logo.png\",\"datePublished\":\"2024-02-05T13:24:59+00:00\",\"dateModified\":\"2024-07-29T09:17:38+00:00\",\"description\":\"Des impressions durables qui peuvent durer des ann\u00e9es \u2713 Processus de gros volumes \u00e0 grande vitesse \u2713 Excellent pour le papier, les plastiques et les films d'emballage flexibles\",\"breadcrumb\":{\"@id\":\"https:\/\/ttr.works\/fr\/thermal-transfer-ribbons\/wax-resin-near-edge-ribbons\/#breadcrumb\"},\"inLanguage\":\"fr-FR\",\"potentialAction\":[{\"@type\":\"ReadAction\",\"target\":[\"https:\/\/ttr.works\/fr\/thermal-transfer-ribbons\/wax-resin-near-edge-ribbons\/\"]}]},{\"@type\":\"ImageObject\",\"inLanguage\":\"fr-FR\",\"@id\":\"https:\/\/ttr.works\/fr\/thermal-transfer-ribbons\/wax-resin-near-edge-ribbons\/#primaryimage\",\"url\":\"https:\/\/ttr.works\/wp-content\/uploads\/wr410-met-logo.png\",\"contentUrl\":\"https:\/\/ttr.works\/wp-content\/uploads\/wr410-met-logo.png\"},{\"@type\":\"BreadcrumbList\",\"@id\":\"https:\/\/ttr.works\/fr\/thermal-transfer-ribbons\/wax-resin-near-edge-ribbons\/#breadcrumb\",\"itemListElement\":[{\"@type\":\"ListItem\",\"position\":1,\"name\":\"Home\",\"item\":\"https:\/\/ttr.works\/fr\/accueil\/\"},{\"@type\":\"ListItem\",\"position\":2,\"name\":\"Rubans de transfert thermique pour chaque application\",\"item\":\"https:\/\/ttr.works\/fr\/thermal-transfer-ribbons\/\"},{\"@type\":\"ListItem\",\"position\":3,\"name\":\"Wax Resin Near edge ribbons\"}]},{\"@type\":\"WebSite\",\"@id\":\"https:\/\/ttr.works\/fr\/#website\",\"url\":\"https:\/\/ttr.works\/fr\/\",\"name\":\"TTR Euroworks\",\"description\":\"Your ttr partner\",\"potentialAction\":[{\"@type\":\"SearchAction\",\"target\":{\"@type\":\"EntryPoint\",\"urlTemplate\":\"https:\/\/ttr.works\/fr\/?s={search_term_string}\"},\"query-input\":{\"@type\":\"PropertyValueSpecification\",\"valueRequired\":true,\"valueName\":\"search_term_string\"}}],\"inLanguage\":\"fr-FR\"}]}<\/script>\n<!-- \/ Yoast SEO plugin. -->","yoast_head_json":{"title":"Wax Resin Near edge ribbons - TTR Euroworks","description":"Des impressions durables qui peuvent durer des ann\u00e9es \u2713 Processus de gros volumes \u00e0 grande vitesse \u2713 Excellent pour le papier, les plastiques et les films d'emballage flexibles","robots":{"index":"index","follow":"follow","max-snippet":"max-snippet:-1","max-image-preview":"max-image-preview:large","max-video-preview":"max-video-preview:-1"},"canonical":"https:\/\/ttr.works\/fr\/thermal-transfer-ribbons\/wax-resin-near-edge-ribbons\/","og_locale":"fr_FR","og_type":"article","og_title":"Wax Resin Near edge ribbons - TTR Euroworks","og_description":"Des impressions durables qui peuvent durer des ann\u00e9es \u2713 Processus de gros volumes \u00e0 grande vitesse \u2713 Excellent pour le papier, les plastiques et les films d'emballage flexibles","og_url":"https:\/\/ttr.works\/fr\/thermal-transfer-ribbons\/wax-resin-near-edge-ribbons\/","og_site_name":"TTR Euroworks","article_modified_time":"2024-07-29T09:17:38+00:00","og_image":[{"url":"https:\/\/ttr.works\/wp-content\/uploads\/wr410-met-logo.png","type":"","width":"","height":""}],"twitter_card":"summary_large_image","twitter_misc":{"Dur\u00e9e de lecture estim\u00e9e":"2 minutes"},"schema":{"@context":"https:\/\/schema.org","@graph":[{"@type":"WebPage","@id":"https:\/\/ttr.works\/fr\/thermal-transfer-ribbons\/wax-resin-near-edge-ribbons\/","url":"https:\/\/ttr.works\/fr\/thermal-transfer-ribbons\/wax-resin-near-edge-ribbons\/","name":"Wax Resin Near edge ribbons - TTR Euroworks","isPartOf":{"@id":"https:\/\/ttr.works\/fr\/#website"},"primaryImageOfPage":{"@id":"https:\/\/ttr.works\/fr\/thermal-transfer-ribbons\/wax-resin-near-edge-ribbons\/#primaryimage"},"image":{"@id":"https:\/\/ttr.works\/fr\/thermal-transfer-ribbons\/wax-resin-near-edge-ribbons\/#primaryimage"},"thumbnailUrl":"https:\/\/ttr.works\/wp-content\/uploads\/wr410-met-logo.png","datePublished":"2024-02-05T13:24:59+00:00","dateModified":"2024-07-29T09:17:38+00:00","description":"Des impressions durables qui peuvent durer des ann\u00e9es \u2713 Processus de gros volumes \u00e0 grande vitesse \u2713 Excellent pour le papier, les plastiques et les films d'emballage flexibles","breadcrumb":{"@id":"https:\/\/ttr.works\/fr\/thermal-transfer-ribbons\/wax-resin-near-edge-ribbons\/#breadcrumb"},"inLanguage":"fr-FR","potentialAction":[{"@type":"ReadAction","target":["https:\/\/ttr.works\/fr\/thermal-transfer-ribbons\/wax-resin-near-edge-ribbons\/"]}]},{"@type":"ImageObject","inLanguage":"fr-FR","@id":"https:\/\/ttr.works\/fr\/thermal-transfer-ribbons\/wax-resin-near-edge-ribbons\/#primaryimage","url":"https:\/\/ttr.works\/wp-content\/uploads\/wr410-met-logo.png","contentUrl":"https:\/\/ttr.works\/wp-content\/uploads\/wr410-met-logo.png"},{"@type":"BreadcrumbList","@id":"https:\/\/ttr.works\/fr\/thermal-transfer-ribbons\/wax-resin-near-edge-ribbons\/#breadcrumb","itemListElement":[{"@type":"ListItem","position":1,"name":"Home","item":"https:\/\/ttr.works\/fr\/accueil\/"},{"@type":"ListItem","position":2,"name":"Rubans de transfert thermique pour chaque application","item":"https:\/\/ttr.works\/fr\/thermal-transfer-ribbons\/"},{"@type":"ListItem","position":3,"name":"Wax Resin Near edge ribbons"}]},{"@type":"WebSite","@id":"https:\/\/ttr.works\/fr\/#website","url":"https:\/\/ttr.works\/fr\/","name":"TTR Euroworks","description":"Your ttr partner","potentialAction":[{"@type":"SearchAction","target":{"@type":"EntryPoint","urlTemplate":"https:\/\/ttr.works\/fr\/?s={search_term_string}"},"query-input":{"@type":"PropertyValueSpecification","valueRequired":true,"valueName":"search_term_string"}}],"inLanguage":"fr-FR"}]}},"_links":{"self":[{"href":"https:\/\/ttr.works\/fr\/wp-json\/wp\/v2\/pages\/21504","targetHints":{"allow":["GET"]}}],"collection":[{"href":"https:\/\/ttr.works\/fr\/wp-json\/wp\/v2\/pages"}],"about":[{"href":"https:\/\/ttr.works\/fr\/wp-json\/wp\/v2\/types\/page"}],"author":[{"embeddable":true,"href":"https:\/\/ttr.works\/fr\/wp-json\/wp\/v2\/users\/6"}],"replies":[{"embeddable":true,"href":"https:\/\/ttr.works\/fr\/wp-json\/wp\/v2\/comments?post=21504"}],"version-history":[{"count":14,"href":"https:\/\/ttr.works\/fr\/wp-json\/wp\/v2\/pages\/21504\/revisions"}],"predecessor-version":[{"id":24487,"href":"https:\/\/ttr.works\/fr\/wp-json\/wp\/v2\/pages\/21504\/revisions\/24487"}],"up":[{"embeddable":true,"href":"https:\/\/ttr.works\/fr\/wp-json\/wp\/v2\/pages\/4446"}],"wp:attachment":[{"href":"https:\/\/ttr.works\/fr\/wp-json\/wp\/v2\/media?parent=21504"}],"wp:term":[{"taxonomy":"category","embeddable":true,"href":"https:\/\/ttr.works\/fr\/wp-json\/wp\/v2\/categories?post=21504"},{"taxonomy":"post_tag","embeddable":true,"href":"https:\/\/ttr.works\/fr\/wp-json\/wp\/v2\/tags?post=21504"}],"curies":[{"name":"wp","href":"https:\/\/api.w.org\/{rel}","templated":true}]}}