{"id":21521,"date":"2024-02-05T13:52:24","date_gmt":"2024-02-05T13:52:24","guid":{"rendered":"https:\/\/ttr.works\/?page_id=21521"},"modified":"2024-02-29T16:17:28","modified_gmt":"2024-02-29T16:17:28","slug":"resin-near-edge-ribbons","status":"publish","type":"page","link":"https:\/\/ttr.works\/fr\/thermal-transfer-ribbons\/resin-near-edge-ribbons\/","title":{"rendered":"Resin Near edge ribbons"},"content":{"rendered":"\n<h1 class=\"wp-block-heading\">Rubans en r\u00e9sine Near Edge 4U<\/h1>\n\n\n\n<p>Pour l&rsquo;impression Near Edge, g\u00e9n\u00e9ralement \u00e0 grande vitesse, nous proposons plusieurs options cire-r\u00e9sine, mais \u00e9galement un ruban de r\u00e9sine. C\u2019est une solution id\u00e9ale pour les processus d\u2019impression de gros volumes \u00e0 des vitesses \u00e9lev\u00e9es. Il fonctionne bien sur des substrats tels que le papier, les plastiques et les films d&#8217;emballage flexibles.<\/p>\n\n\n\n<a href=\"\/fr?page_id=4391\" class=\"link-btn\">Receive a free sample box <i class=\"fal fa-chevron-right\"><\/i><\/a><a href=\"https:\/\/ttr.works\/wp-content\/uploads\/stocklist.pdf\" target=\"_blank\" class=\"link-btn second\" rel=\"noopener\">Download stock list <i class=\"fal fa-chevron-right\"><\/i><\/a>\n\n\n\n<div style=\"height:30px\" aria-hidden=\"true\" class=\"wp-block-spacer\"><\/div>\n\n\n\n<h2 class=\"wp-block-heading\">Notre option de ruban en r\u00e9sine 4U Near Edge<\/h2>\n\n\n\n<div class=\"wp-block-media-text alignwide is-stacked-on-mobile is-vertically-aligned-center\" style=\"grid-template-columns:21% auto\"><figure class=\"wp-block-media-text__media\"><img decoding=\"async\" width=\"225\" height=\"300\" data-src=\"https:\/\/ttr.works\/wp-content\/uploads\/\/Donker-blauw-600-225x300.png\" alt=\"\" class=\"wp-image-19713 size-medium lazyload\" data-srcset=\"https:\/\/ttr.works\/wp-content\/uploads\/Donker-blauw-600-225x300.png 225w, https:\/\/ttr.works\/wp-content\/uploads\/Donker-blauw-600-768x1024.png 768w, https:\/\/ttr.works\/wp-content\/uploads\/Donker-blauw-600-1152x1536.png 1152w, https:\/\/ttr.works\/wp-content\/uploads\/Donker-blauw-600-1536x2048.png 1536w\" data-sizes=\"(max-width: 225px) 100vw, 225px\" src=\"data:image\/svg+xml;base64,PHN2ZyB3aWR0aD0iMSIgaGVpZ2h0PSIxIiB4bWxucz0iaHR0cDovL3d3dy53My5vcmcvMjAwMC9zdmciPjwvc3ZnPg==\" style=\"--smush-placeholder-width: 225px; --smush-placeholder-aspect-ratio: 225\/300;\" \/><\/figure><div class=\"wp-block-media-text__content\">\n<h3 class=\"wp-block-heading\">R\u00e9sine Premium 4U 600 Near Edge<\/h3>\n\n\n\n<p><a href=\"https:\/\/ttr.works\/wp-content\/uploads\/r4u-600NE-1.pdf\" target=\"_blank\" rel=\"noreferrer noopener\">T\u00e9l\u00e9charger la fiche technique<\/a><\/p>\n\n\n\n<p>R\u00e9sine \u00e0 usage g\u00e9n\u00e9ral qui produit des images et des codes-barres durables sur les imprimantes Near Edge et Flathead. Il peut g\u00e9rer des vitesses d\u2019impression plus \u00e9lev\u00e9es. Les impressions ont une haute r\u00e9sistance aux rayures et \u00e0 la chaleur.<\/p>\n\n\n\n<p>\u2013 Excellente combinaison de vitesse et de performances\n\u2013 Images durables<\/p>\n<\/div><\/div>\n","protected":false},"excerpt":{"rendered":"<p>Rubans en r\u00e9sine Near Edge 4U Pour l&rsquo;impression Near Edge, g\u00e9n\u00e9ralement \u00e0 grande vitesse, nous proposons plusieurs options cire-r\u00e9sine, mais \u00e9galement un ruban de r\u00e9sine. C\u2019est une solution id\u00e9ale pour les processus d\u2019impression de gros volumes \u00e0 des vitesses \u00e9lev\u00e9es. Il fonctionne bien sur des substrats tels que le papier, les plastiques et les films [&hellip;]<\/p>\n","protected":false},"author":6,"featured_media":0,"parent":4446,"menu_order":0,"comment_status":"closed","ping_status":"closed","template":"template-4u.php","meta":{"_acf_changed":false,"content-type":"","footnotes":""},"categories":[],"tags":[262],"class_list":["post-21521","page","type-page","status-publish","hentry","tag-product-fr"],"acf":[],"yoast_head":"<!-- This site is optimized with the Yoast SEO plugin v25.9 - https:\/\/yoast.com\/wordpress\/plugins\/seo\/ -->\n<title>Resin Near edge ribbons - TTR Euroworks<\/title>\n<meta name=\"description\" content=\"Des impressions durables qui peuvent durer des ann\u00e9es \u2713 Processus de gros volumes \u00e0 grande vitesse \u2713 Excellent pour le papier, les plastiques et les films d&#039;emballage flexibles\" \/>\n<meta name=\"robots\" content=\"index, follow, max-snippet:-1, max-image-preview:large, max-video-preview:-1\" \/>\n<link rel=\"canonical\" href=\"https:\/\/ttr.works\/fr\/thermal-transfer-ribbons\/resin-near-edge-ribbons\/\" \/>\n<meta property=\"og:locale\" content=\"fr_FR\" \/>\n<meta property=\"og:type\" content=\"article\" \/>\n<meta property=\"og:title\" content=\"Resin Near edge ribbons - TTR Euroworks\" \/>\n<meta property=\"og:description\" content=\"Des impressions durables qui peuvent durer des ann\u00e9es \u2713 Processus de gros volumes \u00e0 grande vitesse \u2713 Excellent pour le papier, les plastiques et les films d&#039;emballage flexibles\" \/>\n<meta property=\"og:url\" content=\"https:\/\/ttr.works\/fr\/thermal-transfer-ribbons\/resin-near-edge-ribbons\/\" \/>\n<meta property=\"og:site_name\" content=\"TTR Euroworks\" \/>\n<meta property=\"article:modified_time\" content=\"2024-02-29T16:17:28+00:00\" \/>\n<meta property=\"og:image\" content=\"https:\/\/ttr.works\/wp-content\/uploads\/\/Donker-blauw-600-225x300.png\" \/>\n<meta name=\"twitter:card\" content=\"summary_large_image\" \/>\n<meta name=\"twitter:label1\" content=\"Dur\u00e9e de lecture estim\u00e9e\" \/>\n\t<meta name=\"twitter:data1\" content=\"1 minute\" \/>\n<script type=\"application\/ld+json\" class=\"yoast-schema-graph\">{\"@context\":\"https:\/\/schema.org\",\"@graph\":[{\"@type\":\"WebPage\",\"@id\":\"https:\/\/ttr.works\/fr\/thermal-transfer-ribbons\/resin-near-edge-ribbons\/\",\"url\":\"https:\/\/ttr.works\/fr\/thermal-transfer-ribbons\/resin-near-edge-ribbons\/\",\"name\":\"Resin Near edge ribbons - TTR Euroworks\",\"isPartOf\":{\"@id\":\"https:\/\/ttr.works\/fr\/#website\"},\"primaryImageOfPage\":{\"@id\":\"https:\/\/ttr.works\/fr\/thermal-transfer-ribbons\/resin-near-edge-ribbons\/#primaryimage\"},\"image\":{\"@id\":\"https:\/\/ttr.works\/fr\/thermal-transfer-ribbons\/resin-near-edge-ribbons\/#primaryimage\"},\"thumbnailUrl\":\"https:\/\/ttr.works\/wp-content\/uploads\/\/Donker-blauw-600-225x300.png\",\"datePublished\":\"2024-02-05T13:52:24+00:00\",\"dateModified\":\"2024-02-29T16:17:28+00:00\",\"description\":\"Des impressions durables qui peuvent durer des ann\u00e9es \u2713 Processus de gros volumes \u00e0 grande vitesse \u2713 Excellent pour le papier, les plastiques et les films d'emballage flexibles\",\"breadcrumb\":{\"@id\":\"https:\/\/ttr.works\/fr\/thermal-transfer-ribbons\/resin-near-edge-ribbons\/#breadcrumb\"},\"inLanguage\":\"fr-FR\",\"potentialAction\":[{\"@type\":\"ReadAction\",\"target\":[\"https:\/\/ttr.works\/fr\/thermal-transfer-ribbons\/resin-near-edge-ribbons\/\"]}]},{\"@type\":\"ImageObject\",\"inLanguage\":\"fr-FR\",\"@id\":\"https:\/\/ttr.works\/fr\/thermal-transfer-ribbons\/resin-near-edge-ribbons\/#primaryimage\",\"url\":\"https:\/\/ttr.works\/wp-content\/uploads\/\/Donker-blauw-600-225x300.png\",\"contentUrl\":\"https:\/\/ttr.works\/wp-content\/uploads\/\/Donker-blauw-600-225x300.png\"},{\"@type\":\"BreadcrumbList\",\"@id\":\"https:\/\/ttr.works\/fr\/thermal-transfer-ribbons\/resin-near-edge-ribbons\/#breadcrumb\",\"itemListElement\":[{\"@type\":\"ListItem\",\"position\":1,\"name\":\"Home\",\"item\":\"https:\/\/ttr.works\/fr\/accueil\/\"},{\"@type\":\"ListItem\",\"position\":2,\"name\":\"Rubans de transfert thermique pour chaque application\",\"item\":\"https:\/\/ttr.works\/fr\/thermal-transfer-ribbons\/\"},{\"@type\":\"ListItem\",\"position\":3,\"name\":\"Resin Near edge ribbons\"}]},{\"@type\":\"WebSite\",\"@id\":\"https:\/\/ttr.works\/fr\/#website\",\"url\":\"https:\/\/ttr.works\/fr\/\",\"name\":\"TTR Euroworks\",\"description\":\"Your ttr partner\",\"potentialAction\":[{\"@type\":\"SearchAction\",\"target\":{\"@type\":\"EntryPoint\",\"urlTemplate\":\"https:\/\/ttr.works\/fr\/?s={search_term_string}\"},\"query-input\":{\"@type\":\"PropertyValueSpecification\",\"valueRequired\":true,\"valueName\":\"search_term_string\"}}],\"inLanguage\":\"fr-FR\"}]}<\/script>\n<!-- \/ Yoast SEO plugin. -->","yoast_head_json":{"title":"Resin Near edge ribbons - TTR Euroworks","description":"Des impressions durables qui peuvent durer des ann\u00e9es \u2713 Processus de gros volumes \u00e0 grande vitesse \u2713 Excellent pour le papier, les plastiques et les films d'emballage flexibles","robots":{"index":"index","follow":"follow","max-snippet":"max-snippet:-1","max-image-preview":"max-image-preview:large","max-video-preview":"max-video-preview:-1"},"canonical":"https:\/\/ttr.works\/fr\/thermal-transfer-ribbons\/resin-near-edge-ribbons\/","og_locale":"fr_FR","og_type":"article","og_title":"Resin Near edge ribbons - TTR Euroworks","og_description":"Des impressions durables qui peuvent durer des ann\u00e9es \u2713 Processus de gros volumes \u00e0 grande vitesse \u2713 Excellent pour le papier, les plastiques et les films d'emballage flexibles","og_url":"https:\/\/ttr.works\/fr\/thermal-transfer-ribbons\/resin-near-edge-ribbons\/","og_site_name":"TTR Euroworks","article_modified_time":"2024-02-29T16:17:28+00:00","og_image":[{"url":"https:\/\/ttr.works\/wp-content\/uploads\/\/Donker-blauw-600-225x300.png","type":"","width":"","height":""}],"twitter_card":"summary_large_image","twitter_misc":{"Dur\u00e9e de lecture estim\u00e9e":"1 minute"},"schema":{"@context":"https:\/\/schema.org","@graph":[{"@type":"WebPage","@id":"https:\/\/ttr.works\/fr\/thermal-transfer-ribbons\/resin-near-edge-ribbons\/","url":"https:\/\/ttr.works\/fr\/thermal-transfer-ribbons\/resin-near-edge-ribbons\/","name":"Resin Near edge ribbons - TTR Euroworks","isPartOf":{"@id":"https:\/\/ttr.works\/fr\/#website"},"primaryImageOfPage":{"@id":"https:\/\/ttr.works\/fr\/thermal-transfer-ribbons\/resin-near-edge-ribbons\/#primaryimage"},"image":{"@id":"https:\/\/ttr.works\/fr\/thermal-transfer-ribbons\/resin-near-edge-ribbons\/#primaryimage"},"thumbnailUrl":"https:\/\/ttr.works\/wp-content\/uploads\/\/Donker-blauw-600-225x300.png","datePublished":"2024-02-05T13:52:24+00:00","dateModified":"2024-02-29T16:17:28+00:00","description":"Des impressions durables qui peuvent durer des ann\u00e9es \u2713 Processus de gros volumes \u00e0 grande vitesse \u2713 Excellent pour le papier, les plastiques et les films d'emballage flexibles","breadcrumb":{"@id":"https:\/\/ttr.works\/fr\/thermal-transfer-ribbons\/resin-near-edge-ribbons\/#breadcrumb"},"inLanguage":"fr-FR","potentialAction":[{"@type":"ReadAction","target":["https:\/\/ttr.works\/fr\/thermal-transfer-ribbons\/resin-near-edge-ribbons\/"]}]},{"@type":"ImageObject","inLanguage":"fr-FR","@id":"https:\/\/ttr.works\/fr\/thermal-transfer-ribbons\/resin-near-edge-ribbons\/#primaryimage","url":"https:\/\/ttr.works\/wp-content\/uploads\/\/Donker-blauw-600-225x300.png","contentUrl":"https:\/\/ttr.works\/wp-content\/uploads\/\/Donker-blauw-600-225x300.png"},{"@type":"BreadcrumbList","@id":"https:\/\/ttr.works\/fr\/thermal-transfer-ribbons\/resin-near-edge-ribbons\/#breadcrumb","itemListElement":[{"@type":"ListItem","position":1,"name":"Home","item":"https:\/\/ttr.works\/fr\/accueil\/"},{"@type":"ListItem","position":2,"name":"Rubans de transfert thermique pour chaque application","item":"https:\/\/ttr.works\/fr\/thermal-transfer-ribbons\/"},{"@type":"ListItem","position":3,"name":"Resin Near edge ribbons"}]},{"@type":"WebSite","@id":"https:\/\/ttr.works\/fr\/#website","url":"https:\/\/ttr.works\/fr\/","name":"TTR Euroworks","description":"Your ttr partner","potentialAction":[{"@type":"SearchAction","target":{"@type":"EntryPoint","urlTemplate":"https:\/\/ttr.works\/fr\/?s={search_term_string}"},"query-input":{"@type":"PropertyValueSpecification","valueRequired":true,"valueName":"search_term_string"}}],"inLanguage":"fr-FR"}]}},"_links":{"self":[{"href":"https:\/\/ttr.works\/fr\/wp-json\/wp\/v2\/pages\/21521","targetHints":{"allow":["GET"]}}],"collection":[{"href":"https:\/\/ttr.works\/fr\/wp-json\/wp\/v2\/pages"}],"about":[{"href":"https:\/\/ttr.works\/fr\/wp-json\/wp\/v2\/types\/page"}],"author":[{"embeddable":true,"href":"https:\/\/ttr.works\/fr\/wp-json\/wp\/v2\/users\/6"}],"replies":[{"embeddable":true,"href":"https:\/\/ttr.works\/fr\/wp-json\/wp\/v2\/comments?post=21521"}],"version-history":[{"count":6,"href":"https:\/\/ttr.works\/fr\/wp-json\/wp\/v2\/pages\/21521\/revisions"}],"predecessor-version":[{"id":22328,"href":"https:\/\/ttr.works\/fr\/wp-json\/wp\/v2\/pages\/21521\/revisions\/22328"}],"up":[{"embeddable":true,"href":"https:\/\/ttr.works\/fr\/wp-json\/wp\/v2\/pages\/4446"}],"wp:attachment":[{"href":"https:\/\/ttr.works\/fr\/wp-json\/wp\/v2\/media?parent=21521"}],"wp:term":[{"taxonomy":"category","embeddable":true,"href":"https:\/\/ttr.works\/fr\/wp-json\/wp\/v2\/categories?post=21521"},{"taxonomy":"post_tag","embeddable":true,"href":"https:\/\/ttr.works\/fr\/wp-json\/wp\/v2\/tags?post=21521"}],"curies":[{"name":"wp","href":"https:\/\/api.w.org\/{rel}","templated":true}]}}