{"id":22823,"date":"2024-04-29T10:10:16","date_gmt":"2024-04-29T10:10:16","guid":{"rendered":"https:\/\/ttr.works\/?page_id=22823"},"modified":"2024-04-29T10:10:38","modified_gmt":"2024-04-29T10:10:38","slug":"programme-de-recompenses-4u","status":"publish","type":"page","link":"https:\/\/ttr.works\/fr\/programme-de-recompenses-4u\/","title":{"rendered":"Programme de R\u00e9compenses 4U (redirect to PHP)"},"content":{"rendered":"\n<p>Avec chaque achat de t\u00eates d&rsquo;impression et d&rsquo;imprimantes, vous accumulez automatiquement des points. \u00c0 la fin de chaque trimestre, vous recevez un code de bon exclusif en fonction des points que vous avez collect\u00e9s.<\/p>\n","protected":false},"excerpt":{"rendered":"<p>Avec chaque achat de t\u00eates d&rsquo;impression et d&rsquo;imprimantes, vous accumulez automatiquement des points. \u00c0 la fin de chaque trimestre, vous recevez un code de bon exclusif en fonction des points que vous avez collect\u00e9s.<\/p>\n","protected":false},"author":5,"featured_media":0,"parent":0,"menu_order":0,"comment_status":"closed","ping_status":"closed","template":"template-product.php","meta":{"_acf_changed":false,"content-type":"","footnotes":""},"categories":[],"tags":[262],"class_list":["post-22823","page","type-page","status-publish","hentry","tag-product-fr"],"acf":[],"_links":{"self":[{"href":"https:\/\/ttr.works\/fr\/wp-json\/wp\/v2\/pages\/22823","targetHints":{"allow":["GET"]}}],"collection":[{"href":"https:\/\/ttr.works\/fr\/wp-json\/wp\/v2\/pages"}],"about":[{"href":"https:\/\/ttr.works\/fr\/wp-json\/wp\/v2\/types\/page"}],"author":[{"embeddable":true,"href":"https:\/\/ttr.works\/fr\/wp-json\/wp\/v2\/users\/5"}],"replies":[{"embeddable":true,"href":"https:\/\/ttr.works\/fr\/wp-json\/wp\/v2\/comments?post=22823"}],"version-history":[{"count":2,"href":"https:\/\/ttr.works\/fr\/wp-json\/wp\/v2\/pages\/22823\/revisions"}],"predecessor-version":[{"id":22839,"href":"https:\/\/ttr.works\/fr\/wp-json\/wp\/v2\/pages\/22823\/revisions\/22839"}],"wp:attachment":[{"href":"https:\/\/ttr.works\/fr\/wp-json\/wp\/v2\/media?parent=22823"}],"wp:term":[{"taxonomy":"category","embeddable":true,"href":"https:\/\/ttr.works\/fr\/wp-json\/wp\/v2\/categories?post=22823"},{"taxonomy":"post_tag","embeddable":true,"href":"https:\/\/ttr.works\/fr\/wp-json\/wp\/v2\/tags?post=22823"}],"curies":[{"name":"wp","href":"https:\/\/api.w.org\/{rel}","templated":true}]}}