{"id":24015,"date":"2024-06-24T11:17:00","date_gmt":"2024-06-24T11:17:00","guid":{"rendered":"https:\/\/ttr.works\/?page_id=24015"},"modified":"2024-06-24T11:17:01","modified_gmt":"2024-06-24T11:17:01","slug":"lendahand","status":"publish","type":"page","link":"https:\/\/ttr.works\/fr\/lendahand\/","title":{"rendered":"Lendahand"},"content":{"rendered":"\n<p><strong>Ces entreprises ne contribuent pas seulement au d\u00e9veloppement \u00e9conomique de leur pays en cr\u00e9ant des emplois, mais elles cr\u00e9ent \u00e9galement un impact social et environnemental significatif. Elles ont cependant un d\u00e9fi majeur : l&rsquo;acc\u00e8s au financement pour d\u00e9velopper leur entreprise et g\u00e9n\u00e9rer des emplois \u00e0 un rythme plus rapide.<\/strong><\/p>\n\n\n\n<p>Nous investissons dans ces petites entreprises gr\u00e2ce \u00e0 notre partenariat avec <strong>Lendahand<\/strong>, une plateforme de crowdfunding d\u00e9di\u00e9e au changement social, environnemental et \u00e9conomique. Ces entreprises manquent souvent d&rsquo;acc\u00e8s aux canaux de financement traditionnels en raison de taux d&rsquo;int\u00e9r\u00eat \u00e9lev\u00e9s et de conditions strictes, et elles sont g\u00e9n\u00e9ralement ignor\u00e9es par les investisseurs malgr\u00e9 leur potentiel et l&rsquo;importance de soutenir des entreprises comme celles-ci pour impacter positivement la vie de nombreuses personnes.<\/p>\n\n\n\n<p>C&rsquo;est pourquoi nous voulons intensifier nos efforts et aider \u00e0 fournir les ressources financi\u00e8res dont les entrepreneurs travailleurs des march\u00e9s \u00e9mergents ont besoin pour r\u00e9ussir.<\/p>\n\n\n\n<a href=\"https:\/\/www.lendahand.com\/en-EU\" style=\"font-family: 'neuzeit-grotesk', Helvetica, Arial, sans-serif;font-size: 19px;margin-top: 20px;background: linear-gradient(45deg, #369983, #237f6a);padding: 15px 30px;border-radius: 7px;color: #fff;display: inline-block;\" target=\"_blank\" rel=\"noopener\">En savoir plus sur Lendahand \u2192<\/a>\n","protected":false},"excerpt":{"rendered":"<p>Ces entreprises ne contribuent pas seulement au d\u00e9veloppement \u00e9conomique de leur pays en cr\u00e9ant des emplois, mais elles cr\u00e9ent \u00e9galement un impact social et environnemental significatif. Elles ont cependant un d\u00e9fi majeur : l&rsquo;acc\u00e8s au financement pour d\u00e9velopper leur entreprise et g\u00e9n\u00e9rer des emplois \u00e0 un rythme plus rapide. Nous investissons dans ces petites entreprises [&hellip;]<\/p>\n","protected":false},"author":5,"featured_media":0,"parent":0,"menu_order":0,"comment_status":"closed","ping_status":"closed","template":"template-lendahand.php","meta":{"_acf_changed":false,"content-type":"","footnotes":""},"categories":[],"tags":[],"class_list":["post-24015","page","type-page","status-publish","hentry"],"acf":[],"_links":{"self":[{"href":"https:\/\/ttr.works\/fr\/wp-json\/wp\/v2\/pages\/24015","targetHints":{"allow":["GET"]}}],"collection":[{"href":"https:\/\/ttr.works\/fr\/wp-json\/wp\/v2\/pages"}],"about":[{"href":"https:\/\/ttr.works\/fr\/wp-json\/wp\/v2\/types\/page"}],"author":[{"embeddable":true,"href":"https:\/\/ttr.works\/fr\/wp-json\/wp\/v2\/users\/5"}],"replies":[{"embeddable":true,"href":"https:\/\/ttr.works\/fr\/wp-json\/wp\/v2\/comments?post=24015"}],"version-history":[{"count":1,"href":"https:\/\/ttr.works\/fr\/wp-json\/wp\/v2\/pages\/24015\/revisions"}],"predecessor-version":[{"id":24016,"href":"https:\/\/ttr.works\/fr\/wp-json\/wp\/v2\/pages\/24015\/revisions\/24016"}],"wp:attachment":[{"href":"https:\/\/ttr.works\/fr\/wp-json\/wp\/v2\/media?parent=24015"}],"wp:term":[{"taxonomy":"category","embeddable":true,"href":"https:\/\/ttr.works\/fr\/wp-json\/wp\/v2\/categories?post=24015"},{"taxonomy":"post_tag","embeddable":true,"href":"https:\/\/ttr.works\/fr\/wp-json\/wp\/v2\/tags?post=24015"}],"curies":[{"name":"wp","href":"https:\/\/api.w.org\/{rel}","templated":true}]}}