{"id":29286,"date":"2025-11-10T16:20:19","date_gmt":"2025-11-10T16:20:19","guid":{"rendered":"https:\/\/ttr.works\/?page_id=29286"},"modified":"2025-11-18T10:36:38","modified_gmt":"2025-11-18T10:36:38","slug":"rubans-resine-textile-pour-des-etiquettes-de-lavage","status":"publish","type":"page","link":"https:\/\/ttr.works\/fr\/rubans-resine-textile-pour-des-etiquettes-de-lavage\/","title":{"rendered":"Rubans R\u00e9sine Textile pour des \u00c9tiquettes de Lavage"},"content":{"rendered":"\r\n\r\n\r\n<p><img decoding=\"async\" class=\"wp-image-28664 alignright lazyload\" style=\"--smush-placeholder-width: 425px; --smush-placeholder-aspect-ratio: 425\/283;float: right; margin-left: 1em; margin-bottom: 1em;\" data-src=\"https:\/\/ttr.works\/wp-content\/uploads\/\/TTR-Euroworks-supply-advantage-1-300x200.png\" alt=\"\" width=\"425\" height=\"283\" data-srcset=\"https:\/\/ttr.works\/wp-content\/uploads\/TTR-Euroworks-supply-advantage-1-300x200.png 300w, https:\/\/ttr.works\/wp-content\/uploads\/TTR-Euroworks-supply-advantage-1-1024x683.png 1024w, https:\/\/ttr.works\/wp-content\/uploads\/TTR-Euroworks-supply-advantage-1-768x512.png 768w, https:\/\/ttr.works\/wp-content\/uploads\/TTR-Euroworks-supply-advantage-1.png 1536w\" data-sizes=\"(max-width: 425px) 100vw, 425px\" src=\"data:image\/svg+xml;base64,PHN2ZyB3aWR0aD0iMSIgaGVpZ2h0PSIxIiB4bWxucz0iaHR0cDovL3d3dy53My5vcmcvMjAwMC9zdmciPjwvc3ZnPg==\" \/><\/p>\r\n<p data-start=\"58\" data-end=\"448\">Les textiles qui r\u00e9sistent \u00e0 des centaines de cycles de lavage exigent des \u00e9tiquettes tout aussi durables. Nos rubans textiles en r\u00e9sine 4U et nos \u00e9tiquettes en nylon offrent une identification durable pour tout type de v\u00eatement. Offrez \u00e0 votre imprimante textile des consommables con\u00e7us pour les applications textiles, pour un r\u00e9sultat durable et un temps d\u2019arr\u00eat minimal.<\/p>\r\n<p data-start=\"450\" data-end=\"714\">Profitez de l\u2019Avantage Fournisseur TTR Euroworks sans aucun engagement. B\u00e9n\u00e9ficiez de remises sur volume d\u00e8s le d\u00e9part, de prix garantis pendant au moins un an*, ainsi que d\u2019offres exclusives pour les imprimantes textiles. Aucun engagement, seulement de la valeur.<\/p>\r\n<p data-start=\"716\" data-end=\"802\" data-is-last-node=\"\" data-is-only-node=\"\">Indiquez-nous vos besoins et nous vous enverrons un devis sans engagement \u00e0 consulter.<\/p>\r\n\r\n\r\n\r\n<p><a class=\"link-btn\" href=\"https:\/\/hs.ttreuroworks.com\/textile-label-printing\">D\u00e9couvrez le Supply Advantage de TTR<\/a><\/p>\r\n\r\n\r\n\r\n<div class=\"wp-block-spacer\" style=\"height: 17px;\" aria-hidden=\"true\">\u00a0<\/div>\r\n\r\n\r\n\r\n<h3 class=\"wp-block-heading\"><strong>Rubans R\u00e9sine Textile 4U<\/strong><\/h3>\r\n<p><img decoding=\"async\" class=\"wp-image-28664 alignleft lazyload\" style=\"--smush-placeholder-width: 444px; --smush-placeholder-aspect-ratio: 444\/296;float: right; margin-left: 1em; margin-bottom: 1em;\" data-src=\"https:\/\/ttr.works\/wp-content\/uploads\/\/DSC_0644-300x200.jpg\" alt=\"colored resin textile ribbons\" width=\"444\" height=\"296\" src=\"data:image\/svg+xml;base64,PHN2ZyB3aWR0aD0iMSIgaGVpZ2h0PSIxIiB4bWxucz0iaHR0cDovL3d3dy53My5vcmcvMjAwMC9zdmciPjwvc3ZnPg==\" \/><\/p>\r\n<h3 data-start=\"645\" data-end=\"671\">\r\n\r\n<\/h3>\r\n<p>Obtenez une qualit\u00e9 d\u2019impression durable sur chaque \u00e9tiquette textile. Nos <strong data-start=\"1263\" data-end=\"1291\">Rubans R\u00e9sine Textile 4U<\/strong> offrent un rendu net pour les petits caract\u00e8res et les symboles de lavage, r\u00e9sistant au lavage, au repassage et au nettoyage \u00e0 sec. Enti\u00e8rement compatibles avec les \u00e9tiquettes en nylon et satin, et disponibles en plusieurs couleurs.<\/p>\r\n<p>&nbsp;<\/p>\r\n<h3 class=\"wp-block-heading\" data-start=\"645\" data-end=\"671\">\u00c9tiquettes en Nylon &amp; Satin<\/h3>\r\n\r\n\r\n\r\n<p data-start=\"673\" data-end=\"907\">Le choix du bon mat\u00e9riau d\u2019\u00e9tiquette d\u00e9pend du type de v\u00eatement et des exigences de lavage. C\u2019est pourquoi nous proposons des mat\u00e9riaux d\u2019\u00e9tiquettes en Nylon et en Satin certifi\u00e9s OEKO-TEX\u00ae Standard 100. Ils sont s\u00fbrs, durables et exempts de substances nocives.<\/p>\r\n\r\n<ul data-start=\"909\" data-end=\"1167\">\r\n<li data-start=\"909\" data-end=\"1054\"><strong data-start=\"911\" data-end=\"928\">\u00c9tiquettes en nylon :<\/strong> Durables, imprimables recto-verso et r\u00e9sistantes aux lavages fr\u00e9quents \u2013 id\u00e9ales pour les v\u00eatements de travail, uniformes et textiles industriels.<\/li>\r\n<li data-start=\"1055\" data-end=\"1167\"><strong data-start=\"1057\" data-end=\"1074\">\u00c9tiquettes en satin :<\/strong> Douces, lisses et parfaites pour les textiles haut de gamme comme les v\u00eatements de cr\u00e9ateurs et les marques de luxe.<\/li>\r\n<\/ul>\r\n<p>&nbsp;<\/p>\r\n<h3 class=\"wp-block-heading\"><strong>Imprimantes Textiles Professionnelles &amp; T\u00eates d\u2019Impression<\/strong><\/h3>\r\n<!-- \/wp:post-content -->\r\n\r\n<!-- wp:paragraph -->\r\n<p data-start=\"1520\" data-end=\"1668\">\u00c9quipez votre ligne de production d\u2019<strong data-start=\"1561\" data-end=\"1603\">imprimantes textiles CAB\u00ae, TSC\u00ae et Avery\u00ae<\/strong> fiables, dot\u00e9es de coupe-textiles int\u00e9gr\u00e9s pour des r\u00e9sultats fluides et pr\u00e9cis.<\/p>\r\n<!-- \/wp:paragraph -->\r\n\r\n<!-- wp:list -->\r\n<ul data-start=\"1669\" data-end=\"1813\">\r\n<li data-start=\"1669\" data-end=\"1695\">D\u00e9coupe pr\u00e9cise des \u00e9tiquettes<\/li>\r\n<li data-start=\"1669\" data-end=\"1695\">Production rapide et de haute qualit\u00e9<\/li>\r\n<li data-start=\"1732\" data-end=\"1763\">Int\u00e9gration simple en production<\/li>\r\n<\/ul>\r\n<!-- \/wp:list -->\r\n\r\n<!-- wp:spacer {\"height\":\"40px\"} -->\r\n<h3><a class=\"link-btn second\" style=\"font-size: 16px; font-weight: 400;\" href=\"https:\/\/ttr.works\/fr\/contact\/\">Contactez TTR Euroworks<\/a><\/h3>\r\n<p>&nbsp;<\/p>\r\n<h3 class=\"wp-block-heading\"><strong>Q&amp;R : Impression d\u2019\u00c9tiquettes Textiles<\/strong><\/h3>\r\n<p data-start=\"362\" data-end=\"709\"><strong data-start=\"362\" data-end=\"450\">Q : Qu\u2019est-ce qui distingue vos rubans textiles des rubans transfert thermique standards ?<\/strong><br data-start=\"450\" data-end=\"453\" \/>R : Nos rubans textiles sont sp\u00e9cialement formul\u00e9s pour adh\u00e9rer aux tissus comme le nylon ou le satin, r\u00e9sister \u00e0 des centaines de lavages, au repassage et au nettoyage \u00e0 sec tout en conservant une impression lisible. Ils assurent une impression nette de petits textes et symboles d\u2019entretien.<\/p>\r\n<p data-start=\"711\" data-end=\"983\"><strong data-start=\"711\" data-end=\"781\">Q : Quel type de ruban convient le mieux pour imprimer des \u00e9tiquettes d\u2019entretien ?<\/strong><br data-start=\"781\" data-end=\"784\" \/>R : Pour les \u00e9tiquettes textiles, nous recommandons un ruban transfert thermique \u00e0 base de r\u00e9sine (\u00ab R\u00e9sine Textile \u00bb), qui offre une durabilit\u00e9 sup\u00e9rieure sur les supports textiles par rapport aux rubans cire ou cire-r\u00e9sine.<\/p>\r\n<p data-start=\"985\" data-end=\"1275\"><strong data-start=\"985\" data-end=\"1053\">Q : Notre imprimante d\u2019\u00e9tiquettes peut-elle utiliser vos rubans textiles directement ?<\/strong><br data-start=\"1053\" data-end=\"1056\" \/>R : Oui, tant que votre imprimante textile supporte le transfert thermique avec la largeur et le mandrin ad\u00e9quats. Avec ces rubans textiles sp\u00e9cialis\u00e9s et le mat\u00e9riau d\u2019\u00e9tiquette correspondant, vous obtenez des r\u00e9sultats optimaux en interne.<\/p>\r\n<p data-start=\"1277\" data-end=\"1535\"><strong data-start=\"1277\" data-end=\"1352\">Q : Comment le choix du ruban influence-t-il la durabilit\u00e9 des \u00e9tiquettes d\u2019entretien ?<\/strong><br data-start=\"1352\" data-end=\"1355\" \/>R : Utiliser un ruban r\u00e9sine textile adapt\u00e9 garantit une impression nette, lisible et durable \u00e0 travers de nombreux lavages et traitements.<\/p>\r\n<p data-start=\"1537\" data-end=\"1882\"><strong data-start=\"1537\" data-end=\"1612\">Q : En quoi consiste le \u201cSupply Advantage\u201d de TTR Euroworks ?<\/strong><br data-start=\"1612\" data-end=\"1615\" \/>R : Vous b\u00e9n\u00e9ficiez de remises sur volume d\u00e8s le premier jour, de prix fixes annuels (pour une meilleure stabilit\u00e9 des co\u00fbts) et d\u2019offres exclusives lors de l\u2019ajout ou du remplacement d\u2019imprimantes. Cela vous apporte un meilleur contr\u00f4le des co\u00fbts et simplifie l\u2019approvisionnement.<\/p>\r\n<p data-start=\"2208\" data-end=\"2504\"><strong data-start=\"2208\" data-end=\"2284\">Q : Dois-je associer un mat\u00e9riau d\u2019\u00e9tiquette sp\u00e9cifique au ruban textile ?<\/strong><br data-start=\"2284\" data-end=\"2287\" \/>R : Oui, nous recommandons des \u00e9tiquettes en nylon ou en satin con\u00e7ues pour les applications textiles. Combin\u00e9es au bon ruban r\u00e9sine textile, elles garantissent durabilit\u00e9 et conformit\u00e9 sans compromis.<\/p>\r\n<p data-start=\"2506\" data-end=\"2757\"><strong data-start=\"2506\" data-end=\"2571\">Q : Quelles couleurs et largeurs sont disponibles pour les rubans textiles ?<\/strong><br data-start=\"2571\" data-end=\"2574\" \/>R : Nos rubans textiles sont disponibles en plusieurs couleurs et largeurs pour s\u2019adapter \u00e0 votre imprimante et \u00e0 vos besoins de marque \/ impression.<\/p>\r\n<p data-start=\"2759\" data-end=\"3012\"><strong data-start=\"2759\" data-end=\"2829\">Q : Que se passe-t-il si je change d\u2019imprimante ou si j\u2019agrandis ma ligne de production ?<\/strong><br data-start=\"2829\" data-end=\"2832\" \/>R : Avec le Supply Advantage, vous recevez des offres exclusives lors de l\u2019ajout ou du remplacement d\u2019imprimantes textiles, ce qui vous aide \u00e0 \u00e9voluer de mani\u00e8re rentable.<\/p>\r\n<p data-start=\"3014\" data-end=\"3312\"><strong data-start=\"3014\" data-end=\"3095\">Q : Mes rubans actuels causent des arr\u00eats fr\u00e9quents ou une mauvaise impression. Changer aidera-t-il ?<\/strong><br data-start=\"3095\" data-end=\"3098\" \/>R : Tr\u00e8s probablement, mais il est judicieux de v\u00e9rifier d\u2019abord s\u2019il s\u2019agit d\u2019un r\u00e9glage imprimante pouvant \u00eatre corrig\u00e9 \u00e0 distance \u2013 contactez-nous pour un diagnostic. Utiliser des rubans sp\u00e9cialement con\u00e7us pour les \u00e9tiquettes textiles (avec le mat\u00e9riau d\u2019\u00e9tiquette + l\u2019imprimante appropri\u00e9s) r\u00e9duit les erreurs d\u2019impression, la d\u00e9coloration ou l\u2019usure au lavage.<\/p>\r\n<p data-start=\"3314\" data-end=\"3571\"><strong data-start=\"3314\" data-end=\"3394\">Q : Qui contacter pour choisir la bonne solution de ruban textile ?<\/strong><br data-start=\"3394\" data-end=\"3397\" \/>R : Vous pouvez contacter notre \u00e9quipe commerciale au +31 (0)78 693 2000 ou par e-mail \u00e0 <a class=\"decorated-link cursor-pointer\" rel=\"noopener\" data-start=\"3460\" data-end=\"3472\">sales@ttr.nl<\/a>. Nos experts vous guideront dans le choix de la bonne combinaison ruban \/ mat\u00e9riau d\u2019\u00e9tiquette \/ imprimante.<\/p>\r\n<!-- \/wp:spacer -->\r\n\r\n<!-- wp:paragraph -->\r\n<div class=\"wp-block-spacer\" style=\"height: 29px;\" aria-hidden=\"true\">\u00a0<\/div>\r\n<!-- \/wp:paragraph -->\r\n\r\n<!-- wp:paragraph -->\r\n<h3><strong>Vous n\u2019avez pas trouv\u00e9 votre r\u00e9ponse ? Demandez-nous tout.<\/strong><\/h3>\r\n<!-- \/wp:paragraph -->\r\n\r\n<!-- wp:paragraph -->\r\n<p><a class=\"link-btn\" href=\"https:\/\/ttr.works\/fr\/contact\/\">Contactez TTR Euroworks<\/a><\/p>\r\n<p>&nbsp;<\/p>\r\n<p>*<em> Sauf en cas de force majeure ou de circonstances exceptionnelles du march\u00e9 ind\u00e9pendantes de notre volont\u00e9.<\/em><\/p>\r\n<p>&nbsp;<\/p>\r\n<!-- \/wp:paragraph -->","protected":false},"excerpt":{"rendered":"<p>Les textiles qui r\u00e9sistent \u00e0 des centaines de cycles de lavage exigent des \u00e9tiquettes tout aussi durables. Nos rubans textiles en r\u00e9sine 4U et nos \u00e9tiquettes en nylon offrent une identification durable pour tout type de v\u00eatement. Offrez \u00e0 votre imprimante textile des consommables con\u00e7us pour les applications textiles, pour un r\u00e9sultat durable et un [&hellip;]<\/p>\n","protected":false},"author":2,"featured_media":0,"parent":0,"menu_order":0,"comment_status":"closed","ping_status":"closed","template":"template-product.php","meta":{"_acf_changed":false,"content-type":"","footnotes":""},"categories":[],"tags":[262],"class_list":["post-29286","page","type-page","status-publish","hentry","tag-product-fr"],"acf":[],"_links":{"self":[{"href":"https:\/\/ttr.works\/fr\/wp-json\/wp\/v2\/pages\/29286","targetHints":{"allow":["GET"]}}],"collection":[{"href":"https:\/\/ttr.works\/fr\/wp-json\/wp\/v2\/pages"}],"about":[{"href":"https:\/\/ttr.works\/fr\/wp-json\/wp\/v2\/types\/page"}],"author":[{"embeddable":true,"href":"https:\/\/ttr.works\/fr\/wp-json\/wp\/v2\/users\/2"}],"replies":[{"embeddable":true,"href":"https:\/\/ttr.works\/fr\/wp-json\/wp\/v2\/comments?post=29286"}],"version-history":[{"count":5,"href":"https:\/\/ttr.works\/fr\/wp-json\/wp\/v2\/pages\/29286\/revisions"}],"predecessor-version":[{"id":29555,"href":"https:\/\/ttr.works\/fr\/wp-json\/wp\/v2\/pages\/29286\/revisions\/29555"}],"wp:attachment":[{"href":"https:\/\/ttr.works\/fr\/wp-json\/wp\/v2\/media?parent=29286"}],"wp:term":[{"taxonomy":"category","embeddable":true,"href":"https:\/\/ttr.works\/fr\/wp-json\/wp\/v2\/categories?post=29286"},{"taxonomy":"post_tag","embeddable":true,"href":"https:\/\/ttr.works\/fr\/wp-json\/wp\/v2\/tags?post=29286"}],"curies":[{"name":"wp","href":"https:\/\/api.w.org\/{rel}","templated":true}]}}