{"id":29345,"date":"2025-11-12T12:52:43","date_gmt":"2025-11-12T12:52:43","guid":{"rendered":"https:\/\/ttr.works\/?page_id=29345"},"modified":"2025-11-21T09:47:43","modified_gmt":"2025-11-21T09:47:43","slug":"recycle-tetes-dimpression-et-rouleaux-de-pression","status":"publish","type":"page","link":"https:\/\/ttr.works\/fr\/recycle-tetes-dimpression-et-rouleaux-de-pression\/","title":{"rendered":"Recycle T\u00eates d&rsquo;Impression et Rouleaux de Pression"},"content":{"rendered":"\r\n\r\n<div class=\"wp-block-image\">\r\n<figure id=\"block-74e43d50-f0b5-4c0c-b23c-3cddcbfeee88\" class=\"alignright size-full is-resized\"><img decoding=\"async\" class=\"wp-image-23611 lazyload\" style=\"--smush-placeholder-width: 285px; --smush-placeholder-aspect-ratio: 285\/284;width: 293px; height: 292px;\" data-src=\"https:\/\/ttr.works\/wp-content\/uploads\/recycle-badge.png\" alt=\"\" src=\"data:image\/svg+xml;base64,PHN2ZyB3aWR0aD0iMSIgaGVpZ2h0PSIxIiB4bWxucz0iaHR0cDovL3d3dy53My5vcmcvMjAwMC9zdmciPjwvc3ZnPg==\" \/><\/figure><\/div>\r\n<p>Les t\u00eates d\u2019impression thermiques et les rouleaux de platine contiennent des mat\u00e9riaux tels que l\u2019aluminium et les m\u00e9taux, qui peuvent \u00eatre r\u00e9cup\u00e9r\u00e9s et r\u00e9utilis\u00e9s. C\u2019est pourquoi nous avons lanc\u00e9 le <strong>Programme de Recyclage TTR<\/strong>. Les t\u00eates d\u2019impression usag\u00e9es sont collect\u00e9es et envoy\u00e9es \u00e0 un sp\u00e9cialiste du recyclage, qui s\u00e9pare les mat\u00e9riaux r\u00e9utilisables, comme l\u2019aluminium et les m\u00e9taux, des d\u00e9chets r\u00e9siduels. Cela permet de redonner une nouvelle vie aux mati\u00e8res premi\u00e8res dans d\u2019autres industries et de r\u00e9duire la quantit\u00e9 de d\u00e9chets envoy\u00e9s en d\u00e9charge.<\/p>\r\n<p>&nbsp;<\/p>\r\n\r\n<h3 class=\"wp-block-heading\">Comment \u00e7a fonctionne<\/h3>\r\n<p>Collectez les t\u00eates d\u2019impression et les rouleaux usag\u00e9s \u2014 peu importe s\u2019ils ont \u00e9t\u00e9 achet\u00e9s chez TTR ou ailleurs.<\/p>\r\n<p>Envoyez-les \u00e0 TTR Euroworks par lots d\u2019au moins 10 pi\u00e8ces pour une logistique efficace.<\/p>\r\n<p>Notre sp\u00e9cialiste du recyclage trie et r\u00e9cup\u00e8re les mat\u00e9riaux pouvant \u00eatre r\u00e9utilis\u00e9s.<\/p>\r\n<!-- \/wp:post-content -->\r\n\r\n<!-- wp:paragraph -->\r\n<p>&nbsp;<\/p>\r\n<!-- \/wp:paragraph -->\r\n\r\n<!-- wp:heading {\"level\":3} -->\r\n<h3 class=\"wp-block-heading\">Bonus suppl\u00e9mentaire<\/h3>\r\n<p data-start=\"59\" data-end=\"370\">Retournez 10 t\u00eates d\u2019impression ou plus et recevez un <strong>distributeur gratuit avec lingettes de nettoyage pour t\u00eates d\u2019impression<\/strong> (100 lingettes de nettoyage) avec votre prochain envoi. Un nettoyage r\u00e9gulier prolonge consid\u00e9rablement la dur\u00e9e de vie d\u2019une t\u00eate d\u2019impression.<strong data-start=\"59\" data-end=\"370\"> \ud83c\udf31<\/strong><\/p>\r\n<p data-start=\"372\" data-end=\"458\" data-is-last-node=\"\" data-is-only-node=\"\">Vous pouvez \u00e9galement utiliser le badge Partenaire Recyclage TTR sur votre site web et dans vos communications. Ensemble, nous pouvons r\u00e9duire les d\u00e9chets envoy\u00e9s en d\u00e9charge et contribuer \u00e0 la r\u00e9duction du CO\u2082.<\/p>\r\n<p>&nbsp;<\/p>\r\n<h3 class=\"wp-block-heading\">O\u00f9 envoyer vos articles<\/h3>\r\n<p>&nbsp;<\/p>\r\n<!-- \/wp:heading -->\r\n\r\n<!-- wp:paragraph -->\r\n<p>\ud83d\udccd <strong>Pays-Bas (Si\u00e8ge)<\/strong><br \/>TTR Euroworks, Edisonweg 47, 2952 AD, Alblasserdam<br \/>FAO: Support des Ventes<br \/>\ud83d\udce7 <a href=\"mailto:salessupport@ttr.nl\">salessupport@ttr.nl<\/a> | \u260e\ufe0f +31 786 932 000<\/p>\r\n<!-- \/wp:paragraph -->\r\n\r\n<!-- wp:spacer {\"height\":\"24px\"} -->\r\n<div class=\"wp-block-spacer\" style=\"height: 24px;\" aria-hidden=\"true\">\u00a0<\/div>\r\n<!-- \/wp:spacer -->\r\n\r\n<!-- wp:paragraph -->\r\n<p>\ud83d\udccd <strong>Royaume-Uni<\/strong><br \/>TTR Euroworks UK, Unit 6B, Lea Green Business Park, Eurolink, St Helens, Merseyside, WA9 4TR<br \/>FAO: Support des Ventes<br \/>\ud83d\udce7 <a href=\"mailto:support@ttr.works\">support@ttr.works<\/a> | \u260e\ufe0f 01744 815200<\/p>\r\n<!-- \/wp:paragraph -->\r\n\r\n<!-- wp:spacer {\"height\":\"54px\"} \/-->\r\n\r\n<!-- wp:spacer {\"height\":\"31px\"} \/-->\r\n\r\n<!-- wp:html \/-->\r\n\r\n<!-- wp:spacer {\"height\":\"36px\"} -->\r\n<div class=\"wp-block-spacer\" style=\"height: 36px;\" aria-hidden=\"true\">\u00a0<\/div>\r\n<!-- \/wp:spacer -->\r\n\r\n<!-- wp:paragraph {\"align\":\"center\"} -->\r\n<p class=\"has-text-align-center\">\u00a0<\/p>\r\n<!-- \/wp:paragraph -->","protected":false},"excerpt":{"rendered":"<p>Les t\u00eates d\u2019impression thermiques et les rouleaux de platine contiennent des mat\u00e9riaux tels que l\u2019aluminium et les m\u00e9taux, qui peuvent \u00eatre r\u00e9cup\u00e9r\u00e9s et r\u00e9utilis\u00e9s. C\u2019est pourquoi nous avons lanc\u00e9 le Programme de Recyclage TTR. Les t\u00eates d\u2019impression usag\u00e9es sont collect\u00e9es et envoy\u00e9es \u00e0 un sp\u00e9cialiste du recyclage, qui s\u00e9pare les mat\u00e9riaux r\u00e9utilisables, comme l\u2019aluminium et [&hellip;]<\/p>\n","protected":false},"author":5,"featured_media":0,"parent":0,"menu_order":0,"comment_status":"closed","ping_status":"closed","template":"template-product.php","meta":{"_acf_changed":false,"content-type":"","footnotes":""},"categories":[],"tags":[262],"class_list":["post-29345","page","type-page","status-publish","hentry","tag-product-fr"],"acf":[],"_links":{"self":[{"href":"https:\/\/ttr.works\/fr\/wp-json\/wp\/v2\/pages\/29345","targetHints":{"allow":["GET"]}}],"collection":[{"href":"https:\/\/ttr.works\/fr\/wp-json\/wp\/v2\/pages"}],"about":[{"href":"https:\/\/ttr.works\/fr\/wp-json\/wp\/v2\/types\/page"}],"author":[{"embeddable":true,"href":"https:\/\/ttr.works\/fr\/wp-json\/wp\/v2\/users\/5"}],"replies":[{"embeddable":true,"href":"https:\/\/ttr.works\/fr\/wp-json\/wp\/v2\/comments?post=29345"}],"version-history":[{"count":4,"href":"https:\/\/ttr.works\/fr\/wp-json\/wp\/v2\/pages\/29345\/revisions"}],"predecessor-version":[{"id":29683,"href":"https:\/\/ttr.works\/fr\/wp-json\/wp\/v2\/pages\/29345\/revisions\/29683"}],"wp:attachment":[{"href":"https:\/\/ttr.works\/fr\/wp-json\/wp\/v2\/media?parent=29345"}],"wp:term":[{"taxonomy":"category","embeddable":true,"href":"https:\/\/ttr.works\/fr\/wp-json\/wp\/v2\/categories?post=29345"},{"taxonomy":"post_tag","embeddable":true,"href":"https:\/\/ttr.works\/fr\/wp-json\/wp\/v2\/tags?post=29345"}],"curies":[{"name":"wp","href":"https:\/\/api.w.org\/{rel}","templated":true}]}}