{"id":30400,"date":"2026-02-19T16:16:46","date_gmt":"2026-02-19T16:16:46","guid":{"rendered":"https:\/\/ttr.works\/?page_id=30400"},"modified":"2026-02-19T16:17:22","modified_gmt":"2026-02-19T16:17:22","slug":"etiquettes-linerless-et-etiquettes-de-lavage","status":"publish","type":"page","link":"https:\/\/ttr.works\/fr\/etiquettes-linerless-et-etiquettes-de-lavage\/","title":{"rendered":"\u00c9tiquettes, linerless et \u00e9tiquettes de lavage"},"content":{"rendered":"<div class=\"wp-block-image\">\n<figure class=\"alignright size-large is-resized\"><img decoding=\"async\" width=\"1024\" height=\"927\" data-src=\"https:\/\/ttr.works\/wp-content\/uploads\/\/zd421-1-1024x927.png\" alt=\"\" class=\"wp-image-23729 lazyload\" style=\"--smush-placeholder-width: 1024px; --smush-placeholder-aspect-ratio: 1024\/927;width:358px;height:auto\" data-srcset=\"https:\/\/ttr.works\/wp-content\/uploads\/zd421-1-1024x927.png 1024w, https:\/\/ttr.works\/wp-content\/uploads\/zd421-1-300x272.png 300w, https:\/\/ttr.works\/wp-content\/uploads\/zd421-1-768x695.png 768w, https:\/\/ttr.works\/wp-content\/uploads\/zd421-1-1536x1391.png 1536w, https:\/\/ttr.works\/wp-content\/uploads\/zd421-1-2048x1854.png 2048w\" data-sizes=\"(max-width: 1024px) 100vw, 1024px\" src=\"data:image\/svg+xml;base64,PHN2ZyB3aWR0aD0iMSIgaGVpZ2h0PSIxIiB4bWxucz0iaHR0cDovL3d3dy53My5vcmcvMjAwMC9zdmciPjwvc3ZnPg==\" \/><\/figure><\/div>\n\n\n<p><strong>Nous fournissons des \u00e9tiquettes vierges en rouleau, linerless et en nylon pour un usage quotidien et des volumes r\u00e9currents. Prix fixes par rouleau, livraison depuis votre \u00ab propre stock \u00bb et assistance dans le choix des mat\u00e9riaux. \u00c9vitez les arr\u00eats de production et les variations de prix impr\u00e9vues.<\/strong><\/p>\n\n\n\n<p>Vous recevez une proposition bas\u00e9e sur votre consommation. Sp\u00e9cifications et qualit\u00e9 constantes, avec l\u2019avantage suppl\u00e9mentaire de la s\u00e9curit\u00e9 des prix et de la continuit\u00e9 d\u2019approvisionnement. Accords de prix fixes pour les volumes. Livraison sur appel depuis stock ou en consignation.<\/p>\n\n\n\n<p><\/p>\n\n\n\n<a href=\"https:\/\/ttr.works\/fr\/contact\/\" class=\"link-btn\">Demandez un prix imm\u00e9diatement <i class=\"fal fa-chevron-right\"><\/i><\/a>\n\n\n\n<div style=\"height:99px\" aria-hidden=\"true\" class=\"wp-block-spacer\"><\/div>\n\n\n\n<h2 class=\"wp-block-heading\"><strong>\u00c9tiquettes vierges en rouleau pour imprimantes d\u2019\u00e9tiquettes<\/strong><\/h2>\n\n\n<div class=\"wp-block-image\">\n<figure class=\"alignright size-full is-resized\"><img decoding=\"async\" width=\"565\" height=\"457\" data-src=\"https:\/\/ttr.works\/wp-content\/uploads\/Blank-coated-labels.jpg\" alt=\"\" class=\"wp-image-25938 lazyload\" style=\"--smush-placeholder-width: 565px; --smush-placeholder-aspect-ratio: 565\/457;width:370px;height:auto\" data-srcset=\"https:\/\/ttr.works\/wp-content\/uploads\/Blank-coated-labels.jpg 565w, https:\/\/ttr.works\/wp-content\/uploads\/Blank-coated-labels-300x243.jpg 300w\" data-sizes=\"(max-width: 565px) 100vw, 565px\" src=\"data:image\/svg+xml;base64,PHN2ZyB3aWR0aD0iMSIgaGVpZ2h0PSIxIiB4bWxucz0iaHR0cDovL3d3dy53My5vcmcvMjAwMC9zdmciPjwvc3ZnPg==\" \/><\/figure><\/div>\n\n\n<p><\/p>\n\n\n\n<p>\u00c9tiquettes vierges en rouleau pour toutes les imprimantes thermiques courantes. Nos clients sont des <strong>revendeurs et des environnements de production<\/strong> qui impriment en continu et ont besoin de s\u00e9curit\u00e9 en termes de prix et de livraison. Vous choisissez la m\u00e9thode d\u2019impression adapt\u00e9e \u00e0 votre processus, nous veillons \u00e0 ce que le mat\u00e9riau, l\u2019adh\u00e9sif et la configuration du rouleau soient corrects.<\/p>\n\n\n\n<ul class=\"wp-block-list\">\n<li>Disponibles avec adh\u00e9sif permanent, amovible et deep freeze<\/li>\n\n\n\n<li>Compatibles avec Zebra, Honeywell, CAB, Sato et plus<\/li>\n\n\n\n<li>Prix fixes par rouleau pour une consommation r\u00e9currente<\/li>\n\n\n\n<li>Livraison depuis stock ou sur appel<\/li>\n<\/ul>\n\n\n\n<a href=\"https:\/\/ttr.works\/fr\/contact\/\" class=\"link-btn\">Demandez un prix imm\u00e9diatement <i class=\"fal fa-chevron-right\"><\/i><\/a>\n\n\n\n<div style=\"height:99px\" aria-hidden=\"true\" class=\"wp-block-spacer\"><\/div>\n\n\n\n<h2 class=\"wp-block-heading\"><strong>Nylon et satin en rouleau<\/strong><\/h2>\n\n\n<div class=\"wp-block-image\">\n<figure class=\"alignright size-full is-resized\"><img decoding=\"async\" width=\"1024\" height=\"1024\" data-src=\"https:\/\/ttr.works\/wp-content\/uploads\/care-label-1.png\" alt=\"\" class=\"wp-image-30386 lazyload\" style=\"--smush-placeholder-width: 1024px; --smush-placeholder-aspect-ratio: 1024\/1024;width:369px;height:auto\" data-srcset=\"https:\/\/ttr.works\/wp-content\/uploads\/care-label-1.png 1024w, https:\/\/ttr.works\/wp-content\/uploads\/care-label-1-300x300.png 300w, https:\/\/ttr.works\/wp-content\/uploads\/care-label-1-150x150.png 150w, https:\/\/ttr.works\/wp-content\/uploads\/care-label-1-768x768.png 768w\" data-sizes=\"(max-width: 1024px) 100vw, 1024px\" src=\"data:image\/svg+xml;base64,PHN2ZyB3aWR0aD0iMSIgaGVpZ2h0PSIxIiB4bWxucz0iaHR0cDovL3d3dy53My5vcmcvMjAwMC9zdmciPjwvc3ZnPg==\" \/><\/figure><\/div>\n\n\n<p>Des produits qui r\u00e9sistent \u00e0 des centaines de cycles de lavage n\u00e9cessitent des \u00e9tiquettes capables d\u2019en faire autant. Nos \u00e9tiquettes en nylon et satin certifi\u00e9es <strong>OEKO-TEX Standard 100<\/strong> garantissent des impressions durables et lisibles, parfaitement combin\u00e9es avec les rubans Resin Textile 4U. <strong>Impression recto-verso et con\u00e7ues pour des lavages fr\u00e9quents<\/strong>, id\u00e9ales pour les v\u00eatements de travail, les uniformes et le textile industriel.<\/p>\n\n\n\n<p>Avec TTR Supply Advantage, vous b\u00e9n\u00e9ficiez de remises sur volume d\u00e8s le premier jour et de prix annuels fixes. Demandez votre prix sans engagement.<\/p>\n\n\n\n<a href=\"https:\/\/hs.ttreuroworks.com\/textile-label-printing\" class=\"link-btn\">TTR supply advantage <i class=\"fal fa-chevron-right\"><\/i><\/a>\n\n\n\n<div style=\"height:114px\" aria-hidden=\"true\" class=\"wp-block-spacer\"><\/div>\n\n\n<div class=\"wp-block-image\">\n<figure class=\"alignright size-full is-resized\"><img decoding=\"async\" width=\"4000\" height=\"4000\" data-src=\"https:\/\/ttr.works\/wp-content\/uploads\/Linerless-PL.png\" alt=\"\" class=\"wp-image-24867 lazyload\" style=\"--smush-placeholder-width: 4000px; --smush-placeholder-aspect-ratio: 4000\/4000;width:357px;height:auto\" data-srcset=\"https:\/\/ttr.works\/wp-content\/uploads\/Linerless-PL.png 4000w, https:\/\/ttr.works\/wp-content\/uploads\/Linerless-PL-300x300.png 300w, https:\/\/ttr.works\/wp-content\/uploads\/Linerless-PL-1024x1024.png 1024w, https:\/\/ttr.works\/wp-content\/uploads\/Linerless-PL-150x150.png 150w, https:\/\/ttr.works\/wp-content\/uploads\/Linerless-PL-768x768.png 768w, https:\/\/ttr.works\/wp-content\/uploads\/Linerless-PL-1536x1536.png 1536w, https:\/\/ttr.works\/wp-content\/uploads\/Linerless-PL-2048x2048.png 2048w\" data-sizes=\"(max-width: 4000px) 100vw, 4000px\" src=\"data:image\/svg+xml;base64,PHN2ZyB3aWR0aD0iMSIgaGVpZ2h0PSIxIiB4bWxucz0iaHR0cDovL3d3dy53My5vcmcvMjAwMC9zdmciPjwvc3ZnPg==\" \/><\/figure><\/div>\n\n\n<h2 class=\"wp-block-heading\"><strong>Linerless : moins de d\u00e9chets et moins de changements de rouleaux<\/strong><\/h2>\n\n\n\n<p>Les \u00e9tiquettes linerless constituent une solution d\u2019\u00e9tiquetage efficace et plus durable, sans support dorsal. Elles se d\u00e9roulent facilement gr\u00e2ce \u00e0 une couche adh\u00e9sive d\u2019un c\u00f4t\u00e9 et une couche de lib\u00e9ration de l\u2019autre. Avec une imprimante compatible linerless, elles sont imprim\u00e9es et d\u00e9coup\u00e9es directement \u00e0 la longueur souhait\u00e9e, id\u00e9ales pour des longueurs d\u2019\u00e9tiquettes variables.<\/p>\n\n\n\n<p><strong>Pourquoi le linerless<\/strong><\/p>\n\n\n\n<ul class=\"wp-block-list\">\n<li>Moins de d\u00e9chets : pas de support dorsal<\/li>\n\n\n\n<li>Plus d\u2019\u00e9tiquettes par rouleau : moins de changements, de transport et de stockage<\/li>\n\n\n\n<li>Travail plus rapide : moins de manipulations et moins d\u2019arr\u00eats<\/li>\n\n\n\n<li>Polyvalent : logistique, retail et alimentaire<\/li>\n<\/ul>\n\n\n\n<p>En savoir plus sur le fonctionnement et les applications de l\u2019impression linerless ?<\/p>\n\n\n\n<p>Lisez-le sur la page blog <strong><a href=\"https:\/\/ttr.works\/fr\/solutions-dimpression-linerless-durables\/\" target=\"_blank\" rel=\"noreferrer noopener\">Sustainable linerless printing solutions<\/a><\/strong>.<\/p>\n\n\n\n<div style=\"height:100px\" aria-hidden=\"true\" class=\"wp-block-spacer\"><\/div>\n","protected":false},"excerpt":{"rendered":"<p>Nous fournissons des \u00e9tiquettes vierges en rouleau, linerless et en nylon pour un usage quotidien et des volumes r\u00e9currents. Prix fixes par rouleau, livraison depuis votre \u00ab propre stock \u00bb et assistance dans le choix des mat\u00e9riaux. \u00c9vitez les arr\u00eats de production et les variations de prix impr\u00e9vues. Vous recevez une proposition bas\u00e9e sur votre [&hellip;]<\/p>\n","protected":false},"author":2,"featured_media":0,"parent":0,"menu_order":0,"comment_status":"closed","ping_status":"closed","template":"template-product.php","meta":{"_acf_changed":false,"content-type":"","footnotes":""},"categories":[],"tags":[262],"class_list":["post-30400","page","type-page","status-publish","hentry","tag-product-fr"],"acf":[],"yoast_head":"<!-- This site is optimized with the Yoast SEO plugin v25.9 - https:\/\/yoast.com\/wordpress\/plugins\/seo\/ -->\n<title>\u00c9tiquettes, linerless et \u00e9tiquettes de lavage - TTR Euroworks<\/title>\n<meta name=\"robots\" content=\"index, follow, max-snippet:-1, max-image-preview:large, max-video-preview:-1\" \/>\n<link rel=\"canonical\" href=\"https:\/\/ttr.works\/fr\/etiquettes-linerless-et-etiquettes-de-lavage\/\" \/>\n<meta property=\"og:locale\" content=\"fr_FR\" \/>\n<meta property=\"og:type\" content=\"article\" \/>\n<meta property=\"og:title\" content=\"\u00c9tiquettes, linerless et \u00e9tiquettes de lavage - TTR Euroworks\" \/>\n<meta property=\"og:description\" content=\"Nous fournissons des \u00e9tiquettes vierges en rouleau, linerless et en nylon pour un usage quotidien et des volumes r\u00e9currents. Prix fixes par rouleau, livraison depuis votre \u00ab propre stock \u00bb et assistance dans le choix des mat\u00e9riaux. \u00c9vitez les arr\u00eats de production et les variations de prix impr\u00e9vues. Vous recevez une proposition bas\u00e9e sur votre [&hellip;]\" \/>\n<meta property=\"og:url\" content=\"https:\/\/ttr.works\/fr\/etiquettes-linerless-et-etiquettes-de-lavage\/\" \/>\n<meta property=\"og:site_name\" content=\"TTR Euroworks\" \/>\n<meta property=\"article:modified_time\" content=\"2026-02-19T16:17:22+00:00\" \/>\n<meta property=\"og:image\" content=\"https:\/\/ttr.works\/wp-content\/uploads\/zd421-1-1024x927.png\" \/>\n\t<meta property=\"og:image:width\" content=\"1024\" \/>\n\t<meta property=\"og:image:height\" content=\"927\" \/>\n\t<meta property=\"og:image:type\" content=\"image\/png\" \/>\n<meta name=\"twitter:card\" content=\"summary_large_image\" \/>\n<meta name=\"twitter:label1\" content=\"Dur\u00e9e de lecture estim\u00e9e\" \/>\n\t<meta name=\"twitter:data1\" content=\"2 minutes\" \/>\n<script type=\"application\/ld+json\" class=\"yoast-schema-graph\">{\"@context\":\"https:\/\/schema.org\",\"@graph\":[{\"@type\":\"WebPage\",\"@id\":\"https:\/\/ttr.works\/fr\/etiquettes-linerless-et-etiquettes-de-lavage\/\",\"url\":\"https:\/\/ttr.works\/fr\/etiquettes-linerless-et-etiquettes-de-lavage\/\",\"name\":\"\u00c9tiquettes, linerless et \u00e9tiquettes de lavage - TTR Euroworks\",\"isPartOf\":{\"@id\":\"https:\/\/ttr.works\/fr\/#website\"},\"primaryImageOfPage\":{\"@id\":\"https:\/\/ttr.works\/fr\/etiquettes-linerless-et-etiquettes-de-lavage\/#primaryimage\"},\"image\":{\"@id\":\"https:\/\/ttr.works\/fr\/etiquettes-linerless-et-etiquettes-de-lavage\/#primaryimage\"},\"thumbnailUrl\":\"https:\/\/ttr.works\/wp-content\/uploads\/\/zd421-1-1024x927.png\",\"datePublished\":\"2026-02-19T16:16:46+00:00\",\"dateModified\":\"2026-02-19T16:17:22+00:00\",\"breadcrumb\":{\"@id\":\"https:\/\/ttr.works\/fr\/etiquettes-linerless-et-etiquettes-de-lavage\/#breadcrumb\"},\"inLanguage\":\"fr-FR\",\"potentialAction\":[{\"@type\":\"ReadAction\",\"target\":[\"https:\/\/ttr.works\/fr\/etiquettes-linerless-et-etiquettes-de-lavage\/\"]}]},{\"@type\":\"ImageObject\",\"inLanguage\":\"fr-FR\",\"@id\":\"https:\/\/ttr.works\/fr\/etiquettes-linerless-et-etiquettes-de-lavage\/#primaryimage\",\"url\":\"https:\/\/ttr.works\/wp-content\/uploads\/\/zd421-1-1024x927.png\",\"contentUrl\":\"https:\/\/ttr.works\/wp-content\/uploads\/\/zd421-1-1024x927.png\"},{\"@type\":\"BreadcrumbList\",\"@id\":\"https:\/\/ttr.works\/fr\/etiquettes-linerless-et-etiquettes-de-lavage\/#breadcrumb\",\"itemListElement\":[{\"@type\":\"ListItem\",\"position\":1,\"name\":\"Home\",\"item\":\"https:\/\/ttr.works\/fr\/accueil\/\"},{\"@type\":\"ListItem\",\"position\":2,\"name\":\"\u00c9tiquettes, linerless et \u00e9tiquettes de lavage\"}]},{\"@type\":\"WebSite\",\"@id\":\"https:\/\/ttr.works\/fr\/#website\",\"url\":\"https:\/\/ttr.works\/fr\/\",\"name\":\"TTR Euroworks\",\"description\":\"Your ttr partner\",\"potentialAction\":[{\"@type\":\"SearchAction\",\"target\":{\"@type\":\"EntryPoint\",\"urlTemplate\":\"https:\/\/ttr.works\/fr\/?s={search_term_string}\"},\"query-input\":{\"@type\":\"PropertyValueSpecification\",\"valueRequired\":true,\"valueName\":\"search_term_string\"}}],\"inLanguage\":\"fr-FR\"}]}<\/script>\n<!-- \/ Yoast SEO plugin. -->","yoast_head_json":{"title":"\u00c9tiquettes, linerless et \u00e9tiquettes de lavage - TTR Euroworks","robots":{"index":"index","follow":"follow","max-snippet":"max-snippet:-1","max-image-preview":"max-image-preview:large","max-video-preview":"max-video-preview:-1"},"canonical":"https:\/\/ttr.works\/fr\/etiquettes-linerless-et-etiquettes-de-lavage\/","og_locale":"fr_FR","og_type":"article","og_title":"\u00c9tiquettes, linerless et \u00e9tiquettes de lavage - TTR Euroworks","og_description":"Nous fournissons des \u00e9tiquettes vierges en rouleau, linerless et en nylon pour un usage quotidien et des volumes r\u00e9currents. Prix fixes par rouleau, livraison depuis votre \u00ab propre stock \u00bb et assistance dans le choix des mat\u00e9riaux. \u00c9vitez les arr\u00eats de production et les variations de prix impr\u00e9vues. Vous recevez une proposition bas\u00e9e sur votre [&hellip;]","og_url":"https:\/\/ttr.works\/fr\/etiquettes-linerless-et-etiquettes-de-lavage\/","og_site_name":"TTR Euroworks","article_modified_time":"2026-02-19T16:17:22+00:00","og_image":[{"width":1024,"height":927,"url":"https:\/\/ttr.works\/wp-content\/uploads\/zd421-1-1024x927.png","type":"image\/png"}],"twitter_card":"summary_large_image","twitter_misc":{"Dur\u00e9e de lecture estim\u00e9e":"2 minutes"},"schema":{"@context":"https:\/\/schema.org","@graph":[{"@type":"WebPage","@id":"https:\/\/ttr.works\/fr\/etiquettes-linerless-et-etiquettes-de-lavage\/","url":"https:\/\/ttr.works\/fr\/etiquettes-linerless-et-etiquettes-de-lavage\/","name":"\u00c9tiquettes, linerless et \u00e9tiquettes de lavage - TTR Euroworks","isPartOf":{"@id":"https:\/\/ttr.works\/fr\/#website"},"primaryImageOfPage":{"@id":"https:\/\/ttr.works\/fr\/etiquettes-linerless-et-etiquettes-de-lavage\/#primaryimage"},"image":{"@id":"https:\/\/ttr.works\/fr\/etiquettes-linerless-et-etiquettes-de-lavage\/#primaryimage"},"thumbnailUrl":"https:\/\/ttr.works\/wp-content\/uploads\/\/zd421-1-1024x927.png","datePublished":"2026-02-19T16:16:46+00:00","dateModified":"2026-02-19T16:17:22+00:00","breadcrumb":{"@id":"https:\/\/ttr.works\/fr\/etiquettes-linerless-et-etiquettes-de-lavage\/#breadcrumb"},"inLanguage":"fr-FR","potentialAction":[{"@type":"ReadAction","target":["https:\/\/ttr.works\/fr\/etiquettes-linerless-et-etiquettes-de-lavage\/"]}]},{"@type":"ImageObject","inLanguage":"fr-FR","@id":"https:\/\/ttr.works\/fr\/etiquettes-linerless-et-etiquettes-de-lavage\/#primaryimage","url":"https:\/\/ttr.works\/wp-content\/uploads\/\/zd421-1-1024x927.png","contentUrl":"https:\/\/ttr.works\/wp-content\/uploads\/\/zd421-1-1024x927.png"},{"@type":"BreadcrumbList","@id":"https:\/\/ttr.works\/fr\/etiquettes-linerless-et-etiquettes-de-lavage\/#breadcrumb","itemListElement":[{"@type":"ListItem","position":1,"name":"Home","item":"https:\/\/ttr.works\/fr\/accueil\/"},{"@type":"ListItem","position":2,"name":"\u00c9tiquettes, linerless et \u00e9tiquettes de lavage"}]},{"@type":"WebSite","@id":"https:\/\/ttr.works\/fr\/#website","url":"https:\/\/ttr.works\/fr\/","name":"TTR Euroworks","description":"Your ttr partner","potentialAction":[{"@type":"SearchAction","target":{"@type":"EntryPoint","urlTemplate":"https:\/\/ttr.works\/fr\/?s={search_term_string}"},"query-input":{"@type":"PropertyValueSpecification","valueRequired":true,"valueName":"search_term_string"}}],"inLanguage":"fr-FR"}]}},"_links":{"self":[{"href":"https:\/\/ttr.works\/fr\/wp-json\/wp\/v2\/pages\/30400","targetHints":{"allow":["GET"]}}],"collection":[{"href":"https:\/\/ttr.works\/fr\/wp-json\/wp\/v2\/pages"}],"about":[{"href":"https:\/\/ttr.works\/fr\/wp-json\/wp\/v2\/types\/page"}],"author":[{"embeddable":true,"href":"https:\/\/ttr.works\/fr\/wp-json\/wp\/v2\/users\/2"}],"replies":[{"embeddable":true,"href":"https:\/\/ttr.works\/fr\/wp-json\/wp\/v2\/comments?post=30400"}],"version-history":[{"count":3,"href":"https:\/\/ttr.works\/fr\/wp-json\/wp\/v2\/pages\/30400\/revisions"}],"predecessor-version":[{"id":30403,"href":"https:\/\/ttr.works\/fr\/wp-json\/wp\/v2\/pages\/30400\/revisions\/30403"}],"wp:attachment":[{"href":"https:\/\/ttr.works\/fr\/wp-json\/wp\/v2\/media?parent=30400"}],"wp:term":[{"taxonomy":"category","embeddable":true,"href":"https:\/\/ttr.works\/fr\/wp-json\/wp\/v2\/categories?post=30400"},{"taxonomy":"post_tag","embeddable":true,"href":"https:\/\/ttr.works\/fr\/wp-json\/wp\/v2\/tags?post=30400"}],"curies":[{"name":"wp","href":"https:\/\/api.w.org\/{rel}","templated":true}]}}